{"id":305,"date":"2024-05-02T11:48:40","date_gmt":"2024-05-02T11:48:40","guid":{"rendered":"https:\/\/isbad.racsom.se\/?post_type=product&#038;p=305"},"modified":"2026-02-02T11:37:01","modified_gmt":"2026-02-02T11:37:01","slug":"isbad-mossa","status":"publish","type":"product","link":"https:\/\/isbad.se\/en\/product\/isbad-mossa\/","title":{"rendered":"Isbad Cap"},"content":{"rendered":"<p>A stylish black cap for those who want to take an ice bath even when it's cold outside. It can feel good to protect your head and hands when you are in the cold water for a long time.<\/p>\n<p><strong>SIZE:<\/strong> One size<\/p>","protected":false},"excerpt":{"rendered":"<p><strong>SIZE:<\/strong> One size<\/p>\n<p>A stylish black cap for those who want to take an ice bath even when it's cold outside. It can feel good to protect your head and hands when you are in the cold water for a long time.<\/p>\n<p>&nbsp;<\/p>\n<div style=\"display: flex; justify-content: center; align-items: center; background-color: #e9e9e9; width: 100%; margin: 0; padding: 10px;\">\n<div style=\"display: flex; align-items: center;\"><img decoding=\"async\" style=\"width: 50px; margin-right: 15px;\" src=\"https:\/\/isbad.se\/wp-content\/uploads\/2024\/05\/fast-delivery.png\" alt=\"Gratis frakt och leverans inom 1-2 dagar\" \/><\/div>\n<div style=\"display: flex; align-items: center; margin-left: 15px;\">\n<p style=\"font-family: Poppins, sans-serif; font-size: 15px; color: #242422; margin: 0;\"><b>Fast<\/b>\u00a0<b>delivery<\/b> within <b>1-3 days <\/b>from <b>stock in Sweden<\/b><\/p>\n<\/div>\n<\/div>","protected":false},"featured_media":12144,"comment_status":"open","ping_status":"closed","template":"","meta":{"_acf_changed":false},"product_brand":[],"product_cat":[25],"product_tag":[38,39,41,48,40,27,49],"class_list":{"0":"post-305","1":"product","2":"type-product","3":"status-publish","4":"has-post-thumbnail","6":"product_cat-tillbehor","7":"product_tag-huvud","8":"product_tag-huvudskydd","9":"product_tag-isbad","10":"product_tag-kallbad","11":"product_tag-mossa","12":"product_tag-skydd","13":"product_tag-vinterbad","15":"first","16":"instock","17":"taxable","18":"shipping-taxable","19":"purchasable","20":"product-type-simple"},"acf":[],"yoast_head":"<!-- This site is optimized with the Yoast SEO plugin v27.5 - https:\/\/yoast.com\/product\/yoast-seo-wordpress\/ -->\n<title>Isbad M\u00f6ssa - Isbad hemma<\/title>\n<meta name=\"description\" content=\"Snygg svart m\u00f6ssa f\u00f6r isbad, perfekt f\u00f6r att h\u00e5lla huvudet varmt under kallvattenterapi. Mjuk, bekv\u00e4m och designad f\u00f6r optimal isolering.\" \/>\n<meta name=\"robots\" content=\"index, follow, max-snippet:-1, max-image-preview:large, max-video-preview:-1\" \/>\n<link rel=\"canonical\" href=\"https:\/\/isbad.se\/en\/product\/isbad-mossa\/?wmc-currency=EUR\" \/>\n<meta property=\"og:locale\" content=\"en_US\" \/>\n<meta property=\"og:type\" content=\"article\" \/>\n<meta property=\"og:title\" content=\"Isbad M\u00f6ssa - Isbad hemma\" \/>\n<meta property=\"og:description\" content=\"Snygg svart m\u00f6ssa f\u00f6r isbad, perfekt f\u00f6r att h\u00e5lla huvudet varmt under kallvattenterapi. Mjuk, bekv\u00e4m och designad f\u00f6r optimal isolering.\" \/>\n<meta property=\"og:url\" content=\"https:\/\/isbad.se\/en\/product\/isbad-mossa\/?wmc-currency=EUR\" \/>\n<meta property=\"og:site_name\" content=\"ISBAD\" \/>\n<meta property=\"article:publisher\" content=\"https:\/\/www.facebook.com\/Isbad.se\" \/>\n<meta property=\"article:modified_time\" content=\"2026-02-02T11:37:01+00:00\" \/>\n<meta property=\"og:image\" content=\"https:\/\/isbad.se\/wp-content\/uploads\/2024\/05\/Isbad-mossa-1.webp\" \/>\n\t<meta property=\"og:image:width\" content=\"1000\" \/>\n\t<meta property=\"og:image:height\" content=\"1000\" \/>\n\t<meta property=\"og:image:type\" content=\"image\/webp\" \/>\n<meta name=\"twitter:card\" content=\"summary_large_image\" \/>\n<meta name=\"twitter:site\" content=\"@IsbadSe\" \/>\n<meta name=\"twitter:label1\" content=\"Est. reading time\" \/>\n\t<meta name=\"twitter:data1\" content=\"1 minute\" \/>\n<script type=\"application\/ld+json\" class=\"yoast-schema-graph\">{\"@context\":\"https:\\\/\\\/schema.org\",\"@graph\":[{\"@type\":\"WebPage\",\"@id\":\"https:\\\/\\\/isbad.se\\\/product\\\/isbad-mossa\\\/\",\"url\":\"https:\\\/\\\/isbad.se\\\/product\\\/isbad-mossa\\\/\",\"name\":\"Isbad M\u00f6ssa - Isbad hemma\",\"isPartOf\":{\"@id\":\"https:\\\/\\\/isbad.se\\\/#website\"},\"primaryImageOfPage\":{\"@id\":\"https:\\\/\\\/isbad.se\\\/product\\\/isbad-mossa\\\/#primaryimage\"},\"image\":{\"@id\":\"https:\\\/\\\/isbad.se\\\/product\\\/isbad-mossa\\\/#primaryimage\"},\"thumbnailUrl\":\"https:\\\/\\\/isbad.se\\\/wp-content\\\/uploads\\\/2024\\\/05\\\/Isbad-mossa-1.webp\",\"datePublished\":\"2024-05-02T11:48:40+00:00\",\"dateModified\":\"2026-02-02T11:37:01+00:00\",\"description\":\"Snygg svart m\u00f6ssa f\u00f6r isbad, perfekt f\u00f6r att h\u00e5lla huvudet varmt under kallvattenterapi. Mjuk, bekv\u00e4m och designad f\u00f6r optimal isolering.\",\"breadcrumb\":{\"@id\":\"https:\\\/\\\/isbad.se\\\/product\\\/isbad-mossa\\\/#breadcrumb\"},\"inLanguage\":\"en-US\",\"potentialAction\":[{\"@type\":\"ReadAction\",\"target\":[\"https:\\\/\\\/isbad.se\\\/product\\\/isbad-mossa\\\/\"]}]},{\"@type\":\"ImageObject\",\"inLanguage\":\"en-US\",\"@id\":\"https:\\\/\\\/isbad.se\\\/product\\\/isbad-mossa\\\/#primaryimage\",\"url\":\"https:\\\/\\\/isbad.se\\\/wp-content\\\/uploads\\\/2024\\\/05\\\/Isbad-mossa-1.webp\",\"contentUrl\":\"https:\\\/\\\/isbad.se\\\/wp-content\\\/uploads\\\/2024\\\/05\\\/Isbad-mossa-1.webp\",\"width\":1000,\"height\":1000},{\"@type\":\"BreadcrumbList\",\"@id\":\"https:\\\/\\\/isbad.se\\\/product\\\/isbad-mossa\\\/#breadcrumb\",\"itemListElement\":[{\"@type\":\"ListItem\",\"position\":1,\"name\":\"Hem\",\"item\":\"https:\\\/\\\/isbad.se\\\/\"},{\"@type\":\"ListItem\",\"position\":2,\"name\":\"Produkter\",\"item\":\"https:\\\/\\\/isbad.se\\\/wc-shopping-page\\\/\"},{\"@type\":\"ListItem\",\"position\":3,\"name\":\"Isbad M\u00f6ssa\"}]},{\"@type\":\"WebSite\",\"@id\":\"https:\\\/\\\/isbad.se\\\/#website\",\"url\":\"https:\\\/\\\/isbad.se\\\/\",\"name\":\"ISBAD.se\",\"description\":\"Bada ISBAD hemma!\",\"publisher\":{\"@id\":\"https:\\\/\\\/isbad.se\\\/#organization\"},\"alternateName\":\"ISBAD f\u00f6r Gladare och friskare Sverige\",\"potentialAction\":[{\"@type\":\"SearchAction\",\"target\":{\"@type\":\"EntryPoint\",\"urlTemplate\":\"https:\\\/\\\/isbad.se\\\/?s={search_term_string}\"},\"query-input\":{\"@type\":\"PropertyValueSpecification\",\"valueRequired\":true,\"valueName\":\"search_term_string\"}}],\"inLanguage\":\"en-US\"},{\"@type\":\"Organization\",\"@id\":\"https:\\\/\\\/isbad.se\\\/#organization\",\"name\":\"ISBAD\",\"url\":\"https:\\\/\\\/isbad.se\\\/\",\"logo\":{\"@type\":\"ImageObject\",\"inLanguage\":\"en-US\",\"@id\":\"https:\\\/\\\/isbad.se\\\/#\\\/schema\\\/logo\\\/image\\\/\",\"url\":\"https:\\\/\\\/isbad.se\\\/wp-content\\\/uploads\\\/2024\\\/04\\\/isbad_logo_vector_98_black_242422.png\",\"contentUrl\":\"https:\\\/\\\/isbad.se\\\/wp-content\\\/uploads\\\/2024\\\/04\\\/isbad_logo_vector_98_black_242422.png\",\"width\":2458,\"height\":634,\"caption\":\"ISBAD\"},\"image\":{\"@id\":\"https:\\\/\\\/isbad.se\\\/#\\\/schema\\\/logo\\\/image\\\/\"},\"sameAs\":[\"https:\\\/\\\/www.facebook.com\\\/Isbad.se\",\"https:\\\/\\\/x.com\\\/IsbadSe\",\"https:\\\/\\\/www.instagram.com\\\/isbad.se\",\"https:\\\/\\\/www.tiktok.com\\\/@isbad.se\"]}]}<\/script>\n<!-- \/ Yoast SEO plugin. -->","yoast_head_json":{"title":"Isbad M\u00f6ssa - Isbad hemma","description":"Snygg svart m\u00f6ssa f\u00f6r isbad, perfekt f\u00f6r att h\u00e5lla huvudet varmt under kallvattenterapi. Mjuk, bekv\u00e4m och designad f\u00f6r optimal isolering.","robots":{"index":"index","follow":"follow","max-snippet":"max-snippet:-1","max-image-preview":"max-image-preview:large","max-video-preview":"max-video-preview:-1"},"canonical":"https:\/\/isbad.se\/en\/product\/isbad-mossa\/?wmc-currency=EUR","og_locale":"en_US","og_type":"article","og_title":"Isbad M\u00f6ssa - Isbad hemma","og_description":"Snygg svart m\u00f6ssa f\u00f6r isbad, perfekt f\u00f6r att h\u00e5lla huvudet varmt under kallvattenterapi. Mjuk, bekv\u00e4m och designad f\u00f6r optimal isolering.","og_url":"https:\/\/isbad.se\/en\/product\/isbad-mossa\/?wmc-currency=EUR","og_site_name":"ISBAD","article_publisher":"https:\/\/www.facebook.com\/Isbad.se","article_modified_time":"2026-02-02T11:37:01+00:00","og_image":[{"width":1000,"height":1000,"url":"https:\/\/isbad.se\/wp-content\/uploads\/2024\/05\/Isbad-mossa-1.webp","type":"image\/webp"}],"twitter_card":"summary_large_image","twitter_site":"@IsbadSe","twitter_misc":{"Est. reading time":"1 minute"},"schema":{"@context":"https:\/\/schema.org","@graph":[{"@type":"WebPage","@id":"https:\/\/isbad.se\/product\/isbad-mossa\/","url":"https:\/\/isbad.se\/product\/isbad-mossa\/","name":"Isbad M\u00f6ssa - Isbad hemma","isPartOf":{"@id":"https:\/\/isbad.se\/#website"},"primaryImageOfPage":{"@id":"https:\/\/isbad.se\/product\/isbad-mossa\/#primaryimage"},"image":{"@id":"https:\/\/isbad.se\/product\/isbad-mossa\/#primaryimage"},"thumbnailUrl":"https:\/\/isbad.se\/wp-content\/uploads\/2024\/05\/Isbad-mossa-1.webp","datePublished":"2024-05-02T11:48:40+00:00","dateModified":"2026-02-02T11:37:01+00:00","description":"Snygg svart m\u00f6ssa f\u00f6r isbad, perfekt f\u00f6r att h\u00e5lla huvudet varmt under kallvattenterapi. Mjuk, bekv\u00e4m och designad f\u00f6r optimal isolering.","breadcrumb":{"@id":"https:\/\/isbad.se\/product\/isbad-mossa\/#breadcrumb"},"inLanguage":"en-US","potentialAction":[{"@type":"ReadAction","target":["https:\/\/isbad.se\/product\/isbad-mossa\/"]}]},{"@type":"ImageObject","inLanguage":"en-US","@id":"https:\/\/isbad.se\/product\/isbad-mossa\/#primaryimage","url":"https:\/\/isbad.se\/wp-content\/uploads\/2024\/05\/Isbad-mossa-1.webp","contentUrl":"https:\/\/isbad.se\/wp-content\/uploads\/2024\/05\/Isbad-mossa-1.webp","width":1000,"height":1000},{"@type":"BreadcrumbList","@id":"https:\/\/isbad.se\/product\/isbad-mossa\/#breadcrumb","itemListElement":[{"@type":"ListItem","position":1,"name":"Hem","item":"https:\/\/isbad.se\/"},{"@type":"ListItem","position":2,"name":"Produkter","item":"https:\/\/isbad.se\/wc-shopping-page\/"},{"@type":"ListItem","position":3,"name":"Isbad M\u00f6ssa"}]},{"@type":"WebSite","@id":"https:\/\/isbad.se\/#website","url":"https:\/\/isbad.se\/","name":"ISBAD.se","description":"Bada ISBAD hemma!","publisher":{"@id":"https:\/\/isbad.se\/#organization"},"alternateName":"ISBAD f\u00f6r Gladare och friskare Sverige","potentialAction":[{"@type":"SearchAction","target":{"@type":"EntryPoint","urlTemplate":"https:\/\/isbad.se\/?s={search_term_string}"},"query-input":{"@type":"PropertyValueSpecification","valueRequired":true,"valueName":"search_term_string"}}],"inLanguage":"en-US"},{"@type":"Organization","@id":"https:\/\/isbad.se\/#organization","name":"ICE BATH","url":"https:\/\/isbad.se\/","logo":{"@type":"ImageObject","inLanguage":"en-US","@id":"https:\/\/isbad.se\/#\/schema\/logo\/image\/","url":"https:\/\/isbad.se\/wp-content\/uploads\/2024\/04\/isbad_logo_vector_98_black_242422.png","contentUrl":"https:\/\/isbad.se\/wp-content\/uploads\/2024\/04\/isbad_logo_vector_98_black_242422.png","width":2458,"height":634,"caption":"ISBAD"},"image":{"@id":"https:\/\/isbad.se\/#\/schema\/logo\/image\/"},"sameAs":["https:\/\/www.facebook.com\/Isbad.se","https:\/\/x.com\/IsbadSe","https:\/\/www.instagram.com\/isbad.se","https:\/\/www.tiktok.com\/@isbad.se"]}]}},"_links":{"self":[{"href":"https:\/\/isbad.se\/en\/wp-json\/wp\/v2\/product\/305","targetHints":{"allow":["GET"]}}],"collection":[{"href":"https:\/\/isbad.se\/en\/wp-json\/wp\/v2\/product"}],"about":[{"href":"https:\/\/isbad.se\/en\/wp-json\/wp\/v2\/types\/product"}],"replies":[{"embeddable":true,"href":"https:\/\/isbad.se\/en\/wp-json\/wp\/v2\/comments?post=305"}],"version-history":[{"count":2,"href":"https:\/\/isbad.se\/en\/wp-json\/wp\/v2\/product\/305\/revisions"}],"predecessor-version":[{"id":13521,"href":"https:\/\/isbad.se\/en\/wp-json\/wp\/v2\/product\/305\/revisions\/13521"}],"wp:featuredmedia":[{"embeddable":true,"href":"https:\/\/isbad.se\/en\/wp-json\/wp\/v2\/media\/12144"}],"wp:attachment":[{"href":"https:\/\/isbad.se\/en\/wp-json\/wp\/v2\/media?parent=305"}],"wp:term":[{"taxonomy":"product_brand","embeddable":true,"href":"https:\/\/isbad.se\/en\/wp-json\/wp\/v2\/product_brand?post=305"},{"taxonomy":"product_cat","embeddable":true,"href":"https:\/\/isbad.se\/en\/wp-json\/wp\/v2\/product_cat?post=305"},{"taxonomy":"product_tag","embeddable":true,"href":"https:\/\/isbad.se\/en\/wp-json\/wp\/v2\/product_tag?post=305"}],"curies":[{"name":"wp","href":"https:\/\/api.w.org\/{rel}","templated":true}]}}