{"id":298,"date":"2024-05-02T11:48:39","date_gmt":"2024-05-02T11:48:39","guid":{"rendered":"https:\/\/isbad.racsom.se\/?post_type=product&#038;p=298"},"modified":"2026-02-17T13:05:48","modified_gmt":"2026-02-17T13:05:48","slug":"isbad-tunna-lyx","status":"publish","type":"product","link":"https:\/\/isbad.se\/en\/product\/isbad-tunna-lyx\/","title":{"rendered":"Isbad Lyx"},"content":{"rendered":"<p>Ice bath tubs Luxury for a better and healthier lifestyle. Cool off in a nice and refreshing ice bath on your patio, balcony or in the bathroom. Whether you want to enjoy a cooling moment under the stars or in the comfort of your own home, our ice bath is the perfect way to relax and recover after a long day at work or a hard workout. Our tub will provide you with great recovery anywhere in your house, patio, garden, balcony, office, on vacation, or in your apartment.<\/p>\n<p>Our Ice Bath is an insulated barrel that keeps your water cold. Most people don't even need to add ice, as it's still cold enough to get these benefits of cold water therapy at 15\u00b0C and below.<\/p>\n<p><strong>THE SIZE OF THE BATH: <\/strong>75 x 75 cm<strong><br \/>\nMATERIAL: <\/strong>Insulating 5 layers (Nylon + 0.3 mm UV resistant PVC liner + 4 mm EPE + Eco-friendly PVC + waterproof liner)<br \/>\n<strong>HOLDS:<\/strong> 300 liters of water<\/p>\n<p><strong><br \/>\nTHE PACKAGE CONTAINS:<\/strong><br \/>\n<img decoding=\"async\" class=\"alignnone wp-image-10247\" src=\"https:\/\/isbad.se\/wp-content\/uploads\/2024\/05\/6785425-300x300.png\" alt=\"\" width=\"15\" height=\"15\" srcset=\"https:\/\/isbad.se\/wp-content\/uploads\/2024\/05\/6785425-300x300.png 300w, https:\/\/isbad.se\/wp-content\/uploads\/2024\/05\/6785425-150x150.png 150w, https:\/\/isbad.se\/wp-content\/uploads\/2024\/05\/6785425-100x100.png 100w, https:\/\/isbad.se\/wp-content\/uploads\/2024\/05\/6785425.png 512w\" sizes=\"(max-width: 15px) 100vw, 15px\" \/> Hot tub with tap at the bottom<br \/>\n<img decoding=\"async\" class=\"alignnone wp-image-10247\" src=\"https:\/\/isbad.se\/wp-content\/uploads\/2024\/05\/6785425-300x300.png\" alt=\"\" width=\"15\" height=\"15\" srcset=\"https:\/\/isbad.se\/wp-content\/uploads\/2024\/05\/6785425-300x300.png 300w, https:\/\/isbad.se\/wp-content\/uploads\/2024\/05\/6785425-150x150.png 150w, https:\/\/isbad.se\/wp-content\/uploads\/2024\/05\/6785425-100x100.png 100w, https:\/\/isbad.se\/wp-content\/uploads\/2024\/05\/6785425.png 512w\" sizes=\"(max-width: 15px) 100vw, 15px\" \/> 6 support legs to keep the barrel stable<br \/>\n<img decoding=\"async\" class=\"alignnone wp-image-10247\" src=\"https:\/\/isbad.se\/wp-content\/uploads\/2024\/05\/6785425-300x300.png\" alt=\"\" width=\"15\" height=\"15\" srcset=\"https:\/\/isbad.se\/wp-content\/uploads\/2024\/05\/6785425-300x300.png 300w, https:\/\/isbad.se\/wp-content\/uploads\/2024\/05\/6785425-150x150.png 150w, https:\/\/isbad.se\/wp-content\/uploads\/2024\/05\/6785425-100x100.png 100w, https:\/\/isbad.se\/wp-content\/uploads\/2024\/05\/6785425.png 512w\" sizes=\"(max-width: 15px) 100vw, 15px\" \/> Drainpipe for emptying<br \/>\n<img decoding=\"async\" class=\"alignnone wp-image-10247\" src=\"https:\/\/isbad.se\/wp-content\/uploads\/2024\/05\/6785425-300x300.png\" alt=\"\" width=\"15\" height=\"15\" srcset=\"https:\/\/isbad.se\/wp-content\/uploads\/2024\/05\/6785425-300x300.png 300w, https:\/\/isbad.se\/wp-content\/uploads\/2024\/05\/6785425-150x150.png 150w, https:\/\/isbad.se\/wp-content\/uploads\/2024\/05\/6785425-100x100.png 100w, https:\/\/isbad.se\/wp-content\/uploads\/2024\/05\/6785425.png 512w\" sizes=\"(max-width: 15px) 100vw, 15px\" \/> Hand pump to pump up the ring<br \/>\n<img decoding=\"async\" class=\"alignnone wp-image-10247\" src=\"https:\/\/isbad.se\/wp-content\/uploads\/2024\/05\/6785425-300x300.png\" alt=\"\" width=\"15\" height=\"15\" srcset=\"https:\/\/isbad.se\/wp-content\/uploads\/2024\/05\/6785425-300x300.png 300w, https:\/\/isbad.se\/wp-content\/uploads\/2024\/05\/6785425-150x150.png 150w, https:\/\/isbad.se\/wp-content\/uploads\/2024\/05\/6785425-100x100.png 100w, https:\/\/isbad.se\/wp-content\/uploads\/2024\/05\/6785425.png 512w\" sizes=\"(max-width: 15px) 100vw, 15px\" \/> Inflatable seat cushion<br \/>\n<img decoding=\"async\" class=\"alignnone wp-image-10247\" src=\"https:\/\/isbad.se\/wp-content\/uploads\/2024\/05\/6785425-300x300.png\" alt=\"\" width=\"15\" height=\"15\" srcset=\"https:\/\/isbad.se\/wp-content\/uploads\/2024\/05\/6785425-300x300.png 300w, https:\/\/isbad.se\/wp-content\/uploads\/2024\/05\/6785425-150x150.png 150w, https:\/\/isbad.se\/wp-content\/uploads\/2024\/05\/6785425-100x100.png 100w, https:\/\/isbad.se\/wp-content\/uploads\/2024\/05\/6785425.png 512w\" sizes=\"(max-width: 15px) 100vw, 15px\" \/> Assembly instructions<br \/>\n<img decoding=\"async\" class=\"alignnone wp-image-10247\" src=\"https:\/\/isbad.se\/wp-content\/uploads\/2024\/05\/6785425-300x300.png\" alt=\"\" width=\"15\" height=\"15\" srcset=\"https:\/\/isbad.se\/wp-content\/uploads\/2024\/05\/6785425-300x300.png 300w, https:\/\/isbad.se\/wp-content\/uploads\/2024\/05\/6785425-150x150.png 150w, https:\/\/isbad.se\/wp-content\/uploads\/2024\/05\/6785425-100x100.png 100w, https:\/\/isbad.se\/wp-content\/uploads\/2024\/05\/6785425.png 512w\" sizes=\"(max-width: 15px) 100vw, 15px\" \/> 30 day ice bath challenge*<br \/>\n<img decoding=\"async\" class=\"alignnone wp-image-10247\" src=\"https:\/\/isbad.se\/wp-content\/uploads\/2024\/05\/6785425-300x300.png\" alt=\"\" width=\"15\" height=\"15\" srcset=\"https:\/\/isbad.se\/wp-content\/uploads\/2024\/05\/6785425-300x300.png 300w, https:\/\/isbad.se\/wp-content\/uploads\/2024\/05\/6785425-150x150.png 150w, https:\/\/isbad.se\/wp-content\/uploads\/2024\/05\/6785425-100x100.png 100w, https:\/\/isbad.se\/wp-content\/uploads\/2024\/05\/6785425.png 512w\" sizes=\"(max-width: 15px) 100vw, 15px\" \/> Gifts with purchase<\/p>\n<p><strong><br \/>\nCAN BE PURCHASED:<\/strong><br \/>\n<a href=\"https:\/\/isbad.se\/en\/product\/flytande-isbad-termometer\/?wmc-currency=EUR\"><img decoding=\"async\" class=\"alignnone wp-image-10249\" src=\"https:\/\/isbad.se\/wp-content\/uploads\/2024\/05\/add-to-cart-4-300x300.png\" alt=\"\" width=\"20\" height=\"20\" srcset=\"https:\/\/isbad.se\/wp-content\/uploads\/2024\/05\/add-to-cart-4-300x300.png 300w, https:\/\/isbad.se\/wp-content\/uploads\/2024\/05\/add-to-cart-4-150x150.png 150w, https:\/\/isbad.se\/wp-content\/uploads\/2024\/05\/add-to-cart-4-100x100.png 100w, https:\/\/isbad.se\/wp-content\/uploads\/2024\/05\/add-to-cart-4.png 512w\" sizes=\"(max-width: 20px) 100vw, 20px\" \/><\/a> <a href=\"https:\/\/isbad.se\/en\/product\/flytande-isbad-termometer\/?wmc-currency=EUR\">Floating thermometer that keeps track of the temperature for ice baths<\/a><br \/>\n<a href=\"https:\/\/isbad.se\/en\/product\/flytande-isbad-termometer\/?wmc-currency=EUR\"><img decoding=\"async\" class=\"alignnone wp-image-10249\" src=\"https:\/\/isbad.se\/wp-content\/uploads\/2024\/05\/add-to-cart-4-300x300.png\" alt=\"\" width=\"20\" height=\"20\" srcset=\"https:\/\/isbad.se\/wp-content\/uploads\/2024\/05\/add-to-cart-4-300x300.png 300w, https:\/\/isbad.se\/wp-content\/uploads\/2024\/05\/add-to-cart-4-150x150.png 150w, https:\/\/isbad.se\/wp-content\/uploads\/2024\/05\/add-to-cart-4-100x100.png 100w, https:\/\/isbad.se\/wp-content\/uploads\/2024\/05\/add-to-cart-4.png 512w\" sizes=\"(max-width: 20px) 100vw, 20px\" \/><\/a> <a href=\"https:\/\/isbad.se\/en\/product\/lock-till-isbad-tunna-lyx\/?wmc-currency=EUR\">Barrel lid to keep water clean from dirt and insects<\/a><br \/>\n<a href=\"https:\/\/isbad.se\/en\/product\/flytande-isbad-termometer\/?wmc-currency=EUR\"><img decoding=\"async\" class=\"alignnone wp-image-10249\" src=\"https:\/\/isbad.se\/wp-content\/uploads\/2024\/05\/add-to-cart-4-300x300.png\" alt=\"\" width=\"20\" height=\"20\" srcset=\"https:\/\/isbad.se\/wp-content\/uploads\/2024\/05\/add-to-cart-4-300x300.png 300w, https:\/\/isbad.se\/wp-content\/uploads\/2024\/05\/add-to-cart-4-150x150.png 150w, https:\/\/isbad.se\/wp-content\/uploads\/2024\/05\/add-to-cart-4-100x100.png 100w, https:\/\/isbad.se\/wp-content\/uploads\/2024\/05\/add-to-cart-4.png 512w\" sizes=\"(max-width: 20px) 100vw, 20px\" \/><\/a> <a href=\"https:\/\/isbad.se\/en\/product\/allvadersskydd-for-isbad\/?wmc-currency=EUR\">Black all-weather cover for additional protection against dirt<\/a><br \/>\n<a href=\"https:\/\/isbad.se\/en\/product\/flytande-isbad-termometer\/?wmc-currency=EUR\"><img decoding=\"async\" class=\"alignnone wp-image-10249\" src=\"https:\/\/isbad.se\/wp-content\/uploads\/2024\/05\/add-to-cart-4-300x300.png\" alt=\"\" width=\"20\" height=\"20\" srcset=\"https:\/\/isbad.se\/wp-content\/uploads\/2024\/05\/add-to-cart-4-300x300.png 300w, https:\/\/isbad.se\/wp-content\/uploads\/2024\/05\/add-to-cart-4-150x150.png 150w, https:\/\/isbad.se\/wp-content\/uploads\/2024\/05\/add-to-cart-4-100x100.png 100w, https:\/\/isbad.se\/wp-content\/uploads\/2024\/05\/add-to-cart-4.png 512w\" sizes=\"(max-width: 20px) 100vw, 20px\" \/><\/a><a href=\"https:\/\/isbad.se\/en\/product\/forvaringsvaska\/?wmc-currency=EUR\"> Black storage bag<\/a><\/p>","protected":false},"excerpt":{"rendered":"<p><strong>THE SIZE OF THE BATH:<\/strong> 75 x 75 cm<br \/>\n<strong>MATERIAL:<\/strong> Insulating 5 layers<br \/>\n<strong>HOLDS:<\/strong> 300 liters of water<\/p>\n<p>Cool off in a refreshing ice bath on your patio, balcony or in the bathroom. Whether you want to enjoy a cooling moment under the stars or in the comfort of your own home, our ice bath is the perfect way to relax and recover after a long day at work or a hard workout.<\/p>\n<p>You can enjoy the benefits of cold water therapy by using our ice bath tub, whether you live in an apartment or a house, and whether you are indoors, outdoors, in the garage, at the gym, office or balcony.<\/p>","protected":false},"featured_media":11565,"comment_status":"open","ping_status":"closed","template":"","meta":{"_acf_changed":false},"product_brand":[],"product_cat":[21],"product_tag":[88,117,86,41,22,23,48,87,24],"class_list":{"0":"post-298","1":"product","2":"type-product","3":"status-publish","4":"has-post-thumbnail","6":"product_cat-isbad-tunnor","7":"product_tag-aterhamtning","8":"product_tag-cold-plunge","9":"product_tag-fitness","10":"product_tag-isbad","11":"product_tag-isbad-tunna","12":"product_tag-isbad-tunna-lyx","13":"product_tag-kallbad","14":"product_tag-traning","15":"product_tag-tunna","17":"first","18":"outofstock","19":"sale","20":"taxable","21":"shipping-taxable","22":"purchasable","23":"product-type-simple"},"acf":[],"yoast_head":"<!-- This site is optimized with the Yoast SEO plugin v27.6 - https:\/\/yoast.com\/product\/yoast-seo-wordpress\/ -->\n<title>Isbad Lyx - Isbad tunna hemma<\/title>\n<meta name=\"robots\" content=\"index, follow, max-snippet:-1, max-image-preview:large, max-video-preview:-1\" \/>\n<link rel=\"canonical\" href=\"https:\/\/isbad.se\/en\/product\/isbad-tunna-lyx\/?wmc-currency=EUR\" \/>\n<meta property=\"og:locale\" content=\"en_US\" \/>\n<meta property=\"og:type\" content=\"article\" \/>\n<meta property=\"og:title\" content=\"Isbad Lyx - Isbad tunna hemma\" \/>\n<meta property=\"og:description\" content=\"TUNNANS STORLEK: 75 x 75 cm MATERIAL: Isolerande 5 lager RYMMER: 300 liter vatten  Svalka dig i ett sk\u00f6nt och uppfriskande isbad p\u00e5 din altan, balkong eller i badrummet. Oavsett om du vill njuta av en svalkande stund under bar himmel eller i hemmets trygga vr\u00e5, ger v\u00e5rt isbad dig den perfekta m\u00f6jligheten att slappna av och \u00e5terh\u00e4mta dig efter en l\u00e5ng dag p\u00e5 jobbet eller ett h\u00e5rt tr\u00e4ningspass.  Du kan dra nytta av f\u00f6rdelarna med kallvattenterapi genom att anv\u00e4nda v\u00e5r isbad tunna, oavsett om du bor i l\u00e4genhet eller hus, och oavsett om du befinner dig inomhus, utomhus, i garaget, p\u00e5 gymmet, kontoret eller balkongen.\" \/>\n<meta property=\"og:url\" content=\"https:\/\/isbad.se\/en\/product\/isbad-tunna-lyx\/?wmc-currency=EUR\" \/>\n<meta property=\"og:site_name\" content=\"ISBAD\" \/>\n<meta property=\"article:publisher\" content=\"https:\/\/www.facebook.com\/Isbad.se\" \/>\n<meta property=\"article:modified_time\" content=\"2026-02-17T13:05:48+00:00\" \/>\n<meta property=\"og:image\" content=\"https:\/\/isbad.se\/wp-content\/uploads\/2024\/05\/Isbad-Lyx-tunna.webp\" \/>\n\t<meta property=\"og:image:width\" content=\"1000\" \/>\n\t<meta property=\"og:image:height\" content=\"1000\" \/>\n\t<meta property=\"og:image:type\" content=\"image\/webp\" \/>\n<meta name=\"twitter:card\" content=\"summary_large_image\" \/>\n<meta name=\"twitter:site\" content=\"@IsbadSe\" \/>\n<meta name=\"twitter:label1\" content=\"Est. reading time\" \/>\n\t<meta name=\"twitter:data1\" content=\"4 minutes\" \/>\n<script type=\"application\/ld+json\" class=\"yoast-schema-graph\">{\"@context\":\"https:\\\/\\\/schema.org\",\"@graph\":[{\"@type\":\"WebPage\",\"@id\":\"https:\\\/\\\/isbad.se\\\/product\\\/isbad-tunna-lyx\\\/\",\"url\":\"https:\\\/\\\/isbad.se\\\/product\\\/isbad-tunna-lyx\\\/\",\"name\":\"Isbad Lyx - Isbad tunna hemma\",\"isPartOf\":{\"@id\":\"https:\\\/\\\/isbad.se\\\/#website\"},\"primaryImageOfPage\":{\"@id\":\"https:\\\/\\\/isbad.se\\\/product\\\/isbad-tunna-lyx\\\/#primaryimage\"},\"image\":{\"@id\":\"https:\\\/\\\/isbad.se\\\/product\\\/isbad-tunna-lyx\\\/#primaryimage\"},\"thumbnailUrl\":\"https:\\\/\\\/isbad.se\\\/wp-content\\\/uploads\\\/2024\\\/05\\\/Isbad-Lyx-tunna.webp\",\"datePublished\":\"2024-05-02T11:48:39+00:00\",\"dateModified\":\"2026-02-17T13:05:48+00:00\",\"breadcrumb\":{\"@id\":\"https:\\\/\\\/isbad.se\\\/product\\\/isbad-tunna-lyx\\\/#breadcrumb\"},\"inLanguage\":\"en-US\",\"potentialAction\":[{\"@type\":\"ReadAction\",\"target\":[\"https:\\\/\\\/isbad.se\\\/product\\\/isbad-tunna-lyx\\\/\"]}]},{\"@type\":\"ImageObject\",\"inLanguage\":\"en-US\",\"@id\":\"https:\\\/\\\/isbad.se\\\/product\\\/isbad-tunna-lyx\\\/#primaryimage\",\"url\":\"https:\\\/\\\/isbad.se\\\/wp-content\\\/uploads\\\/2024\\\/05\\\/Isbad-Lyx-tunna.webp\",\"contentUrl\":\"https:\\\/\\\/isbad.se\\\/wp-content\\\/uploads\\\/2024\\\/05\\\/Isbad-Lyx-tunna.webp\",\"width\":1000,\"height\":1000,\"caption\":\"Isbad Lyx tunna f\u00f6r sk\u00f6na isbad hemma\"},{\"@type\":\"BreadcrumbList\",\"@id\":\"https:\\\/\\\/isbad.se\\\/product\\\/isbad-tunna-lyx\\\/#breadcrumb\",\"itemListElement\":[{\"@type\":\"ListItem\",\"position\":1,\"name\":\"Hem\",\"item\":\"https:\\\/\\\/isbad.se\\\/\"},{\"@type\":\"ListItem\",\"position\":2,\"name\":\"Produkter\",\"item\":\"https:\\\/\\\/isbad.se\\\/wc-shopping-page\\\/\"},{\"@type\":\"ListItem\",\"position\":3,\"name\":\"Isbad Lyx\"}]},{\"@type\":\"WebSite\",\"@id\":\"https:\\\/\\\/isbad.se\\\/#website\",\"url\":\"https:\\\/\\\/isbad.se\\\/\",\"name\":\"ISBAD.se\",\"description\":\"Bada ISBAD hemma!\",\"publisher\":{\"@id\":\"https:\\\/\\\/isbad.se\\\/#organization\"},\"alternateName\":\"ISBAD f\u00f6r Gladare och friskare Sverige\",\"potentialAction\":[{\"@type\":\"SearchAction\",\"target\":{\"@type\":\"EntryPoint\",\"urlTemplate\":\"https:\\\/\\\/isbad.se\\\/?s={search_term_string}\"},\"query-input\":{\"@type\":\"PropertyValueSpecification\",\"valueRequired\":true,\"valueName\":\"search_term_string\"}}],\"inLanguage\":\"en-US\"},{\"@type\":\"Organization\",\"@id\":\"https:\\\/\\\/isbad.se\\\/#organization\",\"name\":\"ISBAD\",\"url\":\"https:\\\/\\\/isbad.se\\\/\",\"logo\":{\"@type\":\"ImageObject\",\"inLanguage\":\"en-US\",\"@id\":\"https:\\\/\\\/isbad.se\\\/#\\\/schema\\\/logo\\\/image\\\/\",\"url\":\"https:\\\/\\\/isbad.se\\\/wp-content\\\/uploads\\\/2024\\\/04\\\/isbad_logo_vector_98_black_242422.png\",\"contentUrl\":\"https:\\\/\\\/isbad.se\\\/wp-content\\\/uploads\\\/2024\\\/04\\\/isbad_logo_vector_98_black_242422.png\",\"width\":2458,\"height\":634,\"caption\":\"ISBAD\"},\"image\":{\"@id\":\"https:\\\/\\\/isbad.se\\\/#\\\/schema\\\/logo\\\/image\\\/\"},\"sameAs\":[\"https:\\\/\\\/www.facebook.com\\\/Isbad.se\",\"https:\\\/\\\/x.com\\\/IsbadSe\",\"https:\\\/\\\/www.instagram.com\\\/isbad.se\",\"https:\\\/\\\/www.tiktok.com\\\/@isbad.se\"]}]}<\/script>\n<!-- \/ Yoast SEO plugin. -->","yoast_head_json":{"title":"Isbad Lyx - Isbad tunna hemma","robots":{"index":"index","follow":"follow","max-snippet":"max-snippet:-1","max-image-preview":"max-image-preview:large","max-video-preview":"max-video-preview:-1"},"canonical":"https:\/\/isbad.se\/en\/product\/isbad-tunna-lyx\/?wmc-currency=EUR","og_locale":"en_US","og_type":"article","og_title":"Isbad Lyx - Isbad tunna hemma","og_description":"TUNNANS STORLEK: 75 x 75 cm MATERIAL: Isolerande 5 lager RYMMER: 300 liter vatten  Svalka dig i ett sk\u00f6nt och uppfriskande isbad p\u00e5 din altan, balkong eller i badrummet. Oavsett om du vill njuta av en svalkande stund under bar himmel eller i hemmets trygga vr\u00e5, ger v\u00e5rt isbad dig den perfekta m\u00f6jligheten att slappna av och \u00e5terh\u00e4mta dig efter en l\u00e5ng dag p\u00e5 jobbet eller ett h\u00e5rt tr\u00e4ningspass.  Du kan dra nytta av f\u00f6rdelarna med kallvattenterapi genom att anv\u00e4nda v\u00e5r isbad tunna, oavsett om du bor i l\u00e4genhet eller hus, och oavsett om du befinner dig inomhus, utomhus, i garaget, p\u00e5 gymmet, kontoret eller balkongen.","og_url":"https:\/\/isbad.se\/en\/product\/isbad-tunna-lyx\/?wmc-currency=EUR","og_site_name":"ISBAD","article_publisher":"https:\/\/www.facebook.com\/Isbad.se","article_modified_time":"2026-02-17T13:05:48+00:00","og_image":[{"width":1000,"height":1000,"url":"https:\/\/isbad.se\/wp-content\/uploads\/2024\/05\/Isbad-Lyx-tunna.webp","type":"image\/webp"}],"twitter_card":"summary_large_image","twitter_site":"@IsbadSe","twitter_misc":{"Est. reading time":"4 minutes"},"schema":{"@context":"https:\/\/schema.org","@graph":[{"@type":"WebPage","@id":"https:\/\/isbad.se\/product\/isbad-tunna-lyx\/","url":"https:\/\/isbad.se\/product\/isbad-tunna-lyx\/","name":"Isbad Lyx - Isbad tunna hemma","isPartOf":{"@id":"https:\/\/isbad.se\/#website"},"primaryImageOfPage":{"@id":"https:\/\/isbad.se\/product\/isbad-tunna-lyx\/#primaryimage"},"image":{"@id":"https:\/\/isbad.se\/product\/isbad-tunna-lyx\/#primaryimage"},"thumbnailUrl":"https:\/\/isbad.se\/wp-content\/uploads\/2024\/05\/Isbad-Lyx-tunna.webp","datePublished":"2024-05-02T11:48:39+00:00","dateModified":"2026-02-17T13:05:48+00:00","breadcrumb":{"@id":"https:\/\/isbad.se\/product\/isbad-tunna-lyx\/#breadcrumb"},"inLanguage":"en-US","potentialAction":[{"@type":"ReadAction","target":["https:\/\/isbad.se\/product\/isbad-tunna-lyx\/"]}]},{"@type":"ImageObject","inLanguage":"en-US","@id":"https:\/\/isbad.se\/product\/isbad-tunna-lyx\/#primaryimage","url":"https:\/\/isbad.se\/wp-content\/uploads\/2024\/05\/Isbad-Lyx-tunna.webp","contentUrl":"https:\/\/isbad.se\/wp-content\/uploads\/2024\/05\/Isbad-Lyx-tunna.webp","width":1000,"height":1000,"caption":"Isbad Lyx tunna f\u00f6r sk\u00f6na isbad hemma"},{"@type":"BreadcrumbList","@id":"https:\/\/isbad.se\/product\/isbad-tunna-lyx\/#breadcrumb","itemListElement":[{"@type":"ListItem","position":1,"name":"Hem","item":"https:\/\/isbad.se\/"},{"@type":"ListItem","position":2,"name":"Produkter","item":"https:\/\/isbad.se\/wc-shopping-page\/"},{"@type":"ListItem","position":3,"name":"Isbad Lyx"}]},{"@type":"WebSite","@id":"https:\/\/isbad.se\/#website","url":"https:\/\/isbad.se\/","name":"ISBAD.se","description":"Bada ISBAD hemma!","publisher":{"@id":"https:\/\/isbad.se\/#organization"},"alternateName":"ISBAD f\u00f6r Gladare och friskare Sverige","potentialAction":[{"@type":"SearchAction","target":{"@type":"EntryPoint","urlTemplate":"https:\/\/isbad.se\/?s={search_term_string}"},"query-input":{"@type":"PropertyValueSpecification","valueRequired":true,"valueName":"search_term_string"}}],"inLanguage":"en-US"},{"@type":"Organization","@id":"https:\/\/isbad.se\/#organization","name":"ICE BATH","url":"https:\/\/isbad.se\/","logo":{"@type":"ImageObject","inLanguage":"en-US","@id":"https:\/\/isbad.se\/#\/schema\/logo\/image\/","url":"https:\/\/isbad.se\/wp-content\/uploads\/2024\/04\/isbad_logo_vector_98_black_242422.png","contentUrl":"https:\/\/isbad.se\/wp-content\/uploads\/2024\/04\/isbad_logo_vector_98_black_242422.png","width":2458,"height":634,"caption":"ISBAD"},"image":{"@id":"https:\/\/isbad.se\/#\/schema\/logo\/image\/"},"sameAs":["https:\/\/www.facebook.com\/Isbad.se","https:\/\/x.com\/IsbadSe","https:\/\/www.instagram.com\/isbad.se","https:\/\/www.tiktok.com\/@isbad.se"]}]}},"_links":{"self":[{"href":"https:\/\/isbad.se\/en\/wp-json\/wp\/v2\/product\/298","targetHints":{"allow":["GET"]}}],"collection":[{"href":"https:\/\/isbad.se\/en\/wp-json\/wp\/v2\/product"}],"about":[{"href":"https:\/\/isbad.se\/en\/wp-json\/wp\/v2\/types\/product"}],"replies":[{"embeddable":true,"href":"https:\/\/isbad.se\/en\/wp-json\/wp\/v2\/comments?post=298"}],"version-history":[{"count":4,"href":"https:\/\/isbad.se\/en\/wp-json\/wp\/v2\/product\/298\/revisions"}],"predecessor-version":[{"id":14957,"href":"https:\/\/isbad.se\/en\/wp-json\/wp\/v2\/product\/298\/revisions\/14957"}],"wp:featuredmedia":[{"embeddable":true,"href":"https:\/\/isbad.se\/en\/wp-json\/wp\/v2\/media\/11565"}],"wp:attachment":[{"href":"https:\/\/isbad.se\/en\/wp-json\/wp\/v2\/media?parent=298"}],"wp:term":[{"taxonomy":"product_brand","embeddable":true,"href":"https:\/\/isbad.se\/en\/wp-json\/wp\/v2\/product_brand?post=298"},{"taxonomy":"product_cat","embeddable":true,"href":"https:\/\/isbad.se\/en\/wp-json\/wp\/v2\/product_cat?post=298"},{"taxonomy":"product_tag","embeddable":true,"href":"https:\/\/isbad.se\/en\/wp-json\/wp\/v2\/product_tag?post=298"}],"curies":[{"name":"wp","href":"https:\/\/api.w.org\/{rel}","templated":true}]}}