{"id":14754,"date":"2025-08-29T17:00:38","date_gmt":"2025-08-29T17:00:38","guid":{"rendered":"https:\/\/isbad.se\/?post_type=product&#038;p=14754"},"modified":"2025-09-04T15:36:34","modified_gmt":"2025-09-04T15:36:34","slug":"isbad-pro-chiller-one","status":"publish","type":"product","link":"https:\/\/isbad.se\/en\/product\/isbad-pro-chiller-one\/","title":{"rendered":"Isbad Pro + Chiller One"},"content":{"rendered":"<p><strong>For a professional cold bathing experience at home<\/strong><\/p>\n<p>Ice Bath PRO with Chiller One is a complete solution for those who want constantly cooled and clean water for their cold bath. With a powerful water cooler that lowers the temperature to 3\u00b0C, you get a premium solution that optimizes your recovery and health.<\/p>\n<p>Ideal for home use, gyms, businesses and athletes who want a sustainable and professional cold water experience.<\/p>\n<p><strong>TUNNAN STORLEK<\/strong><strong><br \/>\n<\/strong><strong><img decoding=\"async\" class=\"alignnone wp-image-10247\" src=\"https:\/\/isbad.se\/wp-content\/uploads\/2024\/05\/6785425-300x300.png\" sizes=\"(max-width: 15px) 100vw, 15px\" srcset=\"https:\/\/isbad.se\/wp-content\/uploads\/2024\/05\/6785425-300x300.png 300w, https:\/\/isbad.se\/wp-content\/uploads\/2024\/05\/6785425-150x150.png 150w, https:\/\/isbad.se\/wp-content\/uploads\/2024\/05\/6785425-100x100.png 100w, https:\/\/isbad.se\/wp-content\/uploads\/2024\/05\/6785425.png 512w\" alt=\"\" width=\"15\" height=\"15\" \/>\u00a0170 x 80 x 65 cm<\/strong><\/p>\n<p><strong>THE SIZE OF THE MACHINE<br \/>\n<\/strong><strong><img decoding=\"async\" class=\"alignnone wp-image-10247\" src=\"https:\/\/isbad.se\/wp-content\/uploads\/2024\/05\/6785425-300x300.png\" sizes=\"(max-width: 15px) 100vw, 15px\" srcset=\"https:\/\/isbad.se\/wp-content\/uploads\/2024\/05\/6785425-300x300.png 300w, https:\/\/isbad.se\/wp-content\/uploads\/2024\/05\/6785425-150x150.png 150w, https:\/\/isbad.se\/wp-content\/uploads\/2024\/05\/6785425-100x100.png 100w, https:\/\/isbad.se\/wp-content\/uploads\/2024\/05\/6785425.png 512w\" alt=\"\" width=\"15\" height=\"15\" \/> L35 \u00d7 B30 \u00d7 H30 cm<\/strong><\/p>\n<p><strong>THE PACKAGE CONTAINS:<br \/>\n<\/strong><strong><img decoding=\"async\" class=\"alignnone wp-image-10247\" src=\"https:\/\/isbad.se\/wp-content\/uploads\/2024\/05\/6785425-300x300.png\" sizes=\"(max-width: 15px) 100vw, 15px\" srcset=\"https:\/\/isbad.se\/wp-content\/uploads\/2024\/05\/6785425-300x300.png 300w, https:\/\/isbad.se\/wp-content\/uploads\/2024\/05\/6785425-150x150.png 150w, https:\/\/isbad.se\/wp-content\/uploads\/2024\/05\/6785425-100x100.png 100w, https:\/\/isbad.se\/wp-content\/uploads\/2024\/05\/6785425.png 512w\" alt=\"\" width=\"15\" height=\"15\" \/>\u00a0Isbad PRO<\/strong>\u00a0- Designed for optimal cooling and comfort<br \/>\n<strong><img decoding=\"async\" class=\"alignnone wp-image-10247\" src=\"https:\/\/isbad.se\/wp-content\/uploads\/2024\/05\/6785425-300x300.png\" sizes=\"(max-width: 15px) 100vw, 15px\" srcset=\"https:\/\/isbad.se\/wp-content\/uploads\/2024\/05\/6785425-300x300.png 300w, https:\/\/isbad.se\/wp-content\/uploads\/2024\/05\/6785425-150x150.png 150w, https:\/\/isbad.se\/wp-content\/uploads\/2024\/05\/6785425-100x100.png 100w, https:\/\/isbad.se\/wp-content\/uploads\/2024\/05\/6785425.png 512w\" alt=\"\" width=\"15\" height=\"15\" \/> Chiller One kylaggregat<\/strong> \u2013 Kyler vattnet ned till 3\u00b0C och h\u00e5ller en konstant temperatur<br \/>\n<strong><img decoding=\"async\" class=\"alignnone wp-image-10247\" src=\"https:\/\/isbad.se\/wp-content\/uploads\/2024\/05\/6785425-300x300.png\" sizes=\"(max-width: 15px) 100vw, 15px\" srcset=\"https:\/\/isbad.se\/wp-content\/uploads\/2024\/05\/6785425-300x300.png 300w, https:\/\/isbad.se\/wp-content\/uploads\/2024\/05\/6785425-150x150.png 150w, https:\/\/isbad.se\/wp-content\/uploads\/2024\/05\/6785425-100x100.png 100w, https:\/\/isbad.se\/wp-content\/uploads\/2024\/05\/6785425.png 512w\" alt=\"\" width=\"15\" height=\"15\" \/>\u00a0Insulated lid<\/strong>\u00a0- To keep cool and reduce energy consumption<br \/>\n<strong><img decoding=\"async\" class=\"alignnone wp-image-10247\" src=\"https:\/\/isbad.se\/wp-content\/uploads\/2024\/05\/6785425-300x300.png\" sizes=\"(max-width: 15px) 100vw, 15px\" srcset=\"https:\/\/isbad.se\/wp-content\/uploads\/2024\/05\/6785425-300x300.png 300w, https:\/\/isbad.se\/wp-content\/uploads\/2024\/05\/6785425-150x150.png 150w, https:\/\/isbad.se\/wp-content\/uploads\/2024\/05\/6785425-100x100.png 100w, https:\/\/isbad.se\/wp-content\/uploads\/2024\/05\/6785425.png 512w\" alt=\"\" width=\"15\" height=\"15\" \/>\u00a0Easy installation<\/strong>\u00a0- Ready to use right away<\/p>\n<p><strong>CAN BE PURCHASED:<\/strong><br \/>\n<strong><img decoding=\"async\" class=\"alignnone wp-image-10247\" src=\"https:\/\/isbad.se\/wp-content\/uploads\/2024\/05\/6785425-300x300.png\" sizes=\"(max-width: 15px) 100vw, 15px\" srcset=\"https:\/\/isbad.se\/wp-content\/uploads\/2024\/05\/6785425-300x300.png 300w, https:\/\/isbad.se\/wp-content\/uploads\/2024\/05\/6785425-150x150.png 150w, https:\/\/isbad.se\/wp-content\/uploads\/2024\/05\/6785425-100x100.png 100w, https:\/\/isbad.se\/wp-content\/uploads\/2024\/05\/6785425.png 512w\" alt=\"\" width=\"15\" height=\"15\" \/>\u00a0Water pump<\/strong>\u00a0- For easy filling and emptying<br \/>\n<strong><img decoding=\"async\" class=\"alignnone wp-image-10247\" src=\"https:\/\/isbad.se\/wp-content\/uploads\/2024\/05\/6785425-300x300.png\" sizes=\"(max-width: 15px) 100vw, 15px\" srcset=\"https:\/\/isbad.se\/wp-content\/uploads\/2024\/05\/6785425-300x300.png 300w, https:\/\/isbad.se\/wp-content\/uploads\/2024\/05\/6785425-150x150.png 150w, https:\/\/isbad.se\/wp-content\/uploads\/2024\/05\/6785425-100x100.png 100w, https:\/\/isbad.se\/wp-content\/uploads\/2024\/05\/6785425.png 512w\" alt=\"\" width=\"15\" height=\"15\" \/>\u00a0Extra filter cartridges<\/strong>\u00a0- For longer shelf life of the water<\/p>","protected":false},"excerpt":{"rendered":"<p><strong>For a professional cold bathing experience at home<\/strong><\/p>\n<p>Ice Bath PRO with Chiller One is the ultimate package for serious cold bathers. With a powerful water cooler that cools the water down to 4\u00b0C, you get a premium solution for effective recovery and mental strength.<\/p>\n<p><strong><img decoding=\"async\" class=\"alignnone wp-image-10247\" src=\"https:\/\/isbad.se\/wp-content\/uploads\/2024\/05\/6785425-300x300.png\" sizes=\"(max-width: 15px) 100vw, 15px\" srcset=\"https:\/\/isbad.se\/wp-content\/uploads\/2024\/05\/6785425-300x300.png 300w, https:\/\/isbad.se\/wp-content\/uploads\/2024\/05\/6785425-150x150.png 150w, https:\/\/isbad.se\/wp-content\/uploads\/2024\/05\/6785425-100x100.png 100w, https:\/\/isbad.se\/wp-content\/uploads\/2024\/05\/6785425.png 512w\" alt=\"\" width=\"15\" height=\"15\" \/> Cools water down to 4\u00b0C<\/strong><br \/>\n<strong><img decoding=\"async\" class=\"alignnone wp-image-10247\" src=\"https:\/\/isbad.se\/wp-content\/uploads\/2024\/05\/6785425-300x300.png\" sizes=\"(max-width: 15px) 100vw, 15px\" srcset=\"https:\/\/isbad.se\/wp-content\/uploads\/2024\/05\/6785425-300x300.png 300w, https:\/\/isbad.se\/wp-content\/uploads\/2024\/05\/6785425-150x150.png 150w, https:\/\/isbad.se\/wp-content\/uploads\/2024\/05\/6785425-100x100.png 100w, https:\/\/isbad.se\/wp-content\/uploads\/2024\/05\/6785425.png 512w\" alt=\"\" width=\"15\" height=\"15\" \/>\u00a0Fits perfectly with Ice Bath PRO barrels<\/strong><br \/>\n<strong><img decoding=\"async\" class=\"alignnone wp-image-10247\" src=\"https:\/\/isbad.se\/wp-content\/uploads\/2024\/05\/6785425-300x300.png\" sizes=\"(max-width: 15px) 100vw, 15px\" srcset=\"https:\/\/isbad.se\/wp-content\/uploads\/2024\/05\/6785425-300x300.png 300w, https:\/\/isbad.se\/wp-content\/uploads\/2024\/05\/6785425-150x150.png 150w, https:\/\/isbad.se\/wp-content\/uploads\/2024\/05\/6785425-100x100.png 100w, https:\/\/isbad.se\/wp-content\/uploads\/2024\/05\/6785425.png 512w\" alt=\"\" width=\"15\" height=\"15\" \/>\u00a0Easy installation and low maintenance costs<\/strong><\/p>","protected":false},"featured_media":14758,"comment_status":"open","ping_status":"closed","template":"","meta":{"_acf_changed":false},"product_brand":[],"product_cat":[82,15],"product_tag":[88,359,170,41,118,363,364,48,113,53,61,212,87,49],"class_list":{"0":"post-14754","1":"product","2":"type-product","3":"status-publish","4":"has-post-thumbnail","6":"product_cat-isbad-paket","7":"product_cat-kyla","8":"product_tag-aterhamtning","9":"product_tag-chiller-one","10":"product_tag-is","11":"product_tag-isbad","12":"product_tag-isbad-paket","13":"product_tag-isbad-pro","14":"product_tag-iskallt-vatten","15":"product_tag-kallbad","16":"product_tag-kallt","17":"product_tag-kyla","18":"product_tag-kylaggregat","19":"product_tag-pro","20":"product_tag-traning","21":"product_tag-vinterbad","23":"first","24":"instock","25":"taxable","26":"shipping-taxable","27":"purchasable","28":"product-type-woosb"},"acf":[],"yoast_head":"<!-- This site is optimized with the Yoast SEO plugin v27.4 - https:\/\/yoast.com\/product\/yoast-seo-wordpress\/ -->\n<title>Isbad Pro + Chiller One &#187; ISBAD<\/title>\n<meta name=\"description\" content=\"Komplett paket med Isbad Pro och Chiller One \u2013 h\u00e5ll vattnet iskallt och rent \u00e5ret runt. Perfekt f\u00f6r hemmabruk, enkel installation och en lyxig upplevelse.\" \/>\n<meta name=\"robots\" content=\"index, follow, max-snippet:-1, max-image-preview:large, max-video-preview:-1\" \/>\n<link rel=\"canonical\" href=\"https:\/\/isbad.se\/en\/product\/isbad-pro-chiller-one\/?wmc-currency=EUR\" \/>\n<meta property=\"og:locale\" content=\"en_US\" \/>\n<meta property=\"og:type\" content=\"article\" \/>\n<meta property=\"og:title\" content=\"Isbad Pro + Chiller One &#187; ISBAD\" \/>\n<meta property=\"og:description\" content=\"Komplett paket med Isbad Pro och Chiller One \u2013 h\u00e5ll vattnet iskallt och rent \u00e5ret runt. Perfekt f\u00f6r hemmabruk, enkel installation och en lyxig upplevelse.\" \/>\n<meta property=\"og:url\" content=\"https:\/\/isbad.se\/en\/product\/isbad-pro-chiller-one\/?wmc-currency=EUR\" \/>\n<meta property=\"og:site_name\" content=\"ISBAD\" \/>\n<meta property=\"article:publisher\" content=\"https:\/\/www.facebook.com\/Isbad.se\" \/>\n<meta property=\"article:modified_time\" content=\"2025-09-04T15:36:34+00:00\" \/>\n<meta property=\"og:image\" content=\"https:\/\/isbad.se\/wp-content\/uploads\/2025\/08\/Isbad-PRO-Chiller-One.webp\" \/>\n\t<meta property=\"og:image:width\" content=\"1000\" \/>\n\t<meta property=\"og:image:height\" content=\"1000\" \/>\n\t<meta property=\"og:image:type\" content=\"image\/webp\" \/>\n<meta name=\"twitter:card\" content=\"summary_large_image\" \/>\n<meta name=\"twitter:site\" content=\"@IsbadSe\" \/>\n<meta name=\"twitter:label1\" content=\"Est. reading time\" \/>\n\t<meta name=\"twitter:data1\" content=\"3 minutes\" \/>\n<script type=\"application\/ld+json\" class=\"yoast-schema-graph\">{\"@context\":\"https:\\\/\\\/schema.org\",\"@graph\":[{\"@type\":\"WebPage\",\"@id\":\"https:\\\/\\\/isbad.se\\\/product\\\/isbad-pro-chiller-one\\\/\",\"url\":\"https:\\\/\\\/isbad.se\\\/product\\\/isbad-pro-chiller-one\\\/\",\"name\":\"Isbad Pro + Chiller One &#187; ISBAD\",\"isPartOf\":{\"@id\":\"https:\\\/\\\/isbad.se\\\/#website\"},\"primaryImageOfPage\":{\"@id\":\"https:\\\/\\\/isbad.se\\\/product\\\/isbad-pro-chiller-one\\\/#primaryimage\"},\"image\":{\"@id\":\"https:\\\/\\\/isbad.se\\\/product\\\/isbad-pro-chiller-one\\\/#primaryimage\"},\"thumbnailUrl\":\"https:\\\/\\\/isbad.se\\\/wp-content\\\/uploads\\\/2025\\\/08\\\/Isbad-PRO-Chiller-One.webp\",\"datePublished\":\"2025-08-29T17:00:38+00:00\",\"dateModified\":\"2025-09-04T15:36:34+00:00\",\"description\":\"Komplett paket med Isbad Pro och Chiller One \u2013 h\u00e5ll vattnet iskallt och rent \u00e5ret runt. Perfekt f\u00f6r hemmabruk, enkel installation och en lyxig upplevelse.\",\"breadcrumb\":{\"@id\":\"https:\\\/\\\/isbad.se\\\/product\\\/isbad-pro-chiller-one\\\/#breadcrumb\"},\"inLanguage\":\"en-US\",\"potentialAction\":[{\"@type\":\"ReadAction\",\"target\":[\"https:\\\/\\\/isbad.se\\\/product\\\/isbad-pro-chiller-one\\\/\"]}]},{\"@type\":\"ImageObject\",\"inLanguage\":\"en-US\",\"@id\":\"https:\\\/\\\/isbad.se\\\/product\\\/isbad-pro-chiller-one\\\/#primaryimage\",\"url\":\"https:\\\/\\\/isbad.se\\\/wp-content\\\/uploads\\\/2025\\\/08\\\/Isbad-PRO-Chiller-One.webp\",\"contentUrl\":\"https:\\\/\\\/isbad.se\\\/wp-content\\\/uploads\\\/2025\\\/08\\\/Isbad-PRO-Chiller-One.webp\",\"width\":1000,\"height\":1000},{\"@type\":\"BreadcrumbList\",\"@id\":\"https:\\\/\\\/isbad.se\\\/product\\\/isbad-pro-chiller-one\\\/#breadcrumb\",\"itemListElement\":[{\"@type\":\"ListItem\",\"position\":1,\"name\":\"Hem\",\"item\":\"https:\\\/\\\/isbad.se\\\/\"},{\"@type\":\"ListItem\",\"position\":2,\"name\":\"Produkter\",\"item\":\"https:\\\/\\\/isbad.se\\\/wc-shopping-page\\\/\"},{\"@type\":\"ListItem\",\"position\":3,\"name\":\"Isbad Pro + Chiller One\"}]},{\"@type\":\"WebSite\",\"@id\":\"https:\\\/\\\/isbad.se\\\/#website\",\"url\":\"https:\\\/\\\/isbad.se\\\/\",\"name\":\"ISBAD.se\",\"description\":\"Bada ISBAD hemma!\",\"publisher\":{\"@id\":\"https:\\\/\\\/isbad.se\\\/#organization\"},\"alternateName\":\"ISBAD f\u00f6r Gladare och friskare Sverige\",\"potentialAction\":[{\"@type\":\"SearchAction\",\"target\":{\"@type\":\"EntryPoint\",\"urlTemplate\":\"https:\\\/\\\/isbad.se\\\/?s={search_term_string}\"},\"query-input\":{\"@type\":\"PropertyValueSpecification\",\"valueRequired\":true,\"valueName\":\"search_term_string\"}}],\"inLanguage\":\"en-US\"},{\"@type\":\"Organization\",\"@id\":\"https:\\\/\\\/isbad.se\\\/#organization\",\"name\":\"ISBAD\",\"url\":\"https:\\\/\\\/isbad.se\\\/\",\"logo\":{\"@type\":\"ImageObject\",\"inLanguage\":\"en-US\",\"@id\":\"https:\\\/\\\/isbad.se\\\/#\\\/schema\\\/logo\\\/image\\\/\",\"url\":\"https:\\\/\\\/isbad.se\\\/wp-content\\\/uploads\\\/2024\\\/04\\\/isbad_logo_vector_98_black_242422.png\",\"contentUrl\":\"https:\\\/\\\/isbad.se\\\/wp-content\\\/uploads\\\/2024\\\/04\\\/isbad_logo_vector_98_black_242422.png\",\"width\":2458,\"height\":634,\"caption\":\"ISBAD\"},\"image\":{\"@id\":\"https:\\\/\\\/isbad.se\\\/#\\\/schema\\\/logo\\\/image\\\/\"},\"sameAs\":[\"https:\\\/\\\/www.facebook.com\\\/Isbad.se\",\"https:\\\/\\\/x.com\\\/IsbadSe\",\"https:\\\/\\\/www.instagram.com\\\/isbad.se\",\"https:\\\/\\\/www.tiktok.com\\\/@isbad.se\"]}]}<\/script>\n<!-- \/ Yoast SEO plugin. -->","yoast_head_json":{"title":"Isbad Pro + Chiller One &#187; ISBAD","description":"Komplett paket med Isbad Pro och Chiller One \u2013 h\u00e5ll vattnet iskallt och rent \u00e5ret runt. Perfekt f\u00f6r hemmabruk, enkel installation och en lyxig upplevelse.","robots":{"index":"index","follow":"follow","max-snippet":"max-snippet:-1","max-image-preview":"max-image-preview:large","max-video-preview":"max-video-preview:-1"},"canonical":"https:\/\/isbad.se\/en\/product\/isbad-pro-chiller-one\/?wmc-currency=EUR","og_locale":"en_US","og_type":"article","og_title":"Isbad Pro + Chiller One &#187; ISBAD","og_description":"Komplett paket med Isbad Pro och Chiller One \u2013 h\u00e5ll vattnet iskallt och rent \u00e5ret runt. Perfekt f\u00f6r hemmabruk, enkel installation och en lyxig upplevelse.","og_url":"https:\/\/isbad.se\/en\/product\/isbad-pro-chiller-one\/?wmc-currency=EUR","og_site_name":"ISBAD","article_publisher":"https:\/\/www.facebook.com\/Isbad.se","article_modified_time":"2025-09-04T15:36:34+00:00","og_image":[{"width":1000,"height":1000,"url":"https:\/\/isbad.se\/wp-content\/uploads\/2025\/08\/Isbad-PRO-Chiller-One.webp","type":"image\/webp"}],"twitter_card":"summary_large_image","twitter_site":"@IsbadSe","twitter_misc":{"Est. reading time":"3 minutes"},"schema":{"@context":"https:\/\/schema.org","@graph":[{"@type":"WebPage","@id":"https:\/\/isbad.se\/product\/isbad-pro-chiller-one\/","url":"https:\/\/isbad.se\/product\/isbad-pro-chiller-one\/","name":"Isbad Pro + Chiller One &#187; ISBAD","isPartOf":{"@id":"https:\/\/isbad.se\/#website"},"primaryImageOfPage":{"@id":"https:\/\/isbad.se\/product\/isbad-pro-chiller-one\/#primaryimage"},"image":{"@id":"https:\/\/isbad.se\/product\/isbad-pro-chiller-one\/#primaryimage"},"thumbnailUrl":"https:\/\/isbad.se\/wp-content\/uploads\/2025\/08\/Isbad-PRO-Chiller-One.webp","datePublished":"2025-08-29T17:00:38+00:00","dateModified":"2025-09-04T15:36:34+00:00","description":"Komplett paket med Isbad Pro och Chiller One \u2013 h\u00e5ll vattnet iskallt och rent \u00e5ret runt. Perfekt f\u00f6r hemmabruk, enkel installation och en lyxig upplevelse.","breadcrumb":{"@id":"https:\/\/isbad.se\/product\/isbad-pro-chiller-one\/#breadcrumb"},"inLanguage":"en-US","potentialAction":[{"@type":"ReadAction","target":["https:\/\/isbad.se\/product\/isbad-pro-chiller-one\/"]}]},{"@type":"ImageObject","inLanguage":"en-US","@id":"https:\/\/isbad.se\/product\/isbad-pro-chiller-one\/#primaryimage","url":"https:\/\/isbad.se\/wp-content\/uploads\/2025\/08\/Isbad-PRO-Chiller-One.webp","contentUrl":"https:\/\/isbad.se\/wp-content\/uploads\/2025\/08\/Isbad-PRO-Chiller-One.webp","width":1000,"height":1000},{"@type":"BreadcrumbList","@id":"https:\/\/isbad.se\/product\/isbad-pro-chiller-one\/#breadcrumb","itemListElement":[{"@type":"ListItem","position":1,"name":"Hem","item":"https:\/\/isbad.se\/"},{"@type":"ListItem","position":2,"name":"Produkter","item":"https:\/\/isbad.se\/wc-shopping-page\/"},{"@type":"ListItem","position":3,"name":"Isbad Pro + Chiller One"}]},{"@type":"WebSite","@id":"https:\/\/isbad.se\/#website","url":"https:\/\/isbad.se\/","name":"ISBAD.se","description":"Bada ISBAD hemma!","publisher":{"@id":"https:\/\/isbad.se\/#organization"},"alternateName":"ISBAD f\u00f6r Gladare och friskare Sverige","potentialAction":[{"@type":"SearchAction","target":{"@type":"EntryPoint","urlTemplate":"https:\/\/isbad.se\/?s={search_term_string}"},"query-input":{"@type":"PropertyValueSpecification","valueRequired":true,"valueName":"search_term_string"}}],"inLanguage":"en-US"},{"@type":"Organization","@id":"https:\/\/isbad.se\/#organization","name":"ICE BATH","url":"https:\/\/isbad.se\/","logo":{"@type":"ImageObject","inLanguage":"en-US","@id":"https:\/\/isbad.se\/#\/schema\/logo\/image\/","url":"https:\/\/isbad.se\/wp-content\/uploads\/2024\/04\/isbad_logo_vector_98_black_242422.png","contentUrl":"https:\/\/isbad.se\/wp-content\/uploads\/2024\/04\/isbad_logo_vector_98_black_242422.png","width":2458,"height":634,"caption":"ISBAD"},"image":{"@id":"https:\/\/isbad.se\/#\/schema\/logo\/image\/"},"sameAs":["https:\/\/www.facebook.com\/Isbad.se","https:\/\/x.com\/IsbadSe","https:\/\/www.instagram.com\/isbad.se","https:\/\/www.tiktok.com\/@isbad.se"]}]}},"_links":{"self":[{"href":"https:\/\/isbad.se\/en\/wp-json\/wp\/v2\/product\/14754","targetHints":{"allow":["GET"]}}],"collection":[{"href":"https:\/\/isbad.se\/en\/wp-json\/wp\/v2\/product"}],"about":[{"href":"https:\/\/isbad.se\/en\/wp-json\/wp\/v2\/types\/product"}],"replies":[{"embeddable":true,"href":"https:\/\/isbad.se\/en\/wp-json\/wp\/v2\/comments?post=14754"}],"version-history":[{"count":5,"href":"https:\/\/isbad.se\/en\/wp-json\/wp\/v2\/product\/14754\/revisions"}],"predecessor-version":[{"id":14950,"href":"https:\/\/isbad.se\/en\/wp-json\/wp\/v2\/product\/14754\/revisions\/14950"}],"wp:featuredmedia":[{"embeddable":true,"href":"https:\/\/isbad.se\/en\/wp-json\/wp\/v2\/media\/14758"}],"wp:attachment":[{"href":"https:\/\/isbad.se\/en\/wp-json\/wp\/v2\/media?parent=14754"}],"wp:term":[{"taxonomy":"product_brand","embeddable":true,"href":"https:\/\/isbad.se\/en\/wp-json\/wp\/v2\/product_brand?post=14754"},{"taxonomy":"product_cat","embeddable":true,"href":"https:\/\/isbad.se\/en\/wp-json\/wp\/v2\/product_cat?post=14754"},{"taxonomy":"product_tag","embeddable":true,"href":"https:\/\/isbad.se\/en\/wp-json\/wp\/v2\/product_tag?post=14754"}],"curies":[{"name":"wp","href":"https:\/\/api.w.org\/{rel}","templated":true}]}}