{"id":14686,"date":"2025-09-01T16:33:10","date_gmt":"2025-09-01T16:33:10","guid":{"rendered":"https:\/\/isbad.se\/?post_type=product&#038;p=14686"},"modified":"2025-09-04T15:37:12","modified_gmt":"2025-09-04T15:37:12","slug":"isbad-instegsmatta","status":"publish","type":"product","link":"https:\/\/isbad.se\/en\/product\/isbad-instegsmatta\/","title":{"rendered":"Ice Bath Step Mat"},"content":{"rendered":"<p data-start=\"546\" data-end=\"797\">The ISBAD step mat has been developed to provide a safer and more comfortable experience when getting in and out of your ice bath barrel. It acts as anti-slip protection, insulation against the cold, and a practical solution for dealing with water running off your body after your bath.<\/p>\n<p data-start=\"799\" data-end=\"1071\">The mat is designed as a drainage tray that collects water and directs it away via a connection where you can easily attach a hose for emptying into the drain. This prevents water from spreading around the barrel, keeping the surrounding area drier and more hygienic.<\/p>\n<p data-start=\"1073\" data-end=\"1385\">With generous dimensions of 131 \u00d7 61 \u00d7 10 cm and a weight of 30 kg, the mat is both spacious and stable. It stays firmly in place and is designed to withstand regular use in damp environments. The surface is easy to keep clean and the material dries quickly, so it always feels fresh and ready for the next bath.<\/p>\n<p data-start=\"1387\" data-end=\"1562\">The mat is compatible with all our ISBAD models and is a natural accessory for those who want to combine safety, comfort, and smart functionality in their cold bath routine.<\/p>","protected":false},"excerpt":{"rendered":"<p>The ISBAD step mat is a stable anti-slip mat that makes getting in and out of the ice bath safer and more comfortable. It collects water that runs off the body and can be easily emptied via a hose into the drain. Measuring 131 \u00d7 61 \u00d7 10 cm and weighing 30 kg, it stays firmly in place, dries quickly, and insulates against the cold.<\/p>","protected":false},"featured_media":14879,"comment_status":"open","ping_status":"closed","template":"","meta":{"_acf_changed":false},"product_brand":[],"product_cat":[25],"product_tag":[368,353,41,370,354,34,355,369,367],"class_list":{"0":"post-14686","1":"product","2":"type-product","3":"status-publish","4":"has-post-thumbnail","6":"product_cat-tillbehor","7":"product_tag-halkskydd","8":"product_tag-instegsmatta","9":"product_tag-isbad","10":"product_tag-isolerar","11":"product_tag-matta","12":"product_tag-tillbehor","13":"product_tag-tillbehor-till-noir","14":"product_tag-torkar-snabbt","15":"product_tag-tort","17":"first","18":"instock","19":"taxable","20":"shipping-taxable","21":"purchasable","22":"product-type-simple"},"acf":[],"yoast_head":"<!-- This site is optimized with the Yoast SEO plugin v27.5 - https:\/\/yoast.com\/product\/yoast-seo-wordpress\/ -->\n<title>Isbad Instegsmatta &#187; ISBAD<\/title>\n<meta name=\"description\" content=\"Mjukt halkskydd som g\u00f6r i- och ursteg s\u00e4krare och sk\u00f6nare. Passar v\u00e5ra isbad, torkar snabbt och isolerar mot kyla. Best\u00e4ll instegsmattan fr\u00e5n ISBAD.\" \/>\n<meta name=\"robots\" content=\"index, follow, max-snippet:-1, max-image-preview:large, max-video-preview:-1\" \/>\n<link rel=\"canonical\" href=\"https:\/\/isbad.se\/en\/product\/isbad-instegsmatta\/?wmc-currency=EUR\" \/>\n<meta property=\"og:locale\" content=\"en_US\" \/>\n<meta property=\"og:type\" content=\"article\" \/>\n<meta property=\"og:title\" content=\"Isbad Instegsmatta &#187; ISBAD\" \/>\n<meta property=\"og:description\" content=\"Mjukt halkskydd som g\u00f6r i- och ursteg s\u00e4krare och sk\u00f6nare. Passar v\u00e5ra isbad, torkar snabbt och isolerar mot kyla. Best\u00e4ll instegsmattan fr\u00e5n ISBAD.\" \/>\n<meta property=\"og:url\" content=\"https:\/\/isbad.se\/en\/product\/isbad-instegsmatta\/?wmc-currency=EUR\" \/>\n<meta property=\"og:site_name\" content=\"ISBAD\" \/>\n<meta property=\"article:publisher\" content=\"https:\/\/www.facebook.com\/Isbad.se\" \/>\n<meta property=\"article:modified_time\" content=\"2025-09-04T15:37:12+00:00\" \/>\n<meta property=\"og:image\" content=\"https:\/\/isbad.se\/wp-content\/uploads\/2025\/09\/ISBAD-Instegsplatta-med-tunna.webp\" \/>\n\t<meta property=\"og:image:width\" content=\"1000\" \/>\n\t<meta property=\"og:image:height\" content=\"1000\" \/>\n\t<meta property=\"og:image:type\" content=\"image\/webp\" \/>\n<meta name=\"twitter:card\" content=\"summary_large_image\" \/>\n<meta name=\"twitter:site\" content=\"@IsbadSe\" \/>\n<meta name=\"twitter:label1\" content=\"Est. reading time\" \/>\n\t<meta name=\"twitter:data1\" content=\"2 minutes\" \/>\n<script type=\"application\/ld+json\" class=\"yoast-schema-graph\">{\"@context\":\"https:\\\/\\\/schema.org\",\"@graph\":[{\"@type\":\"WebPage\",\"@id\":\"https:\\\/\\\/isbad.se\\\/product\\\/isbad-instegsmatta\\\/\",\"url\":\"https:\\\/\\\/isbad.se\\\/product\\\/isbad-instegsmatta\\\/\",\"name\":\"Isbad Instegsmatta &#187; ISBAD\",\"isPartOf\":{\"@id\":\"https:\\\/\\\/isbad.se\\\/#website\"},\"primaryImageOfPage\":{\"@id\":\"https:\\\/\\\/isbad.se\\\/product\\\/isbad-instegsmatta\\\/#primaryimage\"},\"image\":{\"@id\":\"https:\\\/\\\/isbad.se\\\/product\\\/isbad-instegsmatta\\\/#primaryimage\"},\"thumbnailUrl\":\"https:\\\/\\\/isbad.se\\\/wp-content\\\/uploads\\\/2025\\\/09\\\/ISBAD-Instegsplatta-med-tunna.webp\",\"datePublished\":\"2025-09-01T16:33:10+00:00\",\"dateModified\":\"2025-09-04T15:37:12+00:00\",\"description\":\"Mjukt halkskydd som g\u00f6r i- och ursteg s\u00e4krare och sk\u00f6nare. Passar v\u00e5ra isbad, torkar snabbt och isolerar mot kyla. Best\u00e4ll instegsmattan fr\u00e5n ISBAD.\",\"breadcrumb\":{\"@id\":\"https:\\\/\\\/isbad.se\\\/product\\\/isbad-instegsmatta\\\/#breadcrumb\"},\"inLanguage\":\"en-US\",\"potentialAction\":[{\"@type\":\"ReadAction\",\"target\":[\"https:\\\/\\\/isbad.se\\\/product\\\/isbad-instegsmatta\\\/\"]}]},{\"@type\":\"ImageObject\",\"inLanguage\":\"en-US\",\"@id\":\"https:\\\/\\\/isbad.se\\\/product\\\/isbad-instegsmatta\\\/#primaryimage\",\"url\":\"https:\\\/\\\/isbad.se\\\/wp-content\\\/uploads\\\/2025\\\/09\\\/ISBAD-Instegsplatta-med-tunna.webp\",\"contentUrl\":\"https:\\\/\\\/isbad.se\\\/wp-content\\\/uploads\\\/2025\\\/09\\\/ISBAD-Instegsplatta-med-tunna.webp\",\"width\":1000,\"height\":1000},{\"@type\":\"BreadcrumbList\",\"@id\":\"https:\\\/\\\/isbad.se\\\/product\\\/isbad-instegsmatta\\\/#breadcrumb\",\"itemListElement\":[{\"@type\":\"ListItem\",\"position\":1,\"name\":\"Hem\",\"item\":\"https:\\\/\\\/isbad.se\\\/\"},{\"@type\":\"ListItem\",\"position\":2,\"name\":\"Produkter\",\"item\":\"https:\\\/\\\/isbad.se\\\/wc-shopping-page\\\/\"},{\"@type\":\"ListItem\",\"position\":3,\"name\":\"Isbad Instegsmatta\"}]},{\"@type\":\"WebSite\",\"@id\":\"https:\\\/\\\/isbad.se\\\/#website\",\"url\":\"https:\\\/\\\/isbad.se\\\/\",\"name\":\"ISBAD.se\",\"description\":\"Bada ISBAD hemma!\",\"publisher\":{\"@id\":\"https:\\\/\\\/isbad.se\\\/#organization\"},\"alternateName\":\"ISBAD f\u00f6r Gladare och friskare Sverige\",\"potentialAction\":[{\"@type\":\"SearchAction\",\"target\":{\"@type\":\"EntryPoint\",\"urlTemplate\":\"https:\\\/\\\/isbad.se\\\/?s={search_term_string}\"},\"query-input\":{\"@type\":\"PropertyValueSpecification\",\"valueRequired\":true,\"valueName\":\"search_term_string\"}}],\"inLanguage\":\"en-US\"},{\"@type\":\"Organization\",\"@id\":\"https:\\\/\\\/isbad.se\\\/#organization\",\"name\":\"ISBAD\",\"url\":\"https:\\\/\\\/isbad.se\\\/\",\"logo\":{\"@type\":\"ImageObject\",\"inLanguage\":\"en-US\",\"@id\":\"https:\\\/\\\/isbad.se\\\/#\\\/schema\\\/logo\\\/image\\\/\",\"url\":\"https:\\\/\\\/isbad.se\\\/wp-content\\\/uploads\\\/2024\\\/04\\\/isbad_logo_vector_98_black_242422.png\",\"contentUrl\":\"https:\\\/\\\/isbad.se\\\/wp-content\\\/uploads\\\/2024\\\/04\\\/isbad_logo_vector_98_black_242422.png\",\"width\":2458,\"height\":634,\"caption\":\"ISBAD\"},\"image\":{\"@id\":\"https:\\\/\\\/isbad.se\\\/#\\\/schema\\\/logo\\\/image\\\/\"},\"sameAs\":[\"https:\\\/\\\/www.facebook.com\\\/Isbad.se\",\"https:\\\/\\\/x.com\\\/IsbadSe\",\"https:\\\/\\\/www.instagram.com\\\/isbad.se\",\"https:\\\/\\\/www.tiktok.com\\\/@isbad.se\"]}]}<\/script>\n<!-- \/ Yoast SEO plugin. -->","yoast_head_json":{"title":"Isbad Instegsmatta &#187; ISBAD","description":"Mjukt halkskydd som g\u00f6r i- och ursteg s\u00e4krare och sk\u00f6nare. Passar v\u00e5ra isbad, torkar snabbt och isolerar mot kyla. Best\u00e4ll instegsmattan fr\u00e5n ISBAD.","robots":{"index":"index","follow":"follow","max-snippet":"max-snippet:-1","max-image-preview":"max-image-preview:large","max-video-preview":"max-video-preview:-1"},"canonical":"https:\/\/isbad.se\/en\/product\/isbad-instegsmatta\/?wmc-currency=EUR","og_locale":"en_US","og_type":"article","og_title":"Isbad Instegsmatta &#187; ISBAD","og_description":"Mjukt halkskydd som g\u00f6r i- och ursteg s\u00e4krare och sk\u00f6nare. Passar v\u00e5ra isbad, torkar snabbt och isolerar mot kyla. Best\u00e4ll instegsmattan fr\u00e5n ISBAD.","og_url":"https:\/\/isbad.se\/en\/product\/isbad-instegsmatta\/?wmc-currency=EUR","og_site_name":"ISBAD","article_publisher":"https:\/\/www.facebook.com\/Isbad.se","article_modified_time":"2025-09-04T15:37:12+00:00","og_image":[{"width":1000,"height":1000,"url":"https:\/\/isbad.se\/wp-content\/uploads\/2025\/09\/ISBAD-Instegsplatta-med-tunna.webp","type":"image\/webp"}],"twitter_card":"summary_large_image","twitter_site":"@IsbadSe","twitter_misc":{"Est. reading time":"2 minutes"},"schema":{"@context":"https:\/\/schema.org","@graph":[{"@type":"WebPage","@id":"https:\/\/isbad.se\/product\/isbad-instegsmatta\/","url":"https:\/\/isbad.se\/product\/isbad-instegsmatta\/","name":"Isbad Instegsmatta &#187; ISBAD","isPartOf":{"@id":"https:\/\/isbad.se\/#website"},"primaryImageOfPage":{"@id":"https:\/\/isbad.se\/product\/isbad-instegsmatta\/#primaryimage"},"image":{"@id":"https:\/\/isbad.se\/product\/isbad-instegsmatta\/#primaryimage"},"thumbnailUrl":"https:\/\/isbad.se\/wp-content\/uploads\/2025\/09\/ISBAD-Instegsplatta-med-tunna.webp","datePublished":"2025-09-01T16:33:10+00:00","dateModified":"2025-09-04T15:37:12+00:00","description":"Mjukt halkskydd som g\u00f6r i- och ursteg s\u00e4krare och sk\u00f6nare. Passar v\u00e5ra isbad, torkar snabbt och isolerar mot kyla. Best\u00e4ll instegsmattan fr\u00e5n ISBAD.","breadcrumb":{"@id":"https:\/\/isbad.se\/product\/isbad-instegsmatta\/#breadcrumb"},"inLanguage":"en-US","potentialAction":[{"@type":"ReadAction","target":["https:\/\/isbad.se\/product\/isbad-instegsmatta\/"]}]},{"@type":"ImageObject","inLanguage":"en-US","@id":"https:\/\/isbad.se\/product\/isbad-instegsmatta\/#primaryimage","url":"https:\/\/isbad.se\/wp-content\/uploads\/2025\/09\/ISBAD-Instegsplatta-med-tunna.webp","contentUrl":"https:\/\/isbad.se\/wp-content\/uploads\/2025\/09\/ISBAD-Instegsplatta-med-tunna.webp","width":1000,"height":1000},{"@type":"BreadcrumbList","@id":"https:\/\/isbad.se\/product\/isbad-instegsmatta\/#breadcrumb","itemListElement":[{"@type":"ListItem","position":1,"name":"Hem","item":"https:\/\/isbad.se\/"},{"@type":"ListItem","position":2,"name":"Produkter","item":"https:\/\/isbad.se\/wc-shopping-page\/"},{"@type":"ListItem","position":3,"name":"Isbad Instegsmatta"}]},{"@type":"WebSite","@id":"https:\/\/isbad.se\/#website","url":"https:\/\/isbad.se\/","name":"ISBAD.se","description":"Bada ISBAD hemma!","publisher":{"@id":"https:\/\/isbad.se\/#organization"},"alternateName":"ISBAD f\u00f6r Gladare och friskare Sverige","potentialAction":[{"@type":"SearchAction","target":{"@type":"EntryPoint","urlTemplate":"https:\/\/isbad.se\/?s={search_term_string}"},"query-input":{"@type":"PropertyValueSpecification","valueRequired":true,"valueName":"search_term_string"}}],"inLanguage":"en-US"},{"@type":"Organization","@id":"https:\/\/isbad.se\/#organization","name":"ICE BATH","url":"https:\/\/isbad.se\/","logo":{"@type":"ImageObject","inLanguage":"en-US","@id":"https:\/\/isbad.se\/#\/schema\/logo\/image\/","url":"https:\/\/isbad.se\/wp-content\/uploads\/2024\/04\/isbad_logo_vector_98_black_242422.png","contentUrl":"https:\/\/isbad.se\/wp-content\/uploads\/2024\/04\/isbad_logo_vector_98_black_242422.png","width":2458,"height":634,"caption":"ISBAD"},"image":{"@id":"https:\/\/isbad.se\/#\/schema\/logo\/image\/"},"sameAs":["https:\/\/www.facebook.com\/Isbad.se","https:\/\/x.com\/IsbadSe","https:\/\/www.instagram.com\/isbad.se","https:\/\/www.tiktok.com\/@isbad.se"]}]}},"_links":{"self":[{"href":"https:\/\/isbad.se\/en\/wp-json\/wp\/v2\/product\/14686","targetHints":{"allow":["GET"]}}],"collection":[{"href":"https:\/\/isbad.se\/en\/wp-json\/wp\/v2\/product"}],"about":[{"href":"https:\/\/isbad.se\/en\/wp-json\/wp\/v2\/types\/product"}],"replies":[{"embeddable":true,"href":"https:\/\/isbad.se\/en\/wp-json\/wp\/v2\/comments?post=14686"}],"version-history":[{"count":5,"href":"https:\/\/isbad.se\/en\/wp-json\/wp\/v2\/product\/14686\/revisions"}],"predecessor-version":[{"id":14953,"href":"https:\/\/isbad.se\/en\/wp-json\/wp\/v2\/product\/14686\/revisions\/14953"}],"wp:featuredmedia":[{"embeddable":true,"href":"https:\/\/isbad.se\/en\/wp-json\/wp\/v2\/media\/14879"}],"wp:attachment":[{"href":"https:\/\/isbad.se\/en\/wp-json\/wp\/v2\/media?parent=14686"}],"wp:term":[{"taxonomy":"product_brand","embeddable":true,"href":"https:\/\/isbad.se\/en\/wp-json\/wp\/v2\/product_brand?post=14686"},{"taxonomy":"product_cat","embeddable":true,"href":"https:\/\/isbad.se\/en\/wp-json\/wp\/v2\/product_cat?post=14686"},{"taxonomy":"product_tag","embeddable":true,"href":"https:\/\/isbad.se\/en\/wp-json\/wp\/v2\/product_tag?post=14686"}],"curies":[{"name":"wp","href":"https:\/\/api.w.org\/{rel}","templated":true}]}}