{"id":14369,"date":"2025-05-22T13:42:06","date_gmt":"2025-05-22T13:42:06","guid":{"rendered":"https:\/\/isbad.se\/?post_type=product&#038;p=14369"},"modified":"2026-04-05T13:03:11","modified_gmt":"2026-04-05T13:03:11","slug":"isbad-premium-black-edition","status":"publish","type":"product","link":"https:\/\/isbad.se\/en\/product\/isbad-premium-black-edition\/","title":{"rendered":"Isbad Premium Black"},"content":{"rendered":"<p data-start=\"603\" data-end=\"1020\"><strong data-start=\"603\" data-end=\"653\">Isbad Premium Black Edition<\/strong><br data-start=\"653\" data-end=\"656\" \/>This is a new version of our popular ice bath barrel \u2013 <strong data-start=\"709\" data-end=\"728\">Isbad Premium Black<\/strong>\u00a0comes in an all-black design and with several upgraded accessories for an even smoother cold bathing experience. With stylish black support legs, UFO lids for improved insulation and dual taps for easy draining, this model is made for those who want to take the next step in their ice bathing routine.<\/p>\n<p data-start=\"1022\" data-end=\"1267\">You get an XXL ice bath cushion, pump, storage bag, and everything you need to get started right away. Plus, it's <strong data-start=\"1140\" data-end=\"1172\">compatible with <a href=\"https:\/\/isbad.se\/en\/product\/chiller-one\/?wmc-currency=EUR\">Chiller One<\/a><\/strong>, which allows you to keep your water constantly cold and clean without having to top up with ice or change the water frequently - all year round.<\/p>\n<p data-start=\"1269\" data-end=\"1301\"><strong data-start=\"1269\" data-end=\"1301\">Benefits of Isbad Premium Black<\/strong><\/p>\n<p data-start=\"1304\" data-end=\"1343\"><img decoding=\"async\" class=\"alignnone wp-image-10247\" src=\"https:\/\/isbad.se\/wp-content\/uploads\/2024\/05\/6785425-300x300.png\" sizes=\"(max-width: 15px) 100vw, 15px\" srcset=\"https:\/\/isbad.se\/wp-content\/uploads\/2024\/05\/6785425-300x300.png 300w, https:\/\/isbad.se\/wp-content\/uploads\/2024\/05\/6785425-150x150.png 150w, https:\/\/isbad.se\/wp-content\/uploads\/2024\/05\/6785425-100x100.png 100w, https:\/\/isbad.se\/wp-content\/uploads\/2024\/05\/6785425.png 512w\" alt=\"\" width=\"15\" height=\"15\" \/>\u00a0 All-black design - stylish Black Edition<br \/>\n<img decoding=\"async\" class=\"alignnone wp-image-10247\" src=\"https:\/\/isbad.se\/wp-content\/uploads\/2024\/05\/6785425-300x300.png\" sizes=\"(max-width: 15px) 100vw, 15px\" srcset=\"https:\/\/isbad.se\/wp-content\/uploads\/2024\/05\/6785425-300x300.png 300w, https:\/\/isbad.se\/wp-content\/uploads\/2024\/05\/6785425-150x150.png 150w, https:\/\/isbad.se\/wp-content\/uploads\/2024\/05\/6785425-100x100.png 100w, https:\/\/isbad.se\/wp-content\/uploads\/2024\/05\/6785425.png 512w\" alt=\"\" width=\"15\" height=\"15\" \/>\u00a0 Upgraded accessories such as UFO caps and double taps<br \/>\n<img decoding=\"async\" class=\"alignnone wp-image-10247\" src=\"https:\/\/isbad.se\/wp-content\/uploads\/2024\/05\/6785425-300x300.png\" sizes=\"(max-width: 15px) 100vw, 15px\" srcset=\"https:\/\/isbad.se\/wp-content\/uploads\/2024\/05\/6785425-300x300.png 300w, https:\/\/isbad.se\/wp-content\/uploads\/2024\/05\/6785425-150x150.png 150w, https:\/\/isbad.se\/wp-content\/uploads\/2024\/05\/6785425-100x100.png 100w, https:\/\/isbad.se\/wp-content\/uploads\/2024\/05\/6785425.png 512w\" alt=\"\" width=\"15\" height=\"15\" \/>\u00a0 Compatible with <a href=\"https:\/\/isbad.se\/en\/product\/chiller-one\/?wmc-currency=EUR\"><strong data-start=\"1421\" data-end=\"1438\">Chiller one<\/strong><\/a> for automatic cooling and purification<br \/>\n<img decoding=\"async\" class=\"alignnone wp-image-10247\" src=\"https:\/\/isbad.se\/wp-content\/uploads\/2024\/05\/6785425-300x300.png\" sizes=\"(max-width: 15px) 100vw, 15px\" srcset=\"https:\/\/isbad.se\/wp-content\/uploads\/2024\/05\/6785425-300x300.png 300w, https:\/\/isbad.se\/wp-content\/uploads\/2024\/05\/6785425-150x150.png 150w, https:\/\/isbad.se\/wp-content\/uploads\/2024\/05\/6785425-100x100.png 100w, https:\/\/isbad.se\/wp-content\/uploads\/2024\/05\/6785425.png 512w\" alt=\"\" width=\"15\" height=\"15\" \/>\u00a0 Easy to assemble, fill and empty<br \/>\n<img decoding=\"async\" class=\"alignnone wp-image-10247\" src=\"https:\/\/isbad.se\/wp-content\/uploads\/2024\/05\/6785425-300x300.png\" sizes=\"(max-width: 15px) 100vw, 15px\" srcset=\"https:\/\/isbad.se\/wp-content\/uploads\/2024\/05\/6785425-300x300.png 300w, https:\/\/isbad.se\/wp-content\/uploads\/2024\/05\/6785425-150x150.png 150w, https:\/\/isbad.se\/wp-content\/uploads\/2024\/05\/6785425-100x100.png 100w, https:\/\/isbad.se\/wp-content\/uploads\/2024\/05\/6785425.png 512w\" alt=\"\" width=\"15\" height=\"15\" \/>\u00a0 Portable - perfect for both home and on the go<\/p>\n<p data-start=\"1551\" data-end=\"1570\"><strong data-start=\"1551\" data-end=\"1570\">Specifications<\/strong><\/p>\n<p data-start=\"1573\" data-end=\"1591\"><img decoding=\"async\" class=\"alignnone wp-image-10247\" src=\"https:\/\/isbad.se\/wp-content\/uploads\/2024\/05\/6785425-300x300.png\" sizes=\"(max-width: 15px) 100vw, 15px\" srcset=\"https:\/\/isbad.se\/wp-content\/uploads\/2024\/05\/6785425-300x300.png 300w, https:\/\/isbad.se\/wp-content\/uploads\/2024\/05\/6785425-150x150.png 150w, https:\/\/isbad.se\/wp-content\/uploads\/2024\/05\/6785425-100x100.png 100w, https:\/\/isbad.se\/wp-content\/uploads\/2024\/05\/6785425.png 512w\" alt=\"\" width=\"15\" height=\"15\" \/>\u00a0 Dimensions: 75 x 75 cm<br \/>\n<img decoding=\"async\" class=\"alignnone wp-image-10247\" src=\"https:\/\/isbad.se\/wp-content\/uploads\/2024\/05\/6785425-300x300.png\" sizes=\"(max-width: 15px) 100vw, 15px\" srcset=\"https:\/\/isbad.se\/wp-content\/uploads\/2024\/05\/6785425-300x300.png 300w, https:\/\/isbad.se\/wp-content\/uploads\/2024\/05\/6785425-150x150.png 150w, https:\/\/isbad.se\/wp-content\/uploads\/2024\/05\/6785425-100x100.png 100w, https:\/\/isbad.se\/wp-content\/uploads\/2024\/05\/6785425.png 512w\" alt=\"\" width=\"15\" height=\"15\" \/>\u00a0 Volume: approx. 300 liters<br \/>\n<img decoding=\"async\" class=\"alignnone wp-image-10247\" src=\"https:\/\/isbad.se\/wp-content\/uploads\/2024\/05\/6785425-300x300.png\" sizes=\"(max-width: 15px) 100vw, 15px\" srcset=\"https:\/\/isbad.se\/wp-content\/uploads\/2024\/05\/6785425-300x300.png 300w, https:\/\/isbad.se\/wp-content\/uploads\/2024\/05\/6785425-150x150.png 150w, https:\/\/isbad.se\/wp-content\/uploads\/2024\/05\/6785425-100x100.png 100w, https:\/\/isbad.se\/wp-content\/uploads\/2024\/05\/6785425.png 512w\" alt=\"\" width=\"15\" height=\"15\" \/>\u00a0 Material: 5-layer insulation<br \/>\n<img decoding=\"async\" class=\"alignnone wp-image-10247\" src=\"https:\/\/isbad.se\/wp-content\/uploads\/2024\/05\/6785425-300x300.png\" sizes=\"(max-width: 15px) 100vw, 15px\" srcset=\"https:\/\/isbad.se\/wp-content\/uploads\/2024\/05\/6785425-300x300.png 300w, https:\/\/isbad.se\/wp-content\/uploads\/2024\/05\/6785425-150x150.png 150w, https:\/\/isbad.se\/wp-content\/uploads\/2024\/05\/6785425-100x100.png 100w, https:\/\/isbad.se\/wp-content\/uploads\/2024\/05\/6785425.png 512w\" alt=\"\" width=\"15\" height=\"15\" \/>\u00a0 Temperature: down to 3\u00b0C with optional cooler<\/p>\n<p data-start=\"1688\" data-end=\"1799\">Create your own cold bathing routine in style \u2013 <strong data-start=\"1728\" data-end=\"1747\">Isbad Premium Black<\/strong> makes it easy to take care of both body and mind.<\/p>","protected":false},"excerpt":{"rendered":"<p><strong>Isbad Premium Black Edition<\/strong><br \/>\nA new version of our popular ice bath barrel - now in all black <strong>Black Edition<\/strong> version with upgraded details and additional accessories. Equipped with UFO lid, black support legs, XXL ice bath cushion and double taps. Compatible with <a href=\"https:\/\/isbad.se\/en\/product\/chiller-one\/?wmc-currency=EUR\"><strong data-start=\"463\" data-end=\"480\">Chiller One<\/strong><\/a> for precise temperature control. Stylish, flexible and ready for all your cold bathing routines.<\/p>","protected":false},"featured_media":14371,"comment_status":"open","ping_status":"closed","template":"","meta":{"_acf_changed":false},"product_brand":[],"product_cat":[21],"product_tag":[88,50,126,170,41,185,325,326,48,327,328,329,87],"class_list":{"0":"post-14369","1":"product","2":"type-product","3":"status-publish","4":"has-post-thumbnail","6":"product_cat-isbad-tunnor","7":"product_tag-aterhamtning","8":"product_tag-avslappning","9":"product_tag-halsa","10":"product_tag-is","11":"product_tag-isbad","12":"product_tag-isbad-hemma","13":"product_tag-isbad-premium","14":"product_tag-isbad-premium-plus","15":"product_tag-kallbad","16":"product_tag-kallbad-hemma","17":"product_tag-meditation","18":"product_tag-minska-stress","19":"product_tag-traning","21":"first","22":"instock","23":"sale","24":"taxable","25":"shipping-taxable","26":"purchasable","27":"product-type-simple"},"acf":[],"yoast_head":"<!-- This site is optimized with the Yoast SEO plugin v27.4 - https:\/\/yoast.com\/product\/yoast-seo-wordpress\/ -->\n<title>Isbad Premium Black &#187; Exklusiv Black Edition<\/title>\n<meta name=\"description\" content=\"Uppt\u00e4ck Isbad Premium Black Edition \u2013 en stilren isbadstunna med uppgraderade tillbeh\u00f6r. Kompatibel med Chiller Elite f\u00f6r konstant kallt vatten \u00e5ret om.\" \/>\n<meta name=\"robots\" content=\"index, follow, max-snippet:-1, max-image-preview:large, max-video-preview:-1\" \/>\n<link rel=\"canonical\" href=\"https:\/\/isbad.se\/en\/product\/isbad-premium-black-edition\/?wmc-currency=EUR\" \/>\n<meta property=\"og:locale\" content=\"en_US\" \/>\n<meta property=\"og:type\" content=\"article\" \/>\n<meta property=\"og:title\" content=\"Isbad Premium Black &#187; Exklusiv Black Edition\" \/>\n<meta property=\"og:description\" content=\"Uppt\u00e4ck Isbad Premium Black Edition \u2013 en stilren isbadstunna med uppgraderade tillbeh\u00f6r. Kompatibel med Chiller Elite f\u00f6r konstant kallt vatten \u00e5ret om.\" \/>\n<meta property=\"og:url\" content=\"https:\/\/isbad.se\/en\/product\/isbad-premium-black-edition\/?wmc-currency=EUR\" \/>\n<meta property=\"og:site_name\" content=\"ISBAD\" \/>\n<meta property=\"article:publisher\" content=\"https:\/\/www.facebook.com\/Isbad.se\" \/>\n<meta property=\"article:modified_time\" content=\"2026-04-05T13:03:11+00:00\" \/>\n<meta property=\"og:image\" content=\"https:\/\/isbad.se\/wp-content\/uploads\/2025\/05\/Isbad-Premium-.webp\" \/>\n\t<meta property=\"og:image:width\" content=\"1000\" \/>\n\t<meta property=\"og:image:height\" content=\"1000\" \/>\n\t<meta property=\"og:image:type\" content=\"image\/webp\" \/>\n<meta name=\"twitter:card\" content=\"summary_large_image\" \/>\n<meta name=\"twitter:site\" content=\"@IsbadSe\" \/>\n<meta name=\"twitter:label1\" content=\"Est. reading time\" \/>\n\t<meta name=\"twitter:data1\" content=\"3 minutes\" \/>\n<script type=\"application\/ld+json\" class=\"yoast-schema-graph\">{\"@context\":\"https:\\\/\\\/schema.org\",\"@graph\":[{\"@type\":\"WebPage\",\"@id\":\"https:\\\/\\\/isbad.se\\\/product\\\/isbad-premium-black-edition\\\/\",\"url\":\"https:\\\/\\\/isbad.se\\\/product\\\/isbad-premium-black-edition\\\/\",\"name\":\"Isbad Premium Black &#187; Exklusiv Black Edition\",\"isPartOf\":{\"@id\":\"https:\\\/\\\/isbad.se\\\/#website\"},\"primaryImageOfPage\":{\"@id\":\"https:\\\/\\\/isbad.se\\\/product\\\/isbad-premium-black-edition\\\/#primaryimage\"},\"image\":{\"@id\":\"https:\\\/\\\/isbad.se\\\/product\\\/isbad-premium-black-edition\\\/#primaryimage\"},\"thumbnailUrl\":\"https:\\\/\\\/isbad.se\\\/wp-content\\\/uploads\\\/2025\\\/05\\\/Isbad-Premium-.webp\",\"datePublished\":\"2025-05-22T13:42:06+00:00\",\"dateModified\":\"2026-04-05T13:03:11+00:00\",\"description\":\"Uppt\u00e4ck Isbad Premium Black Edition \u2013 en stilren isbadstunna med uppgraderade tillbeh\u00f6r. Kompatibel med Chiller Elite f\u00f6r konstant kallt vatten \u00e5ret om.\",\"breadcrumb\":{\"@id\":\"https:\\\/\\\/isbad.se\\\/product\\\/isbad-premium-black-edition\\\/#breadcrumb\"},\"inLanguage\":\"en-US\",\"potentialAction\":[{\"@type\":\"ReadAction\",\"target\":[\"https:\\\/\\\/isbad.se\\\/product\\\/isbad-premium-black-edition\\\/\"]}]},{\"@type\":\"ImageObject\",\"inLanguage\":\"en-US\",\"@id\":\"https:\\\/\\\/isbad.se\\\/product\\\/isbad-premium-black-edition\\\/#primaryimage\",\"url\":\"https:\\\/\\\/isbad.se\\\/wp-content\\\/uploads\\\/2025\\\/05\\\/Isbad-Premium-.webp\",\"contentUrl\":\"https:\\\/\\\/isbad.se\\\/wp-content\\\/uploads\\\/2025\\\/05\\\/Isbad-Premium-.webp\",\"width\":1000,\"height\":1000,\"caption\":\"Uppbl\u00e5sbar tunna med lock\\\/\u00f6verdrag \u2013 anv\u00e4nds med separat chiller.\"},{\"@type\":\"BreadcrumbList\",\"@id\":\"https:\\\/\\\/isbad.se\\\/product\\\/isbad-premium-black-edition\\\/#breadcrumb\",\"itemListElement\":[{\"@type\":\"ListItem\",\"position\":1,\"name\":\"Hem\",\"item\":\"https:\\\/\\\/isbad.se\\\/\"},{\"@type\":\"ListItem\",\"position\":2,\"name\":\"Produkter\",\"item\":\"https:\\\/\\\/isbad.se\\\/wc-shopping-page\\\/\"},{\"@type\":\"ListItem\",\"position\":3,\"name\":\"Isbad Premium Black\"}]},{\"@type\":\"WebSite\",\"@id\":\"https:\\\/\\\/isbad.se\\\/#website\",\"url\":\"https:\\\/\\\/isbad.se\\\/\",\"name\":\"ISBAD.se\",\"description\":\"Bada ISBAD hemma!\",\"publisher\":{\"@id\":\"https:\\\/\\\/isbad.se\\\/#organization\"},\"alternateName\":\"ISBAD f\u00f6r Gladare och friskare Sverige\",\"potentialAction\":[{\"@type\":\"SearchAction\",\"target\":{\"@type\":\"EntryPoint\",\"urlTemplate\":\"https:\\\/\\\/isbad.se\\\/?s={search_term_string}\"},\"query-input\":{\"@type\":\"PropertyValueSpecification\",\"valueRequired\":true,\"valueName\":\"search_term_string\"}}],\"inLanguage\":\"en-US\"},{\"@type\":\"Organization\",\"@id\":\"https:\\\/\\\/isbad.se\\\/#organization\",\"name\":\"ISBAD\",\"url\":\"https:\\\/\\\/isbad.se\\\/\",\"logo\":{\"@type\":\"ImageObject\",\"inLanguage\":\"en-US\",\"@id\":\"https:\\\/\\\/isbad.se\\\/#\\\/schema\\\/logo\\\/image\\\/\",\"url\":\"https:\\\/\\\/isbad.se\\\/wp-content\\\/uploads\\\/2024\\\/04\\\/isbad_logo_vector_98_black_242422.png\",\"contentUrl\":\"https:\\\/\\\/isbad.se\\\/wp-content\\\/uploads\\\/2024\\\/04\\\/isbad_logo_vector_98_black_242422.png\",\"width\":2458,\"height\":634,\"caption\":\"ISBAD\"},\"image\":{\"@id\":\"https:\\\/\\\/isbad.se\\\/#\\\/schema\\\/logo\\\/image\\\/\"},\"sameAs\":[\"https:\\\/\\\/www.facebook.com\\\/Isbad.se\",\"https:\\\/\\\/x.com\\\/IsbadSe\",\"https:\\\/\\\/www.instagram.com\\\/isbad.se\",\"https:\\\/\\\/www.tiktok.com\\\/@isbad.se\"]}]}<\/script>\n<!-- \/ Yoast SEO plugin. -->","yoast_head_json":{"title":"Isbad Premium Black &#187; Exklusiv Black Edition","description":"Uppt\u00e4ck Isbad Premium Black Edition \u2013 en stilren isbadstunna med uppgraderade tillbeh\u00f6r. Kompatibel med Chiller Elite f\u00f6r konstant kallt vatten \u00e5ret om.","robots":{"index":"index","follow":"follow","max-snippet":"max-snippet:-1","max-image-preview":"max-image-preview:large","max-video-preview":"max-video-preview:-1"},"canonical":"https:\/\/isbad.se\/en\/product\/isbad-premium-black-edition\/?wmc-currency=EUR","og_locale":"en_US","og_type":"article","og_title":"Isbad Premium Black &#187; Exklusiv Black Edition","og_description":"Uppt\u00e4ck Isbad Premium Black Edition \u2013 en stilren isbadstunna med uppgraderade tillbeh\u00f6r. Kompatibel med Chiller Elite f\u00f6r konstant kallt vatten \u00e5ret om.","og_url":"https:\/\/isbad.se\/en\/product\/isbad-premium-black-edition\/?wmc-currency=EUR","og_site_name":"ISBAD","article_publisher":"https:\/\/www.facebook.com\/Isbad.se","article_modified_time":"2026-04-05T13:03:11+00:00","og_image":[{"width":1000,"height":1000,"url":"https:\/\/isbad.se\/wp-content\/uploads\/2025\/05\/Isbad-Premium-.webp","type":"image\/webp"}],"twitter_card":"summary_large_image","twitter_site":"@IsbadSe","twitter_misc":{"Est. reading time":"3 minutes"},"schema":{"@context":"https:\/\/schema.org","@graph":[{"@type":"WebPage","@id":"https:\/\/isbad.se\/product\/isbad-premium-black-edition\/","url":"https:\/\/isbad.se\/product\/isbad-premium-black-edition\/","name":"Isbad Premium Black &#187; Exklusiv Black Edition","isPartOf":{"@id":"https:\/\/isbad.se\/#website"},"primaryImageOfPage":{"@id":"https:\/\/isbad.se\/product\/isbad-premium-black-edition\/#primaryimage"},"image":{"@id":"https:\/\/isbad.se\/product\/isbad-premium-black-edition\/#primaryimage"},"thumbnailUrl":"https:\/\/isbad.se\/wp-content\/uploads\/2025\/05\/Isbad-Premium-.webp","datePublished":"2025-05-22T13:42:06+00:00","dateModified":"2026-04-05T13:03:11+00:00","description":"Uppt\u00e4ck Isbad Premium Black Edition \u2013 en stilren isbadstunna med uppgraderade tillbeh\u00f6r. Kompatibel med Chiller Elite f\u00f6r konstant kallt vatten \u00e5ret om.","breadcrumb":{"@id":"https:\/\/isbad.se\/product\/isbad-premium-black-edition\/#breadcrumb"},"inLanguage":"en-US","potentialAction":[{"@type":"ReadAction","target":["https:\/\/isbad.se\/product\/isbad-premium-black-edition\/"]}]},{"@type":"ImageObject","inLanguage":"en-US","@id":"https:\/\/isbad.se\/product\/isbad-premium-black-edition\/#primaryimage","url":"https:\/\/isbad.se\/wp-content\/uploads\/2025\/05\/Isbad-Premium-.webp","contentUrl":"https:\/\/isbad.se\/wp-content\/uploads\/2025\/05\/Isbad-Premium-.webp","width":1000,"height":1000,"caption":"Uppbl\u00e5sbar tunna med lock\/\u00f6verdrag \u2013 anv\u00e4nds med separat chiller."},{"@type":"BreadcrumbList","@id":"https:\/\/isbad.se\/product\/isbad-premium-black-edition\/#breadcrumb","itemListElement":[{"@type":"ListItem","position":1,"name":"Hem","item":"https:\/\/isbad.se\/"},{"@type":"ListItem","position":2,"name":"Produkter","item":"https:\/\/isbad.se\/wc-shopping-page\/"},{"@type":"ListItem","position":3,"name":"Isbad Premium Black"}]},{"@type":"WebSite","@id":"https:\/\/isbad.se\/#website","url":"https:\/\/isbad.se\/","name":"ISBAD.se","description":"Bada ISBAD hemma!","publisher":{"@id":"https:\/\/isbad.se\/#organization"},"alternateName":"ISBAD f\u00f6r Gladare och friskare Sverige","potentialAction":[{"@type":"SearchAction","target":{"@type":"EntryPoint","urlTemplate":"https:\/\/isbad.se\/?s={search_term_string}"},"query-input":{"@type":"PropertyValueSpecification","valueRequired":true,"valueName":"search_term_string"}}],"inLanguage":"en-US"},{"@type":"Organization","@id":"https:\/\/isbad.se\/#organization","name":"ICE BATH","url":"https:\/\/isbad.se\/","logo":{"@type":"ImageObject","inLanguage":"en-US","@id":"https:\/\/isbad.se\/#\/schema\/logo\/image\/","url":"https:\/\/isbad.se\/wp-content\/uploads\/2024\/04\/isbad_logo_vector_98_black_242422.png","contentUrl":"https:\/\/isbad.se\/wp-content\/uploads\/2024\/04\/isbad_logo_vector_98_black_242422.png","width":2458,"height":634,"caption":"ISBAD"},"image":{"@id":"https:\/\/isbad.se\/#\/schema\/logo\/image\/"},"sameAs":["https:\/\/www.facebook.com\/Isbad.se","https:\/\/x.com\/IsbadSe","https:\/\/www.instagram.com\/isbad.se","https:\/\/www.tiktok.com\/@isbad.se"]}]}},"_links":{"self":[{"href":"https:\/\/isbad.se\/en\/wp-json\/wp\/v2\/product\/14369","targetHints":{"allow":["GET"]}}],"collection":[{"href":"https:\/\/isbad.se\/en\/wp-json\/wp\/v2\/product"}],"about":[{"href":"https:\/\/isbad.se\/en\/wp-json\/wp\/v2\/types\/product"}],"replies":[{"embeddable":true,"href":"https:\/\/isbad.se\/en\/wp-json\/wp\/v2\/comments?post=14369"}],"version-history":[{"count":7,"href":"https:\/\/isbad.se\/en\/wp-json\/wp\/v2\/product\/14369\/revisions"}],"predecessor-version":[{"id":14969,"href":"https:\/\/isbad.se\/en\/wp-json\/wp\/v2\/product\/14369\/revisions\/14969"}],"wp:featuredmedia":[{"embeddable":true,"href":"https:\/\/isbad.se\/en\/wp-json\/wp\/v2\/media\/14371"}],"wp:attachment":[{"href":"https:\/\/isbad.se\/en\/wp-json\/wp\/v2\/media?parent=14369"}],"wp:term":[{"taxonomy":"product_brand","embeddable":true,"href":"https:\/\/isbad.se\/en\/wp-json\/wp\/v2\/product_brand?post=14369"},{"taxonomy":"product_cat","embeddable":true,"href":"https:\/\/isbad.se\/en\/wp-json\/wp\/v2\/product_cat?post=14369"},{"taxonomy":"product_tag","embeddable":true,"href":"https:\/\/isbad.se\/en\/wp-json\/wp\/v2\/product_tag?post=14369"}],"curies":[{"name":"wp","href":"https:\/\/api.w.org\/{rel}","templated":true}]}}