{"id":14274,"date":"2025-04-14T15:10:49","date_gmt":"2025-04-14T15:10:49","guid":{"rendered":"https:\/\/isbad.se\/?post_type=product&#038;p=14274"},"modified":"2025-09-03T11:57:13","modified_gmt":"2025-09-03T11:57:13","slug":"kondensskydd-kylslang-isolering","status":"publish","type":"product","link":"https:\/\/isbad.se\/en\/product\/kondensskydd-kylslang-isolering\/","title":{"rendered":"Condensation Protection for Cooling Hoses"},"content":{"rendered":"<p class=\"\" data-start=\"250\" data-end=\"547\">Maximize the cooling effect of your ice bath with our high-quality hose insulation, specially designed to reduce condensation and keep the water cold longer \u2013 even on hot summer days. The insulation reduces energy consumption and protects the hoses from wear, UV radiation, and temperature fluctuations.<\/p>\n<p class=\"\" data-start=\"549\" data-end=\"798\">The perfect match for ISBAD's cooling system and a must-have for anyone who wants to take their ice bath experience to the next level. Easy to install, durable and made from Polyflex \u2013 a material with low thermal conductivity for maximum insulation.<\/p>\n<p class=\"\" data-start=\"800\" data-end=\"813\"><strong data-start=\"800\" data-end=\"813\">Advantages:<\/strong><\/p>\n<p class=\"\" data-start=\"816\" data-end=\"851\"><strong><img decoding=\"async\" class=\"alignnone wp-image-10247\" src=\"https:\/\/isbad.se\/wp-content\/uploads\/2024\/05\/6785425-300x300.png\" sizes=\"(max-width: 15px) 100vw, 15px\" srcset=\"https:\/\/isbad.se\/wp-content\/uploads\/2024\/05\/6785425-300x300.png 300w, https:\/\/isbad.se\/wp-content\/uploads\/2024\/05\/6785425-150x150.png 150w, https:\/\/isbad.se\/wp-content\/uploads\/2024\/05\/6785425-100x100.png 100w, https:\/\/isbad.se\/wp-content\/uploads\/2024\/05\/6785425.png 512w\" alt=\"\" width=\"15\" height=\"15\" \/> <\/strong>Reduces condensation and energy loss<br \/>\n<strong><img decoding=\"async\" class=\"alignnone wp-image-10247\" src=\"https:\/\/isbad.se\/wp-content\/uploads\/2024\/05\/6785425-300x300.png\" sizes=\"(max-width: 15px) 100vw, 15px\" srcset=\"https:\/\/isbad.se\/wp-content\/uploads\/2024\/05\/6785425-300x300.png 300w, https:\/\/isbad.se\/wp-content\/uploads\/2024\/05\/6785425-150x150.png 150w, https:\/\/isbad.se\/wp-content\/uploads\/2024\/05\/6785425-100x100.png 100w, https:\/\/isbad.se\/wp-content\/uploads\/2024\/05\/6785425.png 512w\" alt=\"\" width=\"15\" height=\"15\" \/> <\/strong>Protects hoses from weather and wind<br \/>\n<strong><img decoding=\"async\" class=\"alignnone wp-image-10247\" src=\"https:\/\/isbad.se\/wp-content\/uploads\/2024\/05\/6785425-300x300.png\" sizes=\"(max-width: 15px) 100vw, 15px\" srcset=\"https:\/\/isbad.se\/wp-content\/uploads\/2024\/05\/6785425-300x300.png 300w, https:\/\/isbad.se\/wp-content\/uploads\/2024\/05\/6785425-150x150.png 150w, https:\/\/isbad.se\/wp-content\/uploads\/2024\/05\/6785425-100x100.png 100w, https:\/\/isbad.se\/wp-content\/uploads\/2024\/05\/6785425.png 512w\" alt=\"\" width=\"15\" height=\"15\" \/> <\/strong>Extends the life of the cooling system<br \/>\n<strong><img decoding=\"async\" class=\"alignnone wp-image-10247\" src=\"https:\/\/isbad.se\/wp-content\/uploads\/2024\/05\/6785425-300x300.png\" sizes=\"(max-width: 15px) 100vw, 15px\" srcset=\"https:\/\/isbad.se\/wp-content\/uploads\/2024\/05\/6785425-300x300.png 300w, https:\/\/isbad.se\/wp-content\/uploads\/2024\/05\/6785425-150x150.png 150w, https:\/\/isbad.se\/wp-content\/uploads\/2024\/05\/6785425-100x100.png 100w, https:\/\/isbad.se\/wp-content\/uploads\/2024\/05\/6785425.png 512w\" alt=\"\" width=\"15\" height=\"15\" \/> <\/strong>Easy installation \u2013 no special equipment required<\/p>\n<p class=\"\" data-start=\"981\" data-end=\"1130\"><strong data-start=\"981\" data-end=\"1004\">Product information:<br \/>\n<img decoding=\"async\" class=\"alignnone wp-image-10247\" src=\"https:\/\/isbad.se\/wp-content\/uploads\/2024\/05\/6785425-300x300.png\" sizes=\"(max-width: 15px) 100vw, 15px\" srcset=\"https:\/\/isbad.se\/wp-content\/uploads\/2024\/05\/6785425-300x300.png 300w, https:\/\/isbad.se\/wp-content\/uploads\/2024\/05\/6785425-150x150.png 150w, https:\/\/isbad.se\/wp-content\/uploads\/2024\/05\/6785425-100x100.png 100w, https:\/\/isbad.se\/wp-content\/uploads\/2024\/05\/6785425.png 512w\" alt=\"\" width=\"15\" height=\"15\" \/> <\/strong>Length: 180 cm<br \/>\n<strong><img decoding=\"async\" class=\"alignnone wp-image-10247\" src=\"https:\/\/isbad.se\/wp-content\/uploads\/2024\/05\/6785425-300x300.png\" sizes=\"(max-width: 15px) 100vw, 15px\" srcset=\"https:\/\/isbad.se\/wp-content\/uploads\/2024\/05\/6785425-300x300.png 300w, https:\/\/isbad.se\/wp-content\/uploads\/2024\/05\/6785425-150x150.png 150w, https:\/\/isbad.se\/wp-content\/uploads\/2024\/05\/6785425-100x100.png 100w, https:\/\/isbad.se\/wp-content\/uploads\/2024\/05\/6785425.png 512w\" alt=\"\" width=\"15\" height=\"15\" \/> <\/strong>Outer diameter: 16 mm<br \/>\n<strong><img decoding=\"async\" class=\"alignnone wp-image-10247\" src=\"https:\/\/isbad.se\/wp-content\/uploads\/2024\/05\/6785425-300x300.png\" sizes=\"(max-width: 15px) 100vw, 15px\" srcset=\"https:\/\/isbad.se\/wp-content\/uploads\/2024\/05\/6785425-300x300.png 300w, https:\/\/isbad.se\/wp-content\/uploads\/2024\/05\/6785425-150x150.png 150w, https:\/\/isbad.se\/wp-content\/uploads\/2024\/05\/6785425-100x100.png 100w, https:\/\/isbad.se\/wp-content\/uploads\/2024\/05\/6785425.png 512w\" alt=\"\" width=\"15\" height=\"15\" \/> <\/strong>Inner diameter: approx. 9 mm<br \/>\n<strong><img decoding=\"async\" class=\"alignnone wp-image-10247\" src=\"https:\/\/isbad.se\/wp-content\/uploads\/2024\/05\/6785425-300x300.png\" sizes=\"(max-width: 15px) 100vw, 15px\" srcset=\"https:\/\/isbad.se\/wp-content\/uploads\/2024\/05\/6785425-300x300.png 300w, https:\/\/isbad.se\/wp-content\/uploads\/2024\/05\/6785425-150x150.png 150w, https:\/\/isbad.se\/wp-content\/uploads\/2024\/05\/6785425-100x100.png 100w, https:\/\/isbad.se\/wp-content\/uploads\/2024\/05\/6785425.png 512w\" alt=\"\" width=\"15\" height=\"15\" \/> <\/strong>Wall thickness: 9 mm<\/p>\n<p class=\"\" data-start=\"1132\" data-end=\"1269\">Combine this insulation with our efficient cooling systems to create a professional, sustainable, and energy-efficient ice bath facility at home.<\/p>","protected":false},"excerpt":{"rendered":"<p>Effektiv slangisolering som minskar kondens och h\u00e5ller ditt isbad kallt l\u00e4ngre. Enkel att installera och perfekt anpassad f\u00f6r ISBAD:s kylsystem Chiller One.<\/p>","protected":false},"featured_media":14282,"comment_status":"open","ping_status":"closed","template":"","meta":{"_acf_changed":false},"product_brand":[],"product_cat":[25],"product_tag":[41,318,53,159],"class_list":{"0":"post-14274","1":"product","2":"type-product","3":"status-publish","4":"has-post-thumbnail","6":"product_cat-tillbehor","7":"product_tag-isbad","8":"product_tag-isolering","9":"product_tag-kyla","10":"product_tag-slang","12":"first","13":"instock","14":"taxable","15":"shipping-taxable","16":"purchasable","17":"product-type-simple"},"acf":[],"yoast_head":"<!-- This site is optimized with the Yoast SEO plugin v27.4 - https:\/\/yoast.com\/product\/yoast-seo-wordpress\/ -->\n<title>Kondensskydd f\u00f6r kylslangar &#187; ISBAD<\/title>\n<meta name=\"description\" content=\"Skydda dina kylslangar mot kondens och v\u00e4rmef\u00f6rlust med v\u00e5rt effektiva kondensskydd. Enkel installation, perfekt f\u00f6r isbad och kallvattensystem.\" \/>\n<meta name=\"robots\" content=\"index, follow, max-snippet:-1, max-image-preview:large, max-video-preview:-1\" \/>\n<link rel=\"canonical\" href=\"https:\/\/isbad.se\/en\/product\/kondensskydd-kylslang-isolering\/?wmc-currency=EUR\" \/>\n<meta property=\"og:locale\" content=\"en_US\" \/>\n<meta property=\"og:type\" content=\"article\" \/>\n<meta property=\"og:title\" content=\"Kondensskydd f\u00f6r kylslangar &#187; ISBAD\" \/>\n<meta property=\"og:description\" content=\"Skydda dina kylslangar mot kondens och v\u00e4rmef\u00f6rlust med v\u00e5rt effektiva kondensskydd. Enkel installation, perfekt f\u00f6r isbad och kallvattensystem.\" \/>\n<meta property=\"og:url\" content=\"https:\/\/isbad.se\/en\/product\/kondensskydd-kylslang-isolering\/?wmc-currency=EUR\" \/>\n<meta property=\"og:site_name\" content=\"ISBAD\" \/>\n<meta property=\"article:publisher\" content=\"https:\/\/www.facebook.com\/Isbad.se\" \/>\n<meta property=\"article:modified_time\" content=\"2025-09-03T11:57:13+00:00\" \/>\n<meta property=\"og:image\" content=\"https:\/\/isbad.se\/wp-content\/uploads\/2025\/04\/Kondenssydd-1.webp\" \/>\n\t<meta property=\"og:image:width\" content=\"1000\" \/>\n\t<meta property=\"og:image:height\" content=\"1000\" \/>\n\t<meta property=\"og:image:type\" content=\"image\/webp\" \/>\n<meta name=\"twitter:card\" content=\"summary_large_image\" \/>\n<meta name=\"twitter:site\" content=\"@IsbadSe\" \/>\n<meta name=\"twitter:label1\" content=\"Est. reading time\" \/>\n\t<meta name=\"twitter:data1\" content=\"3 minutes\" \/>\n<script type=\"application\/ld+json\" class=\"yoast-schema-graph\">{\"@context\":\"https:\\\/\\\/schema.org\",\"@graph\":[{\"@type\":\"WebPage\",\"@id\":\"https:\\\/\\\/isbad.se\\\/product\\\/kondensskydd-kylslang-isolering\\\/\",\"url\":\"https:\\\/\\\/isbad.se\\\/product\\\/kondensskydd-kylslang-isolering\\\/\",\"name\":\"Kondensskydd f\u00f6r kylslangar &#187; ISBAD\",\"isPartOf\":{\"@id\":\"https:\\\/\\\/isbad.se\\\/#website\"},\"primaryImageOfPage\":{\"@id\":\"https:\\\/\\\/isbad.se\\\/product\\\/kondensskydd-kylslang-isolering\\\/#primaryimage\"},\"image\":{\"@id\":\"https:\\\/\\\/isbad.se\\\/product\\\/kondensskydd-kylslang-isolering\\\/#primaryimage\"},\"thumbnailUrl\":\"https:\\\/\\\/isbad.se\\\/wp-content\\\/uploads\\\/2025\\\/04\\\/Kondenssydd-1.webp\",\"datePublished\":\"2025-04-14T15:10:49+00:00\",\"dateModified\":\"2025-09-03T11:57:13+00:00\",\"description\":\"Skydda dina kylslangar mot kondens och v\u00e4rmef\u00f6rlust med v\u00e5rt effektiva kondensskydd. Enkel installation, perfekt f\u00f6r isbad och kallvattensystem.\",\"breadcrumb\":{\"@id\":\"https:\\\/\\\/isbad.se\\\/product\\\/kondensskydd-kylslang-isolering\\\/#breadcrumb\"},\"inLanguage\":\"en-US\",\"potentialAction\":[{\"@type\":\"ReadAction\",\"target\":[\"https:\\\/\\\/isbad.se\\\/product\\\/kondensskydd-kylslang-isolering\\\/\"]}]},{\"@type\":\"ImageObject\",\"inLanguage\":\"en-US\",\"@id\":\"https:\\\/\\\/isbad.se\\\/product\\\/kondensskydd-kylslang-isolering\\\/#primaryimage\",\"url\":\"https:\\\/\\\/isbad.se\\\/wp-content\\\/uploads\\\/2025\\\/04\\\/Kondenssydd-1.webp\",\"contentUrl\":\"https:\\\/\\\/isbad.se\\\/wp-content\\\/uploads\\\/2025\\\/04\\\/Kondenssydd-1.webp\",\"width\":1000,\"height\":1000},{\"@type\":\"BreadcrumbList\",\"@id\":\"https:\\\/\\\/isbad.se\\\/product\\\/kondensskydd-kylslang-isolering\\\/#breadcrumb\",\"itemListElement\":[{\"@type\":\"ListItem\",\"position\":1,\"name\":\"Hem\",\"item\":\"https:\\\/\\\/isbad.se\\\/\"},{\"@type\":\"ListItem\",\"position\":2,\"name\":\"Produkter\",\"item\":\"https:\\\/\\\/isbad.se\\\/wc-shopping-page\\\/\"},{\"@type\":\"ListItem\",\"position\":3,\"name\":\"Kondensskydd f\u00f6r kylslangar\"}]},{\"@type\":\"WebSite\",\"@id\":\"https:\\\/\\\/isbad.se\\\/#website\",\"url\":\"https:\\\/\\\/isbad.se\\\/\",\"name\":\"ISBAD.se\",\"description\":\"Bada ISBAD hemma!\",\"publisher\":{\"@id\":\"https:\\\/\\\/isbad.se\\\/#organization\"},\"alternateName\":\"ISBAD f\u00f6r Gladare och friskare Sverige\",\"potentialAction\":[{\"@type\":\"SearchAction\",\"target\":{\"@type\":\"EntryPoint\",\"urlTemplate\":\"https:\\\/\\\/isbad.se\\\/?s={search_term_string}\"},\"query-input\":{\"@type\":\"PropertyValueSpecification\",\"valueRequired\":true,\"valueName\":\"search_term_string\"}}],\"inLanguage\":\"en-US\"},{\"@type\":\"Organization\",\"@id\":\"https:\\\/\\\/isbad.se\\\/#organization\",\"name\":\"ISBAD\",\"url\":\"https:\\\/\\\/isbad.se\\\/\",\"logo\":{\"@type\":\"ImageObject\",\"inLanguage\":\"en-US\",\"@id\":\"https:\\\/\\\/isbad.se\\\/#\\\/schema\\\/logo\\\/image\\\/\",\"url\":\"https:\\\/\\\/isbad.se\\\/wp-content\\\/uploads\\\/2024\\\/04\\\/isbad_logo_vector_98_black_242422.png\",\"contentUrl\":\"https:\\\/\\\/isbad.se\\\/wp-content\\\/uploads\\\/2024\\\/04\\\/isbad_logo_vector_98_black_242422.png\",\"width\":2458,\"height\":634,\"caption\":\"ISBAD\"},\"image\":{\"@id\":\"https:\\\/\\\/isbad.se\\\/#\\\/schema\\\/logo\\\/image\\\/\"},\"sameAs\":[\"https:\\\/\\\/www.facebook.com\\\/Isbad.se\",\"https:\\\/\\\/x.com\\\/IsbadSe\",\"https:\\\/\\\/www.instagram.com\\\/isbad.se\",\"https:\\\/\\\/www.tiktok.com\\\/@isbad.se\"]}]}<\/script>\n<!-- \/ Yoast SEO plugin. -->","yoast_head_json":{"title":"Kondensskydd f\u00f6r kylslangar &#187; ISBAD","description":"Skydda dina kylslangar mot kondens och v\u00e4rmef\u00f6rlust med v\u00e5rt effektiva kondensskydd. Enkel installation, perfekt f\u00f6r isbad och kallvattensystem.","robots":{"index":"index","follow":"follow","max-snippet":"max-snippet:-1","max-image-preview":"max-image-preview:large","max-video-preview":"max-video-preview:-1"},"canonical":"https:\/\/isbad.se\/en\/product\/kondensskydd-kylslang-isolering\/?wmc-currency=EUR","og_locale":"en_US","og_type":"article","og_title":"Kondensskydd f\u00f6r kylslangar &#187; ISBAD","og_description":"Skydda dina kylslangar mot kondens och v\u00e4rmef\u00f6rlust med v\u00e5rt effektiva kondensskydd. Enkel installation, perfekt f\u00f6r isbad och kallvattensystem.","og_url":"https:\/\/isbad.se\/en\/product\/kondensskydd-kylslang-isolering\/?wmc-currency=EUR","og_site_name":"ISBAD","article_publisher":"https:\/\/www.facebook.com\/Isbad.se","article_modified_time":"2025-09-03T11:57:13+00:00","og_image":[{"width":1000,"height":1000,"url":"https:\/\/isbad.se\/wp-content\/uploads\/2025\/04\/Kondenssydd-1.webp","type":"image\/webp"}],"twitter_card":"summary_large_image","twitter_site":"@IsbadSe","twitter_misc":{"Est. reading time":"3 minutes"},"schema":{"@context":"https:\/\/schema.org","@graph":[{"@type":"WebPage","@id":"https:\/\/isbad.se\/product\/kondensskydd-kylslang-isolering\/","url":"https:\/\/isbad.se\/product\/kondensskydd-kylslang-isolering\/","name":"Kondensskydd f\u00f6r kylslangar &#187; ISBAD","isPartOf":{"@id":"https:\/\/isbad.se\/#website"},"primaryImageOfPage":{"@id":"https:\/\/isbad.se\/product\/kondensskydd-kylslang-isolering\/#primaryimage"},"image":{"@id":"https:\/\/isbad.se\/product\/kondensskydd-kylslang-isolering\/#primaryimage"},"thumbnailUrl":"https:\/\/isbad.se\/wp-content\/uploads\/2025\/04\/Kondenssydd-1.webp","datePublished":"2025-04-14T15:10:49+00:00","dateModified":"2025-09-03T11:57:13+00:00","description":"Skydda dina kylslangar mot kondens och v\u00e4rmef\u00f6rlust med v\u00e5rt effektiva kondensskydd. Enkel installation, perfekt f\u00f6r isbad och kallvattensystem.","breadcrumb":{"@id":"https:\/\/isbad.se\/product\/kondensskydd-kylslang-isolering\/#breadcrumb"},"inLanguage":"en-US","potentialAction":[{"@type":"ReadAction","target":["https:\/\/isbad.se\/product\/kondensskydd-kylslang-isolering\/"]}]},{"@type":"ImageObject","inLanguage":"en-US","@id":"https:\/\/isbad.se\/product\/kondensskydd-kylslang-isolering\/#primaryimage","url":"https:\/\/isbad.se\/wp-content\/uploads\/2025\/04\/Kondenssydd-1.webp","contentUrl":"https:\/\/isbad.se\/wp-content\/uploads\/2025\/04\/Kondenssydd-1.webp","width":1000,"height":1000},{"@type":"BreadcrumbList","@id":"https:\/\/isbad.se\/product\/kondensskydd-kylslang-isolering\/#breadcrumb","itemListElement":[{"@type":"ListItem","position":1,"name":"Hem","item":"https:\/\/isbad.se\/"},{"@type":"ListItem","position":2,"name":"Produkter","item":"https:\/\/isbad.se\/wc-shopping-page\/"},{"@type":"ListItem","position":3,"name":"Kondensskydd f\u00f6r kylslangar"}]},{"@type":"WebSite","@id":"https:\/\/isbad.se\/#website","url":"https:\/\/isbad.se\/","name":"ISBAD.se","description":"Bada ISBAD hemma!","publisher":{"@id":"https:\/\/isbad.se\/#organization"},"alternateName":"ISBAD f\u00f6r Gladare och friskare Sverige","potentialAction":[{"@type":"SearchAction","target":{"@type":"EntryPoint","urlTemplate":"https:\/\/isbad.se\/?s={search_term_string}"},"query-input":{"@type":"PropertyValueSpecification","valueRequired":true,"valueName":"search_term_string"}}],"inLanguage":"en-US"},{"@type":"Organization","@id":"https:\/\/isbad.se\/#organization","name":"ICE BATH","url":"https:\/\/isbad.se\/","logo":{"@type":"ImageObject","inLanguage":"en-US","@id":"https:\/\/isbad.se\/#\/schema\/logo\/image\/","url":"https:\/\/isbad.se\/wp-content\/uploads\/2024\/04\/isbad_logo_vector_98_black_242422.png","contentUrl":"https:\/\/isbad.se\/wp-content\/uploads\/2024\/04\/isbad_logo_vector_98_black_242422.png","width":2458,"height":634,"caption":"ISBAD"},"image":{"@id":"https:\/\/isbad.se\/#\/schema\/logo\/image\/"},"sameAs":["https:\/\/www.facebook.com\/Isbad.se","https:\/\/x.com\/IsbadSe","https:\/\/www.instagram.com\/isbad.se","https:\/\/www.tiktok.com\/@isbad.se"]}]}},"_links":{"self":[{"href":"https:\/\/isbad.se\/en\/wp-json\/wp\/v2\/product\/14274","targetHints":{"allow":["GET"]}}],"collection":[{"href":"https:\/\/isbad.se\/en\/wp-json\/wp\/v2\/product"}],"about":[{"href":"https:\/\/isbad.se\/en\/wp-json\/wp\/v2\/types\/product"}],"replies":[{"embeddable":true,"href":"https:\/\/isbad.se\/en\/wp-json\/wp\/v2\/comments?post=14274"}],"version-history":[{"count":4,"href":"https:\/\/isbad.se\/en\/wp-json\/wp\/v2\/product\/14274\/revisions"}],"predecessor-version":[{"id":14891,"href":"https:\/\/isbad.se\/en\/wp-json\/wp\/v2\/product\/14274\/revisions\/14891"}],"wp:featuredmedia":[{"embeddable":true,"href":"https:\/\/isbad.se\/en\/wp-json\/wp\/v2\/media\/14282"}],"wp:attachment":[{"href":"https:\/\/isbad.se\/en\/wp-json\/wp\/v2\/media?parent=14274"}],"wp:term":[{"taxonomy":"product_brand","embeddable":true,"href":"https:\/\/isbad.se\/en\/wp-json\/wp\/v2\/product_brand?post=14274"},{"taxonomy":"product_cat","embeddable":true,"href":"https:\/\/isbad.se\/en\/wp-json\/wp\/v2\/product_cat?post=14274"},{"taxonomy":"product_tag","embeddable":true,"href":"https:\/\/isbad.se\/en\/wp-json\/wp\/v2\/product_tag?post=14274"}],"curies":[{"name":"wp","href":"https:\/\/api.w.org\/{rel}","templated":true}]}}