{"id":14021,"date":"2025-02-06T06:44:03","date_gmt":"2025-02-06T06:44:03","guid":{"rendered":"https:\/\/isbad.se\/?post_type=product&#038;p=14021"},"modified":"2025-06-17T10:34:25","modified_gmt":"2025-06-17T10:34:25","slug":"nack-axelavslappnare","status":"publish","type":"product","link":"https:\/\/isbad.se\/en\/product\/nack-axelavslappnare\/","title":{"rendered":"Neck and shoulder relaxers"},"content":{"rendered":"<h4><strong>Neck and Shoulder Relaxer - Relieve tension and improve your posture<\/strong><\/h4>\n<p>Do you often experience stiffness, tension or pain in your neck and shoulders? Well, our <strong>ergonomic neck and shoulder relaxers<\/strong> is designed to provide gentle relief and stretch the neck muscles in a natural way. Perfect to use after a long day in front of the computer, under stress or after exercise.<\/p>\n<p><strong>Benefits of our neck and shoulder relaxer:<br \/>\n<\/strong><strong style=\"font-family: -apple-system, BlinkMacSystemFont, 'Segoe UI', Roboto, 'Helvetica Neue', Arial, 'Noto Sans', sans-serif, 'Apple Color Emoji', 'Segoe UI Emoji', 'Segoe UI Symbol', 'Noto Color Emoji'; font-size: 16px;\"><img decoding=\"async\" class=\"alignnone wp-image-10247\" src=\"https:\/\/isbad.se\/wp-content\/uploads\/2024\/05\/6785425-300x300.png\" sizes=\"(max-width: 15px) 100vw, 15px\" srcset=\"https:\/\/isbad.se\/wp-content\/uploads\/2024\/05\/6785425-300x300.png 300w, https:\/\/isbad.se\/wp-content\/uploads\/2024\/05\/6785425-150x150.png 150w, https:\/\/isbad.se\/wp-content\/uploads\/2024\/05\/6785425-100x100.png 100w, https:\/\/isbad.se\/wp-content\/uploads\/2024\/05\/6785425.png 512w\" alt=\"\" width=\"15\" height=\"15\" \/> Relieves tension and stress<\/strong><span style=\"font-family: -apple-system, BlinkMacSystemFont, 'Segoe UI', Roboto, 'Helvetica Neue', Arial, 'Noto Sans', sans-serif, 'Apple Color Emoji', 'Segoe UI Emoji', 'Segoe UI Symbol', 'Noto Color Emoji'; font-size: 16px;\"> - Reduces neck and shoulder stiffness<br \/>\n<\/span><strong style=\"font-family: -apple-system, BlinkMacSystemFont, 'Segoe UI', Roboto, 'Helvetica Neue', Arial, 'Noto Sans', sans-serif, 'Apple Color Emoji', 'Segoe UI Emoji', 'Segoe UI Symbol', 'Noto Color Emoji'; font-size: 16px;\"><img decoding=\"async\" class=\"alignnone wp-image-10247\" src=\"https:\/\/isbad.se\/wp-content\/uploads\/2024\/05\/6785425-300x300.png\" sizes=\"(max-width: 15px) 100vw, 15px\" srcset=\"https:\/\/isbad.se\/wp-content\/uploads\/2024\/05\/6785425-300x300.png 300w, https:\/\/isbad.se\/wp-content\/uploads\/2024\/05\/6785425-150x150.png 150w, https:\/\/isbad.se\/wp-content\/uploads\/2024\/05\/6785425-100x100.png 100w, https:\/\/isbad.se\/wp-content\/uploads\/2024\/05\/6785425.png 512w\" alt=\"\" width=\"15\" height=\"15\" \/> Ergonomic design<\/strong><span style=\"font-family: -apple-system, BlinkMacSystemFont, 'Segoe UI', Roboto, 'Helvetica Neue', Arial, 'Noto Sans', sans-serif, 'Apple Color Emoji', 'Segoe UI Emoji', 'Segoe UI Symbol', 'Noto Color Emoji'; font-size: 16px;\"> - Adapted to provide optimal support<br \/>\n<\/span><strong style=\"font-family: -apple-system, BlinkMacSystemFont, 'Segoe UI', Roboto, 'Helvetica Neue', Arial, 'Noto Sans', sans-serif, 'Apple Color Emoji', 'Segoe UI Emoji', 'Segoe UI Symbol', 'Noto Color Emoji'; font-size: 16px;\"><img decoding=\"async\" class=\"alignnone wp-image-10247\" src=\"https:\/\/isbad.se\/wp-content\/uploads\/2024\/05\/6785425-300x300.png\" sizes=\"(max-width: 15px) 100vw, 15px\" srcset=\"https:\/\/isbad.se\/wp-content\/uploads\/2024\/05\/6785425-300x300.png 300w, https:\/\/isbad.se\/wp-content\/uploads\/2024\/05\/6785425-150x150.png 150w, https:\/\/isbad.se\/wp-content\/uploads\/2024\/05\/6785425-100x100.png 100w, https:\/\/isbad.se\/wp-content\/uploads\/2024\/05\/6785425.png 512w\" alt=\"\" width=\"15\" height=\"15\" \/> Natural posture improvement<\/strong><span style=\"font-family: -apple-system, BlinkMacSystemFont, 'Segoe UI', Roboto, 'Helvetica Neue', Arial, 'Noto Sans', sans-serif, 'Apple Color Emoji', 'Segoe UI Emoji', 'Segoe UI Symbol', 'Noto Color Emoji'; font-size: 16px;\"> - Helps the body to relax and find the right position<br \/>\n<\/span><strong style=\"font-family: -apple-system, BlinkMacSystemFont, 'Segoe UI', Roboto, 'Helvetica Neue', Arial, 'Noto Sans', sans-serif, 'Apple Color Emoji', 'Segoe UI Emoji', 'Segoe UI Symbol', 'Noto Color Emoji'; font-size: 16px;\"><img decoding=\"async\" class=\"alignnone wp-image-10247\" src=\"https:\/\/isbad.se\/wp-content\/uploads\/2024\/05\/6785425-300x300.png\" sizes=\"(max-width: 15px) 100vw, 15px\" srcset=\"https:\/\/isbad.se\/wp-content\/uploads\/2024\/05\/6785425-300x300.png 300w, https:\/\/isbad.se\/wp-content\/uploads\/2024\/05\/6785425-150x150.png 150w, https:\/\/isbad.se\/wp-content\/uploads\/2024\/05\/6785425-100x100.png 100w, https:\/\/isbad.se\/wp-content\/uploads\/2024\/05\/6785425.png 512w\" alt=\"\" width=\"15\" height=\"15\" \/> Lightweight and portable<\/strong><span style=\"font-family: -apple-system, BlinkMacSystemFont, 'Segoe UI', Roboto, 'Helvetica Neue', Arial, 'Noto Sans', sans-serif, 'Apple Color Emoji', 'Segoe UI Emoji', 'Segoe UI Symbol', 'Noto Color Emoji'; font-size: 16px;\"> - Use at home, in the office or while traveling<br \/>\n<\/span><strong style=\"font-family: -apple-system, BlinkMacSystemFont, 'Segoe UI', Roboto, 'Helvetica Neue', Arial, 'Noto Sans', sans-serif, 'Apple Color Emoji', 'Segoe UI Emoji', 'Segoe UI Symbol', 'Noto Color Emoji'; font-size: 16px;\"><img decoding=\"async\" class=\"alignnone wp-image-10247\" src=\"https:\/\/isbad.se\/wp-content\/uploads\/2024\/05\/6785425-300x300.png\" sizes=\"(max-width: 15px) 100vw, 15px\" srcset=\"https:\/\/isbad.se\/wp-content\/uploads\/2024\/05\/6785425-300x300.png 300w, https:\/\/isbad.se\/wp-content\/uploads\/2024\/05\/6785425-150x150.png 150w, https:\/\/isbad.se\/wp-content\/uploads\/2024\/05\/6785425-100x100.png 100w, https:\/\/isbad.se\/wp-content\/uploads\/2024\/05\/6785425.png 512w\" alt=\"\" width=\"15\" height=\"15\" \/> Easy to use<\/strong><span style=\"font-family: -apple-system, BlinkMacSystemFont, 'Segoe UI', Roboto, 'Helvetica Neue', Arial, 'Noto Sans', sans-serif, 'Apple Color Emoji', 'Segoe UI Emoji', 'Segoe UI Symbol', 'Noto Color Emoji'; font-size: 16px;\"> - Lie down and let gravity do the work<\/span><\/p>\n<p><strong>How does it work?<br \/>\n<\/strong>It is shaped to support the natural curve of the neck and helps to gently stretch the neck muscles. Regular use can help reduce tension and improve posture over time.<\/p>\n<p><strong>Tips for use:<br \/>\n<\/strong><strong style=\"font-family: -apple-system, BlinkMacSystemFont, 'Segoe UI', Roboto, 'Helvetica Neue', Arial, 'Noto Sans', sans-serif, 'Apple Color Emoji', 'Segoe UI Emoji', 'Segoe UI Symbol', 'Noto Color Emoji'; font-size: 16px;\"><img decoding=\"async\" class=\"alignnone wp-image-10247\" src=\"https:\/\/isbad.se\/wp-content\/uploads\/2024\/05\/6785425-300x300.png\" sizes=\"(max-width: 15px) 100vw, 15px\" srcset=\"https:\/\/isbad.se\/wp-content\/uploads\/2024\/05\/6785425-300x300.png 300w, https:\/\/isbad.se\/wp-content\/uploads\/2024\/05\/6785425-150x150.png 150w, https:\/\/isbad.se\/wp-content\/uploads\/2024\/05\/6785425-100x100.png 100w, https:\/\/isbad.se\/wp-content\/uploads\/2024\/05\/6785425.png 512w\" alt=\"\" width=\"15\" height=\"15\" \/> <\/strong><span style=\"font-family: -apple-system, BlinkMacSystemFont, 'Segoe UI', Roboto, 'Helvetica Neue', Arial, 'Noto Sans', sans-serif, 'Apple Color Emoji', 'Segoe UI Emoji', 'Segoe UI Symbol', 'Noto Color Emoji'; font-size: 16px;\">Recommended use: <\/span><strong style=\"font-family: -apple-system, BlinkMacSystemFont, 'Segoe UI', Roboto, 'Helvetica Neue', Arial, 'Noto Sans', sans-serif, 'Apple Color Emoji', 'Segoe UI Emoji', 'Segoe UI Symbol', 'Noto Color Emoji'; font-size: 16px;\">5-10 minutes per day<br \/>\n<\/strong><strong style=\"font-family: -apple-system, BlinkMacSystemFont, 'Segoe UI', Roboto, 'Helvetica Neue', Arial, 'Noto Sans', sans-serif, 'Apple Color Emoji', 'Segoe UI Emoji', 'Segoe UI Symbol', 'Noto Color Emoji'; font-size: 16px;\"><img decoding=\"async\" class=\"alignnone wp-image-10247\" src=\"https:\/\/isbad.se\/wp-content\/uploads\/2024\/05\/6785425-300x300.png\" sizes=\"(max-width: 15px) 100vw, 15px\" srcset=\"https:\/\/isbad.se\/wp-content\/uploads\/2024\/05\/6785425-300x300.png 300w, https:\/\/isbad.se\/wp-content\/uploads\/2024\/05\/6785425-150x150.png 150w, https:\/\/isbad.se\/wp-content\/uploads\/2024\/05\/6785425-100x100.png 100w, https:\/\/isbad.se\/wp-content\/uploads\/2024\/05\/6785425.png 512w\" alt=\"\" width=\"15\" height=\"15\" \/> <\/strong><span style=\"font-family: -apple-system, BlinkMacSystemFont, 'Segoe UI', Roboto, 'Helvetica Neue', Arial, 'Noto Sans', sans-serif, 'Apple Color Emoji', 'Segoe UI Emoji', 'Segoe UI Symbol', 'Noto Color Emoji'; font-size: 16px;\">Perfect after a long day of work or exercise<br \/>\n<\/span><strong style=\"font-family: -apple-system, BlinkMacSystemFont, 'Segoe UI', Roboto, 'Helvetica Neue', Arial, 'Noto Sans', sans-serif, 'Apple Color Emoji', 'Segoe UI Emoji', 'Segoe UI Symbol', 'Noto Color Emoji'; font-size: 16px;\"><img decoding=\"async\" class=\"alignnone wp-image-10247\" src=\"https:\/\/isbad.se\/wp-content\/uploads\/2024\/05\/6785425-300x300.png\" sizes=\"(max-width: 15px) 100vw, 15px\" srcset=\"https:\/\/isbad.se\/wp-content\/uploads\/2024\/05\/6785425-300x300.png 300w, https:\/\/isbad.se\/wp-content\/uploads\/2024\/05\/6785425-150x150.png 150w, https:\/\/isbad.se\/wp-content\/uploads\/2024\/05\/6785425-100x100.png 100w, https:\/\/isbad.se\/wp-content\/uploads\/2024\/05\/6785425.png 512w\" alt=\"\" width=\"15\" height=\"15\" \/> Easy to clean<\/strong><span style=\"font-family: -apple-system, BlinkMacSystemFont, 'Segoe UI', Roboto, 'Helvetica Neue', Arial, 'Noto Sans', sans-serif, 'Apple Color Emoji', 'Segoe UI Emoji', 'Segoe UI Symbol', 'Noto Color Emoji'; font-size: 16px;\"> - Wipe with a damp cloth<\/span><\/p>","protected":false},"excerpt":{"rendered":"<p>Relieve tension and stiffness in the neck and shoulders with this ergonomic <strong>neck and shoulder relaxers<\/strong>. Designed to provide support and relaxation by gently stretching and relieving the neck muscles.<\/p>\n<p><strong>Advantages:<\/strong><br \/>\n<strong><img decoding=\"async\" class=\"alignnone wp-image-10247\" src=\"https:\/\/isbad.se\/wp-content\/uploads\/2024\/05\/6785425-300x300.png\" sizes=\"(max-width: 15px) 100vw, 15px\" srcset=\"https:\/\/isbad.se\/wp-content\/uploads\/2024\/05\/6785425-300x300.png 300w, https:\/\/isbad.se\/wp-content\/uploads\/2024\/05\/6785425-150x150.png 150w, https:\/\/isbad.se\/wp-content\/uploads\/2024\/05\/6785425-100x100.png 100w, https:\/\/isbad.se\/wp-content\/uploads\/2024\/05\/6785425.png 512w\" alt=\"\" width=\"15\" height=\"15\" \/> <\/strong>Reduces tension and stiffness<br \/>\n<strong><img decoding=\"async\" class=\"alignnone wp-image-10247\" src=\"https:\/\/isbad.se\/wp-content\/uploads\/2024\/05\/6785425-300x300.png\" sizes=\"(max-width: 15px) 100vw, 15px\" srcset=\"https:\/\/isbad.se\/wp-content\/uploads\/2024\/05\/6785425-300x300.png 300w, https:\/\/isbad.se\/wp-content\/uploads\/2024\/05\/6785425-150x150.png 150w, https:\/\/isbad.se\/wp-content\/uploads\/2024\/05\/6785425-100x100.png 100w, https:\/\/isbad.se\/wp-content\/uploads\/2024\/05\/6785425.png 512w\" alt=\"\" width=\"15\" height=\"15\" \/> <\/strong>Ergonomic design for best comfort<br \/>\n<strong><img decoding=\"async\" class=\"alignnone wp-image-10247\" src=\"https:\/\/isbad.se\/wp-content\/uploads\/2024\/05\/6785425-300x300.png\" sizes=\"(max-width: 15px) 100vw, 15px\" srcset=\"https:\/\/isbad.se\/wp-content\/uploads\/2024\/05\/6785425-300x300.png 300w, https:\/\/isbad.se\/wp-content\/uploads\/2024\/05\/6785425-150x150.png 150w, https:\/\/isbad.se\/wp-content\/uploads\/2024\/05\/6785425-100x100.png 100w, https:\/\/isbad.se\/wp-content\/uploads\/2024\/05\/6785425.png 512w\" alt=\"\" width=\"15\" height=\"15\" \/><\/strong>\u00a0Perfect for relaxing after a long day<br \/>\n<strong><img decoding=\"async\" class=\"alignnone wp-image-10247\" src=\"https:\/\/isbad.se\/wp-content\/uploads\/2024\/05\/6785425-300x300.png\" sizes=\"(max-width: 15px) 100vw, 15px\" srcset=\"https:\/\/isbad.se\/wp-content\/uploads\/2024\/05\/6785425-300x300.png 300w, https:\/\/isbad.se\/wp-content\/uploads\/2024\/05\/6785425-150x150.png 150w, https:\/\/isbad.se\/wp-content\/uploads\/2024\/05\/6785425-100x100.png 100w, https:\/\/isbad.se\/wp-content\/uploads\/2024\/05\/6785425.png 512w\" alt=\"\" width=\"15\" height=\"15\" \/><\/strong>\u00a0Lightweight and portable - use at home, work or travel<\/p>\n<p>Give your neck the rest it deserves!<\/p>","protected":false},"featured_media":14024,"comment_status":"open","ping_status":"closed","template":"","meta":{"_acf_changed":false},"product_brand":[],"product_cat":[280],"product_tag":[307,301,309,306,305,308],"class_list":{"0":"post-14021","1":"product","2":"type-product","3":"status-publish","4":"has-post-thumbnail","6":"product_cat-rehab","7":"product_tag-axelavslappnare","8":"product_tag-ergonomisk","9":"product_tag-lindra","10":"product_tag-nack-och-axelavslappnare","11":"product_tag-nacke","12":"product_tag-spanningar","14":"first","15":"instock","16":"taxable","17":"shipping-taxable","18":"purchasable","19":"product-type-simple"},"acf":[],"yoast_head":"<!-- This site is optimized with the Yoast SEO plugin v27.4 - https:\/\/yoast.com\/product\/yoast-seo-wordpress\/ -->\n<title>Nack- och axelavslappnare &#187; ISBAD<\/title>\n<meta name=\"description\" content=\"Lindra sp\u00e4nningar i nacke och axlar med v\u00e5r ergonomiska nack- och axelavslappnare. Perfekt f\u00f6r avslappning efter en l\u00e5ng dag.\" \/>\n<meta name=\"robots\" content=\"index, follow, max-snippet:-1, max-image-preview:large, max-video-preview:-1\" \/>\n<link rel=\"canonical\" href=\"https:\/\/isbad.se\/en\/product\/nack-axelavslappnare\/?wmc-currency=EUR\" \/>\n<meta property=\"og:locale\" content=\"en_US\" \/>\n<meta property=\"og:type\" content=\"article\" \/>\n<meta property=\"og:title\" content=\"Nack- och axelavslappnare &#187; ISBAD\" \/>\n<meta property=\"og:description\" content=\"Lindra sp\u00e4nningar i nacke och axlar med v\u00e5r ergonomiska nack- och axelavslappnare. Perfekt f\u00f6r avslappning efter en l\u00e5ng dag.\" \/>\n<meta property=\"og:url\" content=\"https:\/\/isbad.se\/en\/product\/nack-axelavslappnare\/?wmc-currency=EUR\" \/>\n<meta property=\"og:site_name\" content=\"ISBAD\" \/>\n<meta property=\"article:publisher\" content=\"https:\/\/www.facebook.com\/Isbad.se\" \/>\n<meta property=\"article:modified_time\" content=\"2025-06-17T10:34:25+00:00\" \/>\n<meta property=\"og:image\" content=\"https:\/\/isbad.se\/wp-content\/uploads\/2025\/02\/Nack-och-axelavslappnare-4.webp\" \/>\n\t<meta property=\"og:image:width\" content=\"800\" \/>\n\t<meta property=\"og:image:height\" content=\"800\" \/>\n\t<meta property=\"og:image:type\" content=\"image\/webp\" \/>\n<meta name=\"twitter:card\" content=\"summary_large_image\" \/>\n<meta name=\"twitter:site\" content=\"@IsbadSe\" \/>\n<meta name=\"twitter:label1\" content=\"Est. reading time\" \/>\n\t<meta name=\"twitter:data1\" content=\"3 minutes\" \/>\n<script type=\"application\/ld+json\" class=\"yoast-schema-graph\">{\"@context\":\"https:\\\/\\\/schema.org\",\"@graph\":[{\"@type\":\"WebPage\",\"@id\":\"https:\\\/\\\/isbad.se\\\/product\\\/nack-axelavslappnare\\\/\",\"url\":\"https:\\\/\\\/isbad.se\\\/product\\\/nack-axelavslappnare\\\/\",\"name\":\"Nack- och axelavslappnare &#187; ISBAD\",\"isPartOf\":{\"@id\":\"https:\\\/\\\/isbad.se\\\/#website\"},\"primaryImageOfPage\":{\"@id\":\"https:\\\/\\\/isbad.se\\\/product\\\/nack-axelavslappnare\\\/#primaryimage\"},\"image\":{\"@id\":\"https:\\\/\\\/isbad.se\\\/product\\\/nack-axelavslappnare\\\/#primaryimage\"},\"thumbnailUrl\":\"https:\\\/\\\/isbad.se\\\/wp-content\\\/uploads\\\/2025\\\/02\\\/Nack-och-axelavslappnare-4.webp\",\"datePublished\":\"2025-02-06T06:44:03+00:00\",\"dateModified\":\"2025-06-17T10:34:25+00:00\",\"description\":\"Lindra sp\u00e4nningar i nacke och axlar med v\u00e5r ergonomiska nack- och axelavslappnare. Perfekt f\u00f6r avslappning efter en l\u00e5ng dag.\",\"breadcrumb\":{\"@id\":\"https:\\\/\\\/isbad.se\\\/product\\\/nack-axelavslappnare\\\/#breadcrumb\"},\"inLanguage\":\"en-US\",\"potentialAction\":[{\"@type\":\"ReadAction\",\"target\":[\"https:\\\/\\\/isbad.se\\\/product\\\/nack-axelavslappnare\\\/\"]}]},{\"@type\":\"ImageObject\",\"inLanguage\":\"en-US\",\"@id\":\"https:\\\/\\\/isbad.se\\\/product\\\/nack-axelavslappnare\\\/#primaryimage\",\"url\":\"https:\\\/\\\/isbad.se\\\/wp-content\\\/uploads\\\/2025\\\/02\\\/Nack-och-axelavslappnare-4.webp\",\"contentUrl\":\"https:\\\/\\\/isbad.se\\\/wp-content\\\/uploads\\\/2025\\\/02\\\/Nack-och-axelavslappnare-4.webp\",\"width\":800,\"height\":800},{\"@type\":\"BreadcrumbList\",\"@id\":\"https:\\\/\\\/isbad.se\\\/product\\\/nack-axelavslappnare\\\/#breadcrumb\",\"itemListElement\":[{\"@type\":\"ListItem\",\"position\":1,\"name\":\"Hem\",\"item\":\"https:\\\/\\\/isbad.se\\\/\"},{\"@type\":\"ListItem\",\"position\":2,\"name\":\"Produkter\",\"item\":\"https:\\\/\\\/isbad.se\\\/wc-shopping-page\\\/\"},{\"@type\":\"ListItem\",\"position\":3,\"name\":\"Nack- och axelavslappnare\"}]},{\"@type\":\"WebSite\",\"@id\":\"https:\\\/\\\/isbad.se\\\/#website\",\"url\":\"https:\\\/\\\/isbad.se\\\/\",\"name\":\"ISBAD.se\",\"description\":\"Bada ISBAD hemma!\",\"publisher\":{\"@id\":\"https:\\\/\\\/isbad.se\\\/#organization\"},\"alternateName\":\"ISBAD f\u00f6r Gladare och friskare Sverige\",\"potentialAction\":[{\"@type\":\"SearchAction\",\"target\":{\"@type\":\"EntryPoint\",\"urlTemplate\":\"https:\\\/\\\/isbad.se\\\/?s={search_term_string}\"},\"query-input\":{\"@type\":\"PropertyValueSpecification\",\"valueRequired\":true,\"valueName\":\"search_term_string\"}}],\"inLanguage\":\"en-US\"},{\"@type\":\"Organization\",\"@id\":\"https:\\\/\\\/isbad.se\\\/#organization\",\"name\":\"ISBAD\",\"url\":\"https:\\\/\\\/isbad.se\\\/\",\"logo\":{\"@type\":\"ImageObject\",\"inLanguage\":\"en-US\",\"@id\":\"https:\\\/\\\/isbad.se\\\/#\\\/schema\\\/logo\\\/image\\\/\",\"url\":\"https:\\\/\\\/isbad.se\\\/wp-content\\\/uploads\\\/2024\\\/04\\\/isbad_logo_vector_98_black_242422.png\",\"contentUrl\":\"https:\\\/\\\/isbad.se\\\/wp-content\\\/uploads\\\/2024\\\/04\\\/isbad_logo_vector_98_black_242422.png\",\"width\":2458,\"height\":634,\"caption\":\"ISBAD\"},\"image\":{\"@id\":\"https:\\\/\\\/isbad.se\\\/#\\\/schema\\\/logo\\\/image\\\/\"},\"sameAs\":[\"https:\\\/\\\/www.facebook.com\\\/Isbad.se\",\"https:\\\/\\\/x.com\\\/IsbadSe\",\"https:\\\/\\\/www.instagram.com\\\/isbad.se\",\"https:\\\/\\\/www.tiktok.com\\\/@isbad.se\"]}]}<\/script>\n<!-- \/ Yoast SEO plugin. -->","yoast_head_json":{"title":"Nack- och axelavslappnare &#187; ISBAD","description":"Lindra sp\u00e4nningar i nacke och axlar med v\u00e5r ergonomiska nack- och axelavslappnare. Perfekt f\u00f6r avslappning efter en l\u00e5ng dag.","robots":{"index":"index","follow":"follow","max-snippet":"max-snippet:-1","max-image-preview":"max-image-preview:large","max-video-preview":"max-video-preview:-1"},"canonical":"https:\/\/isbad.se\/en\/product\/nack-axelavslappnare\/?wmc-currency=EUR","og_locale":"en_US","og_type":"article","og_title":"Nack- och axelavslappnare &#187; ISBAD","og_description":"Lindra sp\u00e4nningar i nacke och axlar med v\u00e5r ergonomiska nack- och axelavslappnare. Perfekt f\u00f6r avslappning efter en l\u00e5ng dag.","og_url":"https:\/\/isbad.se\/en\/product\/nack-axelavslappnare\/?wmc-currency=EUR","og_site_name":"ISBAD","article_publisher":"https:\/\/www.facebook.com\/Isbad.se","article_modified_time":"2025-06-17T10:34:25+00:00","og_image":[{"width":800,"height":800,"url":"https:\/\/isbad.se\/wp-content\/uploads\/2025\/02\/Nack-och-axelavslappnare-4.webp","type":"image\/webp"}],"twitter_card":"summary_large_image","twitter_site":"@IsbadSe","twitter_misc":{"Est. reading time":"3 minutes"},"schema":{"@context":"https:\/\/schema.org","@graph":[{"@type":"WebPage","@id":"https:\/\/isbad.se\/product\/nack-axelavslappnare\/","url":"https:\/\/isbad.se\/product\/nack-axelavslappnare\/","name":"Nack- och axelavslappnare &#187; ISBAD","isPartOf":{"@id":"https:\/\/isbad.se\/#website"},"primaryImageOfPage":{"@id":"https:\/\/isbad.se\/product\/nack-axelavslappnare\/#primaryimage"},"image":{"@id":"https:\/\/isbad.se\/product\/nack-axelavslappnare\/#primaryimage"},"thumbnailUrl":"https:\/\/isbad.se\/wp-content\/uploads\/2025\/02\/Nack-och-axelavslappnare-4.webp","datePublished":"2025-02-06T06:44:03+00:00","dateModified":"2025-06-17T10:34:25+00:00","description":"Lindra sp\u00e4nningar i nacke och axlar med v\u00e5r ergonomiska nack- och axelavslappnare. Perfekt f\u00f6r avslappning efter en l\u00e5ng dag.","breadcrumb":{"@id":"https:\/\/isbad.se\/product\/nack-axelavslappnare\/#breadcrumb"},"inLanguage":"en-US","potentialAction":[{"@type":"ReadAction","target":["https:\/\/isbad.se\/product\/nack-axelavslappnare\/"]}]},{"@type":"ImageObject","inLanguage":"en-US","@id":"https:\/\/isbad.se\/product\/nack-axelavslappnare\/#primaryimage","url":"https:\/\/isbad.se\/wp-content\/uploads\/2025\/02\/Nack-och-axelavslappnare-4.webp","contentUrl":"https:\/\/isbad.se\/wp-content\/uploads\/2025\/02\/Nack-och-axelavslappnare-4.webp","width":800,"height":800},{"@type":"BreadcrumbList","@id":"https:\/\/isbad.se\/product\/nack-axelavslappnare\/#breadcrumb","itemListElement":[{"@type":"ListItem","position":1,"name":"Hem","item":"https:\/\/isbad.se\/"},{"@type":"ListItem","position":2,"name":"Produkter","item":"https:\/\/isbad.se\/wc-shopping-page\/"},{"@type":"ListItem","position":3,"name":"Nack- och axelavslappnare"}]},{"@type":"WebSite","@id":"https:\/\/isbad.se\/#website","url":"https:\/\/isbad.se\/","name":"ISBAD.se","description":"Bada ISBAD hemma!","publisher":{"@id":"https:\/\/isbad.se\/#organization"},"alternateName":"ISBAD f\u00f6r Gladare och friskare Sverige","potentialAction":[{"@type":"SearchAction","target":{"@type":"EntryPoint","urlTemplate":"https:\/\/isbad.se\/?s={search_term_string}"},"query-input":{"@type":"PropertyValueSpecification","valueRequired":true,"valueName":"search_term_string"}}],"inLanguage":"en-US"},{"@type":"Organization","@id":"https:\/\/isbad.se\/#organization","name":"ICE BATH","url":"https:\/\/isbad.se\/","logo":{"@type":"ImageObject","inLanguage":"en-US","@id":"https:\/\/isbad.se\/#\/schema\/logo\/image\/","url":"https:\/\/isbad.se\/wp-content\/uploads\/2024\/04\/isbad_logo_vector_98_black_242422.png","contentUrl":"https:\/\/isbad.se\/wp-content\/uploads\/2024\/04\/isbad_logo_vector_98_black_242422.png","width":2458,"height":634,"caption":"ISBAD"},"image":{"@id":"https:\/\/isbad.se\/#\/schema\/logo\/image\/"},"sameAs":["https:\/\/www.facebook.com\/Isbad.se","https:\/\/x.com\/IsbadSe","https:\/\/www.instagram.com\/isbad.se","https:\/\/www.tiktok.com\/@isbad.se"]}]}},"_links":{"self":[{"href":"https:\/\/isbad.se\/en\/wp-json\/wp\/v2\/product\/14021","targetHints":{"allow":["GET"]}}],"collection":[{"href":"https:\/\/isbad.se\/en\/wp-json\/wp\/v2\/product"}],"about":[{"href":"https:\/\/isbad.se\/en\/wp-json\/wp\/v2\/types\/product"}],"replies":[{"embeddable":true,"href":"https:\/\/isbad.se\/en\/wp-json\/wp\/v2\/comments?post=14021"}],"version-history":[{"count":3,"href":"https:\/\/isbad.se\/en\/wp-json\/wp\/v2\/product\/14021\/revisions"}],"predecessor-version":[{"id":14031,"href":"https:\/\/isbad.se\/en\/wp-json\/wp\/v2\/product\/14021\/revisions\/14031"}],"wp:featuredmedia":[{"embeddable":true,"href":"https:\/\/isbad.se\/en\/wp-json\/wp\/v2\/media\/14024"}],"wp:attachment":[{"href":"https:\/\/isbad.se\/en\/wp-json\/wp\/v2\/media?parent=14021"}],"wp:term":[{"taxonomy":"product_brand","embeddable":true,"href":"https:\/\/isbad.se\/en\/wp-json\/wp\/v2\/product_brand?post=14021"},{"taxonomy":"product_cat","embeddable":true,"href":"https:\/\/isbad.se\/en\/wp-json\/wp\/v2\/product_cat?post=14021"},{"taxonomy":"product_tag","embeddable":true,"href":"https:\/\/isbad.se\/en\/wp-json\/wp\/v2\/product_tag?post=14021"}],"curies":[{"name":"wp","href":"https:\/\/api.w.org\/{rel}","templated":true}]}}