{"id":13854,"date":"2025-01-14T09:38:54","date_gmt":"2025-01-14T09:38:54","guid":{"rendered":"https:\/\/isbad.se\/?post_type=product&#038;p=13854"},"modified":"2025-12-26T11:32:38","modified_gmt":"2025-12-26T11:32:38","slug":"tappkran-till-isbad","status":"publish","type":"product","link":"https:\/\/isbad.se\/en\/product\/tappkran-till-isbad\/","title":{"rendered":"Ice Bath Tap"},"content":{"rendered":"<p><strong>Ice bath tap - Flexible and robust solution for filling and emptying ice bath barrels<\/strong><\/p>\n<p>This faucet is designed to easily and efficiently manage the flow of water in your ice bath barrel. Ideal for both premium and basic models, it fits easily on the spigot and allows you to connect a hose for quick filling or emptying. With its compact dimensions, it is both practical and space-saving.<\/p>\n<p><strong><img decoding=\"async\" class=\"alignnone wp-image-10247\" src=\"https:\/\/isbad.se\/wp-content\/uploads\/2024\/05\/6785425-300x300.png\" sizes=\"(max-width: 15px) 100vw, 15px\" srcset=\"https:\/\/isbad.se\/wp-content\/uploads\/2024\/05\/6785425-300x300.png 300w, https:\/\/isbad.se\/wp-content\/uploads\/2024\/05\/6785425-150x150.png 150w, https:\/\/isbad.se\/wp-content\/uploads\/2024\/05\/6785425-100x100.png 100w, https:\/\/isbad.se\/wp-content\/uploads\/2024\/05\/6785425.png 512w\" alt=\"\" width=\"15\" height=\"15\" \/> Total length (7.4 cm):<\/strong> a compact design for easy use.<br \/>\n<strong><img decoding=\"async\" class=\"alignnone wp-image-10247\" src=\"https:\/\/isbad.se\/wp-content\/uploads\/2024\/05\/6785425-300x300.png\" sizes=\"(max-width: 15px) 100vw, 15px\" srcset=\"https:\/\/isbad.se\/wp-content\/uploads\/2024\/05\/6785425-300x300.png 300w, https:\/\/isbad.se\/wp-content\/uploads\/2024\/05\/6785425-150x150.png 150w, https:\/\/isbad.se\/wp-content\/uploads\/2024\/05\/6785425-100x100.png 100w, https:\/\/isbad.se\/wp-content\/uploads\/2024\/05\/6785425.png 512w\" alt=\"\" width=\"15\" height=\"15\" \/> Height (6 cm):<\/strong> low profile to fit most baths.<br \/>\n<strong><img decoding=\"async\" class=\"alignnone wp-image-10247\" src=\"https:\/\/isbad.se\/wp-content\/uploads\/2024\/05\/6785425-300x300.png\" sizes=\"(max-width: 15px) 100vw, 15px\" srcset=\"https:\/\/isbad.se\/wp-content\/uploads\/2024\/05\/6785425-300x300.png 300w, https:\/\/isbad.se\/wp-content\/uploads\/2024\/05\/6785425-150x150.png 150w, https:\/\/isbad.se\/wp-content\/uploads\/2024\/05\/6785425-100x100.png 100w, https:\/\/isbad.se\/wp-content\/uploads\/2024\/05\/6785425.png 512w\" alt=\"\" width=\"15\" height=\"15\" \/> Width (4 cm):<\/strong> a perfect size that doesn't take up unnecessary space.<strong><br \/>\n<\/strong><\/p>\n<p>Use the faucet to quickly fill your ice bath tub or to empty it without spills and hassle. Attach a hose, open the tap and handle the water with minimal effort. A compact and efficient solution for all ice bathers.<\/p>\n<p><strong>Make your ice bath even more functional with our practical and durable tap!<\/strong><\/p>","protected":false},"excerpt":{"rendered":"<p><strong>FITS:<\/strong> <a href=\"https:\/\/isbad.se\/en\/product\/isbad-tunna-premium\/?wmc-currency=EUR\">ISBAD Premium<\/a> \/ <a href=\"https:\/\/isbad.se\/en\/product\/isbad-tunna-lyx\/?wmc-currency=EUR\">ISBAD Lyx<\/a> \/ <a href=\"https:\/\/isbad.se\/en\/product\/isbad-tunna-basic\/?wmc-currency=EUR\">ISBAD Basic<\/a><\/p>\n<p>Faucet to make it easy to empty ice bath barrels <strong>PREMIUM, LYX<\/strong> and <strong>BASIC<\/strong>. With a threaded connection (20 mm) and hose connection (15 or 19 mm), it ensures a tight and secure connection.<\/p>\n<p>Make emptying your ISBAD easy with our hose connection adapter!<\/p>","protected":false},"featured_media":13853,"comment_status":"open","ping_status":"closed","template":"","meta":{"_acf_changed":false},"product_brand":[],"product_cat":[25],"product_tag":[88,271,126,41,160,156,257],"class_list":{"0":"post-13854","1":"product","2":"type-product","3":"status-publish","4":"has-post-thumbnail","6":"product_cat-tillbehor","7":"product_tag-aterhamtning","8":"product_tag-enkel-vattentomning","9":"product_tag-halsa","10":"product_tag-isbad","11":"product_tag-koppling","12":"product_tag-tappkran","13":"product_tag-tomning-av-isbad","15":"first","16":"instock","17":"taxable","18":"shipping-taxable","19":"purchasable","20":"product-type-simple"},"acf":[],"yoast_head":"<!-- This site is optimized with the Yoast SEO plugin v27.3 - https:\/\/yoast.com\/product\/yoast-seo-wordpress\/ -->\n<title>Tappkran till isbad &#187; ISBAD<\/title>\n<meta name=\"description\" content=\"Praktisk tappkran f\u00f6r isbadstunnor som g\u00f6r b\u00e5de p\u00e5fyllning och t\u00f6mning av vatten snabb och enkel. Perfekt f\u00f6r en smidig hantering av ditt isbad.\" \/>\n<meta name=\"robots\" content=\"index, follow, max-snippet:-1, max-image-preview:large, max-video-preview:-1\" \/>\n<link rel=\"canonical\" href=\"https:\/\/isbad.se\/en\/product\/tappkran-till-isbad\/?wmc-currency=EUR\" \/>\n<meta property=\"og:locale\" content=\"en_US\" \/>\n<meta property=\"og:type\" content=\"article\" \/>\n<meta property=\"og:title\" content=\"Tappkran till isbad &#187; ISBAD\" \/>\n<meta property=\"og:description\" content=\"Praktisk tappkran f\u00f6r isbadstunnor som g\u00f6r b\u00e5de p\u00e5fyllning och t\u00f6mning av vatten snabb och enkel. Perfekt f\u00f6r en smidig hantering av ditt isbad.\" \/>\n<meta property=\"og:url\" content=\"https:\/\/isbad.se\/en\/product\/tappkran-till-isbad\/?wmc-currency=EUR\" \/>\n<meta property=\"og:site_name\" content=\"ISBAD\" \/>\n<meta property=\"article:publisher\" content=\"https:\/\/www.facebook.com\/Isbad.se\" \/>\n<meta property=\"article:modified_time\" content=\"2025-12-26T11:32:38+00:00\" \/>\n<meta property=\"og:image\" content=\"https:\/\/isbad.se\/wp-content\/uploads\/2025\/01\/kran-till-isbad-2.webp\" \/>\n\t<meta property=\"og:image:width\" content=\"433\" \/>\n\t<meta property=\"og:image:height\" content=\"577\" \/>\n\t<meta property=\"og:image:type\" content=\"image\/webp\" \/>\n<meta name=\"twitter:card\" content=\"summary_large_image\" \/>\n<meta name=\"twitter:site\" content=\"@IsbadSe\" \/>\n<meta name=\"twitter:label1\" content=\"Est. reading time\" \/>\n\t<meta name=\"twitter:data1\" content=\"2 minutes\" \/>\n<script type=\"application\/ld+json\" class=\"yoast-schema-graph\">{\"@context\":\"https:\\\/\\\/schema.org\",\"@graph\":[{\"@type\":\"WebPage\",\"@id\":\"https:\\\/\\\/isbad.se\\\/product\\\/tappkran-till-isbad\\\/\",\"url\":\"https:\\\/\\\/isbad.se\\\/product\\\/tappkran-till-isbad\\\/\",\"name\":\"Tappkran till isbad &#187; ISBAD\",\"isPartOf\":{\"@id\":\"https:\\\/\\\/isbad.se\\\/#website\"},\"primaryImageOfPage\":{\"@id\":\"https:\\\/\\\/isbad.se\\\/product\\\/tappkran-till-isbad\\\/#primaryimage\"},\"image\":{\"@id\":\"https:\\\/\\\/isbad.se\\\/product\\\/tappkran-till-isbad\\\/#primaryimage\"},\"thumbnailUrl\":\"https:\\\/\\\/isbad.se\\\/wp-content\\\/uploads\\\/2025\\\/01\\\/kran-till-isbad-2.webp\",\"datePublished\":\"2025-01-14T09:38:54+00:00\",\"dateModified\":\"2025-12-26T11:32:38+00:00\",\"description\":\"Praktisk tappkran f\u00f6r isbadstunnor som g\u00f6r b\u00e5de p\u00e5fyllning och t\u00f6mning av vatten snabb och enkel. Perfekt f\u00f6r en smidig hantering av ditt isbad.\",\"breadcrumb\":{\"@id\":\"https:\\\/\\\/isbad.se\\\/product\\\/tappkran-till-isbad\\\/#breadcrumb\"},\"inLanguage\":\"en-US\",\"potentialAction\":[{\"@type\":\"ReadAction\",\"target\":[\"https:\\\/\\\/isbad.se\\\/product\\\/tappkran-till-isbad\\\/\"]}]},{\"@type\":\"ImageObject\",\"inLanguage\":\"en-US\",\"@id\":\"https:\\\/\\\/isbad.se\\\/product\\\/tappkran-till-isbad\\\/#primaryimage\",\"url\":\"https:\\\/\\\/isbad.se\\\/wp-content\\\/uploads\\\/2025\\\/01\\\/kran-till-isbad-2.webp\",\"contentUrl\":\"https:\\\/\\\/isbad.se\\\/wp-content\\\/uploads\\\/2025\\\/01\\\/kran-till-isbad-2.webp\",\"width\":433,\"height\":577},{\"@type\":\"BreadcrumbList\",\"@id\":\"https:\\\/\\\/isbad.se\\\/product\\\/tappkran-till-isbad\\\/#breadcrumb\",\"itemListElement\":[{\"@type\":\"ListItem\",\"position\":1,\"name\":\"Hem\",\"item\":\"https:\\\/\\\/isbad.se\\\/\"},{\"@type\":\"ListItem\",\"position\":2,\"name\":\"Produkter\",\"item\":\"https:\\\/\\\/isbad.se\\\/wc-shopping-page\\\/\"},{\"@type\":\"ListItem\",\"position\":3,\"name\":\"Tappkran till isbad\"}]},{\"@type\":\"WebSite\",\"@id\":\"https:\\\/\\\/isbad.se\\\/#website\",\"url\":\"https:\\\/\\\/isbad.se\\\/\",\"name\":\"ISBAD.se\",\"description\":\"Bada ISBAD hemma!\",\"publisher\":{\"@id\":\"https:\\\/\\\/isbad.se\\\/#organization\"},\"alternateName\":\"ISBAD f\u00f6r Gladare och friskare Sverige\",\"potentialAction\":[{\"@type\":\"SearchAction\",\"target\":{\"@type\":\"EntryPoint\",\"urlTemplate\":\"https:\\\/\\\/isbad.se\\\/?s={search_term_string}\"},\"query-input\":{\"@type\":\"PropertyValueSpecification\",\"valueRequired\":true,\"valueName\":\"search_term_string\"}}],\"inLanguage\":\"en-US\"},{\"@type\":\"Organization\",\"@id\":\"https:\\\/\\\/isbad.se\\\/#organization\",\"name\":\"ISBAD\",\"url\":\"https:\\\/\\\/isbad.se\\\/\",\"logo\":{\"@type\":\"ImageObject\",\"inLanguage\":\"en-US\",\"@id\":\"https:\\\/\\\/isbad.se\\\/#\\\/schema\\\/logo\\\/image\\\/\",\"url\":\"https:\\\/\\\/isbad.se\\\/wp-content\\\/uploads\\\/2024\\\/04\\\/isbad_logo_vector_98_black_242422.png\",\"contentUrl\":\"https:\\\/\\\/isbad.se\\\/wp-content\\\/uploads\\\/2024\\\/04\\\/isbad_logo_vector_98_black_242422.png\",\"width\":2458,\"height\":634,\"caption\":\"ISBAD\"},\"image\":{\"@id\":\"https:\\\/\\\/isbad.se\\\/#\\\/schema\\\/logo\\\/image\\\/\"},\"sameAs\":[\"https:\\\/\\\/www.facebook.com\\\/Isbad.se\",\"https:\\\/\\\/x.com\\\/IsbadSe\",\"https:\\\/\\\/www.instagram.com\\\/isbad.se\",\"https:\\\/\\\/www.tiktok.com\\\/@isbad.se\"]}]}<\/script>\n<!-- \/ Yoast SEO plugin. -->","yoast_head_json":{"title":"Tappkran till isbad &#187; ISBAD","description":"Praktisk tappkran f\u00f6r isbadstunnor som g\u00f6r b\u00e5de p\u00e5fyllning och t\u00f6mning av vatten snabb och enkel. Perfekt f\u00f6r en smidig hantering av ditt isbad.","robots":{"index":"index","follow":"follow","max-snippet":"max-snippet:-1","max-image-preview":"max-image-preview:large","max-video-preview":"max-video-preview:-1"},"canonical":"https:\/\/isbad.se\/en\/product\/tappkran-till-isbad\/?wmc-currency=EUR","og_locale":"en_US","og_type":"article","og_title":"Tappkran till isbad &#187; ISBAD","og_description":"Praktisk tappkran f\u00f6r isbadstunnor som g\u00f6r b\u00e5de p\u00e5fyllning och t\u00f6mning av vatten snabb och enkel. Perfekt f\u00f6r en smidig hantering av ditt isbad.","og_url":"https:\/\/isbad.se\/en\/product\/tappkran-till-isbad\/?wmc-currency=EUR","og_site_name":"ISBAD","article_publisher":"https:\/\/www.facebook.com\/Isbad.se","article_modified_time":"2025-12-26T11:32:38+00:00","og_image":[{"width":433,"height":577,"url":"https:\/\/isbad.se\/wp-content\/uploads\/2025\/01\/kran-till-isbad-2.webp","type":"image\/webp"}],"twitter_card":"summary_large_image","twitter_site":"@IsbadSe","twitter_misc":{"Est. reading time":"2 minutes"},"schema":{"@context":"https:\/\/schema.org","@graph":[{"@type":"WebPage","@id":"https:\/\/isbad.se\/product\/tappkran-till-isbad\/","url":"https:\/\/isbad.se\/product\/tappkran-till-isbad\/","name":"Tappkran till isbad &#187; ISBAD","isPartOf":{"@id":"https:\/\/isbad.se\/#website"},"primaryImageOfPage":{"@id":"https:\/\/isbad.se\/product\/tappkran-till-isbad\/#primaryimage"},"image":{"@id":"https:\/\/isbad.se\/product\/tappkran-till-isbad\/#primaryimage"},"thumbnailUrl":"https:\/\/isbad.se\/wp-content\/uploads\/2025\/01\/kran-till-isbad-2.webp","datePublished":"2025-01-14T09:38:54+00:00","dateModified":"2025-12-26T11:32:38+00:00","description":"Praktisk tappkran f\u00f6r isbadstunnor som g\u00f6r b\u00e5de p\u00e5fyllning och t\u00f6mning av vatten snabb och enkel. Perfekt f\u00f6r en smidig hantering av ditt isbad.","breadcrumb":{"@id":"https:\/\/isbad.se\/product\/tappkran-till-isbad\/#breadcrumb"},"inLanguage":"en-US","potentialAction":[{"@type":"ReadAction","target":["https:\/\/isbad.se\/product\/tappkran-till-isbad\/"]}]},{"@type":"ImageObject","inLanguage":"en-US","@id":"https:\/\/isbad.se\/product\/tappkran-till-isbad\/#primaryimage","url":"https:\/\/isbad.se\/wp-content\/uploads\/2025\/01\/kran-till-isbad-2.webp","contentUrl":"https:\/\/isbad.se\/wp-content\/uploads\/2025\/01\/kran-till-isbad-2.webp","width":433,"height":577},{"@type":"BreadcrumbList","@id":"https:\/\/isbad.se\/product\/tappkran-till-isbad\/#breadcrumb","itemListElement":[{"@type":"ListItem","position":1,"name":"Hem","item":"https:\/\/isbad.se\/"},{"@type":"ListItem","position":2,"name":"Produkter","item":"https:\/\/isbad.se\/wc-shopping-page\/"},{"@type":"ListItem","position":3,"name":"Tappkran till isbad"}]},{"@type":"WebSite","@id":"https:\/\/isbad.se\/#website","url":"https:\/\/isbad.se\/","name":"ISBAD.se","description":"Bada ISBAD hemma!","publisher":{"@id":"https:\/\/isbad.se\/#organization"},"alternateName":"ISBAD f\u00f6r Gladare och friskare Sverige","potentialAction":[{"@type":"SearchAction","target":{"@type":"EntryPoint","urlTemplate":"https:\/\/isbad.se\/?s={search_term_string}"},"query-input":{"@type":"PropertyValueSpecification","valueRequired":true,"valueName":"search_term_string"}}],"inLanguage":"en-US"},{"@type":"Organization","@id":"https:\/\/isbad.se\/#organization","name":"ICE BATH","url":"https:\/\/isbad.se\/","logo":{"@type":"ImageObject","inLanguage":"en-US","@id":"https:\/\/isbad.se\/#\/schema\/logo\/image\/","url":"https:\/\/isbad.se\/wp-content\/uploads\/2024\/04\/isbad_logo_vector_98_black_242422.png","contentUrl":"https:\/\/isbad.se\/wp-content\/uploads\/2024\/04\/isbad_logo_vector_98_black_242422.png","width":2458,"height":634,"caption":"ISBAD"},"image":{"@id":"https:\/\/isbad.se\/#\/schema\/logo\/image\/"},"sameAs":["https:\/\/www.facebook.com\/Isbad.se","https:\/\/x.com\/IsbadSe","https:\/\/www.instagram.com\/isbad.se","https:\/\/www.tiktok.com\/@isbad.se"]}]}},"_links":{"self":[{"href":"https:\/\/isbad.se\/en\/wp-json\/wp\/v2\/product\/13854","targetHints":{"allow":["GET"]}}],"collection":[{"href":"https:\/\/isbad.se\/en\/wp-json\/wp\/v2\/product"}],"about":[{"href":"https:\/\/isbad.se\/en\/wp-json\/wp\/v2\/types\/product"}],"replies":[{"embeddable":true,"href":"https:\/\/isbad.se\/en\/wp-json\/wp\/v2\/comments?post=13854"}],"version-history":[{"count":5,"href":"https:\/\/isbad.se\/en\/wp-json\/wp\/v2\/product\/13854\/revisions"}],"predecessor-version":[{"id":15095,"href":"https:\/\/isbad.se\/en\/wp-json\/wp\/v2\/product\/13854\/revisions\/15095"}],"wp:featuredmedia":[{"embeddable":true,"href":"https:\/\/isbad.se\/en\/wp-json\/wp\/v2\/media\/13853"}],"wp:attachment":[{"href":"https:\/\/isbad.se\/en\/wp-json\/wp\/v2\/media?parent=13854"}],"wp:term":[{"taxonomy":"product_brand","embeddable":true,"href":"https:\/\/isbad.se\/en\/wp-json\/wp\/v2\/product_brand?post=13854"},{"taxonomy":"product_cat","embeddable":true,"href":"https:\/\/isbad.se\/en\/wp-json\/wp\/v2\/product_cat?post=13854"},{"taxonomy":"product_tag","embeddable":true,"href":"https:\/\/isbad.se\/en\/wp-json\/wp\/v2\/product_tag?post=13854"}],"curies":[{"name":"wp","href":"https:\/\/api.w.org\/{rel}","templated":true}]}}