{"id":13354,"date":"2024-10-15T13:05:23","date_gmt":"2024-10-15T13:05:23","guid":{"rendered":"https:\/\/isbad.se\/?post_type=product&#038;p=13354"},"modified":"2026-02-06T12:56:53","modified_gmt":"2026-02-06T12:56:53","slug":"isbad-legacy","status":"publish","type":"product","link":"https:\/\/isbad.se\/en\/product\/isbad-legacy\/","title":{"rendered":"Isbad Legacy"},"content":{"rendered":"<p><strong>Isbad Legacy<\/strong> is the perfect solution for anyone who wants to take care of their body and mind. Whether you're an athlete, fitness enthusiast or just someone who wants to feel better, this tub offers an unbeatable cold bathing experience. With the ability to cool the water down to 3\u2103, you get a refreshing kick that helps relieve sore muscles, reduce inflammation and provide an energy boost. Need relaxation instead? Raise the temperature to up to 42\u2103 and enjoy a warmer, soothing bath.<\/p>\n<p><strong>Isbad Legacy<\/strong> is equally at home at the gym, spa or hotel. With its dimensions (83 cm wide, 186 cm long and 77 cm high), it blends nicely into different environments without taking up too much space.<\/p>\n<p>But it's not just about recovery after exercise. <strong>Isbad Legacy<\/strong> is for anyone who wants to improve their overall health and well-being. Regular ice baths can help boost your immune system, increase blood circulation and contribute to mental clarity. You also get a moment to yourself, where you can unwind and let the stress flow.<\/p>\n<p>Plus, with a built-in filtration system and ozone sanitization, you'll keep the water fresher for longer, making your bathing experience even more enjoyable. <strong>Isbad Legacy<\/strong> is not just a barrel - it is your path to better health, both physically and mentally.<\/p>\n<p><strong><img decoding=\"async\" class=\"alignnone wp-image-10247\" src=\"https:\/\/isbad.se\/wp-content\/uploads\/2024\/05\/6785425-300x300.png\" alt=\"\" width=\"15\" height=\"15\" srcset=\"https:\/\/isbad.se\/wp-content\/uploads\/2024\/05\/6785425-300x300.png 300w, https:\/\/isbad.se\/wp-content\/uploads\/2024\/05\/6785425-150x150.png 150w, https:\/\/isbad.se\/wp-content\/uploads\/2024\/05\/6785425-100x100.png 100w, https:\/\/isbad.se\/wp-content\/uploads\/2024\/05\/6785425.png 512w\" sizes=\"(max-width: 15px) 100vw, 15px\" \/> THE SIZE OF THE BATH:<\/strong> 186 x 83 x 77 cm<br \/>\n<strong><img decoding=\"async\" class=\"alignnone wp-image-10247\" src=\"https:\/\/isbad.se\/wp-content\/uploads\/2024\/05\/6785425-300x300.png\" alt=\"\" width=\"15\" height=\"15\" srcset=\"https:\/\/isbad.se\/wp-content\/uploads\/2024\/05\/6785425-300x300.png 300w, https:\/\/isbad.se\/wp-content\/uploads\/2024\/05\/6785425-150x150.png 150w, https:\/\/isbad.se\/wp-content\/uploads\/2024\/05\/6785425-100x100.png 100w, https:\/\/isbad.se\/wp-content\/uploads\/2024\/05\/6785425.png 512w\" sizes=\"(max-width: 15px) 100vw, 15px\" \/> WEIGHT:<\/strong> 120 kg<br \/>\n<strong><img decoding=\"async\" class=\"alignnone wp-image-10247\" src=\"https:\/\/isbad.se\/wp-content\/uploads\/2024\/05\/6785425-300x300.png\" alt=\"\" width=\"15\" height=\"15\" srcset=\"https:\/\/isbad.se\/wp-content\/uploads\/2024\/05\/6785425-300x300.png 300w, https:\/\/isbad.se\/wp-content\/uploads\/2024\/05\/6785425-150x150.png 150w, https:\/\/isbad.se\/wp-content\/uploads\/2024\/05\/6785425-100x100.png 100w, https:\/\/isbad.se\/wp-content\/uploads\/2024\/05\/6785425.png 512w\" sizes=\"(max-width: 15px) 100vw, 15px\" \/> MATERIAL:<\/strong> Stainless steel<br \/>\n<strong><img decoding=\"async\" class=\"alignnone wp-image-10247\" src=\"https:\/\/isbad.se\/wp-content\/uploads\/2024\/05\/6785425-300x300.png\" alt=\"\" width=\"15\" height=\"15\" srcset=\"https:\/\/isbad.se\/wp-content\/uploads\/2024\/05\/6785425-300x300.png 300w, https:\/\/isbad.se\/wp-content\/uploads\/2024\/05\/6785425-150x150.png 150w, https:\/\/isbad.se\/wp-content\/uploads\/2024\/05\/6785425-100x100.png 100w, https:\/\/isbad.se\/wp-content\/uploads\/2024\/05\/6785425.png 512w\" sizes=\"(max-width: 15px) 100vw, 15px\" \/> HOLDS:<\/strong> 460 liters of water<br \/>\n<strong><img decoding=\"async\" class=\"alignnone wp-image-10247\" src=\"https:\/\/isbad.se\/wp-content\/uploads\/2024\/05\/6785425-300x300.png\" alt=\"\" width=\"15\" height=\"15\" srcset=\"https:\/\/isbad.se\/wp-content\/uploads\/2024\/05\/6785425-300x300.png 300w, https:\/\/isbad.se\/wp-content\/uploads\/2024\/05\/6785425-150x150.png 150w, https:\/\/isbad.se\/wp-content\/uploads\/2024\/05\/6785425-100x100.png 100w, https:\/\/isbad.se\/wp-content\/uploads\/2024\/05\/6785425.png 512w\" sizes=\"(max-width: 15px) 100vw, 15px\" \/> TEMPERATURE:<\/strong> 3 &#8211; 42 \u00b0C<\/p>","protected":false},"excerpt":{"rendered":"<p><strong><img decoding=\"async\" class=\"alignnone wp-image-10247\" src=\"https:\/\/isbad.se\/wp-content\/uploads\/2024\/05\/6785425-300x300.png\" alt=\"\" width=\"15\" height=\"15\" srcset=\"https:\/\/isbad.se\/wp-content\/uploads\/2024\/05\/6785425-300x300.png 300w, https:\/\/isbad.se\/wp-content\/uploads\/2024\/05\/6785425-150x150.png 150w, https:\/\/isbad.se\/wp-content\/uploads\/2024\/05\/6785425-100x100.png 100w, https:\/\/isbad.se\/wp-content\/uploads\/2024\/05\/6785425.png 512w\" sizes=\"(max-width: 15px) 100vw, 15px\" \/> THE SIZE OF THE BATH:<\/strong> 186 x 83 x 77 cm<br \/>\n<strong><img decoding=\"async\" class=\"alignnone wp-image-10247\" src=\"https:\/\/isbad.se\/wp-content\/uploads\/2024\/05\/6785425-300x300.png\" alt=\"\" width=\"15\" height=\"15\" srcset=\"https:\/\/isbad.se\/wp-content\/uploads\/2024\/05\/6785425-300x300.png 300w, https:\/\/isbad.se\/wp-content\/uploads\/2024\/05\/6785425-150x150.png 150w, https:\/\/isbad.se\/wp-content\/uploads\/2024\/05\/6785425-100x100.png 100w, https:\/\/isbad.se\/wp-content\/uploads\/2024\/05\/6785425.png 512w\" sizes=\"(max-width: 15px) 100vw, 15px\" \/> WEIGHT:<\/strong> 120 kg<br \/>\n<strong><img decoding=\"async\" class=\"alignnone wp-image-10247\" src=\"https:\/\/isbad.se\/wp-content\/uploads\/2024\/05\/6785425-300x300.png\" alt=\"\" width=\"15\" height=\"15\" srcset=\"https:\/\/isbad.se\/wp-content\/uploads\/2024\/05\/6785425-300x300.png 300w, https:\/\/isbad.se\/wp-content\/uploads\/2024\/05\/6785425-150x150.png 150w, https:\/\/isbad.se\/wp-content\/uploads\/2024\/05\/6785425-100x100.png 100w, https:\/\/isbad.se\/wp-content\/uploads\/2024\/05\/6785425.png 512w\" sizes=\"(max-width: 15px) 100vw, 15px\" \/> MATERIAL:<\/strong> Stainless steel<br \/>\n<strong><img decoding=\"async\" class=\"alignnone wp-image-10247\" src=\"https:\/\/isbad.se\/wp-content\/uploads\/2024\/05\/6785425-300x300.png\" alt=\"\" width=\"15\" height=\"15\" srcset=\"https:\/\/isbad.se\/wp-content\/uploads\/2024\/05\/6785425-300x300.png 300w, https:\/\/isbad.se\/wp-content\/uploads\/2024\/05\/6785425-150x150.png 150w, https:\/\/isbad.se\/wp-content\/uploads\/2024\/05\/6785425-100x100.png 100w, https:\/\/isbad.se\/wp-content\/uploads\/2024\/05\/6785425.png 512w\" sizes=\"(max-width: 15px) 100vw, 15px\" \/> HOLDS:<\/strong> 460 liters of water<br \/>\n<strong><img decoding=\"async\" class=\"alignnone wp-image-10247\" src=\"https:\/\/isbad.se\/wp-content\/uploads\/2024\/05\/6785425-300x300.png\" alt=\"\" width=\"15\" height=\"15\" srcset=\"https:\/\/isbad.se\/wp-content\/uploads\/2024\/05\/6785425-300x300.png 300w, https:\/\/isbad.se\/wp-content\/uploads\/2024\/05\/6785425-150x150.png 150w, https:\/\/isbad.se\/wp-content\/uploads\/2024\/05\/6785425-100x100.png 100w, https:\/\/isbad.se\/wp-content\/uploads\/2024\/05\/6785425.png 512w\" sizes=\"(max-width: 15px) 100vw, 15px\" \/> TEMPERATURE:<\/strong> 3 &#8211; 42 \u00b0C<\/p>\n<p>The Legacy Ice Bath is an exclusive cold water and ice bath therapy tub, perfect for those who want to improve their physical and mental health. With the ability to cool down to 3\u2103 and heat up to 42\u2103, it provides a flexible bathing experience for both recovery and relaxation. Made of durable materials such as stainless steel and aluminum, it fits equally well in the home as in the gym, spa or hotel. Equipped with built-in ozone sanitization and filtration system for clean and clear water for longer.<\/p>\n<div style=\"width: 800px;\" class=\"wp-video\"><video class=\"wp-video-shortcode\" id=\"video-13354-1\" width=\"800\" height=\"800\" preload=\"metadata\" controls=\"controls\"><source type=\"video\/mp4\" src=\"https:\/\/isbad.se\/wp-content\/uploads\/2024\/10\/Isbad-Legacy.mp4?_=1\" \/><a href=\"https:\/\/isbad.se\/wp-content\/uploads\/2024\/10\/Isbad-Legacy.mp4\">https:\/\/isbad.se\/wp-content\/uploads\/2024\/10\/Isbad-Legacy.mp4<\/a><\/video><\/div>","protected":false},"featured_media":13363,"comment_status":"open","ping_status":"closed","template":"","meta":{"_acf_changed":false},"product_brand":[],"product_cat":[407,82,21,15,59],"product_tag":[88,207,126,41,185,22,247,249,248,208,250,253,252,251],"class_list":{"0":"post-13354","1":"product","2":"type-product","3":"status-publish","4":"has-post-thumbnail","6":"product_cat-bestallningsvara","7":"product_cat-isbad-paket","8":"product_cat-isbad-tunnor","9":"product_cat-kyla","10":"product_cat-kyla-varme","11":"product_tag-aterhamtning","12":"product_tag-gym","13":"product_tag-halsa","14":"product_tag-isbad","15":"product_tag-isbad-hemma","16":"product_tag-isbad-tunna","17":"product_tag-isbadlegacy","18":"product_tag-kallbadstunna","19":"product_tag-kallvattenbad","20":"product_tag-kontor","21":"product_tag-mental-halsa","22":"product_tag-ozonsanering","23":"product_tag-spa","24":"product_tag-valbefinnande","26":"first","27":"instock","28":"taxable","29":"shipping-taxable","30":"purchasable","31":"product-type-simple"},"acf":[],"yoast_head":"<!-- This site is optimized with the Yoast SEO plugin v27.4 - https:\/\/yoast.com\/product\/yoast-seo-wordpress\/ -->\n<title>Isbad Legacy &#187; ISBAD<\/title>\n<meta name=\"description\" content=\"IsbadLegacy \u00e4r en exklusiv tunna f\u00f6r kallvatten- och isbadsterapi, perfekt f\u00f6r \u00e5terh\u00e4mtning och v\u00e4lbefinnande. Anpassad f\u00f6r hem, spa och gym.\" \/>\n<meta name=\"robots\" content=\"index, follow, max-snippet:-1, max-image-preview:large, max-video-preview:-1\" \/>\n<link rel=\"canonical\" href=\"https:\/\/isbad.se\/en\/product\/isbad-legacy\/?wmc-currency=EUR\" \/>\n<meta property=\"og:locale\" content=\"en_US\" \/>\n<meta property=\"og:type\" content=\"article\" \/>\n<meta property=\"og:title\" content=\"Isbad Legacy &#187; ISBAD\" \/>\n<meta property=\"og:description\" content=\"IsbadLegacy \u00e4r en exklusiv tunna f\u00f6r kallvatten- och isbadsterapi, perfekt f\u00f6r \u00e5terh\u00e4mtning och v\u00e4lbefinnande. Anpassad f\u00f6r hem, spa och gym.\" \/>\n<meta property=\"og:url\" content=\"https:\/\/isbad.se\/en\/product\/isbad-legacy\/?wmc-currency=EUR\" \/>\n<meta property=\"og:site_name\" content=\"ISBAD\" \/>\n<meta property=\"article:publisher\" content=\"https:\/\/www.facebook.com\/Isbad.se\" \/>\n<meta property=\"article:modified_time\" content=\"2026-02-06T12:56:53+00:00\" \/>\n<meta property=\"og:image\" content=\"https:\/\/isbad.se\/wp-content\/uploads\/2024\/10\/Isbad-Legacy-tunna-9.webp\" \/>\n\t<meta property=\"og:image:width\" content=\"1000\" \/>\n\t<meta property=\"og:image:height\" content=\"1000\" \/>\n\t<meta property=\"og:image:type\" content=\"image\/webp\" \/>\n<meta name=\"twitter:card\" content=\"summary_large_image\" \/>\n<meta name=\"twitter:site\" content=\"@IsbadSe\" \/>\n<meta name=\"twitter:label1\" content=\"Est. reading time\" \/>\n\t<meta name=\"twitter:data1\" content=\"3 minutes\" \/>\n<script type=\"application\/ld+json\" class=\"yoast-schema-graph\">{\"@context\":\"https:\\\/\\\/schema.org\",\"@graph\":[{\"@type\":\"WebPage\",\"@id\":\"https:\\\/\\\/isbad.se\\\/product\\\/isbad-legacy\\\/\",\"url\":\"https:\\\/\\\/isbad.se\\\/product\\\/isbad-legacy\\\/\",\"name\":\"Isbad Legacy &#187; ISBAD\",\"isPartOf\":{\"@id\":\"https:\\\/\\\/isbad.se\\\/#website\"},\"primaryImageOfPage\":{\"@id\":\"https:\\\/\\\/isbad.se\\\/product\\\/isbad-legacy\\\/#primaryimage\"},\"image\":{\"@id\":\"https:\\\/\\\/isbad.se\\\/product\\\/isbad-legacy\\\/#primaryimage\"},\"thumbnailUrl\":\"https:\\\/\\\/isbad.se\\\/wp-content\\\/uploads\\\/2024\\\/10\\\/Isbad-Legacy-tunna-9.webp\",\"datePublished\":\"2024-10-15T13:05:23+00:00\",\"dateModified\":\"2026-02-06T12:56:53+00:00\",\"description\":\"IsbadLegacy \u00e4r en exklusiv tunna f\u00f6r kallvatten- och isbadsterapi, perfekt f\u00f6r \u00e5terh\u00e4mtning och v\u00e4lbefinnande. Anpassad f\u00f6r hem, spa och gym.\",\"breadcrumb\":{\"@id\":\"https:\\\/\\\/isbad.se\\\/product\\\/isbad-legacy\\\/#breadcrumb\"},\"inLanguage\":\"en-US\",\"potentialAction\":[{\"@type\":\"ReadAction\",\"target\":[\"https:\\\/\\\/isbad.se\\\/product\\\/isbad-legacy\\\/\"]}]},{\"@type\":\"ImageObject\",\"inLanguage\":\"en-US\",\"@id\":\"https:\\\/\\\/isbad.se\\\/product\\\/isbad-legacy\\\/#primaryimage\",\"url\":\"https:\\\/\\\/isbad.se\\\/wp-content\\\/uploads\\\/2024\\\/10\\\/Isbad-Legacy-tunna-9.webp\",\"contentUrl\":\"https:\\\/\\\/isbad.se\\\/wp-content\\\/uploads\\\/2024\\\/10\\\/Isbad-Legacy-tunna-9.webp\",\"width\":1000,\"height\":1000},{\"@type\":\"BreadcrumbList\",\"@id\":\"https:\\\/\\\/isbad.se\\\/product\\\/isbad-legacy\\\/#breadcrumb\",\"itemListElement\":[{\"@type\":\"ListItem\",\"position\":1,\"name\":\"Hem\",\"item\":\"https:\\\/\\\/isbad.se\\\/\"},{\"@type\":\"ListItem\",\"position\":2,\"name\":\"Produkter\",\"item\":\"https:\\\/\\\/isbad.se\\\/wc-shopping-page\\\/\"},{\"@type\":\"ListItem\",\"position\":3,\"name\":\"Isbad Legacy\"}]},{\"@type\":\"WebSite\",\"@id\":\"https:\\\/\\\/isbad.se\\\/#website\",\"url\":\"https:\\\/\\\/isbad.se\\\/\",\"name\":\"ISBAD.se\",\"description\":\"Bada ISBAD hemma!\",\"publisher\":{\"@id\":\"https:\\\/\\\/isbad.se\\\/#organization\"},\"alternateName\":\"ISBAD f\u00f6r Gladare och friskare Sverige\",\"potentialAction\":[{\"@type\":\"SearchAction\",\"target\":{\"@type\":\"EntryPoint\",\"urlTemplate\":\"https:\\\/\\\/isbad.se\\\/?s={search_term_string}\"},\"query-input\":{\"@type\":\"PropertyValueSpecification\",\"valueRequired\":true,\"valueName\":\"search_term_string\"}}],\"inLanguage\":\"en-US\"},{\"@type\":\"Organization\",\"@id\":\"https:\\\/\\\/isbad.se\\\/#organization\",\"name\":\"ISBAD\",\"url\":\"https:\\\/\\\/isbad.se\\\/\",\"logo\":{\"@type\":\"ImageObject\",\"inLanguage\":\"en-US\",\"@id\":\"https:\\\/\\\/isbad.se\\\/#\\\/schema\\\/logo\\\/image\\\/\",\"url\":\"https:\\\/\\\/isbad.se\\\/wp-content\\\/uploads\\\/2024\\\/04\\\/isbad_logo_vector_98_black_242422.png\",\"contentUrl\":\"https:\\\/\\\/isbad.se\\\/wp-content\\\/uploads\\\/2024\\\/04\\\/isbad_logo_vector_98_black_242422.png\",\"width\":2458,\"height\":634,\"caption\":\"ISBAD\"},\"image\":{\"@id\":\"https:\\\/\\\/isbad.se\\\/#\\\/schema\\\/logo\\\/image\\\/\"},\"sameAs\":[\"https:\\\/\\\/www.facebook.com\\\/Isbad.se\",\"https:\\\/\\\/x.com\\\/IsbadSe\",\"https:\\\/\\\/www.instagram.com\\\/isbad.se\",\"https:\\\/\\\/www.tiktok.com\\\/@isbad.se\"]}]}<\/script>\n<!-- \/ Yoast SEO plugin. -->","yoast_head_json":{"title":"Isbad Legacy &#187; ISBAD","description":"IsbadLegacy \u00e4r en exklusiv tunna f\u00f6r kallvatten- och isbadsterapi, perfekt f\u00f6r \u00e5terh\u00e4mtning och v\u00e4lbefinnande. Anpassad f\u00f6r hem, spa och gym.","robots":{"index":"index","follow":"follow","max-snippet":"max-snippet:-1","max-image-preview":"max-image-preview:large","max-video-preview":"max-video-preview:-1"},"canonical":"https:\/\/isbad.se\/en\/product\/isbad-legacy\/?wmc-currency=EUR","og_locale":"en_US","og_type":"article","og_title":"Isbad Legacy &#187; ISBAD","og_description":"IsbadLegacy \u00e4r en exklusiv tunna f\u00f6r kallvatten- och isbadsterapi, perfekt f\u00f6r \u00e5terh\u00e4mtning och v\u00e4lbefinnande. Anpassad f\u00f6r hem, spa och gym.","og_url":"https:\/\/isbad.se\/en\/product\/isbad-legacy\/?wmc-currency=EUR","og_site_name":"ISBAD","article_publisher":"https:\/\/www.facebook.com\/Isbad.se","article_modified_time":"2026-02-06T12:56:53+00:00","og_image":[{"width":1000,"height":1000,"url":"https:\/\/isbad.se\/wp-content\/uploads\/2024\/10\/Isbad-Legacy-tunna-9.webp","type":"image\/webp"}],"twitter_card":"summary_large_image","twitter_site":"@IsbadSe","twitter_misc":{"Est. reading time":"3 minutes"},"schema":{"@context":"https:\/\/schema.org","@graph":[{"@type":"WebPage","@id":"https:\/\/isbad.se\/product\/isbad-legacy\/","url":"https:\/\/isbad.se\/product\/isbad-legacy\/","name":"Isbad Legacy &#187; ISBAD","isPartOf":{"@id":"https:\/\/isbad.se\/#website"},"primaryImageOfPage":{"@id":"https:\/\/isbad.se\/product\/isbad-legacy\/#primaryimage"},"image":{"@id":"https:\/\/isbad.se\/product\/isbad-legacy\/#primaryimage"},"thumbnailUrl":"https:\/\/isbad.se\/wp-content\/uploads\/2024\/10\/Isbad-Legacy-tunna-9.webp","datePublished":"2024-10-15T13:05:23+00:00","dateModified":"2026-02-06T12:56:53+00:00","description":"IsbadLegacy \u00e4r en exklusiv tunna f\u00f6r kallvatten- och isbadsterapi, perfekt f\u00f6r \u00e5terh\u00e4mtning och v\u00e4lbefinnande. Anpassad f\u00f6r hem, spa och gym.","breadcrumb":{"@id":"https:\/\/isbad.se\/product\/isbad-legacy\/#breadcrumb"},"inLanguage":"en-US","potentialAction":[{"@type":"ReadAction","target":["https:\/\/isbad.se\/product\/isbad-legacy\/"]}]},{"@type":"ImageObject","inLanguage":"en-US","@id":"https:\/\/isbad.se\/product\/isbad-legacy\/#primaryimage","url":"https:\/\/isbad.se\/wp-content\/uploads\/2024\/10\/Isbad-Legacy-tunna-9.webp","contentUrl":"https:\/\/isbad.se\/wp-content\/uploads\/2024\/10\/Isbad-Legacy-tunna-9.webp","width":1000,"height":1000},{"@type":"BreadcrumbList","@id":"https:\/\/isbad.se\/product\/isbad-legacy\/#breadcrumb","itemListElement":[{"@type":"ListItem","position":1,"name":"Hem","item":"https:\/\/isbad.se\/"},{"@type":"ListItem","position":2,"name":"Produkter","item":"https:\/\/isbad.se\/wc-shopping-page\/"},{"@type":"ListItem","position":3,"name":"Isbad Legacy"}]},{"@type":"WebSite","@id":"https:\/\/isbad.se\/#website","url":"https:\/\/isbad.se\/","name":"ISBAD.se","description":"Bada ISBAD hemma!","publisher":{"@id":"https:\/\/isbad.se\/#organization"},"alternateName":"ISBAD f\u00f6r Gladare och friskare Sverige","potentialAction":[{"@type":"SearchAction","target":{"@type":"EntryPoint","urlTemplate":"https:\/\/isbad.se\/?s={search_term_string}"},"query-input":{"@type":"PropertyValueSpecification","valueRequired":true,"valueName":"search_term_string"}}],"inLanguage":"en-US"},{"@type":"Organization","@id":"https:\/\/isbad.se\/#organization","name":"ICE BATH","url":"https:\/\/isbad.se\/","logo":{"@type":"ImageObject","inLanguage":"en-US","@id":"https:\/\/isbad.se\/#\/schema\/logo\/image\/","url":"https:\/\/isbad.se\/wp-content\/uploads\/2024\/04\/isbad_logo_vector_98_black_242422.png","contentUrl":"https:\/\/isbad.se\/wp-content\/uploads\/2024\/04\/isbad_logo_vector_98_black_242422.png","width":2458,"height":634,"caption":"ISBAD"},"image":{"@id":"https:\/\/isbad.se\/#\/schema\/logo\/image\/"},"sameAs":["https:\/\/www.facebook.com\/Isbad.se","https:\/\/x.com\/IsbadSe","https:\/\/www.instagram.com\/isbad.se","https:\/\/www.tiktok.com\/@isbad.se"]}]}},"_links":{"self":[{"href":"https:\/\/isbad.se\/en\/wp-json\/wp\/v2\/product\/13354","targetHints":{"allow":["GET"]}}],"collection":[{"href":"https:\/\/isbad.se\/en\/wp-json\/wp\/v2\/product"}],"about":[{"href":"https:\/\/isbad.se\/en\/wp-json\/wp\/v2\/types\/product"}],"replies":[{"embeddable":true,"href":"https:\/\/isbad.se\/en\/wp-json\/wp\/v2\/comments?post=13354"}],"version-history":[{"count":9,"href":"https:\/\/isbad.se\/en\/wp-json\/wp\/v2\/product\/13354\/revisions"}],"predecessor-version":[{"id":14966,"href":"https:\/\/isbad.se\/en\/wp-json\/wp\/v2\/product\/13354\/revisions\/14966"}],"wp:featuredmedia":[{"embeddable":true,"href":"https:\/\/isbad.se\/en\/wp-json\/wp\/v2\/media\/13363"}],"wp:attachment":[{"href":"https:\/\/isbad.se\/en\/wp-json\/wp\/v2\/media?parent=13354"}],"wp:term":[{"taxonomy":"product_brand","embeddable":true,"href":"https:\/\/isbad.se\/en\/wp-json\/wp\/v2\/product_brand?post=13354"},{"taxonomy":"product_cat","embeddable":true,"href":"https:\/\/isbad.se\/en\/wp-json\/wp\/v2\/product_cat?post=13354"},{"taxonomy":"product_tag","embeddable":true,"href":"https:\/\/isbad.se\/en\/wp-json\/wp\/v2\/product_tag?post=13354"}],"curies":[{"name":"wp","href":"https:\/\/api.w.org\/{rel}","templated":true}]}}