{"id":12746,"date":"2024-10-09T14:21:58","date_gmt":"2024-10-09T14:21:58","guid":{"rendered":"https:\/\/isbad.se\/?post_type=product&#038;p=12746"},"modified":"2024-11-08T06:57:26","modified_gmt":"2024-11-08T06:57:26","slug":"isbad-ro-filter","status":"publish","type":"product","link":"https:\/\/isbad.se\/en\/product\/isbad-ro-filter\/","title":{"rendered":"Isbad RO filter"},"content":{"rendered":"<div class=\"flex max-w-full flex-col flex-grow\">\n<div class=\"min-h-8 text-message flex w-full flex-col items-end gap-2 whitespace-normal break-words [.text-message+&amp;]:mt-5\" dir=\"auto\" data-message-author-role=\"assistant\" data-message-id=\"f226df84-c462-46b2-b781-05a9ddf749a8\" data-message-model-slug=\"gpt-4o\">\n<div class=\"flex w-full flex-col gap-1 empty:hidden first:pt-[3px]\">\n<div class=\"markdown prose w-full break-words dark:prose-invert light\">\n<p>Isbad RO filter \u00e4r en trestegs RO-enhet designad f\u00f6r att rena vatten och g\u00f6ra det idealiskt f\u00f6r isbad, genom att minska m\u00e4ngden totala uppl\u00f6sta \u00e4mnen (TDS) i kranvatten. Varje RO-filter inneh\u00e5ller ett sediment-, kol- och membranfilter. Med ett vattentryck p\u00e5 65 PSI kan RO-filtret producera upp till cirka 300 liter rent vatten per dygn, vilket ger kristallklart vatten f\u00f6r en optimal isbadsupplevelse. De medf\u00f6ljande slangarna och kopplingarna g\u00f6r installationen enkel och smidig.<\/p>\n<p><strong>PERFEKT VATTEN F\u00d6R ISBAD<\/strong> \u2013 RO-filtret \u00e4r utformat f\u00f6r att rena vatten f\u00f6r ditt isbad och ger upp till 300 liter filtrerat vatten per dag. Genom att ta bort f\u00f6roreningar skapas en renare, fr\u00e4schare isbadsupplevelse.<\/p>\n<\/div>\n<\/div>\n<div class=\"flex w-full flex-col gap-1 empty:hidden first:pt-[3px]\">\n<div class=\"markdown prose w-full break-words dark:prose-invert light\">\n<p><strong>MINSKAR TDS OCH KALK I VATTEN<\/strong> \u2013 Detta RO-system inneh\u00e5ller ett sediment-, kol- och RO-membranfilter som effektivt avl\u00e4gsnar upp till 94 procent av de totala uppl\u00f6sta \u00e4mnena (TDS) i vattnet, inklusive kalk. Detta g\u00f6r vattnet idealiskt f\u00f6r b\u00e5de isbad och integrerade kylaggregat.<\/p>\n<p><strong>MEMBRANFILTRERING<\/strong> \u2013 RO-membranfiltret reducerar orenheter (TDS) fr\u00e5n vattnet ner till en niv\u00e5 p\u00e5 1 av 10 000 av en mikron, vilket minskar arsenik, bly, parasitiska cystor, koppar och kalk, och s\u00e4kerst\u00e4ller ett rent vatten f\u00f6r isbad.<\/p>\n<p><strong>EFFEKTIV BORTTAGNING AV SEDIMENT<\/strong> \u2013 5-mikrons sedimentfiltret f\u00e5ngar upp och reducerar o\u00f6nskade partiklar som sand, slam och rost fr\u00e5n vattnet, vilket p\u00e5verkar b\u00e5de vattenkvaliteten och isbadsupplevelsen.<\/p>\n<p><strong>KOLFILTER REDUCERAR KLOR<\/strong> \u2013 Det andra steget i ditt RO-system \u00e4r ett kolblockfilter som minskar klorinneh\u00e5llet i vattnet och f\u00f6rbereder det innan det n\u00e5r RO-membranfiltret, vilket g\u00f6r att vattnet k\u00e4nns mjukare och renare n\u00e4r du badar.<\/p>\n<p><strong>TILLS\u00c4TT ISBAD SALT F\u00d6R B\u00c4STA EFFEKT<\/strong> \u2013 Eftersom RO-filtret \u00e4ven tar bort magnesium, vilket \u00e4r viktigt f\u00f6r kroppen under ett isbad, rekommenderar vi att du tills\u00e4tter v\u00e5rt <strong>ISBAD Salt<\/strong> efter filtreringen f\u00f6r att \u00e5terf\u00e5 de h\u00e4lsosamma effekterna av magnesium och andra mineraler.<\/p>\n<\/div>\n<\/div>\n<\/div>\n<\/div>\n","protected":false},"excerpt":{"rendered":"<p>The Ice Bath RO Filter is a three-stage RO system that purifies water for ice baths by effectively removing up to 94% of total dissolved solids (TDS), ensuring a clean water for ice baths. With a sediment, carbon and RO membrane filter, it produces up to 300 liters of clean water per day.<\/p>\n<p>The filter removes harmful contaminants such as arsenic, lime, lead, parasites and heavy metals, as well as chlorine, providing a cleaner and fresher ice bathing experience.<\/p>\n<p>Feel free to add <strong>ISBAD Salt<\/strong> after filtration to recover essential for your body minerals like magnesium.<\/p>\n<p>&nbsp;<\/p>\n<div style=\"display: flex; justify-content: center; align-items: center; background-color: #e9e9e9; width: 100%; margin: 0; padding: 10px;\">\n<div style=\"display: flex; align-items: center;\"><img decoding=\"async\" style=\"width: 50px; margin-right: 15px;\" src=\"https:\/\/isbad.se\/wp-content\/uploads\/2024\/05\/fast-delivery.png\" alt=\"Gratis frakt och leverans inom 1-2 dagar\" \/><\/div>\n<div style=\"display: flex; align-items: center; margin-left: 15px;\">\n<p style=\"font-family: Poppins, sans-serif; font-size: 15px; color: #242422; margin: 0;\"><b>Fast<\/b>\u00a0<b>delivery<\/b> within <b>1-3 days <\/b>from <b>stock in Sweden<\/b><\/p>\n<\/div>\n<\/div>","protected":false},"featured_media":12750,"comment_status":"open","ping_status":"closed","template":"","meta":{"_acf_changed":false},"product_brand":[],"product_cat":[25],"product_tag":[238,241,100,242,235,240,243,237,236,90,234,233,244,239],"class_list":{"0":"post-12746","1":"product","2":"type-product","3":"status-publish","4":"has-post-thumbnail","6":"product_cat-tillbehor","7":"product_tag-5-mikrons","8":"product_tag-arsenik","9":"product_tag-filter","10":"product_tag-gifter","11":"product_tag-kalk","12":"product_tag-klor","13":"product_tag-koppar","14":"product_tag-membran","15":"product_tag-partiklar","16":"product_tag-rent-vatten","17":"product_tag-reverse-osmosis","18":"product_tag-ro-filter","19":"product_tag-rost","20":"product_tag-sedimentfilter","22":"first","23":"instock","24":"taxable","25":"shipping-taxable","26":"purchasable","27":"product-type-simple"},"acf":[],"yoast_head":"<!-- This site is optimized with the Yoast SEO plugin v27.5 - https:\/\/yoast.com\/product\/yoast-seo-wordpress\/ -->\n<title>Isbad RO filter &#187; ISBAD<\/title>\n<meta name=\"description\" content=\"Isbad RO-filter renar upp till 300 liter vatten per dag, tar bort kalk och f\u00f6roreningar. Perfekt f\u00f6r isbad och vattenkylande maskiner.\" \/>\n<meta name=\"robots\" content=\"index, follow, max-snippet:-1, max-image-preview:large, max-video-preview:-1\" \/>\n<link rel=\"canonical\" href=\"https:\/\/isbad.se\/en\/product\/isbad-ro-filter\/?wmc-currency=EUR\" \/>\n<meta property=\"og:locale\" content=\"en_US\" \/>\n<meta property=\"og:type\" content=\"article\" \/>\n<meta property=\"og:title\" content=\"Isbad RO filter &#187; ISBAD\" \/>\n<meta property=\"og:description\" content=\"Isbad RO-filter renar upp till 300 liter vatten per dag, tar bort kalk och f\u00f6roreningar. Perfekt f\u00f6r isbad och vattenkylande maskiner.\" \/>\n<meta property=\"og:url\" content=\"https:\/\/isbad.se\/en\/product\/isbad-ro-filter\/?wmc-currency=EUR\" \/>\n<meta property=\"og:site_name\" content=\"ISBAD\" \/>\n<meta property=\"article:publisher\" content=\"https:\/\/www.facebook.com\/Isbad.se\" \/>\n<meta property=\"article:modified_time\" content=\"2024-11-08T06:57:26+00:00\" \/>\n<meta property=\"og:image\" content=\"https:\/\/isbad.se\/wp-content\/uploads\/2024\/10\/RO-filter-for-rent-vatten-1.webp\" \/>\n\t<meta property=\"og:image:width\" content=\"1000\" \/>\n\t<meta property=\"og:image:height\" content=\"1000\" \/>\n\t<meta property=\"og:image:type\" content=\"image\/webp\" \/>\n<meta name=\"twitter:card\" content=\"summary_large_image\" \/>\n<meta name=\"twitter:site\" content=\"@IsbadSe\" \/>\n<meta name=\"twitter:label1\" content=\"Est. reading time\" \/>\n\t<meta name=\"twitter:data1\" content=\"2 minutes\" \/>\n<script type=\"application\/ld+json\" class=\"yoast-schema-graph\">{\"@context\":\"https:\\\/\\\/schema.org\",\"@graph\":[{\"@type\":\"WebPage\",\"@id\":\"https:\\\/\\\/isbad.se\\\/product\\\/isbad-ro-filter\\\/\",\"url\":\"https:\\\/\\\/isbad.se\\\/product\\\/isbad-ro-filter\\\/\",\"name\":\"Isbad RO filter &#187; ISBAD\",\"isPartOf\":{\"@id\":\"https:\\\/\\\/isbad.se\\\/#website\"},\"primaryImageOfPage\":{\"@id\":\"https:\\\/\\\/isbad.se\\\/product\\\/isbad-ro-filter\\\/#primaryimage\"},\"image\":{\"@id\":\"https:\\\/\\\/isbad.se\\\/product\\\/isbad-ro-filter\\\/#primaryimage\"},\"thumbnailUrl\":\"https:\\\/\\\/isbad.se\\\/wp-content\\\/uploads\\\/2024\\\/10\\\/RO-filter-for-rent-vatten-1.webp\",\"datePublished\":\"2024-10-09T14:21:58+00:00\",\"dateModified\":\"2024-11-08T06:57:26+00:00\",\"description\":\"Isbad RO-filter renar upp till 300 liter vatten per dag, tar bort kalk och f\u00f6roreningar. Perfekt f\u00f6r isbad och vattenkylande maskiner.\",\"breadcrumb\":{\"@id\":\"https:\\\/\\\/isbad.se\\\/product\\\/isbad-ro-filter\\\/#breadcrumb\"},\"inLanguage\":\"en-US\",\"potentialAction\":[{\"@type\":\"ReadAction\",\"target\":[\"https:\\\/\\\/isbad.se\\\/product\\\/isbad-ro-filter\\\/\"]}]},{\"@type\":\"ImageObject\",\"inLanguage\":\"en-US\",\"@id\":\"https:\\\/\\\/isbad.se\\\/product\\\/isbad-ro-filter\\\/#primaryimage\",\"url\":\"https:\\\/\\\/isbad.se\\\/wp-content\\\/uploads\\\/2024\\\/10\\\/RO-filter-for-rent-vatten-1.webp\",\"contentUrl\":\"https:\\\/\\\/isbad.se\\\/wp-content\\\/uploads\\\/2024\\\/10\\\/RO-filter-for-rent-vatten-1.webp\",\"width\":1000,\"height\":1000},{\"@type\":\"BreadcrumbList\",\"@id\":\"https:\\\/\\\/isbad.se\\\/product\\\/isbad-ro-filter\\\/#breadcrumb\",\"itemListElement\":[{\"@type\":\"ListItem\",\"position\":1,\"name\":\"Hem\",\"item\":\"https:\\\/\\\/isbad.se\\\/\"},{\"@type\":\"ListItem\",\"position\":2,\"name\":\"Produkter\",\"item\":\"https:\\\/\\\/isbad.se\\\/wc-shopping-page\\\/\"},{\"@type\":\"ListItem\",\"position\":3,\"name\":\"Isbad RO filter\"}]},{\"@type\":\"WebSite\",\"@id\":\"https:\\\/\\\/isbad.se\\\/#website\",\"url\":\"https:\\\/\\\/isbad.se\\\/\",\"name\":\"ISBAD.se\",\"description\":\"Bada ISBAD hemma!\",\"publisher\":{\"@id\":\"https:\\\/\\\/isbad.se\\\/#organization\"},\"alternateName\":\"ISBAD f\u00f6r Gladare och friskare Sverige\",\"potentialAction\":[{\"@type\":\"SearchAction\",\"target\":{\"@type\":\"EntryPoint\",\"urlTemplate\":\"https:\\\/\\\/isbad.se\\\/?s={search_term_string}\"},\"query-input\":{\"@type\":\"PropertyValueSpecification\",\"valueRequired\":true,\"valueName\":\"search_term_string\"}}],\"inLanguage\":\"en-US\"},{\"@type\":\"Organization\",\"@id\":\"https:\\\/\\\/isbad.se\\\/#organization\",\"name\":\"ISBAD\",\"url\":\"https:\\\/\\\/isbad.se\\\/\",\"logo\":{\"@type\":\"ImageObject\",\"inLanguage\":\"en-US\",\"@id\":\"https:\\\/\\\/isbad.se\\\/#\\\/schema\\\/logo\\\/image\\\/\",\"url\":\"https:\\\/\\\/isbad.se\\\/wp-content\\\/uploads\\\/2024\\\/04\\\/isbad_logo_vector_98_black_242422.png\",\"contentUrl\":\"https:\\\/\\\/isbad.se\\\/wp-content\\\/uploads\\\/2024\\\/04\\\/isbad_logo_vector_98_black_242422.png\",\"width\":2458,\"height\":634,\"caption\":\"ISBAD\"},\"image\":{\"@id\":\"https:\\\/\\\/isbad.se\\\/#\\\/schema\\\/logo\\\/image\\\/\"},\"sameAs\":[\"https:\\\/\\\/www.facebook.com\\\/Isbad.se\",\"https:\\\/\\\/x.com\\\/IsbadSe\",\"https:\\\/\\\/www.instagram.com\\\/isbad.se\",\"https:\\\/\\\/www.tiktok.com\\\/@isbad.se\"]}]}<\/script>\n<!-- \/ Yoast SEO plugin. -->","yoast_head_json":{"title":"Isbad RO filter &#187; ISBAD","description":"Isbad RO-filter renar upp till 300 liter vatten per dag, tar bort kalk och f\u00f6roreningar. Perfekt f\u00f6r isbad och vattenkylande maskiner.","robots":{"index":"index","follow":"follow","max-snippet":"max-snippet:-1","max-image-preview":"max-image-preview:large","max-video-preview":"max-video-preview:-1"},"canonical":"https:\/\/isbad.se\/en\/product\/isbad-ro-filter\/?wmc-currency=EUR","og_locale":"en_US","og_type":"article","og_title":"Isbad RO filter &#187; ISBAD","og_description":"Isbad RO-filter renar upp till 300 liter vatten per dag, tar bort kalk och f\u00f6roreningar. Perfekt f\u00f6r isbad och vattenkylande maskiner.","og_url":"https:\/\/isbad.se\/en\/product\/isbad-ro-filter\/?wmc-currency=EUR","og_site_name":"ISBAD","article_publisher":"https:\/\/www.facebook.com\/Isbad.se","article_modified_time":"2024-11-08T06:57:26+00:00","og_image":[{"width":1000,"height":1000,"url":"https:\/\/isbad.se\/wp-content\/uploads\/2024\/10\/RO-filter-for-rent-vatten-1.webp","type":"image\/webp"}],"twitter_card":"summary_large_image","twitter_site":"@IsbadSe","twitter_misc":{"Est. reading time":"2 minutes"},"schema":{"@context":"https:\/\/schema.org","@graph":[{"@type":"WebPage","@id":"https:\/\/isbad.se\/product\/isbad-ro-filter\/","url":"https:\/\/isbad.se\/product\/isbad-ro-filter\/","name":"Isbad RO filter &#187; ISBAD","isPartOf":{"@id":"https:\/\/isbad.se\/#website"},"primaryImageOfPage":{"@id":"https:\/\/isbad.se\/product\/isbad-ro-filter\/#primaryimage"},"image":{"@id":"https:\/\/isbad.se\/product\/isbad-ro-filter\/#primaryimage"},"thumbnailUrl":"https:\/\/isbad.se\/wp-content\/uploads\/2024\/10\/RO-filter-for-rent-vatten-1.webp","datePublished":"2024-10-09T14:21:58+00:00","dateModified":"2024-11-08T06:57:26+00:00","description":"Isbad RO-filter renar upp till 300 liter vatten per dag, tar bort kalk och f\u00f6roreningar. Perfekt f\u00f6r isbad och vattenkylande maskiner.","breadcrumb":{"@id":"https:\/\/isbad.se\/product\/isbad-ro-filter\/#breadcrumb"},"inLanguage":"en-US","potentialAction":[{"@type":"ReadAction","target":["https:\/\/isbad.se\/product\/isbad-ro-filter\/"]}]},{"@type":"ImageObject","inLanguage":"en-US","@id":"https:\/\/isbad.se\/product\/isbad-ro-filter\/#primaryimage","url":"https:\/\/isbad.se\/wp-content\/uploads\/2024\/10\/RO-filter-for-rent-vatten-1.webp","contentUrl":"https:\/\/isbad.se\/wp-content\/uploads\/2024\/10\/RO-filter-for-rent-vatten-1.webp","width":1000,"height":1000},{"@type":"BreadcrumbList","@id":"https:\/\/isbad.se\/product\/isbad-ro-filter\/#breadcrumb","itemListElement":[{"@type":"ListItem","position":1,"name":"Hem","item":"https:\/\/isbad.se\/"},{"@type":"ListItem","position":2,"name":"Produkter","item":"https:\/\/isbad.se\/wc-shopping-page\/"},{"@type":"ListItem","position":3,"name":"Isbad RO filter"}]},{"@type":"WebSite","@id":"https:\/\/isbad.se\/#website","url":"https:\/\/isbad.se\/","name":"ISBAD.se","description":"Bada ISBAD hemma!","publisher":{"@id":"https:\/\/isbad.se\/#organization"},"alternateName":"ISBAD f\u00f6r Gladare och friskare Sverige","potentialAction":[{"@type":"SearchAction","target":{"@type":"EntryPoint","urlTemplate":"https:\/\/isbad.se\/?s={search_term_string}"},"query-input":{"@type":"PropertyValueSpecification","valueRequired":true,"valueName":"search_term_string"}}],"inLanguage":"en-US"},{"@type":"Organization","@id":"https:\/\/isbad.se\/#organization","name":"ICE BATH","url":"https:\/\/isbad.se\/","logo":{"@type":"ImageObject","inLanguage":"en-US","@id":"https:\/\/isbad.se\/#\/schema\/logo\/image\/","url":"https:\/\/isbad.se\/wp-content\/uploads\/2024\/04\/isbad_logo_vector_98_black_242422.png","contentUrl":"https:\/\/isbad.se\/wp-content\/uploads\/2024\/04\/isbad_logo_vector_98_black_242422.png","width":2458,"height":634,"caption":"ISBAD"},"image":{"@id":"https:\/\/isbad.se\/#\/schema\/logo\/image\/"},"sameAs":["https:\/\/www.facebook.com\/Isbad.se","https:\/\/x.com\/IsbadSe","https:\/\/www.instagram.com\/isbad.se","https:\/\/www.tiktok.com\/@isbad.se"]}]}},"_links":{"self":[{"href":"https:\/\/isbad.se\/en\/wp-json\/wp\/v2\/product\/12746","targetHints":{"allow":["GET"]}}],"collection":[{"href":"https:\/\/isbad.se\/en\/wp-json\/wp\/v2\/product"}],"about":[{"href":"https:\/\/isbad.se\/en\/wp-json\/wp\/v2\/types\/product"}],"replies":[{"embeddable":true,"href":"https:\/\/isbad.se\/en\/wp-json\/wp\/v2\/comments?post=12746"}],"version-history":[{"count":0,"href":"https:\/\/isbad.se\/en\/wp-json\/wp\/v2\/product\/12746\/revisions"}],"wp:featuredmedia":[{"embeddable":true,"href":"https:\/\/isbad.se\/en\/wp-json\/wp\/v2\/media\/12750"}],"wp:attachment":[{"href":"https:\/\/isbad.se\/en\/wp-json\/wp\/v2\/media?parent=12746"}],"wp:term":[{"taxonomy":"product_brand","embeddable":true,"href":"https:\/\/isbad.se\/en\/wp-json\/wp\/v2\/product_brand?post=12746"},{"taxonomy":"product_cat","embeddable":true,"href":"https:\/\/isbad.se\/en\/wp-json\/wp\/v2\/product_cat?post=12746"},{"taxonomy":"product_tag","embeddable":true,"href":"https:\/\/isbad.se\/en\/wp-json\/wp\/v2\/product_tag?post=12746"}],"curies":[{"name":"wp","href":"https:\/\/api.w.org\/{rel}","templated":true}]}}