{"id":12350,"date":"2024-10-03T14:13:51","date_gmt":"2024-10-03T14:13:51","guid":{"rendered":"https:\/\/isbad.se\/?post_type=product&#038;p=12350"},"modified":"2025-06-17T11:06:45","modified_gmt":"2025-06-17T11:06:45","slug":"isbad-matta-for-ombyte","status":"publish","type":"product","link":"https:\/\/isbad.se\/en\/product\/isbad-matta-for-ombyte\/","title":{"rendered":"Isbad Mat for Changing"},"content":{"rendered":"<p>The Ice Bath Mat for Changing is the perfect solution for anyone who loves to swim, whatever the season. It is designed to make changing after an ice bath or a day at the beach both easy and comfortable. With its innovative design, it acts as a protective surface that prevents you from getting your feet or clothes dirty when changing.<\/p>\n<p>The mat's round shape and durable materials make it ideal for outdoor use. Stand confidently on the mat while you change, then simply pull the strings together to turn it into a handy bag for your wet swimwear. Whether you're at the beach on hot summer days or heading out for a refreshing winter swim, the Ice Bath Changing Mat is the perfect accessory.<\/p>\n<p>Its compact design means you can easily pack it in your bag and take it anywhere. The mat is also easy to clean and dry, making it a practical and hygienic option for all your bathing adventures. Perfect for individuals and families alike, the Ice Bath Changing Mat combines functionality with style, giving you the freedom to enjoy the water without worry.<\/p>\n<p>Whether you are an experienced winter swimmer or just want to enjoy a relaxing day at the beach, the Ice Bath Mat for Changing will be your faithful companion. Give yourself the comfort and style you deserve when changing, whatever the weather or location!<\/p>\n<p><strong>THE SIZE OF THE MAT:<\/strong> 130 cm in diameter<br \/>\n<strong>COLOR:<\/strong> Black<\/p>","protected":false},"excerpt":{"rendered":"<p><strong>THE SIZE OF THE MAT:<\/strong> 130 cm in diameter<br \/>\n<strong>FEATURES:<\/strong> Water resistant and comfortable<br \/>\n<strong>COLOR:<\/strong> Black<\/p>\n<p>The Ice Bath Changing Mat makes it easy and convenient to change after an ice bath without getting your feet or clothes dirty. The round mat acts as both a protective surface and a bag - stand on it when changing, then pull the strings together and use it as a handy bag for your wet swimwear. Perfect for outdoor use and easy to carry thanks to its compact design.<\/p>\n<p>&nbsp;<\/p>\n<div style=\"display: flex; justify-content: center; align-items: center; background-color: #e9e9e9; width: 100%; margin: 0; padding: 10px;\">\n<div style=\"display: flex; align-items: center;\"><img decoding=\"async\" style=\"width: 50px; margin-right: 15px;\" src=\"https:\/\/isbad.se\/wp-content\/uploads\/2024\/05\/fast-delivery.png\" alt=\"Gratis frakt och leverans inom 1-2 dagar\" \/><\/div>\n<div style=\"display: flex; align-items: center; margin-left: 15px;\">\n<p style=\"font-family: Poppins, sans-serif; font-size: 15px; color: #242422; margin: 0;\"><b>Fast<\/b>\u00a0<b>delivery<\/b> within <b>1-3 days <\/b>from <b>stock in Sweden<\/b><\/p>\n<\/div>\n<\/div>","protected":false},"featured_media":12354,"comment_status":"open","ping_status":"closed","template":"","meta":{"_acf_changed":false},"product_brand":[],"product_cat":[25],"product_tag":[230,225,226,231,41,48,224,228,227,148,229,49],"class_list":{"0":"post-12350","1":"product","2":"type-product","3":"status-publish","4":"has-post-thumbnail","6":"product_cat-tillbehor","7":"product_tag-bad-och-ombyte","8":"product_tag-badutrustning","9":"product_tag-campingmatta","10":"product_tag-dykning","11":"product_tag-isbad","12":"product_tag-kallbad","13":"product_tag-ombytesmatta","14":"product_tag-praktisk-vaska","15":"product_tag-skyddande-matta","16":"product_tag-vattensport","17":"product_tag-vattentalig","18":"product_tag-vinterbad","20":"first","21":"instock","22":"taxable","23":"shipping-taxable","24":"purchasable","25":"product-type-simple"},"acf":[],"yoast_head":"<!-- This site is optimized with the Yoast SEO plugin v27.5 - https:\/\/yoast.com\/product\/yoast-seo-wordpress\/ -->\n<title>Isbad Matta f\u00f6r Ombyte &#187; ISBAD<\/title>\n<meta name=\"description\" content=\"Isbad Matta f\u00f6r Ombyte - byt om bekv\u00e4mt efter isbad utan att smutsa ner. Skyddande matta som \u00e4ven kan anv\u00e4ndas som v\u00e4ska f\u00f6r v\u00e5ta kl\u00e4der.\" \/>\n<meta name=\"robots\" content=\"index, follow, max-snippet:-1, max-image-preview:large, max-video-preview:-1\" \/>\n<link rel=\"canonical\" href=\"https:\/\/isbad.se\/en\/product\/isbad-matta-for-ombyte\/?wmc-currency=EUR\" \/>\n<meta property=\"og:locale\" content=\"en_US\" \/>\n<meta property=\"og:type\" content=\"article\" \/>\n<meta property=\"og:title\" content=\"Isbad Matta f\u00f6r Ombyte &#187; ISBAD\" \/>\n<meta property=\"og:description\" content=\"Isbad Matta f\u00f6r Ombyte - byt om bekv\u00e4mt efter isbad utan att smutsa ner. Skyddande matta som \u00e4ven kan anv\u00e4ndas som v\u00e4ska f\u00f6r v\u00e5ta kl\u00e4der.\" \/>\n<meta property=\"og:url\" content=\"https:\/\/isbad.se\/en\/product\/isbad-matta-for-ombyte\/?wmc-currency=EUR\" \/>\n<meta property=\"og:site_name\" content=\"ISBAD\" \/>\n<meta property=\"article:publisher\" content=\"https:\/\/www.facebook.com\/Isbad.se\" \/>\n<meta property=\"article:modified_time\" content=\"2025-06-17T11:06:45+00:00\" \/>\n<meta property=\"og:image\" content=\"https:\/\/isbad.se\/wp-content\/uploads\/2024\/10\/ISBAD-Matta-for-Ombyte.webp\" \/>\n\t<meta property=\"og:image:width\" content=\"1000\" \/>\n\t<meta property=\"og:image:height\" content=\"1000\" \/>\n\t<meta property=\"og:image:type\" content=\"image\/webp\" \/>\n<meta name=\"twitter:card\" content=\"summary_large_image\" \/>\n<meta name=\"twitter:site\" content=\"@IsbadSe\" \/>\n<meta name=\"twitter:label1\" content=\"Est. reading time\" \/>\n\t<meta name=\"twitter:data1\" content=\"2 minutes\" \/>\n<script type=\"application\/ld+json\" class=\"yoast-schema-graph\">{\"@context\":\"https:\\\/\\\/schema.org\",\"@graph\":[{\"@type\":\"WebPage\",\"@id\":\"https:\\\/\\\/isbad.se\\\/product\\\/isbad-matta-for-ombyte\\\/\",\"url\":\"https:\\\/\\\/isbad.se\\\/product\\\/isbad-matta-for-ombyte\\\/\",\"name\":\"Isbad Matta f\u00f6r Ombyte &#187; ISBAD\",\"isPartOf\":{\"@id\":\"https:\\\/\\\/isbad.se\\\/#website\"},\"primaryImageOfPage\":{\"@id\":\"https:\\\/\\\/isbad.se\\\/product\\\/isbad-matta-for-ombyte\\\/#primaryimage\"},\"image\":{\"@id\":\"https:\\\/\\\/isbad.se\\\/product\\\/isbad-matta-for-ombyte\\\/#primaryimage\"},\"thumbnailUrl\":\"https:\\\/\\\/isbad.se\\\/wp-content\\\/uploads\\\/2024\\\/10\\\/ISBAD-Matta-for-Ombyte.webp\",\"datePublished\":\"2024-10-03T14:13:51+00:00\",\"dateModified\":\"2025-06-17T11:06:45+00:00\",\"description\":\"Isbad Matta f\u00f6r Ombyte - byt om bekv\u00e4mt efter isbad utan att smutsa ner. Skyddande matta som \u00e4ven kan anv\u00e4ndas som v\u00e4ska f\u00f6r v\u00e5ta kl\u00e4der.\",\"breadcrumb\":{\"@id\":\"https:\\\/\\\/isbad.se\\\/product\\\/isbad-matta-for-ombyte\\\/#breadcrumb\"},\"inLanguage\":\"en-US\",\"potentialAction\":[{\"@type\":\"ReadAction\",\"target\":[\"https:\\\/\\\/isbad.se\\\/product\\\/isbad-matta-for-ombyte\\\/\"]}]},{\"@type\":\"ImageObject\",\"inLanguage\":\"en-US\",\"@id\":\"https:\\\/\\\/isbad.se\\\/product\\\/isbad-matta-for-ombyte\\\/#primaryimage\",\"url\":\"https:\\\/\\\/isbad.se\\\/wp-content\\\/uploads\\\/2024\\\/10\\\/ISBAD-Matta-for-Ombyte.webp\",\"contentUrl\":\"https:\\\/\\\/isbad.se\\\/wp-content\\\/uploads\\\/2024\\\/10\\\/ISBAD-Matta-for-Ombyte.webp\",\"width\":1000,\"height\":1000},{\"@type\":\"BreadcrumbList\",\"@id\":\"https:\\\/\\\/isbad.se\\\/product\\\/isbad-matta-for-ombyte\\\/#breadcrumb\",\"itemListElement\":[{\"@type\":\"ListItem\",\"position\":1,\"name\":\"Hem\",\"item\":\"https:\\\/\\\/isbad.se\\\/\"},{\"@type\":\"ListItem\",\"position\":2,\"name\":\"Produkter\",\"item\":\"https:\\\/\\\/isbad.se\\\/wc-shopping-page\\\/\"},{\"@type\":\"ListItem\",\"position\":3,\"name\":\"Isbad Matta f\u00f6r Ombyte\"}]},{\"@type\":\"WebSite\",\"@id\":\"https:\\\/\\\/isbad.se\\\/#website\",\"url\":\"https:\\\/\\\/isbad.se\\\/\",\"name\":\"ISBAD.se\",\"description\":\"Bada ISBAD hemma!\",\"publisher\":{\"@id\":\"https:\\\/\\\/isbad.se\\\/#organization\"},\"alternateName\":\"ISBAD f\u00f6r Gladare och friskare Sverige\",\"potentialAction\":[{\"@type\":\"SearchAction\",\"target\":{\"@type\":\"EntryPoint\",\"urlTemplate\":\"https:\\\/\\\/isbad.se\\\/?s={search_term_string}\"},\"query-input\":{\"@type\":\"PropertyValueSpecification\",\"valueRequired\":true,\"valueName\":\"search_term_string\"}}],\"inLanguage\":\"en-US\"},{\"@type\":\"Organization\",\"@id\":\"https:\\\/\\\/isbad.se\\\/#organization\",\"name\":\"ISBAD\",\"url\":\"https:\\\/\\\/isbad.se\\\/\",\"logo\":{\"@type\":\"ImageObject\",\"inLanguage\":\"en-US\",\"@id\":\"https:\\\/\\\/isbad.se\\\/#\\\/schema\\\/logo\\\/image\\\/\",\"url\":\"https:\\\/\\\/isbad.se\\\/wp-content\\\/uploads\\\/2024\\\/04\\\/isbad_logo_vector_98_black_242422.png\",\"contentUrl\":\"https:\\\/\\\/isbad.se\\\/wp-content\\\/uploads\\\/2024\\\/04\\\/isbad_logo_vector_98_black_242422.png\",\"width\":2458,\"height\":634,\"caption\":\"ISBAD\"},\"image\":{\"@id\":\"https:\\\/\\\/isbad.se\\\/#\\\/schema\\\/logo\\\/image\\\/\"},\"sameAs\":[\"https:\\\/\\\/www.facebook.com\\\/Isbad.se\",\"https:\\\/\\\/x.com\\\/IsbadSe\",\"https:\\\/\\\/www.instagram.com\\\/isbad.se\",\"https:\\\/\\\/www.tiktok.com\\\/@isbad.se\"]}]}<\/script>\n<!-- \/ Yoast SEO plugin. -->","yoast_head_json":{"title":"Isbad Matta f\u00f6r Ombyte &#187; ISBAD","description":"Isbad Matta f\u00f6r Ombyte - byt om bekv\u00e4mt efter isbad utan att smutsa ner. Skyddande matta som \u00e4ven kan anv\u00e4ndas som v\u00e4ska f\u00f6r v\u00e5ta kl\u00e4der.","robots":{"index":"index","follow":"follow","max-snippet":"max-snippet:-1","max-image-preview":"max-image-preview:large","max-video-preview":"max-video-preview:-1"},"canonical":"https:\/\/isbad.se\/en\/product\/isbad-matta-for-ombyte\/?wmc-currency=EUR","og_locale":"en_US","og_type":"article","og_title":"Isbad Matta f\u00f6r Ombyte &#187; ISBAD","og_description":"Isbad Matta f\u00f6r Ombyte - byt om bekv\u00e4mt efter isbad utan att smutsa ner. Skyddande matta som \u00e4ven kan anv\u00e4ndas som v\u00e4ska f\u00f6r v\u00e5ta kl\u00e4der.","og_url":"https:\/\/isbad.se\/en\/product\/isbad-matta-for-ombyte\/?wmc-currency=EUR","og_site_name":"ISBAD","article_publisher":"https:\/\/www.facebook.com\/Isbad.se","article_modified_time":"2025-06-17T11:06:45+00:00","og_image":[{"width":1000,"height":1000,"url":"https:\/\/isbad.se\/wp-content\/uploads\/2024\/10\/ISBAD-Matta-for-Ombyte.webp","type":"image\/webp"}],"twitter_card":"summary_large_image","twitter_site":"@IsbadSe","twitter_misc":{"Est. reading time":"2 minutes"},"schema":{"@context":"https:\/\/schema.org","@graph":[{"@type":"WebPage","@id":"https:\/\/isbad.se\/product\/isbad-matta-for-ombyte\/","url":"https:\/\/isbad.se\/product\/isbad-matta-for-ombyte\/","name":"Isbad Matta f\u00f6r Ombyte &#187; ISBAD","isPartOf":{"@id":"https:\/\/isbad.se\/#website"},"primaryImageOfPage":{"@id":"https:\/\/isbad.se\/product\/isbad-matta-for-ombyte\/#primaryimage"},"image":{"@id":"https:\/\/isbad.se\/product\/isbad-matta-for-ombyte\/#primaryimage"},"thumbnailUrl":"https:\/\/isbad.se\/wp-content\/uploads\/2024\/10\/ISBAD-Matta-for-Ombyte.webp","datePublished":"2024-10-03T14:13:51+00:00","dateModified":"2025-06-17T11:06:45+00:00","description":"Isbad Matta f\u00f6r Ombyte - byt om bekv\u00e4mt efter isbad utan att smutsa ner. Skyddande matta som \u00e4ven kan anv\u00e4ndas som v\u00e4ska f\u00f6r v\u00e5ta kl\u00e4der.","breadcrumb":{"@id":"https:\/\/isbad.se\/product\/isbad-matta-for-ombyte\/#breadcrumb"},"inLanguage":"en-US","potentialAction":[{"@type":"ReadAction","target":["https:\/\/isbad.se\/product\/isbad-matta-for-ombyte\/"]}]},{"@type":"ImageObject","inLanguage":"en-US","@id":"https:\/\/isbad.se\/product\/isbad-matta-for-ombyte\/#primaryimage","url":"https:\/\/isbad.se\/wp-content\/uploads\/2024\/10\/ISBAD-Matta-for-Ombyte.webp","contentUrl":"https:\/\/isbad.se\/wp-content\/uploads\/2024\/10\/ISBAD-Matta-for-Ombyte.webp","width":1000,"height":1000},{"@type":"BreadcrumbList","@id":"https:\/\/isbad.se\/product\/isbad-matta-for-ombyte\/#breadcrumb","itemListElement":[{"@type":"ListItem","position":1,"name":"Hem","item":"https:\/\/isbad.se\/"},{"@type":"ListItem","position":2,"name":"Produkter","item":"https:\/\/isbad.se\/wc-shopping-page\/"},{"@type":"ListItem","position":3,"name":"Isbad Matta f\u00f6r Ombyte"}]},{"@type":"WebSite","@id":"https:\/\/isbad.se\/#website","url":"https:\/\/isbad.se\/","name":"ISBAD.se","description":"Bada ISBAD hemma!","publisher":{"@id":"https:\/\/isbad.se\/#organization"},"alternateName":"ISBAD f\u00f6r Gladare och friskare Sverige","potentialAction":[{"@type":"SearchAction","target":{"@type":"EntryPoint","urlTemplate":"https:\/\/isbad.se\/?s={search_term_string}"},"query-input":{"@type":"PropertyValueSpecification","valueRequired":true,"valueName":"search_term_string"}}],"inLanguage":"en-US"},{"@type":"Organization","@id":"https:\/\/isbad.se\/#organization","name":"ICE BATH","url":"https:\/\/isbad.se\/","logo":{"@type":"ImageObject","inLanguage":"en-US","@id":"https:\/\/isbad.se\/#\/schema\/logo\/image\/","url":"https:\/\/isbad.se\/wp-content\/uploads\/2024\/04\/isbad_logo_vector_98_black_242422.png","contentUrl":"https:\/\/isbad.se\/wp-content\/uploads\/2024\/04\/isbad_logo_vector_98_black_242422.png","width":2458,"height":634,"caption":"ISBAD"},"image":{"@id":"https:\/\/isbad.se\/#\/schema\/logo\/image\/"},"sameAs":["https:\/\/www.facebook.com\/Isbad.se","https:\/\/x.com\/IsbadSe","https:\/\/www.instagram.com\/isbad.se","https:\/\/www.tiktok.com\/@isbad.se"]}]}},"_links":{"self":[{"href":"https:\/\/isbad.se\/en\/wp-json\/wp\/v2\/product\/12350","targetHints":{"allow":["GET"]}}],"collection":[{"href":"https:\/\/isbad.se\/en\/wp-json\/wp\/v2\/product"}],"about":[{"href":"https:\/\/isbad.se\/en\/wp-json\/wp\/v2\/types\/product"}],"replies":[{"embeddable":true,"href":"https:\/\/isbad.se\/en\/wp-json\/wp\/v2\/comments?post=12350"}],"version-history":[{"count":1,"href":"https:\/\/isbad.se\/en\/wp-json\/wp\/v2\/product\/12350\/revisions"}],"predecessor-version":[{"id":14462,"href":"https:\/\/isbad.se\/en\/wp-json\/wp\/v2\/product\/12350\/revisions\/14462"}],"wp:featuredmedia":[{"embeddable":true,"href":"https:\/\/isbad.se\/en\/wp-json\/wp\/v2\/media\/12354"}],"wp:attachment":[{"href":"https:\/\/isbad.se\/en\/wp-json\/wp\/v2\/media?parent=12350"}],"wp:term":[{"taxonomy":"product_brand","embeddable":true,"href":"https:\/\/isbad.se\/en\/wp-json\/wp\/v2\/product_brand?post=12350"},{"taxonomy":"product_cat","embeddable":true,"href":"https:\/\/isbad.se\/en\/wp-json\/wp\/v2\/product_cat?post=12350"},{"taxonomy":"product_tag","embeddable":true,"href":"https:\/\/isbad.se\/en\/wp-json\/wp\/v2\/product_tag?post=12350"}],"curies":[{"name":"wp","href":"https:\/\/api.w.org\/{rel}","templated":true}]}}