{"id":11376,"date":"2024-09-17T14:35:50","date_gmt":"2024-09-17T14:35:50","guid":{"rendered":"https:\/\/isbad.se\/?post_type=product&#038;p=11376"},"modified":"2026-03-30T16:19:12","modified_gmt":"2026-03-30T16:19:12","slug":"adapter-for-slang","status":"publish","type":"product","link":"https:\/\/isbad.se\/en\/product\/adapter-for-slang\/","title":{"rendered":"Adapter for Hose"},"content":{"rendered":"<p><strong>Hose to faucet adapter - Easy connection for filling and emptying ice bath tubs<\/strong><\/p>\n<p>This adapter is designed to easily connect a hose to the tap of your ice bath barrel, both for filling water and for emptying. Perfect for both <strong>premium,<\/strong>\u00a0<strong>lyxtunnor <\/strong>and <strong>basic<\/strong>The threaded side of the adapter attaches securely to the faucet, while the other side allows you to quickly and easily thread on a hose.<\/p>\n<p><strong><img decoding=\"async\" class=\"alignnone wp-image-10247\" src=\"https:\/\/isbad.se\/wp-content\/uploads\/2024\/05\/6785425-300x300.png\" sizes=\"(max-width: 15px) 100vw, 15px\" srcset=\"https:\/\/isbad.se\/wp-content\/uploads\/2024\/05\/6785425-300x300.png 300w, https:\/\/isbad.se\/wp-content\/uploads\/2024\/05\/6785425-150x150.png 150w, https:\/\/isbad.se\/wp-content\/uploads\/2024\/05\/6785425-100x100.png 100w, https:\/\/isbad.se\/wp-content\/uploads\/2024\/05\/6785425.png 512w\" alt=\"\" width=\"15\" height=\"15\" \/> Threaded connection (20 mm):<\/strong> Fits perfectly on the tap for easy filling and emptying.<br \/>\n<strong><img decoding=\"async\" class=\"alignnone wp-image-10247\" src=\"https:\/\/isbad.se\/wp-content\/uploads\/2024\/05\/6785425-300x300.png\" sizes=\"(max-width: 15px) 100vw, 15px\" srcset=\"https:\/\/isbad.se\/wp-content\/uploads\/2024\/05\/6785425-300x300.png 300w, https:\/\/isbad.se\/wp-content\/uploads\/2024\/05\/6785425-150x150.png 150w, https:\/\/isbad.se\/wp-content\/uploads\/2024\/05\/6785425-100x100.png 100w, https:\/\/isbad.se\/wp-content\/uploads\/2024\/05\/6785425.png 512w\" alt=\"\" width=\"15\" height=\"15\" \/> <\/strong><strong>Hose connection (15\/19 mm):<\/strong> Easy to thread on, providing a tight and secure connection.<br \/>\n<strong><img decoding=\"async\" class=\"alignnone wp-image-10247\" src=\"https:\/\/isbad.se\/wp-content\/uploads\/2024\/05\/6785425-300x300.png\" sizes=\"(max-width: 15px) 100vw, 15px\" srcset=\"https:\/\/isbad.se\/wp-content\/uploads\/2024\/05\/6785425-300x300.png 300w, https:\/\/isbad.se\/wp-content\/uploads\/2024\/05\/6785425-150x150.png 150w, https:\/\/isbad.se\/wp-content\/uploads\/2024\/05\/6785425-100x100.png 100w, https:\/\/isbad.se\/wp-content\/uploads\/2024\/05\/6785425.png 512w\" alt=\"\" width=\"15\" height=\"15\" \/> <\/strong><strong>Total length: 49 mm<\/strong> - Compact and efficient design for a smooth connection.<\/p>\n<p>Use it to quickly refill your ice bath tub or easily drain the water after use. Attach the hose, open the tap, and handle the water with minimal effort.<\/p>\n<p><strong>Make both filling and emptying easy with our hose connection adapter!<\/strong><\/p>","protected":false},"excerpt":{"rendered":"<p><strong>FITS:<\/strong> <a href=\"https:\/\/isbad.se\/en\/product\/isbad-tunna-premium\/?wmc-currency=EUR\">ISBAD Premium<\/a> \/ <a href=\"https:\/\/isbad.se\/en\/product\/isbad-tunna-lyx\/?wmc-currency=EUR\">ISBAD Lyx<\/a> \/ <a href=\"https:\/\/isbad.se\/en\/product\/isbad-tunna-basic\/?wmc-currency=EUR\">ISBAD Basic<\/a><\/p>\n<p>Hose to faucet adapter makes it easy to fill and empty ice bath tubs <strong>PREMIUM, LYX<\/strong> and <strong>BASIC<\/strong>. With a threaded connection (20 mm) and hose connection (15 or 19 mm), it ensures a tight and secure connection. The compact design of the adapter (49 mm) makes handling easy and efficient. Ideal for quick and easy water changes.<\/p>\n<p>Make both filling and emptying your ISBAD easy with our hose connection adapter!<\/p>\n<p>&nbsp;<\/p>\n<div style=\"display: flex; justify-content: center; align-items: center; background-color: #e9e9e9; width: 100%; margin: 0; padding: 10px;\">\n<div style=\"display: flex; align-items: center;\"><img decoding=\"async\" style=\"width: 50px; margin-right: 15px;\" src=\"https:\/\/isbad.se\/wp-content\/uploads\/2024\/05\/fast-delivery.png\" alt=\"Gratis frakt och leverans inom 1-2 dagar\" \/><\/div>\n<div style=\"display: flex; align-items: center; margin-left: 15px;\">\n<p style=\"font-family: Poppins, sans-serif; font-size: 15px; color: #242422; margin: 0;\"><b>Fast<\/b>\u00a0<b>delivery<\/b> within <b>1-3 days <\/b>from <b>stock in Sweden<\/b><\/p>\n<\/div>\n<\/div>","protected":false},"featured_media":11383,"comment_status":"open","ping_status":"closed","template":"","meta":{"_acf_changed":false},"product_brand":[],"product_cat":[25],"product_tag":[161,162,157,88,126,41,160,159,158,156,87],"class_list":{"0":"post-11376","1":"product","2":"type-product","3":"status-publish","4":"has-post-thumbnail","6":"product_cat-tillbehor","7":"product_tag-15mm","8":"product_tag-19mm","9":"product_tag-adapter","10":"product_tag-aterhamtning","11":"product_tag-halsa","12":"product_tag-isbad","13":"product_tag-koppling","14":"product_tag-slang","15":"product_tag-slangadapter","16":"product_tag-tappkran","17":"product_tag-traning","19":"first","20":"instock","21":"taxable","22":"shipping-taxable","23":"purchasable","24":"product-type-variable"},"acf":[],"yoast_head":"<!-- This site is optimized with the Yoast SEO plugin v27.4 - https:\/\/yoast.com\/product\/yoast-seo-wordpress\/ -->\n<title>Adapter f\u00f6r slang &#187; ISBAD<\/title>\n<meta name=\"description\" content=\"Adapter f\u00f6r slang till tappkran g\u00f6r det enkelt att fylla och t\u00f6mma PREMIUM- och LYX-isbadstunnor. Kompakt design, s\u00e4ker anslutning (20 mm\/15-19 mm)\" \/>\n<meta name=\"robots\" content=\"index, follow, max-snippet:-1, max-image-preview:large, max-video-preview:-1\" \/>\n<link rel=\"canonical\" href=\"https:\/\/isbad.se\/en\/product\/adapter-for-slang\/?wmc-currency=EUR\" \/>\n<meta property=\"og:locale\" content=\"en_US\" \/>\n<meta property=\"og:type\" content=\"article\" \/>\n<meta property=\"og:title\" content=\"Adapter f\u00f6r slang &#187; ISBAD\" \/>\n<meta property=\"og:description\" content=\"Adapter f\u00f6r slang till tappkran g\u00f6r det enkelt att fylla och t\u00f6mma PREMIUM- och LYX-isbadstunnor. Kompakt design, s\u00e4ker anslutning (20 mm\/15-19 mm)\" \/>\n<meta property=\"og:url\" content=\"https:\/\/isbad.se\/en\/product\/adapter-for-slang\/?wmc-currency=EUR\" \/>\n<meta property=\"og:site_name\" content=\"ISBAD\" \/>\n<meta property=\"article:publisher\" content=\"https:\/\/www.facebook.com\/Isbad.se\" \/>\n<meta property=\"article:modified_time\" content=\"2026-03-30T16:19:12+00:00\" \/>\n<meta property=\"og:image\" content=\"https:\/\/isbad.se\/wp-content\/uploads\/2024\/09\/adapter-for-slang.webp\" \/>\n\t<meta property=\"og:image:width\" content=\"1000\" \/>\n\t<meta property=\"og:image:height\" content=\"1000\" \/>\n\t<meta property=\"og:image:type\" content=\"image\/webp\" \/>\n<meta name=\"twitter:card\" content=\"summary_large_image\" \/>\n<meta name=\"twitter:site\" content=\"@IsbadSe\" \/>\n<meta name=\"twitter:label1\" content=\"Est. reading time\" \/>\n\t<meta name=\"twitter:data1\" content=\"2 minutes\" \/>\n<script type=\"application\/ld+json\" class=\"yoast-schema-graph\">{\"@context\":\"https:\\\/\\\/schema.org\",\"@graph\":[{\"@type\":\"WebPage\",\"@id\":\"https:\\\/\\\/isbad.se\\\/product\\\/adapter-for-slang\\\/\",\"url\":\"https:\\\/\\\/isbad.se\\\/product\\\/adapter-for-slang\\\/\",\"name\":\"Adapter f\u00f6r slang &#187; ISBAD\",\"isPartOf\":{\"@id\":\"https:\\\/\\\/isbad.se\\\/#website\"},\"primaryImageOfPage\":{\"@id\":\"https:\\\/\\\/isbad.se\\\/product\\\/adapter-for-slang\\\/#primaryimage\"},\"image\":{\"@id\":\"https:\\\/\\\/isbad.se\\\/product\\\/adapter-for-slang\\\/#primaryimage\"},\"thumbnailUrl\":\"https:\\\/\\\/isbad.se\\\/wp-content\\\/uploads\\\/2024\\\/09\\\/adapter-for-slang.webp\",\"datePublished\":\"2024-09-17T14:35:50+00:00\",\"dateModified\":\"2026-03-30T16:19:12+00:00\",\"description\":\"Adapter f\u00f6r slang till tappkran g\u00f6r det enkelt att fylla och t\u00f6mma PREMIUM- och LYX-isbadstunnor. Kompakt design, s\u00e4ker anslutning (20 mm\\\/15-19 mm)\",\"breadcrumb\":{\"@id\":\"https:\\\/\\\/isbad.se\\\/product\\\/adapter-for-slang\\\/#breadcrumb\"},\"inLanguage\":\"en-US\",\"potentialAction\":[{\"@type\":\"ReadAction\",\"target\":[\"https:\\\/\\\/isbad.se\\\/product\\\/adapter-for-slang\\\/\"]}]},{\"@type\":\"ImageObject\",\"inLanguage\":\"en-US\",\"@id\":\"https:\\\/\\\/isbad.se\\\/product\\\/adapter-for-slang\\\/#primaryimage\",\"url\":\"https:\\\/\\\/isbad.se\\\/wp-content\\\/uploads\\\/2024\\\/09\\\/adapter-for-slang.webp\",\"contentUrl\":\"https:\\\/\\\/isbad.se\\\/wp-content\\\/uploads\\\/2024\\\/09\\\/adapter-for-slang.webp\",\"width\":1000,\"height\":1000},{\"@type\":\"BreadcrumbList\",\"@id\":\"https:\\\/\\\/isbad.se\\\/product\\\/adapter-for-slang\\\/#breadcrumb\",\"itemListElement\":[{\"@type\":\"ListItem\",\"position\":1,\"name\":\"Hem\",\"item\":\"https:\\\/\\\/isbad.se\\\/\"},{\"@type\":\"ListItem\",\"position\":2,\"name\":\"Produkter\",\"item\":\"https:\\\/\\\/isbad.se\\\/wc-shopping-page\\\/\"},{\"@type\":\"ListItem\",\"position\":3,\"name\":\"Adapter f\u00f6r slang\"}]},{\"@type\":\"WebSite\",\"@id\":\"https:\\\/\\\/isbad.se\\\/#website\",\"url\":\"https:\\\/\\\/isbad.se\\\/\",\"name\":\"ISBAD.se\",\"description\":\"Bada ISBAD hemma!\",\"publisher\":{\"@id\":\"https:\\\/\\\/isbad.se\\\/#organization\"},\"alternateName\":\"ISBAD f\u00f6r Gladare och friskare Sverige\",\"potentialAction\":[{\"@type\":\"SearchAction\",\"target\":{\"@type\":\"EntryPoint\",\"urlTemplate\":\"https:\\\/\\\/isbad.se\\\/?s={search_term_string}\"},\"query-input\":{\"@type\":\"PropertyValueSpecification\",\"valueRequired\":true,\"valueName\":\"search_term_string\"}}],\"inLanguage\":\"en-US\"},{\"@type\":\"Organization\",\"@id\":\"https:\\\/\\\/isbad.se\\\/#organization\",\"name\":\"ISBAD\",\"url\":\"https:\\\/\\\/isbad.se\\\/\",\"logo\":{\"@type\":\"ImageObject\",\"inLanguage\":\"en-US\",\"@id\":\"https:\\\/\\\/isbad.se\\\/#\\\/schema\\\/logo\\\/image\\\/\",\"url\":\"https:\\\/\\\/isbad.se\\\/wp-content\\\/uploads\\\/2024\\\/04\\\/isbad_logo_vector_98_black_242422.png\",\"contentUrl\":\"https:\\\/\\\/isbad.se\\\/wp-content\\\/uploads\\\/2024\\\/04\\\/isbad_logo_vector_98_black_242422.png\",\"width\":2458,\"height\":634,\"caption\":\"ISBAD\"},\"image\":{\"@id\":\"https:\\\/\\\/isbad.se\\\/#\\\/schema\\\/logo\\\/image\\\/\"},\"sameAs\":[\"https:\\\/\\\/www.facebook.com\\\/Isbad.se\",\"https:\\\/\\\/x.com\\\/IsbadSe\",\"https:\\\/\\\/www.instagram.com\\\/isbad.se\",\"https:\\\/\\\/www.tiktok.com\\\/@isbad.se\"]}]}<\/script>\n<!-- \/ Yoast SEO plugin. -->","yoast_head_json":{"title":"Adapter f\u00f6r slang &#187; ISBAD","description":"Adapter f\u00f6r slang till tappkran g\u00f6r det enkelt att fylla och t\u00f6mma PREMIUM- och LYX-isbadstunnor. Kompakt design, s\u00e4ker anslutning (20 mm\/15-19 mm)","robots":{"index":"index","follow":"follow","max-snippet":"max-snippet:-1","max-image-preview":"max-image-preview:large","max-video-preview":"max-video-preview:-1"},"canonical":"https:\/\/isbad.se\/en\/product\/adapter-for-slang\/?wmc-currency=EUR","og_locale":"en_US","og_type":"article","og_title":"Adapter f\u00f6r slang &#187; ISBAD","og_description":"Adapter f\u00f6r slang till tappkran g\u00f6r det enkelt att fylla och t\u00f6mma PREMIUM- och LYX-isbadstunnor. Kompakt design, s\u00e4ker anslutning (20 mm\/15-19 mm)","og_url":"https:\/\/isbad.se\/en\/product\/adapter-for-slang\/?wmc-currency=EUR","og_site_name":"ISBAD","article_publisher":"https:\/\/www.facebook.com\/Isbad.se","article_modified_time":"2026-03-30T16:19:12+00:00","og_image":[{"width":1000,"height":1000,"url":"https:\/\/isbad.se\/wp-content\/uploads\/2024\/09\/adapter-for-slang.webp","type":"image\/webp"}],"twitter_card":"summary_large_image","twitter_site":"@IsbadSe","twitter_misc":{"Est. reading time":"2 minutes"},"schema":{"@context":"https:\/\/schema.org","@graph":[{"@type":"WebPage","@id":"https:\/\/isbad.se\/product\/adapter-for-slang\/","url":"https:\/\/isbad.se\/product\/adapter-for-slang\/","name":"Adapter f\u00f6r slang &#187; ISBAD","isPartOf":{"@id":"https:\/\/isbad.se\/#website"},"primaryImageOfPage":{"@id":"https:\/\/isbad.se\/product\/adapter-for-slang\/#primaryimage"},"image":{"@id":"https:\/\/isbad.se\/product\/adapter-for-slang\/#primaryimage"},"thumbnailUrl":"https:\/\/isbad.se\/wp-content\/uploads\/2024\/09\/adapter-for-slang.webp","datePublished":"2024-09-17T14:35:50+00:00","dateModified":"2026-03-30T16:19:12+00:00","description":"Adapter f\u00f6r slang till tappkran g\u00f6r det enkelt att fylla och t\u00f6mma PREMIUM- och LYX-isbadstunnor. Kompakt design, s\u00e4ker anslutning (20 mm\/15-19 mm)","breadcrumb":{"@id":"https:\/\/isbad.se\/product\/adapter-for-slang\/#breadcrumb"},"inLanguage":"en-US","potentialAction":[{"@type":"ReadAction","target":["https:\/\/isbad.se\/product\/adapter-for-slang\/"]}]},{"@type":"ImageObject","inLanguage":"en-US","@id":"https:\/\/isbad.se\/product\/adapter-for-slang\/#primaryimage","url":"https:\/\/isbad.se\/wp-content\/uploads\/2024\/09\/adapter-for-slang.webp","contentUrl":"https:\/\/isbad.se\/wp-content\/uploads\/2024\/09\/adapter-for-slang.webp","width":1000,"height":1000},{"@type":"BreadcrumbList","@id":"https:\/\/isbad.se\/product\/adapter-for-slang\/#breadcrumb","itemListElement":[{"@type":"ListItem","position":1,"name":"Hem","item":"https:\/\/isbad.se\/"},{"@type":"ListItem","position":2,"name":"Produkter","item":"https:\/\/isbad.se\/wc-shopping-page\/"},{"@type":"ListItem","position":3,"name":"Adapter f\u00f6r slang"}]},{"@type":"WebSite","@id":"https:\/\/isbad.se\/#website","url":"https:\/\/isbad.se\/","name":"ISBAD.se","description":"Bada ISBAD hemma!","publisher":{"@id":"https:\/\/isbad.se\/#organization"},"alternateName":"ISBAD f\u00f6r Gladare och friskare Sverige","potentialAction":[{"@type":"SearchAction","target":{"@type":"EntryPoint","urlTemplate":"https:\/\/isbad.se\/?s={search_term_string}"},"query-input":{"@type":"PropertyValueSpecification","valueRequired":true,"valueName":"search_term_string"}}],"inLanguage":"en-US"},{"@type":"Organization","@id":"https:\/\/isbad.se\/#organization","name":"ICE BATH","url":"https:\/\/isbad.se\/","logo":{"@type":"ImageObject","inLanguage":"en-US","@id":"https:\/\/isbad.se\/#\/schema\/logo\/image\/","url":"https:\/\/isbad.se\/wp-content\/uploads\/2024\/04\/isbad_logo_vector_98_black_242422.png","contentUrl":"https:\/\/isbad.se\/wp-content\/uploads\/2024\/04\/isbad_logo_vector_98_black_242422.png","width":2458,"height":634,"caption":"ISBAD"},"image":{"@id":"https:\/\/isbad.se\/#\/schema\/logo\/image\/"},"sameAs":["https:\/\/www.facebook.com\/Isbad.se","https:\/\/x.com\/IsbadSe","https:\/\/www.instagram.com\/isbad.se","https:\/\/www.tiktok.com\/@isbad.se"]}]}},"_links":{"self":[{"href":"https:\/\/isbad.se\/en\/wp-json\/wp\/v2\/product\/11376","targetHints":{"allow":["GET"]}}],"collection":[{"href":"https:\/\/isbad.se\/en\/wp-json\/wp\/v2\/product"}],"about":[{"href":"https:\/\/isbad.se\/en\/wp-json\/wp\/v2\/types\/product"}],"replies":[{"embeddable":true,"href":"https:\/\/isbad.se\/en\/wp-json\/wp\/v2\/comments?post=11376"}],"version-history":[{"count":1,"href":"https:\/\/isbad.se\/en\/wp-json\/wp\/v2\/product\/11376\/revisions"}],"predecessor-version":[{"id":11467,"href":"https:\/\/isbad.se\/en\/wp-json\/wp\/v2\/product\/11376\/revisions\/11467"}],"wp:featuredmedia":[{"embeddable":true,"href":"https:\/\/isbad.se\/en\/wp-json\/wp\/v2\/media\/11383"}],"wp:attachment":[{"href":"https:\/\/isbad.se\/en\/wp-json\/wp\/v2\/media?parent=11376"}],"wp:term":[{"taxonomy":"product_brand","embeddable":true,"href":"https:\/\/isbad.se\/en\/wp-json\/wp\/v2\/product_brand?post=11376"},{"taxonomy":"product_cat","embeddable":true,"href":"https:\/\/isbad.se\/en\/wp-json\/wp\/v2\/product_cat?post=11376"},{"taxonomy":"product_tag","embeddable":true,"href":"https:\/\/isbad.se\/en\/wp-json\/wp\/v2\/product_tag?post=11376"}],"curies":[{"name":"wp","href":"https:\/\/api.w.org\/{rel}","templated":true}]}}