{"id":11346,"date":"2024-09-17T13:28:10","date_gmt":"2024-09-17T13:28:10","guid":{"rendered":"https:\/\/isbad.se\/?post_type=product&#038;p=11346"},"modified":"2026-03-04T05:16:23","modified_gmt":"2026-03-04T05:16:23","slug":"isbad-skor","status":"publish","type":"product","link":"https:\/\/isbad.se\/en\/product\/isbad-skor\/","title":{"rendered":"Isbad Shoes"},"content":{"rendered":"<p><strong>Unisex ice bathing shoes for ultimate protection and comfort in the cold<\/strong><\/p>\n<p>Experience ice bathing in a new way with our 3mm thick neoprene socks, specially designed to keep your feet warm and protected during icy baths. These durable and cold-resistant socks are perfect for winter swimming and other water sports where you need maximum protection against cold and moisture.<\/p>\n<p><strong><img decoding=\"async\" class=\"alignnone wp-image-10247\" src=\"https:\/\/isbad.se\/wp-content\/uploads\/2024\/05\/6785425-300x300.png\" sizes=\"(max-width: 15px) 100vw, 15px\" srcset=\"https:\/\/isbad.se\/wp-content\/uploads\/2024\/05\/6785425-300x300.png 300w, https:\/\/isbad.se\/wp-content\/uploads\/2024\/05\/6785425-150x150.png 150w, https:\/\/isbad.se\/wp-content\/uploads\/2024\/05\/6785425-100x100.png 100w, https:\/\/isbad.se\/wp-content\/uploads\/2024\/05\/6785425.png 512w\" alt=\"\" width=\"15\" height=\"15\" \/> Neoprene material (3 mm):<\/strong> Insulates and protects against extreme cold.<br \/>\n<strong><img decoding=\"async\" class=\"alignnone wp-image-10247\" src=\"https:\/\/isbad.se\/wp-content\/uploads\/2024\/05\/6785425-300x300.png\" sizes=\"(max-width: 15px) 100vw, 15px\" srcset=\"https:\/\/isbad.se\/wp-content\/uploads\/2024\/05\/6785425-300x300.png 300w, https:\/\/isbad.se\/wp-content\/uploads\/2024\/05\/6785425-150x150.png 150w, https:\/\/isbad.se\/wp-content\/uploads\/2024\/05\/6785425-100x100.png 100w, https:\/\/isbad.se\/wp-content\/uploads\/2024\/05\/6785425.png 512w\" alt=\"\" width=\"15\" height=\"15\" \/> <\/strong><strong>Anti-skid design:<\/strong> Provides extra grip on slippery surfaces for increased safety during bathing.<br \/>\n<strong><img decoding=\"async\" class=\"alignnone wp-image-10247\" src=\"https:\/\/isbad.se\/wp-content\/uploads\/2024\/05\/6785425-300x300.png\" sizes=\"(max-width: 15px) 100vw, 15px\" srcset=\"https:\/\/isbad.se\/wp-content\/uploads\/2024\/05\/6785425-300x300.png 300w, https:\/\/isbad.se\/wp-content\/uploads\/2024\/05\/6785425-150x150.png 150w, https:\/\/isbad.se\/wp-content\/uploads\/2024\/05\/6785425-100x100.png 100w, https:\/\/isbad.se\/wp-content\/uploads\/2024\/05\/6785425.png 512w\" alt=\"\" width=\"15\" height=\"15\" \/> <\/strong><strong>Heat preservation:<\/strong> Keeps your feet warm even in the coldest waters.<br \/>\n<strong><img decoding=\"async\" class=\"alignnone wp-image-10247\" src=\"https:\/\/isbad.se\/wp-content\/uploads\/2024\/05\/6785425-300x300.png\" sizes=\"(max-width: 15px) 100vw, 15px\" srcset=\"https:\/\/isbad.se\/wp-content\/uploads\/2024\/05\/6785425-300x300.png 300w, https:\/\/isbad.se\/wp-content\/uploads\/2024\/05\/6785425-150x150.png 150w, https:\/\/isbad.se\/wp-content\/uploads\/2024\/05\/6785425-100x100.png 100w, https:\/\/isbad.se\/wp-content\/uploads\/2024\/05\/6785425.png 512w\" alt=\"\" width=\"15\" height=\"15\" \/> <\/strong><strong>Wear-resistant:<\/strong> Perfect for ice swimming, surfing, snorkeling and other water sports.<\/p>\n<p>Whether you're an experienced winter swimmer or a beginner, these waterproof ice swimming shoes are a must-have to keep your feet warm and safe in every session. Easy to put on and suitable for both beach and water, they're the perfect choice for the ultimate swimming experience.<\/p>\n<p><strong>Give your feet the comfort they deserve and make your ice bath a world-class experience with our ice bath shoes!<\/strong><\/p>","protected":false},"excerpt":{"rendered":"<p><strong>Isbad shoes - Warm and durable neoprene socks<\/strong><\/p>\n<p>Keep your feet warm and protected during ice bathing with our 3mm thick ice bathing shoes! Anti-slip, abrasion resistant and perfect for winter swimming and water sports. Ensure comfort and grip in icy waters today!<\/p>\n<p>&nbsp;<\/p>\n<div style=\"display: flex; justify-content: center; align-items: center; background-color: #e9e9e9; width: 100%; margin: 0; padding: 10px;\">\n<div style=\"display: flex; align-items: center;\"><img decoding=\"async\" style=\"width: 50px; margin-right: 15px;\" src=\"https:\/\/isbad.se\/wp-content\/uploads\/2024\/05\/fast-delivery.png\" alt=\"Gratis frakt och leverans inom 1-2 dagar\" \/><\/div>\n<div style=\"display: flex; align-items: center; margin-left: 15px;\">\n<p style=\"font-family: Poppins, sans-serif; font-size: 15px; color: #242422; margin: 0;\"><b>Fast<\/b>\u00a0<b>delivery<\/b> within <b>1-3 days <\/b>from <b>stock in Sweden<\/b><\/p>\n<\/div>\n<\/div>","protected":false},"featured_media":11359,"comment_status":"open","ping_status":"closed","template":"","meta":{"_acf_changed":false},"product_brand":[],"product_cat":[25],"product_tag":[88,154,126,41,151,48,113,53,153,150,148,152],"class_list":{"0":"post-11346","1":"product","2":"type-product","3":"status-publish","4":"has-post-thumbnail","6":"product_cat-tillbehor","7":"product_tag-aterhamtning","8":"product_tag-dykstrumpor","9":"product_tag-halsa","10":"product_tag-isbad","11":"product_tag-isbadsskor","12":"product_tag-kallbad","13":"product_tag-kallt","14":"product_tag-kyla","15":"product_tag-neopren","16":"product_tag-skor","17":"product_tag-vattensport","18":"product_tag-vattentat","20":"first","21":"instock","22":"taxable","23":"shipping-taxable","24":"purchasable","25":"product-type-variable"},"acf":[],"yoast_head":"<!-- This site is optimized with the Yoast SEO plugin v27.5 - https:\/\/yoast.com\/product\/yoast-seo-wordpress\/ -->\n<title>Isbad Skor &#187; ISBAD<\/title>\n<meta name=\"description\" content=\"H\u00e5ll f\u00f6tterna varma och skyddade i isbad med v\u00e5ra 3 mm neoprenstrumpor! Antisladd och slitstarka \u2013 perfekta f\u00f6r vinterbad och vattensport!\" \/>\n<meta name=\"robots\" content=\"index, follow, max-snippet:-1, max-image-preview:large, max-video-preview:-1\" \/>\n<link rel=\"canonical\" href=\"https:\/\/isbad.se\/en\/product\/isbad-skor\/?wmc-currency=EUR\" \/>\n<meta property=\"og:locale\" content=\"en_US\" \/>\n<meta property=\"og:type\" content=\"article\" \/>\n<meta property=\"og:title\" content=\"Isbad Skor &#187; ISBAD\" \/>\n<meta property=\"og:description\" content=\"H\u00e5ll f\u00f6tterna varma och skyddade i isbad med v\u00e5ra 3 mm neoprenstrumpor! Antisladd och slitstarka \u2013 perfekta f\u00f6r vinterbad och vattensport!\" \/>\n<meta property=\"og:url\" content=\"https:\/\/isbad.se\/en\/product\/isbad-skor\/?wmc-currency=EUR\" \/>\n<meta property=\"og:site_name\" content=\"ISBAD\" \/>\n<meta property=\"article:publisher\" content=\"https:\/\/www.facebook.com\/Isbad.se\" \/>\n<meta property=\"article:modified_time\" content=\"2026-03-04T05:16:23+00:00\" \/>\n<meta property=\"og:image\" content=\"https:\/\/isbad.se\/wp-content\/uploads\/2024\/09\/5.png\" \/>\n\t<meta property=\"og:image:width\" content=\"1000\" \/>\n\t<meta property=\"og:image:height\" content=\"1000\" \/>\n\t<meta property=\"og:image:type\" content=\"image\/png\" \/>\n<meta name=\"twitter:card\" content=\"summary_large_image\" \/>\n<meta name=\"twitter:site\" content=\"@IsbadSe\" \/>\n<meta name=\"twitter:label1\" content=\"Est. reading time\" \/>\n\t<meta name=\"twitter:data1\" content=\"2 minutes\" \/>\n<script type=\"application\/ld+json\" class=\"yoast-schema-graph\">{\"@context\":\"https:\\\/\\\/schema.org\",\"@graph\":[{\"@type\":\"WebPage\",\"@id\":\"https:\\\/\\\/isbad.se\\\/product\\\/isbad-skor\\\/\",\"url\":\"https:\\\/\\\/isbad.se\\\/product\\\/isbad-skor\\\/\",\"name\":\"Isbad Skor &#187; ISBAD\",\"isPartOf\":{\"@id\":\"https:\\\/\\\/isbad.se\\\/#website\"},\"primaryImageOfPage\":{\"@id\":\"https:\\\/\\\/isbad.se\\\/product\\\/isbad-skor\\\/#primaryimage\"},\"image\":{\"@id\":\"https:\\\/\\\/isbad.se\\\/product\\\/isbad-skor\\\/#primaryimage\"},\"thumbnailUrl\":\"https:\\\/\\\/isbad.se\\\/wp-content\\\/uploads\\\/2024\\\/09\\\/5.png\",\"datePublished\":\"2024-09-17T13:28:10+00:00\",\"dateModified\":\"2026-03-04T05:16:23+00:00\",\"description\":\"H\u00e5ll f\u00f6tterna varma och skyddade i isbad med v\u00e5ra 3 mm neoprenstrumpor! Antisladd och slitstarka \u2013 perfekta f\u00f6r vinterbad och vattensport!\",\"breadcrumb\":{\"@id\":\"https:\\\/\\\/isbad.se\\\/product\\\/isbad-skor\\\/#breadcrumb\"},\"inLanguage\":\"en-US\",\"potentialAction\":[{\"@type\":\"ReadAction\",\"target\":[\"https:\\\/\\\/isbad.se\\\/product\\\/isbad-skor\\\/\"]}]},{\"@type\":\"ImageObject\",\"inLanguage\":\"en-US\",\"@id\":\"https:\\\/\\\/isbad.se\\\/product\\\/isbad-skor\\\/#primaryimage\",\"url\":\"https:\\\/\\\/isbad.se\\\/wp-content\\\/uploads\\\/2024\\\/09\\\/5.png\",\"contentUrl\":\"https:\\\/\\\/isbad.se\\\/wp-content\\\/uploads\\\/2024\\\/09\\\/5.png\",\"width\":1000,\"height\":1000,\"caption\":\"H\u00e5ll f\u00f6tterna varma och skyddade i isbad med v\u00e5ra 3 mm neoprenstrumpor! Antisladd och slitstarka \u2013 perfekta f\u00f6r vinterbad och vattensport!\"},{\"@type\":\"BreadcrumbList\",\"@id\":\"https:\\\/\\\/isbad.se\\\/product\\\/isbad-skor\\\/#breadcrumb\",\"itemListElement\":[{\"@type\":\"ListItem\",\"position\":1,\"name\":\"Hem\",\"item\":\"https:\\\/\\\/isbad.se\\\/\"},{\"@type\":\"ListItem\",\"position\":2,\"name\":\"Produkter\",\"item\":\"https:\\\/\\\/isbad.se\\\/wc-shopping-page\\\/\"},{\"@type\":\"ListItem\",\"position\":3,\"name\":\"Isbad Skor\"}]},{\"@type\":\"WebSite\",\"@id\":\"https:\\\/\\\/isbad.se\\\/#website\",\"url\":\"https:\\\/\\\/isbad.se\\\/\",\"name\":\"ISBAD.se\",\"description\":\"Bada ISBAD hemma!\",\"publisher\":{\"@id\":\"https:\\\/\\\/isbad.se\\\/#organization\"},\"alternateName\":\"ISBAD f\u00f6r Gladare och friskare Sverige\",\"potentialAction\":[{\"@type\":\"SearchAction\",\"target\":{\"@type\":\"EntryPoint\",\"urlTemplate\":\"https:\\\/\\\/isbad.se\\\/?s={search_term_string}\"},\"query-input\":{\"@type\":\"PropertyValueSpecification\",\"valueRequired\":true,\"valueName\":\"search_term_string\"}}],\"inLanguage\":\"en-US\"},{\"@type\":\"Organization\",\"@id\":\"https:\\\/\\\/isbad.se\\\/#organization\",\"name\":\"ISBAD\",\"url\":\"https:\\\/\\\/isbad.se\\\/\",\"logo\":{\"@type\":\"ImageObject\",\"inLanguage\":\"en-US\",\"@id\":\"https:\\\/\\\/isbad.se\\\/#\\\/schema\\\/logo\\\/image\\\/\",\"url\":\"https:\\\/\\\/isbad.se\\\/wp-content\\\/uploads\\\/2024\\\/04\\\/isbad_logo_vector_98_black_242422.png\",\"contentUrl\":\"https:\\\/\\\/isbad.se\\\/wp-content\\\/uploads\\\/2024\\\/04\\\/isbad_logo_vector_98_black_242422.png\",\"width\":2458,\"height\":634,\"caption\":\"ISBAD\"},\"image\":{\"@id\":\"https:\\\/\\\/isbad.se\\\/#\\\/schema\\\/logo\\\/image\\\/\"},\"sameAs\":[\"https:\\\/\\\/www.facebook.com\\\/Isbad.se\",\"https:\\\/\\\/x.com\\\/IsbadSe\",\"https:\\\/\\\/www.instagram.com\\\/isbad.se\",\"https:\\\/\\\/www.tiktok.com\\\/@isbad.se\"]}]}<\/script>\n<!-- \/ Yoast SEO plugin. -->","yoast_head_json":{"title":"Isbad Skor &#187; ISBAD","description":"H\u00e5ll f\u00f6tterna varma och skyddade i isbad med v\u00e5ra 3 mm neoprenstrumpor! Antisladd och slitstarka \u2013 perfekta f\u00f6r vinterbad och vattensport!","robots":{"index":"index","follow":"follow","max-snippet":"max-snippet:-1","max-image-preview":"max-image-preview:large","max-video-preview":"max-video-preview:-1"},"canonical":"https:\/\/isbad.se\/en\/product\/isbad-skor\/?wmc-currency=EUR","og_locale":"en_US","og_type":"article","og_title":"Isbad Skor &#187; ISBAD","og_description":"H\u00e5ll f\u00f6tterna varma och skyddade i isbad med v\u00e5ra 3 mm neoprenstrumpor! Antisladd och slitstarka \u2013 perfekta f\u00f6r vinterbad och vattensport!","og_url":"https:\/\/isbad.se\/en\/product\/isbad-skor\/?wmc-currency=EUR","og_site_name":"ISBAD","article_publisher":"https:\/\/www.facebook.com\/Isbad.se","article_modified_time":"2026-03-04T05:16:23+00:00","og_image":[{"width":1000,"height":1000,"url":"https:\/\/isbad.se\/wp-content\/uploads\/2024\/09\/5.png","type":"image\/png"}],"twitter_card":"summary_large_image","twitter_site":"@IsbadSe","twitter_misc":{"Est. reading time":"2 minutes"},"schema":{"@context":"https:\/\/schema.org","@graph":[{"@type":"WebPage","@id":"https:\/\/isbad.se\/product\/isbad-skor\/","url":"https:\/\/isbad.se\/product\/isbad-skor\/","name":"Isbad Skor &#187; ISBAD","isPartOf":{"@id":"https:\/\/isbad.se\/#website"},"primaryImageOfPage":{"@id":"https:\/\/isbad.se\/product\/isbad-skor\/#primaryimage"},"image":{"@id":"https:\/\/isbad.se\/product\/isbad-skor\/#primaryimage"},"thumbnailUrl":"https:\/\/isbad.se\/wp-content\/uploads\/2024\/09\/5.png","datePublished":"2024-09-17T13:28:10+00:00","dateModified":"2026-03-04T05:16:23+00:00","description":"H\u00e5ll f\u00f6tterna varma och skyddade i isbad med v\u00e5ra 3 mm neoprenstrumpor! Antisladd och slitstarka \u2013 perfekta f\u00f6r vinterbad och vattensport!","breadcrumb":{"@id":"https:\/\/isbad.se\/product\/isbad-skor\/#breadcrumb"},"inLanguage":"en-US","potentialAction":[{"@type":"ReadAction","target":["https:\/\/isbad.se\/product\/isbad-skor\/"]}]},{"@type":"ImageObject","inLanguage":"en-US","@id":"https:\/\/isbad.se\/product\/isbad-skor\/#primaryimage","url":"https:\/\/isbad.se\/wp-content\/uploads\/2024\/09\/5.png","contentUrl":"https:\/\/isbad.se\/wp-content\/uploads\/2024\/09\/5.png","width":1000,"height":1000,"caption":"H\u00e5ll f\u00f6tterna varma och skyddade i isbad med v\u00e5ra 3 mm neoprenstrumpor! Antisladd och slitstarka \u2013 perfekta f\u00f6r vinterbad och vattensport!"},{"@type":"BreadcrumbList","@id":"https:\/\/isbad.se\/product\/isbad-skor\/#breadcrumb","itemListElement":[{"@type":"ListItem","position":1,"name":"Hem","item":"https:\/\/isbad.se\/"},{"@type":"ListItem","position":2,"name":"Produkter","item":"https:\/\/isbad.se\/wc-shopping-page\/"},{"@type":"ListItem","position":3,"name":"Isbad Skor"}]},{"@type":"WebSite","@id":"https:\/\/isbad.se\/#website","url":"https:\/\/isbad.se\/","name":"ISBAD.se","description":"Bada ISBAD hemma!","publisher":{"@id":"https:\/\/isbad.se\/#organization"},"alternateName":"ISBAD f\u00f6r Gladare och friskare Sverige","potentialAction":[{"@type":"SearchAction","target":{"@type":"EntryPoint","urlTemplate":"https:\/\/isbad.se\/?s={search_term_string}"},"query-input":{"@type":"PropertyValueSpecification","valueRequired":true,"valueName":"search_term_string"}}],"inLanguage":"en-US"},{"@type":"Organization","@id":"https:\/\/isbad.se\/#organization","name":"ICE BATH","url":"https:\/\/isbad.se\/","logo":{"@type":"ImageObject","inLanguage":"en-US","@id":"https:\/\/isbad.se\/#\/schema\/logo\/image\/","url":"https:\/\/isbad.se\/wp-content\/uploads\/2024\/04\/isbad_logo_vector_98_black_242422.png","contentUrl":"https:\/\/isbad.se\/wp-content\/uploads\/2024\/04\/isbad_logo_vector_98_black_242422.png","width":2458,"height":634,"caption":"ISBAD"},"image":{"@id":"https:\/\/isbad.se\/#\/schema\/logo\/image\/"},"sameAs":["https:\/\/www.facebook.com\/Isbad.se","https:\/\/x.com\/IsbadSe","https:\/\/www.instagram.com\/isbad.se","https:\/\/www.tiktok.com\/@isbad.se"]}]}},"_links":{"self":[{"href":"https:\/\/isbad.se\/en\/wp-json\/wp\/v2\/product\/11346","targetHints":{"allow":["GET"]}}],"collection":[{"href":"https:\/\/isbad.se\/en\/wp-json\/wp\/v2\/product"}],"about":[{"href":"https:\/\/isbad.se\/en\/wp-json\/wp\/v2\/types\/product"}],"replies":[{"embeddable":true,"href":"https:\/\/isbad.se\/en\/wp-json\/wp\/v2\/comments?post=11346"}],"version-history":[{"count":2,"href":"https:\/\/isbad.se\/en\/wp-json\/wp\/v2\/product\/11346\/revisions"}],"predecessor-version":[{"id":14229,"href":"https:\/\/isbad.se\/en\/wp-json\/wp\/v2\/product\/11346\/revisions\/14229"}],"wp:featuredmedia":[{"embeddable":true,"href":"https:\/\/isbad.se\/en\/wp-json\/wp\/v2\/media\/11359"}],"wp:attachment":[{"href":"https:\/\/isbad.se\/en\/wp-json\/wp\/v2\/media?parent=11346"}],"wp:term":[{"taxonomy":"product_brand","embeddable":true,"href":"https:\/\/isbad.se\/en\/wp-json\/wp\/v2\/product_brand?post=11346"},{"taxonomy":"product_cat","embeddable":true,"href":"https:\/\/isbad.se\/en\/wp-json\/wp\/v2\/product_cat?post=11346"},{"taxonomy":"product_tag","embeddable":true,"href":"https:\/\/isbad.se\/en\/wp-json\/wp\/v2\/product_tag?post=11346"}],"curies":[{"name":"wp","href":"https:\/\/api.w.org\/{rel}","templated":true}]}}