{"id":10794,"date":"2024-07-31T12:08:02","date_gmt":"2024-07-31T12:08:02","guid":{"rendered":"https:\/\/isbad.se\/?post_type=product&#038;p=10794"},"modified":"2026-03-24T14:32:53","modified_gmt":"2026-03-24T14:32:53","slug":"isbad-salt-1kg","status":"publish","type":"product","link":"https:\/\/isbad.se\/en\/product\/isbad-salt-1kg\/","title":{"rendered":"Isbad Salt 1kg"},"content":{"rendered":"<h3>Epsom Salt for Ice Baths: Health Effects and Water Hygiene<\/h3>\n<p>Epsom salt, or magnesium sulphate, is a popular ice bath ingredient used by many athletes and health-conscious individuals for its potential benefits. Adding Epsom salt to an ice bath can have several positive effects both for the body's recovery and for keeping the water cleaner.<\/p>\n<h4><\/h4>\n<h4>Health impacts<\/h4>\n<p><strong><img decoding=\"async\" class=\"alignnone wp-image-10247\" src=\"https:\/\/isbad.se\/wp-content\/uploads\/2024\/05\/6785425-300x300.png\" sizes=\"(max-width: 15px) 100vw, 15px\" srcset=\"https:\/\/isbad.se\/wp-content\/uploads\/2024\/05\/6785425-300x300.png 300w, https:\/\/isbad.se\/wp-content\/uploads\/2024\/05\/6785425-150x150.png 150w, https:\/\/isbad.se\/wp-content\/uploads\/2024\/05\/6785425-100x100.png 100w, https:\/\/isbad.se\/wp-content\/uploads\/2024\/05\/6785425.png 512w\" alt=\"\" width=\"15\" height=\"15\" \/> Muscle recovery<\/strong>: The magnesium in Epsom salt is known to help muscles relax. When you bathe in an ice bath with Epsom salt, the magnesium can be absorbed through the skin, which can help relieve muscle tension and reduce exercise pain.<br \/>\n<strong style=\"font-family: -apple-system, BlinkMacSystemFont, 'Segoe UI', Roboto, 'Helvetica Neue', Arial, 'Noto Sans', sans-serif, 'Apple Color Emoji', 'Segoe UI Emoji', 'Segoe UI Symbol', 'Noto Color Emoji';\"><img decoding=\"async\" class=\"alignnone wp-image-10247\" src=\"https:\/\/isbad.se\/wp-content\/uploads\/2024\/05\/6785425-300x300.png\" sizes=\"(max-width: 15px) 100vw, 15px\" srcset=\"https:\/\/isbad.se\/wp-content\/uploads\/2024\/05\/6785425-300x300.png 300w, https:\/\/isbad.se\/wp-content\/uploads\/2024\/05\/6785425-150x150.png 150w, https:\/\/isbad.se\/wp-content\/uploads\/2024\/05\/6785425-100x100.png 100w, https:\/\/isbad.se\/wp-content\/uploads\/2024\/05\/6785425.png 512w\" alt=\"\" width=\"15\" height=\"15\" \/> Reduces inflammation<\/strong><span style=\"font-family: -apple-system, BlinkMacSystemFont, 'Segoe UI', Roboto, 'Helvetica Neue', Arial, 'Noto Sans', sans-serif, 'Apple Color Emoji', 'Segoe UI Emoji', 'Segoe UI Symbol', 'Noto Color Emoji';\">: Ice baths are known for their anti-inflammatory properties, and Epsom salt can enhance this effect. Magnesium sulphate can help reduce inflammation and swelling, making it particularly beneficial after intense workouts or injuries.<br \/>\n<\/span><strong><img decoding=\"async\" class=\"alignnone wp-image-10247\" src=\"https:\/\/isbad.se\/wp-content\/uploads\/2024\/05\/6785425-300x300.png\" sizes=\"(max-width: 15px) 100vw, 15px\" srcset=\"https:\/\/isbad.se\/wp-content\/uploads\/2024\/05\/6785425-300x300.png 300w, https:\/\/isbad.se\/wp-content\/uploads\/2024\/05\/6785425-150x150.png 150w, https:\/\/isbad.se\/wp-content\/uploads\/2024\/05\/6785425-100x100.png 100w, https:\/\/isbad.se\/wp-content\/uploads\/2024\/05\/6785425.png 512w\" alt=\"\" width=\"15\" height=\"15\" \/>\u00a0Improves blood circulation<\/strong>: The combination of cold water and magnesium sulphate can improve blood circulation. Cold water causes blood vessels to constrict, and then when the body is warmed up again, the blood vessels dilate, which can promote better blood circulation.<br \/>\n<img decoding=\"async\" class=\"alignnone wp-image-10247\" src=\"https:\/\/isbad.se\/wp-content\/uploads\/2024\/05\/6785425-300x300.png\" sizes=\"(max-width: 15px) 100vw, 15px\" srcset=\"https:\/\/isbad.se\/wp-content\/uploads\/2024\/05\/6785425-300x300.png 300w, https:\/\/isbad.se\/wp-content\/uploads\/2024\/05\/6785425-150x150.png 150w, https:\/\/isbad.se\/wp-content\/uploads\/2024\/05\/6785425-100x100.png 100w, https:\/\/isbad.se\/wp-content\/uploads\/2024\/05\/6785425.png 512w\" alt=\"\" width=\"15\" height=\"15\" \/> <strong>Stress reduction<\/strong>: Magnesium is also known to have calming effects on the nervous system. An ice bath with Epsom salt can therefore help to reduce stress and promote a sense of relaxation.<\/p>\n<h4><\/h4>\n<h4>Water hygiene<\/h4>\n<p><strong><img decoding=\"async\" class=\"alignnone wp-image-10247\" src=\"https:\/\/isbad.se\/wp-content\/uploads\/2024\/05\/6785425-300x300.png\" sizes=\"(max-width: 15px) 100vw, 15px\" srcset=\"https:\/\/isbad.se\/wp-content\/uploads\/2024\/05\/6785425-300x300.png 300w, https:\/\/isbad.se\/wp-content\/uploads\/2024\/05\/6785425-150x150.png 150w, https:\/\/isbad.se\/wp-content\/uploads\/2024\/05\/6785425-100x100.png 100w, https:\/\/isbad.se\/wp-content\/uploads\/2024\/05\/6785425.png 512w\" alt=\"\" width=\"15\" height=\"15\" \/> Cleaner water<\/strong>: Epsom salt can help keep the water in your ice bath cleaner. Magnesium sulphate has some antimicrobial properties that can help inhibit the growth of bacteria in the water. This can be particularly useful if you use the same water for several ice baths over a short period of time.<br \/>\n<strong style=\"font-family: -apple-system, BlinkMacSystemFont, 'Segoe UI', Roboto, 'Helvetica Neue', Arial, 'Noto Sans', sans-serif, 'Apple Color Emoji', 'Segoe UI Emoji', 'Segoe UI Symbol', 'Noto Color Emoji';\"><img decoding=\"async\" class=\"alignnone wp-image-10247\" src=\"https:\/\/isbad.se\/wp-content\/uploads\/2024\/05\/6785425-300x300.png\" sizes=\"(max-width: 15px) 100vw, 15px\" srcset=\"https:\/\/isbad.se\/wp-content\/uploads\/2024\/05\/6785425-300x300.png 300w, https:\/\/isbad.se\/wp-content\/uploads\/2024\/05\/6785425-150x150.png 150w, https:\/\/isbad.se\/wp-content\/uploads\/2024\/05\/6785425-100x100.png 100w, https:\/\/isbad.se\/wp-content\/uploads\/2024\/05\/6785425.png 512w\" alt=\"\" width=\"15\" height=\"15\" \/> Reduced odor<\/strong><span style=\"font-family: -apple-system, BlinkMacSystemFont, 'Segoe UI', Roboto, 'Helvetica Neue', Arial, 'Noto Sans', sans-serif, 'Apple Color Emoji', 'Segoe UI Emoji', 'Segoe UI Symbol', 'Noto Color Emoji';\">: By inhibiting bacterial growth, Epsom salt can also help reduce any odors that may occur in stagnant water. This makes the ice bath not only more hygienic, but also more pleasant to use.<br \/>\n<img decoding=\"async\" class=\"alignnone wp-image-10247\" src=\"https:\/\/isbad.se\/wp-content\/uploads\/2024\/05\/6785425-300x300.png\" sizes=\"(max-width: 15px) 100vw, 15px\" srcset=\"https:\/\/isbad.se\/wp-content\/uploads\/2024\/05\/6785425-300x300.png 300w, https:\/\/isbad.se\/wp-content\/uploads\/2024\/05\/6785425-150x150.png 150w, https:\/\/isbad.se\/wp-content\/uploads\/2024\/05\/6785425-100x100.png 100w, https:\/\/isbad.se\/wp-content\/uploads\/2024\/05\/6785425.png 512w\" alt=\"\" width=\"15\" height=\"15\" \/> <\/span><strong>Extended shelf life<\/strong>: The water in an ice bath containing Epsom salt can have a longer shelf life as the salt can help prevent contamination and keep the water fresher for longer.<\/p>\n<h4><\/h4>\n<h4>Use and Preparation<\/h4>\n<p>To prepare an ice bath with Epsom salt:<\/p>\n<p><img decoding=\"async\" class=\"alignnone wp-image-10247\" src=\"https:\/\/isbad.se\/wp-content\/uploads\/2024\/05\/6785425-300x300.png\" sizes=\"(max-width: 15px) 100vw, 15px\" srcset=\"https:\/\/isbad.se\/wp-content\/uploads\/2024\/05\/6785425-300x300.png 300w, https:\/\/isbad.se\/wp-content\/uploads\/2024\/05\/6785425-150x150.png 150w, https:\/\/isbad.se\/wp-content\/uploads\/2024\/05\/6785425-100x100.png 100w, https:\/\/isbad.se\/wp-content\/uploads\/2024\/05\/6785425.png 512w\" alt=\"\" width=\"15\" height=\"15\" \/> Fill your ice bath with cold water and add ice.<br \/>\n<img decoding=\"async\" class=\"alignnone wp-image-10247\" style=\"font-family: -apple-system, BlinkMacSystemFont, 'Segoe UI', Roboto, 'Helvetica Neue', Arial, 'Noto Sans', sans-serif, 'Apple Color Emoji', 'Segoe UI Emoji', 'Segoe UI Symbol', 'Noto Color Emoji';\" src=\"https:\/\/isbad.se\/wp-content\/uploads\/2024\/05\/6785425-300x300.png\" sizes=\"(max-width: 15px) 100vw, 15px\" srcset=\"https:\/\/isbad.se\/wp-content\/uploads\/2024\/05\/6785425-300x300.png 300w, https:\/\/isbad.se\/wp-content\/uploads\/2024\/05\/6785425-150x150.png 150w, https:\/\/isbad.se\/wp-content\/uploads\/2024\/05\/6785425-100x100.png 100w, https:\/\/isbad.se\/wp-content\/uploads\/2024\/05\/6785425.png 512w\" alt=\"\" width=\"15\" height=\"15\" \/> <span style=\"font-family: -apple-system, BlinkMacSystemFont, 'Segoe UI', Roboto, 'Helvetica Neue', Arial, 'Noto Sans', sans-serif, 'Apple Color Emoji', 'Segoe UI Emoji', 'Segoe UI Symbol', 'Noto Color Emoji';\">Add about 200 grams of Epsom salt per 100 liters of fat and stir until the salt is completely dissolved.<br \/>\n<\/span><img decoding=\"async\" class=\"alignnone wp-image-10247\" style=\"font-family: -apple-system, BlinkMacSystemFont, 'Segoe UI', Roboto, 'Helvetica Neue', Arial, 'Noto Sans', sans-serif, 'Apple Color Emoji', 'Segoe UI Emoji', 'Segoe UI Symbol', 'Noto Color Emoji';\" src=\"https:\/\/isbad.se\/wp-content\/uploads\/2024\/05\/6785425-300x300.png\" sizes=\"(max-width: 15px) 100vw, 15px\" srcset=\"https:\/\/isbad.se\/wp-content\/uploads\/2024\/05\/6785425-300x300.png 300w, https:\/\/isbad.se\/wp-content\/uploads\/2024\/05\/6785425-150x150.png 150w, https:\/\/isbad.se\/wp-content\/uploads\/2024\/05\/6785425-100x100.png 100w, https:\/\/isbad.se\/wp-content\/uploads\/2024\/05\/6785425.png 512w\" alt=\"\" width=\"15\" height=\"15\" \/> <span style=\"font-family: -apple-system, BlinkMacSystemFont, 'Segoe UI', Roboto, 'Helvetica Neue', Arial, 'Noto Sans', sans-serif, 'Apple Color Emoji', 'Segoe UI Emoji', 'Segoe UI Symbol', 'Noto Color Emoji';\">Immerse yourself in the bath and stay for 3-10 minutes to benefit from the potential health effects.<\/span><\/p>\n<p>Using Epsom salts in ice baths can be an effective method of improving post-exercise recovery, reducing stress and keeping the water cleaner. However, it is important to note that individual reactions may vary, and it may be helpful to consult a doctor or other health specialist before starting ice baths with Epsom salts, especially if you have underlying health problems.<\/p>","protected":false},"excerpt":{"rendered":"<p>Epsom salt, or magnesium sulphate, is a popular ice bath ingredient used by many athletes and health-conscious individuals for its potential benefits. Adding Epsom salt to an ice bath can have several positive effects both for the body's recovery and for keeping the water cleaner.<\/p>\n<p>The use of the salt is external and helps to strengthen the condition of the skin, hair and nails. A bath with Epsom salt promotes the balance of the nervous system, providing relaxation and recovery after physical exertion. It can relieve rheumatic pains and joint inflammation. Bathing with magnesium sulphate supports cardiovascular function by lowering blood pressure. It also speeds up wound healing, reduces bruising and swelling, and softens the skin.<\/p>\n<p>Add about 200 grams of Epsom salt per 100 liters of water and stir until the salt is completely dissolved, immerse yourself in the bath and stay for 3-10 minutes to benefit from the potential health effects.<\/p>\n<p>&nbsp;<\/p>\n<div style=\"display: flex; justify-content: center; align-items: center; background-color: #e9e9e9; width: 100%; margin: 0; padding: 10px;\">\n<div style=\"display: flex; align-items: center;\"><img decoding=\"async\" style=\"width: 50px; margin-right: 15px;\" src=\"https:\/\/isbad.se\/wp-content\/uploads\/2024\/05\/fast-delivery.png\" alt=\"Gratis frakt och leverans inom 1-2 dagar\" \/><\/div>\n<div style=\"display: flex; align-items: center; margin-left: 15px;\">\n<p style=\"font-family: Poppins, sans-serif; font-size: 15px; color: #242422; margin: 0;\"><b>Fast<\/b>\u00a0<b>delivery<\/b> within <b>1-3 days <\/b>from <b>stock in Sweden<\/b><\/p>\n<\/div>\n<\/div>","protected":false},"featured_media":11513,"comment_status":"open","ping_status":"closed","template":"","meta":{"_acf_changed":false},"product_brand":[],"product_cat":[25],"product_tag":[88,217,122,222,274,124,216,125,126,127,220,41,275,123,221,223,121,218,219],"class_list":{"0":"post-10794","1":"product","2":"type-product","3":"status-publish","4":"has-post-thumbnail","6":"product_cat-tillbehor","7":"product_tag-aterhamtning","8":"product_tag-avkoppling","9":"product_tag-badsalt","10":"product_tag-blodtryck","11":"product_tag-bra-for-hud","12":"product_tag-epsom","13":"product_tag-epsom-salt","14":"product_tag-epsomsalt","15":"product_tag-halsa","16":"product_tag-halsosamt","17":"product_tag-har","18":"product_tag-isbad","19":"product_tag-isbad-salt","20":"product_tag-isbadsalt","21":"product_tag-naglar","22":"product_tag-reumatism","23":"product_tag-salt","24":"product_tag-sarlakning","25":"product_tag-starka-huden","27":"first","28":"instock","29":"sale","30":"taxable","31":"shipping-taxable","32":"purchasable","33":"product-type-simple"},"acf":[],"yoast_head":"<!-- This site is optimized with the Yoast SEO plugin v27.4 - https:\/\/yoast.com\/product\/yoast-seo-wordpress\/ -->\n<title>Isbad Salt 1kg - Isbad hemma<\/title>\n<meta name=\"description\" content=\"Upplev Epsom saltets f\u00f6rdelar - st\u00e4rk huden, slappna av och \u00e5terh\u00e4mta dig efter tr\u00e4ning. Lindrar sm\u00e4rta, minskar svullnad och mjukar upp huden.\" \/>\n<meta name=\"robots\" content=\"index, follow, max-snippet:-1, max-image-preview:large, max-video-preview:-1\" \/>\n<link rel=\"canonical\" href=\"https:\/\/isbad.se\/en\/product\/isbad-salt-1kg\/?wmc-currency=EUR\" \/>\n<meta property=\"og:locale\" content=\"en_US\" \/>\n<meta property=\"og:type\" content=\"article\" \/>\n<meta property=\"og:title\" content=\"Isbad Salt 1kg - Isbad hemma\" \/>\n<meta property=\"og:description\" content=\"Upplev Epsom saltets f\u00f6rdelar - st\u00e4rk huden, slappna av och \u00e5terh\u00e4mta dig efter tr\u00e4ning. Lindrar sm\u00e4rta, minskar svullnad och mjukar upp huden.\" \/>\n<meta property=\"og:url\" content=\"https:\/\/isbad.se\/en\/product\/isbad-salt-1kg\/?wmc-currency=EUR\" \/>\n<meta property=\"og:site_name\" content=\"ISBAD\" \/>\n<meta property=\"article:publisher\" content=\"https:\/\/www.facebook.com\/Isbad.se\" \/>\n<meta property=\"article:modified_time\" content=\"2026-03-24T14:32:53+00:00\" \/>\n<meta property=\"og:image\" content=\"https:\/\/isbad.se\/wp-content\/uploads\/2024\/07\/Isbad-Salt.webp\" \/>\n\t<meta property=\"og:image:width\" content=\"1000\" \/>\n\t<meta property=\"og:image:height\" content=\"1000\" \/>\n\t<meta property=\"og:image:type\" content=\"image\/webp\" \/>\n<meta name=\"twitter:card\" content=\"summary_large_image\" \/>\n<meta name=\"twitter:site\" content=\"@IsbadSe\" \/>\n<meta name=\"twitter:label1\" content=\"Est. reading time\" \/>\n\t<meta name=\"twitter:data1\" content=\"5 minutes\" \/>\n<script type=\"application\/ld+json\" class=\"yoast-schema-graph\">{\"@context\":\"https:\\\/\\\/schema.org\",\"@graph\":[{\"@type\":\"WebPage\",\"@id\":\"https:\\\/\\\/isbad.se\\\/product\\\/isbad-salt-1kg\\\/\",\"url\":\"https:\\\/\\\/isbad.se\\\/product\\\/isbad-salt-1kg\\\/\",\"name\":\"Isbad Salt 1kg - Isbad hemma\",\"isPartOf\":{\"@id\":\"https:\\\/\\\/isbad.se\\\/#website\"},\"primaryImageOfPage\":{\"@id\":\"https:\\\/\\\/isbad.se\\\/product\\\/isbad-salt-1kg\\\/#primaryimage\"},\"image\":{\"@id\":\"https:\\\/\\\/isbad.se\\\/product\\\/isbad-salt-1kg\\\/#primaryimage\"},\"thumbnailUrl\":\"https:\\\/\\\/isbad.se\\\/wp-content\\\/uploads\\\/2024\\\/07\\\/Isbad-Salt.webp\",\"datePublished\":\"2024-07-31T12:08:02+00:00\",\"dateModified\":\"2026-03-24T14:32:53+00:00\",\"description\":\"Upplev Epsom saltets f\u00f6rdelar - st\u00e4rk huden, slappna av och \u00e5terh\u00e4mta dig efter tr\u00e4ning. Lindrar sm\u00e4rta, minskar svullnad och mjukar upp huden.\",\"breadcrumb\":{\"@id\":\"https:\\\/\\\/isbad.se\\\/product\\\/isbad-salt-1kg\\\/#breadcrumb\"},\"inLanguage\":\"en-US\",\"potentialAction\":[{\"@type\":\"ReadAction\",\"target\":[\"https:\\\/\\\/isbad.se\\\/product\\\/isbad-salt-1kg\\\/\"]}]},{\"@type\":\"ImageObject\",\"inLanguage\":\"en-US\",\"@id\":\"https:\\\/\\\/isbad.se\\\/product\\\/isbad-salt-1kg\\\/#primaryimage\",\"url\":\"https:\\\/\\\/isbad.se\\\/wp-content\\\/uploads\\\/2024\\\/07\\\/Isbad-Salt.webp\",\"contentUrl\":\"https:\\\/\\\/isbad.se\\\/wp-content\\\/uploads\\\/2024\\\/07\\\/Isbad-Salt.webp\",\"width\":1000,\"height\":1000,\"caption\":\"Isbad Salt - Inneh\u00e5ller magnesium som \u00e4r viktigt f\u00f6r kroppen vid isbad\"},{\"@type\":\"BreadcrumbList\",\"@id\":\"https:\\\/\\\/isbad.se\\\/product\\\/isbad-salt-1kg\\\/#breadcrumb\",\"itemListElement\":[{\"@type\":\"ListItem\",\"position\":1,\"name\":\"Hem\",\"item\":\"https:\\\/\\\/isbad.se\\\/\"},{\"@type\":\"ListItem\",\"position\":2,\"name\":\"Produkter\",\"item\":\"https:\\\/\\\/isbad.se\\\/wc-shopping-page\\\/\"},{\"@type\":\"ListItem\",\"position\":3,\"name\":\"Isbad Salt 1kg\"}]},{\"@type\":\"WebSite\",\"@id\":\"https:\\\/\\\/isbad.se\\\/#website\",\"url\":\"https:\\\/\\\/isbad.se\\\/\",\"name\":\"ISBAD.se\",\"description\":\"Bada ISBAD hemma!\",\"publisher\":{\"@id\":\"https:\\\/\\\/isbad.se\\\/#organization\"},\"alternateName\":\"ISBAD f\u00f6r Gladare och friskare Sverige\",\"potentialAction\":[{\"@type\":\"SearchAction\",\"target\":{\"@type\":\"EntryPoint\",\"urlTemplate\":\"https:\\\/\\\/isbad.se\\\/?s={search_term_string}\"},\"query-input\":{\"@type\":\"PropertyValueSpecification\",\"valueRequired\":true,\"valueName\":\"search_term_string\"}}],\"inLanguage\":\"en-US\"},{\"@type\":\"Organization\",\"@id\":\"https:\\\/\\\/isbad.se\\\/#organization\",\"name\":\"ISBAD\",\"url\":\"https:\\\/\\\/isbad.se\\\/\",\"logo\":{\"@type\":\"ImageObject\",\"inLanguage\":\"en-US\",\"@id\":\"https:\\\/\\\/isbad.se\\\/#\\\/schema\\\/logo\\\/image\\\/\",\"url\":\"https:\\\/\\\/isbad.se\\\/wp-content\\\/uploads\\\/2024\\\/04\\\/isbad_logo_vector_98_black_242422.png\",\"contentUrl\":\"https:\\\/\\\/isbad.se\\\/wp-content\\\/uploads\\\/2024\\\/04\\\/isbad_logo_vector_98_black_242422.png\",\"width\":2458,\"height\":634,\"caption\":\"ISBAD\"},\"image\":{\"@id\":\"https:\\\/\\\/isbad.se\\\/#\\\/schema\\\/logo\\\/image\\\/\"},\"sameAs\":[\"https:\\\/\\\/www.facebook.com\\\/Isbad.se\",\"https:\\\/\\\/x.com\\\/IsbadSe\",\"https:\\\/\\\/www.instagram.com\\\/isbad.se\",\"https:\\\/\\\/www.tiktok.com\\\/@isbad.se\"]}]}<\/script>\n<!-- \/ Yoast SEO plugin. -->","yoast_head_json":{"title":"Isbad Salt 1kg - Isbad hemma","description":"Upplev Epsom saltets f\u00f6rdelar - st\u00e4rk huden, slappna av och \u00e5terh\u00e4mta dig efter tr\u00e4ning. Lindrar sm\u00e4rta, minskar svullnad och mjukar upp huden.","robots":{"index":"index","follow":"follow","max-snippet":"max-snippet:-1","max-image-preview":"max-image-preview:large","max-video-preview":"max-video-preview:-1"},"canonical":"https:\/\/isbad.se\/en\/product\/isbad-salt-1kg\/?wmc-currency=EUR","og_locale":"en_US","og_type":"article","og_title":"Isbad Salt 1kg - Isbad hemma","og_description":"Upplev Epsom saltets f\u00f6rdelar - st\u00e4rk huden, slappna av och \u00e5terh\u00e4mta dig efter tr\u00e4ning. Lindrar sm\u00e4rta, minskar svullnad och mjukar upp huden.","og_url":"https:\/\/isbad.se\/en\/product\/isbad-salt-1kg\/?wmc-currency=EUR","og_site_name":"ISBAD","article_publisher":"https:\/\/www.facebook.com\/Isbad.se","article_modified_time":"2026-03-24T14:32:53+00:00","og_image":[{"width":1000,"height":1000,"url":"https:\/\/isbad.se\/wp-content\/uploads\/2024\/07\/Isbad-Salt.webp","type":"image\/webp"}],"twitter_card":"summary_large_image","twitter_site":"@IsbadSe","twitter_misc":{"Est. reading time":"5 minutes"},"schema":{"@context":"https:\/\/schema.org","@graph":[{"@type":"WebPage","@id":"https:\/\/isbad.se\/product\/isbad-salt-1kg\/","url":"https:\/\/isbad.se\/product\/isbad-salt-1kg\/","name":"Isbad Salt 1kg - Isbad hemma","isPartOf":{"@id":"https:\/\/isbad.se\/#website"},"primaryImageOfPage":{"@id":"https:\/\/isbad.se\/product\/isbad-salt-1kg\/#primaryimage"},"image":{"@id":"https:\/\/isbad.se\/product\/isbad-salt-1kg\/#primaryimage"},"thumbnailUrl":"https:\/\/isbad.se\/wp-content\/uploads\/2024\/07\/Isbad-Salt.webp","datePublished":"2024-07-31T12:08:02+00:00","dateModified":"2026-03-24T14:32:53+00:00","description":"Upplev Epsom saltets f\u00f6rdelar - st\u00e4rk huden, slappna av och \u00e5terh\u00e4mta dig efter tr\u00e4ning. Lindrar sm\u00e4rta, minskar svullnad och mjukar upp huden.","breadcrumb":{"@id":"https:\/\/isbad.se\/product\/isbad-salt-1kg\/#breadcrumb"},"inLanguage":"en-US","potentialAction":[{"@type":"ReadAction","target":["https:\/\/isbad.se\/product\/isbad-salt-1kg\/"]}]},{"@type":"ImageObject","inLanguage":"en-US","@id":"https:\/\/isbad.se\/product\/isbad-salt-1kg\/#primaryimage","url":"https:\/\/isbad.se\/wp-content\/uploads\/2024\/07\/Isbad-Salt.webp","contentUrl":"https:\/\/isbad.se\/wp-content\/uploads\/2024\/07\/Isbad-Salt.webp","width":1000,"height":1000,"caption":"Isbad Salt - Inneh\u00e5ller magnesium som \u00e4r viktigt f\u00f6r kroppen vid isbad"},{"@type":"BreadcrumbList","@id":"https:\/\/isbad.se\/product\/isbad-salt-1kg\/#breadcrumb","itemListElement":[{"@type":"ListItem","position":1,"name":"Hem","item":"https:\/\/isbad.se\/"},{"@type":"ListItem","position":2,"name":"Produkter","item":"https:\/\/isbad.se\/wc-shopping-page\/"},{"@type":"ListItem","position":3,"name":"Isbad Salt 1kg"}]},{"@type":"WebSite","@id":"https:\/\/isbad.se\/#website","url":"https:\/\/isbad.se\/","name":"ISBAD.se","description":"Bada ISBAD hemma!","publisher":{"@id":"https:\/\/isbad.se\/#organization"},"alternateName":"ISBAD f\u00f6r Gladare och friskare Sverige","potentialAction":[{"@type":"SearchAction","target":{"@type":"EntryPoint","urlTemplate":"https:\/\/isbad.se\/?s={search_term_string}"},"query-input":{"@type":"PropertyValueSpecification","valueRequired":true,"valueName":"search_term_string"}}],"inLanguage":"en-US"},{"@type":"Organization","@id":"https:\/\/isbad.se\/#organization","name":"ICE BATH","url":"https:\/\/isbad.se\/","logo":{"@type":"ImageObject","inLanguage":"en-US","@id":"https:\/\/isbad.se\/#\/schema\/logo\/image\/","url":"https:\/\/isbad.se\/wp-content\/uploads\/2024\/04\/isbad_logo_vector_98_black_242422.png","contentUrl":"https:\/\/isbad.se\/wp-content\/uploads\/2024\/04\/isbad_logo_vector_98_black_242422.png","width":2458,"height":634,"caption":"ISBAD"},"image":{"@id":"https:\/\/isbad.se\/#\/schema\/logo\/image\/"},"sameAs":["https:\/\/www.facebook.com\/Isbad.se","https:\/\/x.com\/IsbadSe","https:\/\/www.instagram.com\/isbad.se","https:\/\/www.tiktok.com\/@isbad.se"]}]}},"_links":{"self":[{"href":"https:\/\/isbad.se\/en\/wp-json\/wp\/v2\/product\/10794","targetHints":{"allow":["GET"]}}],"collection":[{"href":"https:\/\/isbad.se\/en\/wp-json\/wp\/v2\/product"}],"about":[{"href":"https:\/\/isbad.se\/en\/wp-json\/wp\/v2\/types\/product"}],"replies":[{"embeddable":true,"href":"https:\/\/isbad.se\/en\/wp-json\/wp\/v2\/comments?post=10794"}],"version-history":[{"count":9,"href":"https:\/\/isbad.se\/en\/wp-json\/wp\/v2\/product\/10794\/revisions"}],"predecessor-version":[{"id":14418,"href":"https:\/\/isbad.se\/en\/wp-json\/wp\/v2\/product\/10794\/revisions\/14418"}],"wp:featuredmedia":[{"embeddable":true,"href":"https:\/\/isbad.se\/en\/wp-json\/wp\/v2\/media\/11513"}],"wp:attachment":[{"href":"https:\/\/isbad.se\/en\/wp-json\/wp\/v2\/media?parent=10794"}],"wp:term":[{"taxonomy":"product_brand","embeddable":true,"href":"https:\/\/isbad.se\/en\/wp-json\/wp\/v2\/product_brand?post=10794"},{"taxonomy":"product_cat","embeddable":true,"href":"https:\/\/isbad.se\/en\/wp-json\/wp\/v2\/product_cat?post=10794"},{"taxonomy":"product_tag","embeddable":true,"href":"https:\/\/isbad.se\/en\/wp-json\/wp\/v2\/product_tag?post=10794"}],"curies":[{"name":"wp","href":"https:\/\/api.w.org\/{rel}","templated":true}]}}