{"id":10472,"date":"2024-07-10T16:19:44","date_gmt":"2024-07-10T16:19:44","guid":{"rendered":"https:\/\/isbad.se\/?post_type=product&#038;p=10472"},"modified":"2026-04-12T09:13:44","modified_gmt":"2026-04-12T09:13:44","slug":"isbad-elite","status":"publish","type":"product","link":"https:\/\/isbad.se\/en\/product\/isbad-elite\/","title":{"rendered":"Isbad Elite"},"content":{"rendered":"<div class=\"flex-shrink-0 flex flex-col relative items-end\">\n<div>\n<div class=\"pt-0.5 juice:pt-0\">\n<div class=\"gizmo-bot-avatar flex h-6 w-6 items-center justify-center overflow-hidden rounded-full juice:h-8 juice:w-8\">\n<div><\/div>\n<div class=\"relative p-1 rounded-sm flex items-center justify-center bg-token-main-surface-primary text-token-text-primary h-8 w-8\">Isbad tunna Elite \u00e4r v\u00e5r senaste och mest exklusiva produkt och inkluderar isolerad isbad tunna, lock, allv\u00e4dersskydd samt en smidig v\u00e4ska f\u00f6r enkel transport eller f\u00f6rvaring av tunnan. Oavsett om du vill njuta av en svalkande stund under bar himmel eller i hemmets trygga vr\u00e5, ger v\u00e5rt isbad dig den perfekta m\u00f6jligheten att slappna av och \u00e5terh\u00e4mta dig efter en l\u00e5ng dag p\u00e5 jobbet eller ett h\u00e5rt tr\u00e4ningspass. V\u00e5r tunna ger dig bra \u00e5terh\u00e4mtning vart som helst i ditt hus, p\u00e5 altan, tr\u00e4dg\u00e5rd, balkong, kontor, p\u00e5 semester, eller i din l\u00e4genhet.<\/div>\n<\/div>\n<\/div>\n<\/div>\n<\/div>\n<div class=\"group\/conversation-turn relative flex w-full min-w-0 flex-col agent-turn\">\n<div class=\"flex-col gap-1 md:gap-3\">\n<div class=\"flex flex-grow flex-col max-w-full\">\n<div class=\"min-h-[20px] text-message flex flex-col items-start whitespace-pre-wrap break-words [.text-message+&amp;]:mt-5 juice:w-full juice:items-end overflow-x-auto gap-2\" dir=\"auto\" data-message-author-role=\"assistant\" data-message-id=\"7a0f9cc9-4b30-430f-aef0-5511cdd99af8\">\n<div class=\"flex w-full flex-col gap-1 juice:empty:hidden juice:first:pt-[3px]\">\n<div class=\"markdown prose w-full break-words dark:prose-invert dark\">\n<p>V\u00e5rt Isbad Elite \u00e4r en isolerad tunna som h\u00e5ller ditt vatten kallt. De flesta beh\u00f6ver inte ens l\u00e4gga till is, eftersom det \u00e4r fortfarande tillr\u00e4ckligt kallt f\u00f6r att f\u00e5 dessa f\u00f6rdelar med kallvattenterapi vid 15\u00b0C och l\u00e4gre. Upplev den ultimata kylterapiupplevelsen med v\u00e5r nya exklusiva Isbad Elite.<\/p>\n<\/div>\n<p><strong>TUNNANS STORLEK:<\/strong> 90&#215;80 cm<br \/>\n<strong>MATERIAL:<\/strong> Slitstarkt 5cm drop stitch-material som garanterar l\u00e5ngvarig anv\u00e4ndning.<br \/>\n<strong>RYMMER:<\/strong> 350 liter vatten<\/p>\n<p>&nbsp;<\/p>\n<p><strong>PAKETET INNEH\u00c5LLER:<\/strong><br \/>\n<img decoding=\"async\" class=\"alignnone wp-image-10247\" src=\"https:\/\/isbad.se\/wp-content\/uploads\/2024\/05\/6785425-300x300.png\" sizes=\"(max-width: 15px) 100vw, 15px\" srcset=\"https:\/\/isbad.se\/wp-content\/uploads\/2024\/05\/6785425-300x300.png 300w, https:\/\/isbad.se\/wp-content\/uploads\/2024\/05\/6785425-150x150.png 150w, https:\/\/isbad.se\/wp-content\/uploads\/2024\/05\/6785425-100x100.png 100w, https:\/\/isbad.se\/wp-content\/uploads\/2024\/05\/6785425.png 512w\" alt=\"\" width=\"15\" height=\"15\" \/> Vattenutlopp<br \/>\n<img decoding=\"async\" class=\"alignnone wp-image-10247\" src=\"https:\/\/isbad.se\/wp-content\/uploads\/2024\/05\/6785425-300x300.png\" sizes=\"(max-width: 15px) 100vw, 15px\" srcset=\"https:\/\/isbad.se\/wp-content\/uploads\/2024\/05\/6785425-300x300.png 300w, https:\/\/isbad.se\/wp-content\/uploads\/2024\/05\/6785425-150x150.png 150w, https:\/\/isbad.se\/wp-content\/uploads\/2024\/05\/6785425-100x100.png 100w, https:\/\/isbad.se\/wp-content\/uploads\/2024\/05\/6785425.png 512w\" alt=\"\" width=\"15\" height=\"15\" \/> Vatteninlopp<br \/>\n<img decoding=\"async\" class=\"alignnone wp-image-10247\" src=\"https:\/\/isbad.se\/wp-content\/uploads\/2024\/05\/6785425-300x300.png\" sizes=\"(max-width: 15px) 100vw, 15px\" srcset=\"https:\/\/isbad.se\/wp-content\/uploads\/2024\/05\/6785425-300x300.png 300w, https:\/\/isbad.se\/wp-content\/uploads\/2024\/05\/6785425-150x150.png 150w, https:\/\/isbad.se\/wp-content\/uploads\/2024\/05\/6785425-100x100.png 100w, https:\/\/isbad.se\/wp-content\/uploads\/2024\/05\/6785425.png 512w\" alt=\"\" width=\"15\" height=\"15\" \/> Uppbl\u00e5sbart lock<br \/>\n<img decoding=\"async\" class=\"alignnone wp-image-10247\" src=\"https:\/\/isbad.se\/wp-content\/uploads\/2024\/05\/6785425-300x300.png\" sizes=\"(max-width: 15px) 100vw, 15px\" srcset=\"https:\/\/isbad.se\/wp-content\/uploads\/2024\/05\/6785425-300x300.png 300w, https:\/\/isbad.se\/wp-content\/uploads\/2024\/05\/6785425-150x150.png 150w, https:\/\/isbad.se\/wp-content\/uploads\/2024\/05\/6785425-100x100.png 100w, https:\/\/isbad.se\/wp-content\/uploads\/2024\/05\/6785425.png 512w\" alt=\"\" width=\"15\" height=\"15\" \/> V\u00e4ska<br \/>\n<img decoding=\"async\" class=\"alignnone wp-image-10247\" src=\"https:\/\/isbad.se\/wp-content\/uploads\/2024\/05\/6785425-300x300.png\" sizes=\"(max-width: 15px) 100vw, 15px\" srcset=\"https:\/\/isbad.se\/wp-content\/uploads\/2024\/05\/6785425-300x300.png 300w, https:\/\/isbad.se\/wp-content\/uploads\/2024\/05\/6785425-150x150.png 150w, https:\/\/isbad.se\/wp-content\/uploads\/2024\/05\/6785425-100x100.png 100w, https:\/\/isbad.se\/wp-content\/uploads\/2024\/05\/6785425.png 512w\" alt=\"\" width=\"15\" height=\"15\" \/> Handpump<br \/>\n<img decoding=\"async\" class=\"alignnone wp-image-10247\" src=\"https:\/\/isbad.se\/wp-content\/uploads\/2024\/05\/6785425-300x300.png\" sizes=\"(max-width: 15px) 100vw, 15px\" srcset=\"https:\/\/isbad.se\/wp-content\/uploads\/2024\/05\/6785425-300x300.png 300w, https:\/\/isbad.se\/wp-content\/uploads\/2024\/05\/6785425-150x150.png 150w, https:\/\/isbad.se\/wp-content\/uploads\/2024\/05\/6785425-100x100.png 100w, https:\/\/isbad.se\/wp-content\/uploads\/2024\/05\/6785425.png 512w\" alt=\"\" width=\"15\" height=\"15\" \/> Reparationssatser<br \/>\n<img decoding=\"async\" class=\"alignnone wp-image-10247\" src=\"https:\/\/isbad.se\/wp-content\/uploads\/2024\/05\/6785425-300x300.png\" alt=\"\" width=\"15\" height=\"15\" srcset=\"https:\/\/isbad.se\/wp-content\/uploads\/2024\/05\/6785425-300x300.png 300w, https:\/\/isbad.se\/wp-content\/uploads\/2024\/05\/6785425-150x150.png 150w, https:\/\/isbad.se\/wp-content\/uploads\/2024\/05\/6785425-100x100.png 100w, https:\/\/isbad.se\/wp-content\/uploads\/2024\/05\/6785425.png 512w\" sizes=\"(max-width: 15px) 100vw, 15px\" \/> 30 dagars utmaning med Isbad<br \/>\n<img decoding=\"async\" class=\"alignnone wp-image-10247\" src=\"https:\/\/isbad.se\/wp-content\/uploads\/2024\/05\/6785425-300x300.png\" alt=\"\" width=\"15\" height=\"15\" srcset=\"https:\/\/isbad.se\/wp-content\/uploads\/2024\/05\/6785425-300x300.png 300w, https:\/\/isbad.se\/wp-content\/uploads\/2024\/05\/6785425-150x150.png 150w, https:\/\/isbad.se\/wp-content\/uploads\/2024\/05\/6785425-100x100.png 100w, https:\/\/isbad.se\/wp-content\/uploads\/2024\/05\/6785425.png 512w\" sizes=\"(max-width: 15px) 100vw, 15px\" \/> G\u00e5vor p\u00e5 k\u00f6pet<\/p>\n<p><strong>KAN K\u00d6PAS TILL:<\/strong><br \/>\n<a href=\"https:\/\/isbad.se\/product\/flytande-isbad-termometer\/\"><img decoding=\"async\" class=\"alignnone wp-image-10249\" src=\"https:\/\/isbad.se\/wp-content\/uploads\/2024\/05\/add-to-cart-4-300x300.png\" sizes=\"(max-width: 20px) 100vw, 20px\" srcset=\"https:\/\/isbad.se\/wp-content\/uploads\/2024\/05\/add-to-cart-4-300x300.png 300w, https:\/\/isbad.se\/wp-content\/uploads\/2024\/05\/add-to-cart-4-150x150.png 150w, https:\/\/isbad.se\/wp-content\/uploads\/2024\/05\/add-to-cart-4-100x100.png 100w, https:\/\/isbad.se\/wp-content\/uploads\/2024\/05\/add-to-cart-4.png 512w\" alt=\"\" width=\"20\" height=\"20\" \/><\/a>\u00a0<a href=\"https:\/\/isbad.se\/product\/flytande-isbad-termometer\/\">Flytande termometer som h\u00e5ller reda p\u00e5 temperaturen f\u00f6r isbad<\/a><\/p>\n<\/div>\n<\/div>\n<\/div>\n<\/div>\n<\/div>\n","protected":false},"excerpt":{"rendered":"<p><strong>THE SIZE OF THE BATH:<\/strong> 90&#215;80 cm<br \/>\n<strong>MATERIAL:<\/strong> Durable 5cm drop stitch material ensures long lasting use.<br \/>\n<strong>HOLDS:<\/strong> 350 liters of water<\/p>\n<p>Cool off in a refreshing ice bath on your patio, balcony or in the bathroom. Whether you want to enjoy a cooling moment under the stars or in the comfort of your own home, our new exclusive product, the Elite Ice Bath, gives you the perfect opportunity to relax and recover after a long day at work or a hard workout.<\/p>\n<p>You can enjoy the benefits of cold water therapy by using our ice bath tub, whether you live in an apartment or house, and whether you are indoors, outdoors, in the garage, at the gym, office or balcony. Our latest product, the Ice Bath Elite, combines luxury and functionality to give you the ultimate cold therapy experience.<\/p>","protected":false},"featured_media":12143,"comment_status":"open","ping_status":"closed","template":"","meta":{"_acf_changed":false},"product_brand":[],"product_cat":[21],"product_tag":[98,31,22,32,34,24],"class_list":{"0":"post-10472","1":"product","2":"type-product","3":"status-publish","4":"has-post-thumbnail","6":"product_cat-isbad-tunnor","7":"product_tag-elite","8":"product_tag-inklusive","9":"product_tag-isbad-tunna","10":"product_tag-komplett","11":"product_tag-tillbehor","12":"product_tag-tunna","14":"first","15":"instock","16":"taxable","17":"shipping-taxable","18":"purchasable","19":"product-type-simple"},"acf":[],"yoast_head":"<!-- This site is optimized with the Yoast SEO plugin v27.4 - https:\/\/yoast.com\/product\/yoast-seo-wordpress\/ -->\n<title>Isbad Elite - Isbad hemma<\/title>\n<meta name=\"description\" content=\"Isbad Tunna Elite: Premium isbad med elegant design och luft isolering. Ger effektiv kyla och komfort f\u00f6r avkoppling och \u00e5terh\u00e4mtning.\" \/>\n<meta name=\"robots\" content=\"index, follow, max-snippet:-1, max-image-preview:large, max-video-preview:-1\" \/>\n<link rel=\"canonical\" href=\"https:\/\/isbad.se\/en\/product\/isbad-elite\/?wmc-currency=EUR\" \/>\n<meta property=\"og:locale\" content=\"en_US\" \/>\n<meta property=\"og:type\" content=\"article\" \/>\n<meta property=\"og:title\" content=\"Isbad Elite - Isbad hemma\" \/>\n<meta property=\"og:description\" content=\"Isbad Tunna Elite: Premium isbad med elegant design och luft isolering. Ger effektiv kyla och komfort f\u00f6r avkoppling och \u00e5terh\u00e4mtning.\" \/>\n<meta property=\"og:url\" content=\"https:\/\/isbad.se\/en\/product\/isbad-elite\/?wmc-currency=EUR\" \/>\n<meta property=\"og:site_name\" content=\"ISBAD\" \/>\n<meta property=\"article:publisher\" content=\"https:\/\/www.facebook.com\/Isbad.se\" \/>\n<meta property=\"article:modified_time\" content=\"2026-04-12T09:13:44+00:00\" \/>\n<meta property=\"og:image\" content=\"https:\/\/isbad.se\/wp-content\/uploads\/2024\/07\/Isbad-elite-tunna-med-lock-1.webp\" \/>\n\t<meta property=\"og:image:width\" content=\"1000\" \/>\n\t<meta property=\"og:image:height\" content=\"1000\" \/>\n\t<meta property=\"og:image:type\" content=\"image\/webp\" \/>\n<meta name=\"twitter:card\" content=\"summary_large_image\" \/>\n<meta name=\"twitter:site\" content=\"@IsbadSe\" \/>\n<meta name=\"twitter:label1\" content=\"Est. reading time\" \/>\n\t<meta name=\"twitter:data1\" content=\"3 minutes\" \/>\n<script type=\"application\/ld+json\" class=\"yoast-schema-graph\">{\"@context\":\"https:\\\/\\\/schema.org\",\"@graph\":[{\"@type\":\"WebPage\",\"@id\":\"https:\\\/\\\/isbad.se\\\/product\\\/isbad-elite\\\/\",\"url\":\"https:\\\/\\\/isbad.se\\\/product\\\/isbad-elite\\\/\",\"name\":\"Isbad Elite - Isbad hemma\",\"isPartOf\":{\"@id\":\"https:\\\/\\\/isbad.se\\\/#website\"},\"primaryImageOfPage\":{\"@id\":\"https:\\\/\\\/isbad.se\\\/product\\\/isbad-elite\\\/#primaryimage\"},\"image\":{\"@id\":\"https:\\\/\\\/isbad.se\\\/product\\\/isbad-elite\\\/#primaryimage\"},\"thumbnailUrl\":\"https:\\\/\\\/isbad.se\\\/wp-content\\\/uploads\\\/2024\\\/07\\\/Isbad-elite-tunna-med-lock-1.webp\",\"datePublished\":\"2024-07-10T16:19:44+00:00\",\"dateModified\":\"2026-04-12T09:13:44+00:00\",\"description\":\"Isbad Tunna Elite: Premium isbad med elegant design och luft isolering. Ger effektiv kyla och komfort f\u00f6r avkoppling och \u00e5terh\u00e4mtning.\",\"breadcrumb\":{\"@id\":\"https:\\\/\\\/isbad.se\\\/product\\\/isbad-elite\\\/#breadcrumb\"},\"inLanguage\":\"en-US\",\"potentialAction\":[{\"@type\":\"ReadAction\",\"target\":[\"https:\\\/\\\/isbad.se\\\/product\\\/isbad-elite\\\/\"]}]},{\"@type\":\"ImageObject\",\"inLanguage\":\"en-US\",\"@id\":\"https:\\\/\\\/isbad.se\\\/product\\\/isbad-elite\\\/#primaryimage\",\"url\":\"https:\\\/\\\/isbad.se\\\/wp-content\\\/uploads\\\/2024\\\/07\\\/Isbad-elite-tunna-med-lock-1.webp\",\"contentUrl\":\"https:\\\/\\\/isbad.se\\\/wp-content\\\/uploads\\\/2024\\\/07\\\/Isbad-elite-tunna-med-lock-1.webp\",\"width\":1000,\"height\":1000},{\"@type\":\"BreadcrumbList\",\"@id\":\"https:\\\/\\\/isbad.se\\\/product\\\/isbad-elite\\\/#breadcrumb\",\"itemListElement\":[{\"@type\":\"ListItem\",\"position\":1,\"name\":\"Hem\",\"item\":\"https:\\\/\\\/isbad.se\\\/\"},{\"@type\":\"ListItem\",\"position\":2,\"name\":\"Produkter\",\"item\":\"https:\\\/\\\/isbad.se\\\/wc-shopping-page\\\/\"},{\"@type\":\"ListItem\",\"position\":3,\"name\":\"Isbad Elite\"}]},{\"@type\":\"WebSite\",\"@id\":\"https:\\\/\\\/isbad.se\\\/#website\",\"url\":\"https:\\\/\\\/isbad.se\\\/\",\"name\":\"ISBAD.se\",\"description\":\"Bada ISBAD hemma!\",\"publisher\":{\"@id\":\"https:\\\/\\\/isbad.se\\\/#organization\"},\"alternateName\":\"ISBAD f\u00f6r Gladare och friskare Sverige\",\"potentialAction\":[{\"@type\":\"SearchAction\",\"target\":{\"@type\":\"EntryPoint\",\"urlTemplate\":\"https:\\\/\\\/isbad.se\\\/?s={search_term_string}\"},\"query-input\":{\"@type\":\"PropertyValueSpecification\",\"valueRequired\":true,\"valueName\":\"search_term_string\"}}],\"inLanguage\":\"en-US\"},{\"@type\":\"Organization\",\"@id\":\"https:\\\/\\\/isbad.se\\\/#organization\",\"name\":\"ISBAD\",\"url\":\"https:\\\/\\\/isbad.se\\\/\",\"logo\":{\"@type\":\"ImageObject\",\"inLanguage\":\"en-US\",\"@id\":\"https:\\\/\\\/isbad.se\\\/#\\\/schema\\\/logo\\\/image\\\/\",\"url\":\"https:\\\/\\\/isbad.se\\\/wp-content\\\/uploads\\\/2024\\\/04\\\/isbad_logo_vector_98_black_242422.png\",\"contentUrl\":\"https:\\\/\\\/isbad.se\\\/wp-content\\\/uploads\\\/2024\\\/04\\\/isbad_logo_vector_98_black_242422.png\",\"width\":2458,\"height\":634,\"caption\":\"ISBAD\"},\"image\":{\"@id\":\"https:\\\/\\\/isbad.se\\\/#\\\/schema\\\/logo\\\/image\\\/\"},\"sameAs\":[\"https:\\\/\\\/www.facebook.com\\\/Isbad.se\",\"https:\\\/\\\/x.com\\\/IsbadSe\",\"https:\\\/\\\/www.instagram.com\\\/isbad.se\",\"https:\\\/\\\/www.tiktok.com\\\/@isbad.se\"]}]}<\/script>\n<!-- \/ Yoast SEO plugin. -->","yoast_head_json":{"title":"Isbad Elite - Isbad hemma","description":"Isbad Tunna Elite: Premium isbad med elegant design och luft isolering. Ger effektiv kyla och komfort f\u00f6r avkoppling och \u00e5terh\u00e4mtning.","robots":{"index":"index","follow":"follow","max-snippet":"max-snippet:-1","max-image-preview":"max-image-preview:large","max-video-preview":"max-video-preview:-1"},"canonical":"https:\/\/isbad.se\/en\/product\/isbad-elite\/?wmc-currency=EUR","og_locale":"en_US","og_type":"article","og_title":"Isbad Elite - Isbad hemma","og_description":"Isbad Tunna Elite: Premium isbad med elegant design och luft isolering. Ger effektiv kyla och komfort f\u00f6r avkoppling och \u00e5terh\u00e4mtning.","og_url":"https:\/\/isbad.se\/en\/product\/isbad-elite\/?wmc-currency=EUR","og_site_name":"ISBAD","article_publisher":"https:\/\/www.facebook.com\/Isbad.se","article_modified_time":"2026-04-12T09:13:44+00:00","og_image":[{"width":1000,"height":1000,"url":"https:\/\/isbad.se\/wp-content\/uploads\/2024\/07\/Isbad-elite-tunna-med-lock-1.webp","type":"image\/webp"}],"twitter_card":"summary_large_image","twitter_site":"@IsbadSe","twitter_misc":{"Est. reading time":"3 minutes"},"schema":{"@context":"https:\/\/schema.org","@graph":[{"@type":"WebPage","@id":"https:\/\/isbad.se\/product\/isbad-elite\/","url":"https:\/\/isbad.se\/product\/isbad-elite\/","name":"Isbad Elite - Isbad hemma","isPartOf":{"@id":"https:\/\/isbad.se\/#website"},"primaryImageOfPage":{"@id":"https:\/\/isbad.se\/product\/isbad-elite\/#primaryimage"},"image":{"@id":"https:\/\/isbad.se\/product\/isbad-elite\/#primaryimage"},"thumbnailUrl":"https:\/\/isbad.se\/wp-content\/uploads\/2024\/07\/Isbad-elite-tunna-med-lock-1.webp","datePublished":"2024-07-10T16:19:44+00:00","dateModified":"2026-04-12T09:13:44+00:00","description":"Isbad Tunna Elite: Premium isbad med elegant design och luft isolering. Ger effektiv kyla och komfort f\u00f6r avkoppling och \u00e5terh\u00e4mtning.","breadcrumb":{"@id":"https:\/\/isbad.se\/product\/isbad-elite\/#breadcrumb"},"inLanguage":"en-US","potentialAction":[{"@type":"ReadAction","target":["https:\/\/isbad.se\/product\/isbad-elite\/"]}]},{"@type":"ImageObject","inLanguage":"en-US","@id":"https:\/\/isbad.se\/product\/isbad-elite\/#primaryimage","url":"https:\/\/isbad.se\/wp-content\/uploads\/2024\/07\/Isbad-elite-tunna-med-lock-1.webp","contentUrl":"https:\/\/isbad.se\/wp-content\/uploads\/2024\/07\/Isbad-elite-tunna-med-lock-1.webp","width":1000,"height":1000},{"@type":"BreadcrumbList","@id":"https:\/\/isbad.se\/product\/isbad-elite\/#breadcrumb","itemListElement":[{"@type":"ListItem","position":1,"name":"Hem","item":"https:\/\/isbad.se\/"},{"@type":"ListItem","position":2,"name":"Produkter","item":"https:\/\/isbad.se\/wc-shopping-page\/"},{"@type":"ListItem","position":3,"name":"Isbad Elite"}]},{"@type":"WebSite","@id":"https:\/\/isbad.se\/#website","url":"https:\/\/isbad.se\/","name":"ISBAD.se","description":"Bada ISBAD hemma!","publisher":{"@id":"https:\/\/isbad.se\/#organization"},"alternateName":"ISBAD f\u00f6r Gladare och friskare Sverige","potentialAction":[{"@type":"SearchAction","target":{"@type":"EntryPoint","urlTemplate":"https:\/\/isbad.se\/?s={search_term_string}"},"query-input":{"@type":"PropertyValueSpecification","valueRequired":true,"valueName":"search_term_string"}}],"inLanguage":"en-US"},{"@type":"Organization","@id":"https:\/\/isbad.se\/#organization","name":"ICE BATH","url":"https:\/\/isbad.se\/","logo":{"@type":"ImageObject","inLanguage":"en-US","@id":"https:\/\/isbad.se\/#\/schema\/logo\/image\/","url":"https:\/\/isbad.se\/wp-content\/uploads\/2024\/04\/isbad_logo_vector_98_black_242422.png","contentUrl":"https:\/\/isbad.se\/wp-content\/uploads\/2024\/04\/isbad_logo_vector_98_black_242422.png","width":2458,"height":634,"caption":"ISBAD"},"image":{"@id":"https:\/\/isbad.se\/#\/schema\/logo\/image\/"},"sameAs":["https:\/\/www.facebook.com\/Isbad.se","https:\/\/x.com\/IsbadSe","https:\/\/www.instagram.com\/isbad.se","https:\/\/www.tiktok.com\/@isbad.se"]}]}},"_links":{"self":[{"href":"https:\/\/isbad.se\/en\/wp-json\/wp\/v2\/product\/10472","targetHints":{"allow":["GET"]}}],"collection":[{"href":"https:\/\/isbad.se\/en\/wp-json\/wp\/v2\/product"}],"about":[{"href":"https:\/\/isbad.se\/en\/wp-json\/wp\/v2\/types\/product"}],"replies":[{"embeddable":true,"href":"https:\/\/isbad.se\/en\/wp-json\/wp\/v2\/comments?post=10472"}],"version-history":[{"count":3,"href":"https:\/\/isbad.se\/en\/wp-json\/wp\/v2\/product\/10472\/revisions"}],"predecessor-version":[{"id":14960,"href":"https:\/\/isbad.se\/en\/wp-json\/wp\/v2\/product\/10472\/revisions\/14960"}],"wp:featuredmedia":[{"embeddable":true,"href":"https:\/\/isbad.se\/en\/wp-json\/wp\/v2\/media\/12143"}],"wp:attachment":[{"href":"https:\/\/isbad.se\/en\/wp-json\/wp\/v2\/media?parent=10472"}],"wp:term":[{"taxonomy":"product_brand","embeddable":true,"href":"https:\/\/isbad.se\/en\/wp-json\/wp\/v2\/product_brand?post=10472"},{"taxonomy":"product_cat","embeddable":true,"href":"https:\/\/isbad.se\/en\/wp-json\/wp\/v2\/product_cat?post=10472"},{"taxonomy":"product_tag","embeddable":true,"href":"https:\/\/isbad.se\/en\/wp-json\/wp\/v2\/product_tag?post=10472"}],"curies":[{"name":"wp","href":"https:\/\/api.w.org\/{rel}","templated":true}]}}