{"id":25,"date":"2024-04-26T17:51:44","date_gmt":"2024-04-26T17:51:44","guid":{"rendered":"https:\/\/isbad.racsom.se\/?page_id=25"},"modified":"2026-01-22T06:27:18","modified_gmt":"2026-01-22T06:27:18","slug":"kontakt","status":"publish","type":"page","link":"https:\/\/isbad.se\/en\/kontakt\/","title":{"rendered":"CONTACT"},"content":{"rendered":"\t\t<div data-elementor-type=\"wp-page\" data-elementor-id=\"25\" class=\"elementor elementor-25\" data-elementor-post-type=\"page\">\n\t\t\t\t<div class=\"elementor-element elementor-element-a236b7c e-flex e-con-boxed e-con e-parent\" data-id=\"a236b7c\" data-element_type=\"container\" data-e-type=\"container\" data-settings=\"{&quot;background_background&quot;:&quot;gradient&quot;}\">\n\t\t\t\t\t<div class=\"e-con-inner\">\n\t\t\t\t<div class=\"elementor-element elementor-element-2fb8517 elementor-widget elementor-widget-heading\" data-id=\"2fb8517\" data-element_type=\"widget\" data-e-type=\"widget\" data-widget_type=\"heading.default\">\n\t\t\t\t<div class=\"elementor-widget-container\">\n\t\t\t\t\t<h1 class=\"elementor-heading-title elementor-size-default\">KONTAKTA OSS<\/h1>\t\t\t\t<\/div>\n\t\t\t\t<\/div>\n\t\t\t\t\t<\/div>\n\t\t\t\t<\/div>\n\t\t<div class=\"elementor-element elementor-element-fc1519b e-flex e-con-boxed e-con e-parent\" data-id=\"fc1519b\" data-element_type=\"container\" data-e-type=\"container\" data-settings=\"{&quot;background_background&quot;:&quot;classic&quot;}\">\n\t\t\t\t\t<div class=\"e-con-inner\">\n\t\t\t\t<div class=\"elementor-element elementor-element-c3c70f4 elementor-widget elementor-widget-heading\" data-id=\"c3c70f4\" data-element_type=\"widget\" data-e-type=\"widget\" data-widget_type=\"heading.default\">\n\t\t\t\t<div class=\"elementor-widget-container\">\n\t\t\t\t\t<h2 class=\"elementor-heading-title elementor-size-default\">Funderar du \u00f6ver n\u00e5got?<\/h2>\t\t\t\t<\/div>\n\t\t\t\t<\/div>\n\t\t\t\t<div class=\"elementor-element elementor-element-56928e0 elementor-widget elementor-widget-text-editor\" data-id=\"56928e0\" data-element_type=\"widget\" data-e-type=\"widget\" data-widget_type=\"text-editor.default\">\n\t\t\t\t<div class=\"elementor-widget-container\">\n\t\t\t\t\t\t\t\t\t<p>Skicka dina fr\u00e5gor och funderingar via formul\u00e4ret nedan. Vi svarar normalt inom 24 timmar.<\/p><p>Vill du skicka bilder, s\u00e5 bifogar du det i ett mail och skickar till <a href=\"mailto:info@isbad.se\">info@isbad.se<\/a><\/p>\t\t\t\t\t\t\t\t<\/div>\n\t\t\t\t<\/div>\n\t\t\t\t<div class=\"elementor-element elementor-element-24b9f02 elementor-button-align-stretch elementor-widget elementor-widget-form\" data-id=\"24b9f02\" data-element_type=\"widget\" data-e-type=\"widget\" data-settings=\"{&quot;step_next_label&quot;:&quot;N\\u00e4sta&quot;,&quot;step_previous_label&quot;:&quot;F\\u00f6reg\\u00e5ende&quot;,&quot;button_width&quot;:&quot;100&quot;,&quot;step_type&quot;:&quot;number_text&quot;,&quot;step_icon_shape&quot;:&quot;circle&quot;}\" data-widget_type=\"form.default\">\n\t\t\t\t<div class=\"elementor-widget-container\">\n\t\t\t\t\t\t\t<form class=\"elementor-form\" method=\"post\" name=\"Kontakt formul\u00e4r\" aria-label=\"Kontakt formul\u00e4r\">\n\t\t\t<input type=\"hidden\" name=\"post_id\" value=\"25\"\/>\n\t\t\t<input type=\"hidden\" name=\"form_id\" value=\"24b9f02\"\/>\n\t\t\t<input type=\"hidden\" name=\"referer_title\" value=\"Kontakta oss - Allt om isbad\" \/>\n\n\t\t\t\t\t\t\t<input type=\"hidden\" name=\"queried_id\" value=\"25\"\/>\n\t\t\t\n\t\t\t<div class=\"elementor-form-fields-wrapper elementor-labels-\">\n\t\t\t\t\t\t\t\t<div class=\"elementor-field-type-text elementor-field-group elementor-column elementor-field-group-name elementor-col-60 elementor-field-required\">\n\t\t\t\t\t\t\t\t\t\t\t\t\t<input size=\"1\" type=\"text\" name=\"form_fields[name]\" id=\"form-field-name\" class=\"elementor-field elementor-size-md  elementor-field-textual\" placeholder=\"Ditt namn\" required=\"required\">\n\t\t\t\t\t\t\t\t\t\t\t<\/div>\n\t\t\t\t\t\t\t\t<div class=\"elementor-field-type-email elementor-field-group elementor-column elementor-field-group-email elementor-col-60 elementor-field-required\">\n\t\t\t\t\t\t\t\t\t\t\t\t\t<input size=\"1\" type=\"email\" name=\"form_fields[email]\" id=\"form-field-email\" class=\"elementor-field elementor-size-md  elementor-field-textual\" placeholder=\"E-post\" required=\"required\">\n\t\t\t\t\t\t\t\t\t\t\t<\/div>\n\t\t\t\t\t\t\t\t<div class=\"elementor-field-type-tel elementor-field-group elementor-column elementor-field-group-field_e26fd9e elementor-col-60 elementor-field-required\">\n\t\t\t\t\t\t\t<input size=\"1\" type=\"tel\" name=\"form_fields[field_e26fd9e]\" id=\"form-field-field_e26fd9e\" class=\"elementor-field elementor-size-md  elementor-field-textual\" placeholder=\"Telefon\" required=\"required\" pattern=\"[0-9()#&amp;+*-=.]+\" title=\"Only numbers and phone characters (#, -, *, etc) are accepted.\">\n\n\t\t\t\t\t\t<\/div>\n\t\t\t\t\t\t\t\t<div class=\"elementor-field-type-radio elementor-field-group elementor-column elementor-field-group-field_e286ee4 elementor-col-100 elementor-field-required\">\n\t\t\t\t\t\t\t\t\t\t\t\t<label for=\"form-field-field_e286ee4\" class=\"elementor-field-label elementor-screen-only\">\n\t\t\t\t\t\t\t\t<b>V\u00c4LJ DITT \u00c4RENDE<\/b>\t\t\t\t\t\t\t<\/label>\n\t\t\t\t\t\t<div class=\"elementor-field-subgroup  \"><span class=\"elementor-field-option\"><input type=\"radio\" value=\"V\u00e5ra produkter\" id=\"form-field-field_e286ee4-0\" name=\"form_fields[field_e286ee4]\" required=\"required\"> <label for=\"form-field-field_e286ee4-0\">V\u00e5ra produkter<\/label><\/span><span class=\"elementor-field-option\"><input type=\"radio\" value=\"Befintlig order\" id=\"form-field-field_e286ee4-1\" name=\"form_fields[field_e286ee4]\" required=\"required\"> <label for=\"form-field-field_e286ee4-1\">Befintlig order<\/label><\/span><span class=\"elementor-field-option\"><input type=\"radio\" value=\"Frakt &amp; leverans\" id=\"form-field-field_e286ee4-2\" name=\"form_fields[field_e286ee4]\" required=\"required\"> <label for=\"form-field-field_e286ee4-2\">Frakt & leverans<\/label><\/span><span class=\"elementor-field-option\"><input type=\"radio\" value=\"Samarbeten\" id=\"form-field-field_e286ee4-3\" name=\"form_fields[field_e286ee4]\" required=\"required\"> <label for=\"form-field-field_e286ee4-3\">Samarbeten<\/label><\/span><span class=\"elementor-field-option\"><input type=\"radio\" value=\"Kreativa id\u00e9er\" id=\"form-field-field_e286ee4-4\" name=\"form_fields[field_e286ee4]\" required=\"required\"> <label for=\"form-field-field_e286ee4-4\">Kreativa id\u00e9er<\/label><\/span><span class=\"elementor-field-option\"><input type=\"radio\" value=\"Recensioner\" id=\"form-field-field_e286ee4-5\" name=\"form_fields[field_e286ee4]\" required=\"required\"> <label for=\"form-field-field_e286ee4-5\">Recensioner<\/label><\/span><span class=\"elementor-field-option\"><input type=\"radio\" value=\"\u00d6vrigt\" id=\"form-field-field_e286ee4-6\" name=\"form_fields[field_e286ee4]\" required=\"required\"> <label for=\"form-field-field_e286ee4-6\">\u00d6vrigt<\/label><\/span><\/div>\t\t\t\t<\/div>\n\t\t\t\t\t\t\t\t<div class=\"elementor-field-type-textarea elementor-field-group elementor-column elementor-field-group-message elementor-col-100 elementor-field-required\">\n\t\t\t\t\t<textarea class=\"elementor-field-textual elementor-field  elementor-size-md\" name=\"form_fields[message]\" id=\"form-field-message\" rows=\"10\" placeholder=\"Meddelande\" required=\"required\"><\/textarea>\t\t\t\t<\/div>\n\t\t\t\t\t\t\t\t<div class=\"elementor-field-type-acceptance elementor-field-group elementor-column elementor-field-group-field_d935cd9 elementor-col-100\">\n\t\t\t\t\t\t\t<div class=\"elementor-field-subgroup\">\n\t\t\t<span class=\"elementor-field-option\">\n\t\t\t\t<input type=\"checkbox\" name=\"form_fields[field_d935cd9]\" id=\"form-field-field_d935cd9\" class=\"elementor-field elementor-size-md  elementor-acceptance-field\" checked=\"checked\">\n\t\t\t\t<label for=\"form-field-field_d935cd9\">Jag vill g\u00e5 med i Isbad Community<\/label>\t\t\t<\/span>\n\t\t<\/div>\n\t\t\t\t\t\t<\/div>\n\t\t\t\t\t\t\t\t<div class=\"elementor-field-type-recaptcha elementor-field-group elementor-column elementor-field-group-field_4661b74 elementor-col-100\">\n\t\t\t\t\t<div class=\"elementor-field\" id=\"form-field-field_4661b74\"><div class=\"elementor-g-recaptcha\" data-sitekey=\"6LedgxAqAAAAAN8bWHtq38936JQRh-6RyJAraVUS\" data-type=\"v2_checkbox\" data-theme=\"light\" data-size=\"normal\"><\/div><\/div>\t\t\t\t<\/div>\n\t\t\t\t\t\t\t\t<div class=\"elementor-field-group elementor-column elementor-field-type-submit elementor-col-100 e-form__buttons\">\n\t\t\t\t\t<button class=\"elementor-button elementor-size-md\" type=\"submit\">\n\t\t\t\t\t\t<span class=\"elementor-button-content-wrapper\">\n\t\t\t\t\t\t\t\t\t\t\t\t\t\t\t\t\t\t\t\t\t\t<span class=\"elementor-button-text\">SKICKA MEDDELANDE<\/span>\n\t\t\t\t\t\t\t\t\t\t\t\t\t<\/span>\n\t\t\t\t\t<\/button>\n\t\t\t\t<\/div>\n\t\t\t<\/div>\n\t\t<\/form>\n\t\t\t\t\t\t<\/div>\n\t\t\t\t<\/div>\n\t\t\t\t\t<\/div>\n\t\t\t\t<\/div>\n\t\t\t\t<\/div>\n\t\t","protected":false},"excerpt":{"rendered":"<p>KONTAKTA OSS Funderar du \u00f6ver n\u00e5got? Skicka dina fr\u00e5gor och funderingar via formul\u00e4ret nedan. Vi svarar normalt inom 24 timmar. Vill du skicka bilder, s\u00e5 bifogar du det i ett mail och skickar till info@isbad.se<\/p>","protected":false},"author":7,"featured_media":0,"parent":0,"menu_order":0,"comment_status":"closed","ping_status":"closed","template":"","meta":{"_acf_changed":false,"footnotes":""},"class_list":["post-25","page","type-page","status-publish","hentry"],"acf":[],"yoast_head":"<!-- This site is optimized with the Yoast SEO plugin v27.4 - https:\/\/yoast.com\/product\/yoast-seo-wordpress\/ -->\n<title>Kontakta oss - Allt om isbad<\/title>\n<meta name=\"description\" content=\"Har du fr\u00e5gor om isbad? Kontakta oss f\u00f6r r\u00e5dgivning, best\u00e4llningar eller samarbeten. Vi hj\u00e4lper dig hitta den b\u00e4sta l\u00f6sningen \u2013 h\u00f6r av dig!\" \/>\n<meta name=\"robots\" content=\"index, follow, max-snippet:-1, max-image-preview:large, max-video-preview:-1\" \/>\n<link rel=\"canonical\" href=\"https:\/\/isbad.se\/en\/kontakt\/?wmc-currency=EUR\" \/>\n<meta property=\"og:locale\" content=\"en_US\" \/>\n<meta property=\"og:type\" content=\"article\" \/>\n<meta property=\"og:title\" content=\"Kontakta oss - Allt om isbad\" \/>\n<meta property=\"og:description\" content=\"Har du fr\u00e5gor om isbad? Kontakta oss f\u00f6r r\u00e5dgivning, best\u00e4llningar eller samarbeten. Vi hj\u00e4lper dig hitta den b\u00e4sta l\u00f6sningen \u2013 h\u00f6r av dig!\" \/>\n<meta property=\"og:url\" content=\"https:\/\/isbad.se\/en\/kontakt\/?wmc-currency=EUR\" \/>\n<meta property=\"og:site_name\" content=\"ISBAD\" \/>\n<meta property=\"article:publisher\" content=\"https:\/\/www.facebook.com\/Isbad.se\" \/>\n<meta property=\"article:modified_time\" content=\"2026-01-22T06:27:18+00:00\" \/>\n<meta property=\"og:image\" content=\"https:\/\/isbad.se\/wp-content\/uploads\/2024\/09\/uppfriskande-isbad-1200x675-2.png\" \/>\n\t<meta property=\"og:image:width\" content=\"1200\" \/>\n\t<meta property=\"og:image:height\" content=\"675\" \/>\n\t<meta property=\"og:image:type\" content=\"image\/png\" \/>\n<meta name=\"twitter:card\" content=\"summary_large_image\" \/>\n<meta name=\"twitter:site\" content=\"@IsbadSe\" \/>\n<meta name=\"twitter:label1\" content=\"Est. reading time\" \/>\n\t<meta name=\"twitter:data1\" content=\"1 minute\" \/>\n<script type=\"application\/ld+json\" class=\"yoast-schema-graph\">{\"@context\":\"https:\\\/\\\/schema.org\",\"@graph\":[{\"@type\":\"WebPage\",\"@id\":\"https:\\\/\\\/isbad.se\\\/kontakt\\\/\",\"url\":\"https:\\\/\\\/isbad.se\\\/kontakt\\\/\",\"name\":\"Kontakta oss - Allt om isbad\",\"isPartOf\":{\"@id\":\"https:\\\/\\\/isbad.se\\\/#website\"},\"datePublished\":\"2024-04-26T17:51:44+00:00\",\"dateModified\":\"2026-01-22T06:27:18+00:00\",\"description\":\"Har du fr\u00e5gor om isbad? Kontakta oss f\u00f6r r\u00e5dgivning, best\u00e4llningar eller samarbeten. Vi hj\u00e4lper dig hitta den b\u00e4sta l\u00f6sningen \u2013 h\u00f6r av dig!\",\"breadcrumb\":{\"@id\":\"https:\\\/\\\/isbad.se\\\/kontakt\\\/#breadcrumb\"},\"inLanguage\":\"en-US\",\"potentialAction\":[{\"@type\":\"ReadAction\",\"target\":[\"https:\\\/\\\/isbad.se\\\/kontakt\\\/\"]}]},{\"@type\":\"BreadcrumbList\",\"@id\":\"https:\\\/\\\/isbad.se\\\/kontakt\\\/#breadcrumb\",\"itemListElement\":[{\"@type\":\"ListItem\",\"position\":1,\"name\":\"Hem\",\"item\":\"https:\\\/\\\/isbad.se\\\/\"},{\"@type\":\"ListItem\",\"position\":2,\"name\":\"KONTAKT\"}]},{\"@type\":\"WebSite\",\"@id\":\"https:\\\/\\\/isbad.se\\\/#website\",\"url\":\"https:\\\/\\\/isbad.se\\\/\",\"name\":\"ISBAD.se\",\"description\":\"Bada ISBAD hemma!\",\"publisher\":{\"@id\":\"https:\\\/\\\/isbad.se\\\/#organization\"},\"alternateName\":\"ISBAD f\u00f6r Gladare och friskare Sverige\",\"potentialAction\":[{\"@type\":\"SearchAction\",\"target\":{\"@type\":\"EntryPoint\",\"urlTemplate\":\"https:\\\/\\\/isbad.se\\\/?s={search_term_string}\"},\"query-input\":{\"@type\":\"PropertyValueSpecification\",\"valueRequired\":true,\"valueName\":\"search_term_string\"}}],\"inLanguage\":\"en-US\"},{\"@type\":\"Organization\",\"@id\":\"https:\\\/\\\/isbad.se\\\/#organization\",\"name\":\"ISBAD\",\"url\":\"https:\\\/\\\/isbad.se\\\/\",\"logo\":{\"@type\":\"ImageObject\",\"inLanguage\":\"en-US\",\"@id\":\"https:\\\/\\\/isbad.se\\\/#\\\/schema\\\/logo\\\/image\\\/\",\"url\":\"https:\\\/\\\/isbad.se\\\/wp-content\\\/uploads\\\/2024\\\/04\\\/isbad_logo_vector_98_black_242422.png\",\"contentUrl\":\"https:\\\/\\\/isbad.se\\\/wp-content\\\/uploads\\\/2024\\\/04\\\/isbad_logo_vector_98_black_242422.png\",\"width\":2458,\"height\":634,\"caption\":\"ISBAD\"},\"image\":{\"@id\":\"https:\\\/\\\/isbad.se\\\/#\\\/schema\\\/logo\\\/image\\\/\"},\"sameAs\":[\"https:\\\/\\\/www.facebook.com\\\/Isbad.se\",\"https:\\\/\\\/x.com\\\/IsbadSe\",\"https:\\\/\\\/www.instagram.com\\\/isbad.se\",\"https:\\\/\\\/www.tiktok.com\\\/@isbad.se\"]}]}<\/script>\n<!-- \/ Yoast SEO plugin. -->","yoast_head_json":{"title":"Kontakta oss - Allt om isbad","description":"Har du fr\u00e5gor om isbad? Kontakta oss f\u00f6r r\u00e5dgivning, best\u00e4llningar eller samarbeten. Vi hj\u00e4lper dig hitta den b\u00e4sta l\u00f6sningen \u2013 h\u00f6r av dig!","robots":{"index":"index","follow":"follow","max-snippet":"max-snippet:-1","max-image-preview":"max-image-preview:large","max-video-preview":"max-video-preview:-1"},"canonical":"https:\/\/isbad.se\/en\/kontakt\/?wmc-currency=EUR","og_locale":"en_US","og_type":"article","og_title":"Kontakta oss - Allt om isbad","og_description":"Har du fr\u00e5gor om isbad? Kontakta oss f\u00f6r r\u00e5dgivning, best\u00e4llningar eller samarbeten. Vi hj\u00e4lper dig hitta den b\u00e4sta l\u00f6sningen \u2013 h\u00f6r av dig!","og_url":"https:\/\/isbad.se\/en\/kontakt\/?wmc-currency=EUR","og_site_name":"ISBAD","article_publisher":"https:\/\/www.facebook.com\/Isbad.se","article_modified_time":"2026-01-22T06:27:18+00:00","og_image":[{"width":1200,"height":675,"url":"https:\/\/isbad.se\/wp-content\/uploads\/2024\/09\/uppfriskande-isbad-1200x675-2.png","type":"image\/png"}],"twitter_card":"summary_large_image","twitter_site":"@IsbadSe","twitter_misc":{"Est. reading time":"1 minute"},"schema":{"@context":"https:\/\/schema.org","@graph":[{"@type":"WebPage","@id":"https:\/\/isbad.se\/kontakt\/","url":"https:\/\/isbad.se\/kontakt\/","name":"Kontakta oss - Allt om isbad","isPartOf":{"@id":"https:\/\/isbad.se\/#website"},"datePublished":"2024-04-26T17:51:44+00:00","dateModified":"2026-01-22T06:27:18+00:00","description":"Har du fr\u00e5gor om isbad? Kontakta oss f\u00f6r r\u00e5dgivning, best\u00e4llningar eller samarbeten. Vi hj\u00e4lper dig hitta den b\u00e4sta l\u00f6sningen \u2013 h\u00f6r av dig!","breadcrumb":{"@id":"https:\/\/isbad.se\/kontakt\/#breadcrumb"},"inLanguage":"en-US","potentialAction":[{"@type":"ReadAction","target":["https:\/\/isbad.se\/kontakt\/"]}]},{"@type":"BreadcrumbList","@id":"https:\/\/isbad.se\/kontakt\/#breadcrumb","itemListElement":[{"@type":"ListItem","position":1,"name":"Hem","item":"https:\/\/isbad.se\/"},{"@type":"ListItem","position":2,"name":"KONTAKT"}]},{"@type":"WebSite","@id":"https:\/\/isbad.se\/#website","url":"https:\/\/isbad.se\/","name":"ISBAD.se","description":"Bada ISBAD hemma!","publisher":{"@id":"https:\/\/isbad.se\/#organization"},"alternateName":"ISBAD f\u00f6r Gladare och friskare Sverige","potentialAction":[{"@type":"SearchAction","target":{"@type":"EntryPoint","urlTemplate":"https:\/\/isbad.se\/?s={search_term_string}"},"query-input":{"@type":"PropertyValueSpecification","valueRequired":true,"valueName":"search_term_string"}}],"inLanguage":"en-US"},{"@type":"Organization","@id":"https:\/\/isbad.se\/#organization","name":"ICE BATH","url":"https:\/\/isbad.se\/","logo":{"@type":"ImageObject","inLanguage":"en-US","@id":"https:\/\/isbad.se\/#\/schema\/logo\/image\/","url":"https:\/\/isbad.se\/wp-content\/uploads\/2024\/04\/isbad_logo_vector_98_black_242422.png","contentUrl":"https:\/\/isbad.se\/wp-content\/uploads\/2024\/04\/isbad_logo_vector_98_black_242422.png","width":2458,"height":634,"caption":"ISBAD"},"image":{"@id":"https:\/\/isbad.se\/#\/schema\/logo\/image\/"},"sameAs":["https:\/\/www.facebook.com\/Isbad.se","https:\/\/x.com\/IsbadSe","https:\/\/www.instagram.com\/isbad.se","https:\/\/www.tiktok.com\/@isbad.se"]}]}},"_links":{"self":[{"href":"https:\/\/isbad.se\/en\/wp-json\/wp\/v2\/pages\/25","targetHints":{"allow":["GET"]}}],"collection":[{"href":"https:\/\/isbad.se\/en\/wp-json\/wp\/v2\/pages"}],"about":[{"href":"https:\/\/isbad.se\/en\/wp-json\/wp\/v2\/types\/page"}],"author":[{"embeddable":true,"href":"https:\/\/isbad.se\/en\/wp-json\/wp\/v2\/users\/7"}],"replies":[{"embeddable":true,"href":"https:\/\/isbad.se\/en\/wp-json\/wp\/v2\/comments?post=25"}],"version-history":[{"count":320,"href":"https:\/\/isbad.se\/en\/wp-json\/wp\/v2\/pages\/25\/revisions"}],"predecessor-version":[{"id":16117,"href":"https:\/\/isbad.se\/en\/wp-json\/wp\/v2\/pages\/25\/revisions\/16117"}],"wp:attachment":[{"href":"https:\/\/isbad.se\/en\/wp-json\/wp\/v2\/media?parent=25"}],"curies":[{"name":"wp","href":"https:\/\/api.w.org\/{rel}","templated":true}]}}