{"id":2030,"date":"2024-05-09T15:14:13","date_gmt":"2024-05-09T15:14:13","guid":{"rendered":"https:\/\/isbad.racsom.se\/?page_id=2030"},"modified":"2026-01-22T06:25:01","modified_gmt":"2026-01-22T06:25:01","slug":"integritetspolicy","status":"publish","type":"page","link":"https:\/\/isbad.se\/en\/integritetspolicy\/","title":{"rendered":"Privacy policy"},"content":{"rendered":"<div data-elementor-type=\"wp-page\" data-elementor-id=\"2030\" class=\"elementor elementor-2030\" data-elementor-post-type=\"page\">\n\t\t\t\t<div class=\"elementor-element elementor-element-c8973b8 e-flex e-con-boxed e-con e-parent\" data-id=\"c8973b8\" data-element_type=\"container\" data-e-type=\"container\" data-settings=\"{&quot;background_background&quot;:&quot;gradient&quot;}\">\n\t\t\t\t\t<div class=\"e-con-inner\">\n\t\t\t\t<div class=\"elementor-element elementor-element-4b32b90 elementor-widget elementor-widget-heading\" data-id=\"4b32b90\" data-element_type=\"widget\" data-e-type=\"widget\" data-widget_type=\"heading.default\">\n\t\t\t\t<div class=\"elementor-widget-container\">\n\t\t\t\t\t<h2 class=\"elementor-heading-title elementor-size-default\">PRIVACY POLICY<\/h2>\t\t\t\t<\/div>\n\t\t\t\t<\/div>\n\t\t\t\t\t<\/div>\n\t\t\t\t<\/div>\n\t\t<div class=\"elementor-element elementor-element-6ab3427 e-flex e-con-boxed e-con e-parent\" data-id=\"6ab3427\" data-element_type=\"container\" data-e-type=\"container\" data-settings=\"{&quot;background_background&quot;:&quot;classic&quot;}\">\n\t\t\t\t\t<div class=\"e-con-inner\">\n\t\t\t\t<div class=\"elementor-element elementor-element-533c422 elementor-widget elementor-widget-text-editor\" data-id=\"533c422\" data-element_type=\"widget\" data-e-type=\"widget\" data-widget_type=\"text-editor.default\">\n\t\t\t\t<div class=\"elementor-widget-container\">\n\t\t\t\t\t\t\t\t\t<p><strong>Privacy policy for visitors to our website<\/strong><\/p><p>Isbad.se, en del av ebutiq Global AB med organisationsnummer 559251-0910 (\u201dIsbad.se\u201d, \u201dvi\u201d, \u201dv\u00e5ra\u201d eller \u201doss\u201d), \u00e4r ansvariga f\u00f6r behandlingen av dina personuppgifter p\u00e5 s\u00e4tt som beskrivs nedan. Vi bryr oss om och v\u00e4rdes\u00e4tter din integritet. I den h\u00e4r integritetspolicyn informerar vi dig om hur vi behandlar dina personuppgifter n\u00e4r du bes\u00f6ker v\u00e5r hemsida <a href=\"https:\/\/isbad.se\/en\/?wmc-currency=EUR\" target=\"_new\" rel=\"noreferrer\">www.isbad.se<\/a> and what rights you have in relation to our processing.<\/p><p>Isbad.se is part of ebutiq Global AB. If you have any questions regarding our processing of your personal data, or if you wish to exercise any of your rights, please feel free to contact us at <a href=\"mailto:info@isbad.se\">info@isbad.se<\/a><\/p><p>Personal data is any kind of information and data that relates to you, such as your name, phone number, email address, or postal address.<\/p><p><strong>What personal data do we process about you and why?<\/strong><\/p><p>In this section, we describe what data we process, why we process your personal data, and what the legal basis for the processing is. The legal basis is the support we have under applicable data protection legislation (GDPR) to legally process your data.<\/p><p>When you contact us via any of the email addresses or telephone numbers listed on our website, we process your personal data in order to communicate with you and answer your questions. Where applicable, we process your name, email address, telephone number, and other information you provide to us.<\/p><p>We process your data for this purpose based on a balancing of interests, where our legitimate interest is to be able to communicate with you when you contact us.<\/p><p><strong>For marketing purposes<\/strong><\/p><p>When you sign up for our newsletters or join our Community, we need to process your data in order to send you information. If we use your data for marketing purposes, we will store it until you notify us that you no longer wish to share this data.<\/p><p><strong>To improve our website<\/strong><\/p><p>When you visit our website, we will place cookies on your browser and use other similar technology to analyze how you use our website in order to improve it. To do this, we use Google's analytics tool, Google Analytics. The analytics service places a unique ID on your device to distinguish between visitors and see patterns in website usage. However, we do not know who you are.<\/p><p>The personal data we collect is processed to optimize functionality, loading speed, and customize the website to suit you as a visitor.<\/p><p>In connection with this, we will process your IP address and other technical information about your device, information about your geographical location, information about how many times you have visited the website so that we can count the total number of visitors to the website, and information about how you use the website, e.g. what you click on.<\/p><p>For the personal data we process to improve our website, we obtain your consent when you visit our website.\u00a0<\/p><p><strong>How long do we store your personal data?<\/strong><\/p><p>De personuppgifter vi behandlar f\u00f6r att kommunicera med dig sparar vi i sex m\u00e5nader efter att vi besvarat dina fr\u00e5gor s\u00e5 att du kan \u00e5terkomma till oss med eventuella ytterligare fr\u00e5gor.\u00a0<\/p><p>Personal data collected using cookies or similar technologies will be stored for three months and then anonymized. Google will continue to process your personal data as an independent data controller. How long <a href=\"https:\/\/policies.google.com\/technologies\/types?hl=en-US\" data-once=\"analytics:trackclick analytics:tracklink\">Google<\/a>\u00a0You can read about how your personal data is stored in their privacy policy.<\/p><p><strong>How have we balanced our interests when the legal basis is our legitimate interest?<\/strong><\/p><p>As stated above, we process some of your personal data on the basis of a balancing of interests as the legal basis for the processing. In the balancing of interests, we have assessed that our legitimate interest in carrying out the processing outweighs your interest and your fundamental rights not to have your personal data processed. Our legitimate interest is stated for each purpose described above. If you would like to know more about how we have made this assessment, please feel free to contact us. Our contact details can be found at the beginning of this privacy policy.<\/p><p><strong>Who has access to your personal data?<\/strong><\/p><p>Your personal data is primarily processed by us at Isbad.se. However, in certain cases, we share your data with third parties as follows:<\/p><ul><li>We share your personal data with our IT suppliers who process personal data on our behalf as data processors so that we can conduct our business in a cost-effective and efficient manner.<\/li><li>We share your personal data with relevant third parties who work on our behalf to deliver the services and products you order from us. These may include shipping companies, newsletter providers, etc.<\/li><\/ul><p><strong><br \/>Do we transfer your personal data outside the EU\/EEA?<\/strong><\/p><p>As a general rule, we and those with whom we share your personal data only process your personal data within the EU\/EEA. In certain cases, however, we use IT suppliers and third parties who, on our behalf and in accordance with our instructions, process and thus transfer your personal data outside the EU\/EEA. When we transfer your personal data outside the EU\/EEA, we only do so if we have support for the transfer under applicable data protection legislation. This means that the transfer may be based on a decision by the European Commission, standard contractual clauses, or Privacy Shield.<\/p><p><strong>What rights do you have to influence how we process your personal data?<\/strong><\/p><p>You have certain rights regarding the processing of your personal data, see below. To exercise your rights, please contact us at <a href=\"mailto:info@isbad.se\">info@isbad.se<\/a><\/p><p><strong>Right to withdraw your consent and object to processing<\/strong><\/p><p>You may withdraw your consent to the processing of your personal data at any time, with effect from the date of withdrawal.<\/p><p>You also have the right to object at any time to the processing of your personal data based on a balancing of interests. You can read more about what a balancing of interests means above. In certain cases, however, we have the right to continue processing your personal data based on a balancing of interests despite your objection (e.g., in cases where we must store your personal data). This is the case if we can demonstrate compelling legitimate grounds for the processing that override your interests, rights, and freedoms, or if it is for the establishment, exercise, or defense of legal claims.\u00a0<\/p><p><strong>Right of access<\/strong><\/p><p>You have the right to receive confirmation as to whether personal data concerning you is being processed by us and access to information about how the personal data is being processed, e.g. the purposes of the processing and the categories of personal data concerned. You also have the right to receive a copy of the personal data being processed by us.<\/p><p>A request for access can be made by contacting us at <a href=\"mailto:info@isbad.se\">info@isbad.se<\/a>.<\/p><p><strong>Right to correction<\/strong><\/p><p>You have the right to have any inaccurate personal data concerning you corrected and to ask us to complete any incomplete personal data.<\/p><p><strong>Right to erasure (right to be forgotten) and restriction of processing<\/strong><\/p><p>Under certain circumstances, you have the right to request the deletion of your personal data. Such circumstances exist if, for example, the personal data is no longer necessary for the purposes for which it was collected or processed, or if you withdraw your consent on which the processing is based and there is no other legal basis for the processing.<\/p><p>You also have the right to request that we restrict our processing of your personal data. Such conditions exist if, for example, you dispute the accuracy of the data or if the processing is unlawful and you oppose the deletion of the personal data and instead request a restriction on the use of the data.<\/p><p><strong>Right to lodge a complaint with a supervisory authority<\/strong><\/p><p>You always have the right to lodge a complaint with a competent supervisory authority. Such a complaint should preferably be lodged with the authority in the EU\/EEA Member State where you are resident, where you work, or where an alleged infringement of applicable data protection laws and regulations has occurred. The competent supervisory authority in Sweden is the Swedish Data Protection Authority. This right does not affect any other administrative review procedure or legal remedy.<\/p><p>Denna integritetspolicy \u00e4ndrades senast av Isbad.se den 22 januari 2026.<\/p>\t\t\t\t\t\t\t\t<\/div>\n\t\t\t\t<\/div>\n\t\t\t\t\t<\/div>\n\t\t\t\t<\/div>\n\t\t<div class=\"elementor-element elementor-element-0b18e14 e-flex e-con-boxed e-con e-parent\" data-id=\"0b18e14\" data-element_type=\"container\" data-e-type=\"container\" data-settings=\"{&quot;background_background&quot;:&quot;classic&quot;}\">\n\t\t\t\t\t<div class=\"e-con-inner\">\n\t\t\t\t\t<\/div>\n\t\t\t\t<\/div>\n\t\t\t\t<\/div>","protected":false},"excerpt":{"rendered":"<p>INTEGRITETSPOLICY Integritetspolicy f\u00f6r dig som bes\u00f6ker v\u00e5r hemsida Isbad.se, en del av ebutiq Global AB med organisationsnummer 559251-0910 (\u201dIsbad.se\u201d, \u201dvi\u201d, \u201dv\u00e5ra\u201d eller \u201doss\u201d), \u00e4r ansvariga f\u00f6r behandlingen av dina personuppgifter p\u00e5 s\u00e4tt som beskrivs nedan. Vi bryr oss om och v\u00e4rdes\u00e4tter din integritet. I den h\u00e4r integritetspolicyn informerar vi dig om hur vi behandlar dina [&hellip;]<\/p>\n","protected":false},"author":7,"featured_media":0,"parent":0,"menu_order":0,"comment_status":"closed","ping_status":"closed","template":"","meta":{"_acf_changed":false,"footnotes":""},"class_list":["post-2030","page","type-page","status-publish","hentry"],"acf":[],"yoast_head":"<!-- This site is optimized with the Yoast SEO plugin v27.4 - https:\/\/yoast.com\/product\/yoast-seo-wordpress\/ -->\n<title>Integritetspolicy &#187; ISBAD<\/title>\n<meta name=\"robots\" content=\"index, follow, max-snippet:-1, max-image-preview:large, max-video-preview:-1\" \/>\n<link rel=\"canonical\" href=\"https:\/\/isbad.se\/en\/integritetspolicy\/?wmc-currency=EUR\" \/>\n<meta property=\"og:locale\" content=\"en_US\" \/>\n<meta property=\"og:type\" content=\"article\" \/>\n<meta property=\"og:title\" content=\"Integritetspolicy &#187; ISBAD\" \/>\n<meta property=\"og:description\" content=\"INTEGRITETSPOLICY Integritetspolicy f\u00f6r dig som bes\u00f6ker v\u00e5r hemsida Isbad.se, en del av ebutiq Global AB med organisationsnummer 559251-0910 (\u201dIsbad.se\u201d, \u201dvi\u201d, \u201dv\u00e5ra\u201d eller \u201doss\u201d), \u00e4r ansvariga f\u00f6r behandlingen av dina personuppgifter p\u00e5 s\u00e4tt som beskrivs nedan. Vi bryr oss om och v\u00e4rdes\u00e4tter din integritet. I den h\u00e4r integritetspolicyn informerar vi dig om hur vi behandlar dina [&hellip;]\" \/>\n<meta property=\"og:url\" content=\"https:\/\/isbad.se\/en\/integritetspolicy\/?wmc-currency=EUR\" \/>\n<meta property=\"og:site_name\" content=\"ISBAD\" \/>\n<meta property=\"article:publisher\" content=\"https:\/\/www.facebook.com\/Isbad.se\" \/>\n<meta property=\"article:modified_time\" content=\"2026-01-22T06:25:01+00:00\" \/>\n<meta property=\"og:image\" content=\"https:\/\/isbad.se\/wp-content\/uploads\/2024\/09\/uppfriskande-isbad-1200x675-2.png\" \/>\n\t<meta property=\"og:image:width\" content=\"1200\" \/>\n\t<meta property=\"og:image:height\" content=\"675\" \/>\n\t<meta property=\"og:image:type\" content=\"image\/png\" \/>\n<meta name=\"twitter:card\" content=\"summary_large_image\" \/>\n<meta name=\"twitter:site\" content=\"@IsbadSe\" \/>\n<meta name=\"twitter:label1\" content=\"Est. reading time\" \/>\n\t<meta name=\"twitter:data1\" content=\"7 minutes\" \/>\n<script type=\"application\/ld+json\" class=\"yoast-schema-graph\">{\"@context\":\"https:\\\/\\\/schema.org\",\"@graph\":[{\"@type\":\"WebPage\",\"@id\":\"https:\\\/\\\/isbad.se\\\/integritetspolicy\\\/\",\"url\":\"https:\\\/\\\/isbad.se\\\/integritetspolicy\\\/\",\"name\":\"Integritetspolicy &#187; ISBAD\",\"isPartOf\":{\"@id\":\"https:\\\/\\\/isbad.se\\\/#website\"},\"datePublished\":\"2024-05-09T15:14:13+00:00\",\"dateModified\":\"2026-01-22T06:25:01+00:00\",\"breadcrumb\":{\"@id\":\"https:\\\/\\\/isbad.se\\\/integritetspolicy\\\/#breadcrumb\"},\"inLanguage\":\"en-US\",\"potentialAction\":[{\"@type\":\"ReadAction\",\"target\":[\"https:\\\/\\\/isbad.se\\\/integritetspolicy\\\/\"]}]},{\"@type\":\"BreadcrumbList\",\"@id\":\"https:\\\/\\\/isbad.se\\\/integritetspolicy\\\/#breadcrumb\",\"itemListElement\":[{\"@type\":\"ListItem\",\"position\":1,\"name\":\"Hem\",\"item\":\"https:\\\/\\\/isbad.se\\\/\"},{\"@type\":\"ListItem\",\"position\":2,\"name\":\"Integritetspolicy\"}]},{\"@type\":\"WebSite\",\"@id\":\"https:\\\/\\\/isbad.se\\\/#website\",\"url\":\"https:\\\/\\\/isbad.se\\\/\",\"name\":\"ISBAD.se\",\"description\":\"Bada ISBAD hemma!\",\"publisher\":{\"@id\":\"https:\\\/\\\/isbad.se\\\/#organization\"},\"alternateName\":\"ISBAD f\u00f6r Gladare och friskare Sverige\",\"potentialAction\":[{\"@type\":\"SearchAction\",\"target\":{\"@type\":\"EntryPoint\",\"urlTemplate\":\"https:\\\/\\\/isbad.se\\\/?s={search_term_string}\"},\"query-input\":{\"@type\":\"PropertyValueSpecification\",\"valueRequired\":true,\"valueName\":\"search_term_string\"}}],\"inLanguage\":\"en-US\"},{\"@type\":\"Organization\",\"@id\":\"https:\\\/\\\/isbad.se\\\/#organization\",\"name\":\"ISBAD\",\"url\":\"https:\\\/\\\/isbad.se\\\/\",\"logo\":{\"@type\":\"ImageObject\",\"inLanguage\":\"en-US\",\"@id\":\"https:\\\/\\\/isbad.se\\\/#\\\/schema\\\/logo\\\/image\\\/\",\"url\":\"https:\\\/\\\/isbad.se\\\/wp-content\\\/uploads\\\/2024\\\/04\\\/isbad_logo_vector_98_black_242422.png\",\"contentUrl\":\"https:\\\/\\\/isbad.se\\\/wp-content\\\/uploads\\\/2024\\\/04\\\/isbad_logo_vector_98_black_242422.png\",\"width\":2458,\"height\":634,\"caption\":\"ISBAD\"},\"image\":{\"@id\":\"https:\\\/\\\/isbad.se\\\/#\\\/schema\\\/logo\\\/image\\\/\"},\"sameAs\":[\"https:\\\/\\\/www.facebook.com\\\/Isbad.se\",\"https:\\\/\\\/x.com\\\/IsbadSe\",\"https:\\\/\\\/www.instagram.com\\\/isbad.se\",\"https:\\\/\\\/www.tiktok.com\\\/@isbad.se\"]}]}<\/script>\n<!-- \/ Yoast SEO plugin. -->","yoast_head_json":{"title":"Integritetspolicy &#187; ISBAD","robots":{"index":"index","follow":"follow","max-snippet":"max-snippet:-1","max-image-preview":"max-image-preview:large","max-video-preview":"max-video-preview:-1"},"canonical":"https:\/\/isbad.se\/en\/integritetspolicy\/?wmc-currency=EUR","og_locale":"en_US","og_type":"article","og_title":"Integritetspolicy &#187; ISBAD","og_description":"INTEGRITETSPOLICY Integritetspolicy f\u00f6r dig som bes\u00f6ker v\u00e5r hemsida Isbad.se, en del av ebutiq Global AB med organisationsnummer 559251-0910 (\u201dIsbad.se\u201d, \u201dvi\u201d, \u201dv\u00e5ra\u201d eller \u201doss\u201d), \u00e4r ansvariga f\u00f6r behandlingen av dina personuppgifter p\u00e5 s\u00e4tt som beskrivs nedan. Vi bryr oss om och v\u00e4rdes\u00e4tter din integritet. I den h\u00e4r integritetspolicyn informerar vi dig om hur vi behandlar dina [&hellip;]","og_url":"https:\/\/isbad.se\/en\/integritetspolicy\/?wmc-currency=EUR","og_site_name":"ISBAD","article_publisher":"https:\/\/www.facebook.com\/Isbad.se","article_modified_time":"2026-01-22T06:25:01+00:00","og_image":[{"width":1200,"height":675,"url":"https:\/\/isbad.se\/wp-content\/uploads\/2024\/09\/uppfriskande-isbad-1200x675-2.png","type":"image\/png"}],"twitter_card":"summary_large_image","twitter_site":"@IsbadSe","twitter_misc":{"Est. reading time":"7 minutes"},"schema":{"@context":"https:\/\/schema.org","@graph":[{"@type":"WebPage","@id":"https:\/\/isbad.se\/integritetspolicy\/","url":"https:\/\/isbad.se\/integritetspolicy\/","name":"Integritetspolicy &#187; ISBAD","isPartOf":{"@id":"https:\/\/isbad.se\/#website"},"datePublished":"2024-05-09T15:14:13+00:00","dateModified":"2026-01-22T06:25:01+00:00","breadcrumb":{"@id":"https:\/\/isbad.se\/integritetspolicy\/#breadcrumb"},"inLanguage":"en-US","potentialAction":[{"@type":"ReadAction","target":["https:\/\/isbad.se\/integritetspolicy\/"]}]},{"@type":"BreadcrumbList","@id":"https:\/\/isbad.se\/integritetspolicy\/#breadcrumb","itemListElement":[{"@type":"ListItem","position":1,"name":"Hem","item":"https:\/\/isbad.se\/"},{"@type":"ListItem","position":2,"name":"Integritetspolicy"}]},{"@type":"WebSite","@id":"https:\/\/isbad.se\/#website","url":"https:\/\/isbad.se\/","name":"ISBAD.se","description":"Bada ISBAD hemma!","publisher":{"@id":"https:\/\/isbad.se\/#organization"},"alternateName":"ISBAD f\u00f6r Gladare och friskare Sverige","potentialAction":[{"@type":"SearchAction","target":{"@type":"EntryPoint","urlTemplate":"https:\/\/isbad.se\/?s={search_term_string}"},"query-input":{"@type":"PropertyValueSpecification","valueRequired":true,"valueName":"search_term_string"}}],"inLanguage":"en-US"},{"@type":"Organization","@id":"https:\/\/isbad.se\/#organization","name":"ICE BATH","url":"https:\/\/isbad.se\/","logo":{"@type":"ImageObject","inLanguage":"en-US","@id":"https:\/\/isbad.se\/#\/schema\/logo\/image\/","url":"https:\/\/isbad.se\/wp-content\/uploads\/2024\/04\/isbad_logo_vector_98_black_242422.png","contentUrl":"https:\/\/isbad.se\/wp-content\/uploads\/2024\/04\/isbad_logo_vector_98_black_242422.png","width":2458,"height":634,"caption":"ISBAD"},"image":{"@id":"https:\/\/isbad.se\/#\/schema\/logo\/image\/"},"sameAs":["https:\/\/www.facebook.com\/Isbad.se","https:\/\/x.com\/IsbadSe","https:\/\/www.instagram.com\/isbad.se","https:\/\/www.tiktok.com\/@isbad.se"]}]}},"_links":{"self":[{"href":"https:\/\/isbad.se\/en\/wp-json\/wp\/v2\/pages\/2030","targetHints":{"allow":["GET"]}}],"collection":[{"href":"https:\/\/isbad.se\/en\/wp-json\/wp\/v2\/pages"}],"about":[{"href":"https:\/\/isbad.se\/en\/wp-json\/wp\/v2\/types\/page"}],"author":[{"embeddable":true,"href":"https:\/\/isbad.se\/en\/wp-json\/wp\/v2\/users\/7"}],"replies":[{"embeddable":true,"href":"https:\/\/isbad.se\/en\/wp-json\/wp\/v2\/comments?post=2030"}],"version-history":[{"count":43,"href":"https:\/\/isbad.se\/en\/wp-json\/wp\/v2\/pages\/2030\/revisions"}],"predecessor-version":[{"id":16114,"href":"https:\/\/isbad.se\/en\/wp-json\/wp\/v2\/pages\/2030\/revisions\/16114"}],"wp:attachment":[{"href":"https:\/\/isbad.se\/en\/wp-json\/wp\/v2\/media?parent=2030"}],"curies":[{"name":"wp","href":"https:\/\/api.w.org\/{rel}","templated":true}]}}