{"id":1908,"date":"2024-05-09T09:22:50","date_gmt":"2024-05-09T09:22:50","guid":{"rendered":"https:\/\/isbad.racsom.se\/?page_id=1908"},"modified":"2025-02-27T07:08:10","modified_gmt":"2025-02-27T07:08:10","slug":"manualer","status":"publish","type":"page","link":"https:\/\/isbad.se\/en\/manualer\/","title":{"rendered":"MANUALS"},"content":{"rendered":"<div data-elementor-type=\"wp-page\" data-elementor-id=\"1908\" class=\"elementor elementor-1908\" data-elementor-post-type=\"page\">\n\t\t\t\t<div class=\"elementor-element elementor-element-6b4d1b2 e-flex e-con-boxed e-con e-parent\" data-id=\"6b4d1b2\" data-element_type=\"container\" data-e-type=\"container\" data-settings=\"{&quot;background_background&quot;:&quot;gradient&quot;}\">\n\t\t\t\t\t<div class=\"e-con-inner\">\n\t\t\t\t<div class=\"elementor-element elementor-element-3294c1c elementor-widget elementor-widget-heading\" data-id=\"3294c1c\" data-element_type=\"widget\" data-e-type=\"widget\" data-widget_type=\"heading.default\">\n\t\t\t\t<div class=\"elementor-widget-container\">\n\t\t\t\t\t<h1 class=\"elementor-heading-title elementor-size-default\">MANUALS<\/h1>\t\t\t\t<\/div>\n\t\t\t\t<\/div>\n\t\t\t\t\t<\/div>\n\t\t\t\t<\/div>\n\t\t<div class=\"elementor-element elementor-element-6759b12 e-flex e-con-boxed e-con e-parent\" data-id=\"6759b12\" data-element_type=\"container\" data-e-type=\"container\">\n\t\t\t\t\t<div class=\"e-con-inner\">\n\t\t<div class=\"elementor-element elementor-element-9169e84 e-con-full e-flex e-con e-child\" data-id=\"9169e84\" data-element_type=\"container\" data-e-type=\"container\" data-settings=\"{&quot;background_background&quot;:&quot;classic&quot;}\">\n\t\t<div class=\"elementor-element elementor-element-d391ef2 e-con-full e-flex e-con e-child\" data-id=\"d391ef2\" data-element_type=\"container\" data-e-type=\"container\" data-settings=\"{&quot;background_background&quot;:&quot;classic&quot;}\">\n\t\t\t\t<div class=\"elementor-element elementor-element-0d9d369 elementor-widget elementor-widget-text-editor\" data-id=\"0d9d369\" data-element_type=\"widget\" data-e-type=\"widget\" data-widget_type=\"text-editor.default\">\n\t\t\t\t<div class=\"elementor-widget-container\">\n\t\t\t\t\t\t\t\t\t<p>You will soon be able to download manuals and user instructions here.\u00a0<\/p>\t\t\t\t\t\t\t\t<\/div>\n\t\t\t\t<\/div>\n\t\t\t\t<div class=\"elementor-element elementor-element-1ae6618 elementor-widget elementor-widget-toggle\" data-id=\"1ae6618\" data-element_type=\"widget\" data-e-type=\"widget\" data-widget_type=\"toggle.default\">\n\t\t\t\t<div class=\"elementor-widget-container\">\n\t\t\t\t\t\t\t<div class=\"elementor-toggle\">\n\t\t\t\t\t\t\t<div class=\"elementor-toggle-item\">\n\t\t\t\t\t<div id=\"elementor-tab-title-2821\" class=\"elementor-tab-title\" data-tab=\"1\" role=\"button\" aria-controls=\"elementor-tab-content-2821\" aria-expanded=\"false\">\n\t\t\t\t\t\t\t\t\t\t\t\t<span class=\"elementor-toggle-icon elementor-toggle-icon-left\" aria-hidden=\"true\">\n\t\t\t\t\t\t\t\t\t\t\t\t\t\t\t<span class=\"elementor-toggle-icon-closed\"><svg class=\"e-font-icon-svg e-fas-plus-circle\" viewbox=\"0 0 512 512\" xmlns=\"http:\/\/www.w3.org\/2000\/svg\"><path d=\"M256 8C119 8 8 119 8 256s111 248 248 248 248-111 248-248S393 8 256 8zm144 276c0 6.6-5.4 12-12 12h-92v92c0 6.6-5.4 12-12 12h-56c-6.6 0-12-5.4-12-12v-92h-92c-6.6 0-12-5.4-12-12v-56c0-6.6 5.4-12 12-12h92v-92c0-6.6 5.4-12 12-12h56c6.6 0 12 5.4 12 12v92h92c6.6 0 12 5.4 12 12v56z\"><\/path><\/svg><\/span>\n\t\t\t\t\t\t\t\t<span class=\"elementor-toggle-icon-opened\"><svg class=\"elementor-toggle-icon-opened e-font-icon-svg e-fas-minus-circle\" viewbox=\"0 0 512 512\" xmlns=\"http:\/\/www.w3.org\/2000\/svg\"><path d=\"M256 8C119 8 8 119 8 256s111 248 248 248 248-111 248-248S393 8 256 8zM124 296c-6.6 0-12-5.4-12-12v-56c0-6.6 5.4-12 12-12h264c6.6 0 12 5.4 12 12v56c0 6.6-5.4 12-12 12H124z\"><\/path><\/svg><\/span>\n\t\t\t\t\t\t\t\t\t\t\t\t\t<\/span>\n\t\t\t\t\t\t\t\t\t\t\t\t<a class=\"elementor-toggle-title\" tabindex=\"0\">How can I get the user manual for a product?<\/a>\n\t\t\t\t\t<\/div>\n\n\t\t\t\t\t<div id=\"elementor-tab-content-2821\" class=\"elementor-tab-content elementor-clearfix\" data-tab=\"1\" role=\"region\" aria-labelledby=\"elementor-tab-title-2821\"><p>We are in the process of compiling everything on this page so that you can easily download manuals and user guides for each product. If you need a manual now, email us at <a href=\"mailto:info@isbad.se\">info@isbad.se<\/a><\/p><\/div>\n\t\t\t\t<\/div>\n\t\t\t\t\t\t\t\t<\/div>\n\t\t\t\t\t\t<\/div>\n\t\t\t\t<\/div>\n\t\t\t\t<\/div>\n\t\t\t\t<\/div>\n\t\t\t\t\t<\/div>\n\t\t\t\t<\/div>\n\t\t<div class=\"elementor-element elementor-element-3c43b0f e-flex e-con-boxed e-con e-parent\" data-id=\"3c43b0f\" data-element_type=\"container\" data-e-type=\"container\" data-settings=\"{&quot;background_background&quot;:&quot;classic&quot;}\">\n\t\t\t\t\t<div class=\"e-con-inner\">\n\t\t\t\t\t<\/div>\n\t\t\t\t<\/div>\n\t\t\t\t<\/div>","protected":false},"excerpt":{"rendered":"<p>MANUALER H\u00e4r kommer du inom kort att kunna ladda ner manualer och anv\u00e4ndarinstruktioner.\u00a0 Hur f\u00e5r jag tag i bruksanvisning f\u00f6r en produkt? Vi h\u00e5ller p\u00e5 att sammanst\u00e4lla allt p\u00e5 den h\u00e4r sidan s\u00e5 att du enkelt kan ladda ner manualer och bruksanvisningar f\u00f6r respektive produkt. Beh\u00f6ver du en manual nu s\u00e5 maila oss p\u00e5 info@isbad.se<\/p>","protected":false},"author":7,"featured_media":0,"parent":0,"menu_order":0,"comment_status":"closed","ping_status":"closed","template":"","meta":{"_acf_changed":false,"footnotes":""},"class_list":["post-1908","page","type-page","status-publish","hentry"],"acf":[],"yoast_head":"<!-- This site is optimized with the Yoast SEO plugin v27.4 - https:\/\/yoast.com\/product\/yoast-seo-wordpress\/ -->\n<title>Manualer f\u00f6r isbad produkter<\/title>\n<meta name=\"description\" content=\"Ladda ner manualer och guider f\u00f6r ISBAD-produkter. F\u00e5 tydliga instruktioner f\u00f6r att optimera din kallbadsupplevelse.\" \/>\n<meta name=\"robots\" content=\"index, follow, max-snippet:-1, max-image-preview:large, max-video-preview:-1\" \/>\n<link rel=\"canonical\" href=\"https:\/\/isbad.se\/en\/manualer\/?wmc-currency=EUR\" \/>\n<meta property=\"og:locale\" content=\"en_US\" \/>\n<meta property=\"og:type\" content=\"article\" \/>\n<meta property=\"og:title\" content=\"Manualer f\u00f6r isbad produkter\" \/>\n<meta property=\"og:description\" content=\"Ladda ner manualer och guider f\u00f6r ISBAD-produkter. F\u00e5 tydliga instruktioner f\u00f6r att optimera din kallbadsupplevelse.\" \/>\n<meta property=\"og:url\" content=\"https:\/\/isbad.se\/en\/manualer\/?wmc-currency=EUR\" \/>\n<meta property=\"og:site_name\" content=\"ISBAD\" \/>\n<meta property=\"article:publisher\" content=\"https:\/\/www.facebook.com\/Isbad.se\" \/>\n<meta property=\"article:modified_time\" content=\"2025-02-27T07:08:10+00:00\" \/>\n<meta property=\"og:image\" content=\"https:\/\/isbad.se\/wp-content\/uploads\/2024\/09\/uppfriskande-isbad-1200x675-2.png\" \/>\n\t<meta property=\"og:image:width\" content=\"1200\" \/>\n\t<meta property=\"og:image:height\" content=\"675\" \/>\n\t<meta property=\"og:image:type\" content=\"image\/png\" \/>\n<meta name=\"twitter:card\" content=\"summary_large_image\" \/>\n<meta name=\"twitter:site\" content=\"@IsbadSe\" \/>\n<meta name=\"twitter:label1\" content=\"Est. reading time\" \/>\n\t<meta name=\"twitter:data1\" content=\"1 minute\" \/>\n<script type=\"application\/ld+json\" class=\"yoast-schema-graph\">{\"@context\":\"https:\\\/\\\/schema.org\",\"@graph\":[{\"@type\":\"WebPage\",\"@id\":\"https:\\\/\\\/isbad.se\\\/manualer\\\/\",\"url\":\"https:\\\/\\\/isbad.se\\\/manualer\\\/\",\"name\":\"Manualer f\u00f6r isbad produkter\",\"isPartOf\":{\"@id\":\"https:\\\/\\\/isbad.se\\\/#website\"},\"datePublished\":\"2024-05-09T09:22:50+00:00\",\"dateModified\":\"2025-02-27T07:08:10+00:00\",\"description\":\"Ladda ner manualer och guider f\u00f6r ISBAD-produkter. F\u00e5 tydliga instruktioner f\u00f6r att optimera din kallbadsupplevelse.\",\"breadcrumb\":{\"@id\":\"https:\\\/\\\/isbad.se\\\/manualer\\\/#breadcrumb\"},\"inLanguage\":\"en-US\",\"potentialAction\":[{\"@type\":\"ReadAction\",\"target\":[\"https:\\\/\\\/isbad.se\\\/manualer\\\/\"]}]},{\"@type\":\"BreadcrumbList\",\"@id\":\"https:\\\/\\\/isbad.se\\\/manualer\\\/#breadcrumb\",\"itemListElement\":[{\"@type\":\"ListItem\",\"position\":1,\"name\":\"Hem\",\"item\":\"https:\\\/\\\/isbad.se\\\/\"},{\"@type\":\"ListItem\",\"position\":2,\"name\":\"MANUALER\"}]},{\"@type\":\"WebSite\",\"@id\":\"https:\\\/\\\/isbad.se\\\/#website\",\"url\":\"https:\\\/\\\/isbad.se\\\/\",\"name\":\"ISBAD.se\",\"description\":\"Bada ISBAD hemma!\",\"publisher\":{\"@id\":\"https:\\\/\\\/isbad.se\\\/#organization\"},\"alternateName\":\"ISBAD f\u00f6r Gladare och friskare Sverige\",\"potentialAction\":[{\"@type\":\"SearchAction\",\"target\":{\"@type\":\"EntryPoint\",\"urlTemplate\":\"https:\\\/\\\/isbad.se\\\/?s={search_term_string}\"},\"query-input\":{\"@type\":\"PropertyValueSpecification\",\"valueRequired\":true,\"valueName\":\"search_term_string\"}}],\"inLanguage\":\"en-US\"},{\"@type\":\"Organization\",\"@id\":\"https:\\\/\\\/isbad.se\\\/#organization\",\"name\":\"ISBAD\",\"url\":\"https:\\\/\\\/isbad.se\\\/\",\"logo\":{\"@type\":\"ImageObject\",\"inLanguage\":\"en-US\",\"@id\":\"https:\\\/\\\/isbad.se\\\/#\\\/schema\\\/logo\\\/image\\\/\",\"url\":\"https:\\\/\\\/isbad.se\\\/wp-content\\\/uploads\\\/2024\\\/04\\\/isbad_logo_vector_98_black_242422.png\",\"contentUrl\":\"https:\\\/\\\/isbad.se\\\/wp-content\\\/uploads\\\/2024\\\/04\\\/isbad_logo_vector_98_black_242422.png\",\"width\":2458,\"height\":634,\"caption\":\"ISBAD\"},\"image\":{\"@id\":\"https:\\\/\\\/isbad.se\\\/#\\\/schema\\\/logo\\\/image\\\/\"},\"sameAs\":[\"https:\\\/\\\/www.facebook.com\\\/Isbad.se\",\"https:\\\/\\\/x.com\\\/IsbadSe\",\"https:\\\/\\\/www.instagram.com\\\/isbad.se\",\"https:\\\/\\\/www.tiktok.com\\\/@isbad.se\"]}]}<\/script>\n<!-- \/ Yoast SEO plugin. -->","yoast_head_json":{"title":"Manualer f\u00f6r isbad produkter","description":"Ladda ner manualer och guider f\u00f6r ISBAD-produkter. F\u00e5 tydliga instruktioner f\u00f6r att optimera din kallbadsupplevelse.","robots":{"index":"index","follow":"follow","max-snippet":"max-snippet:-1","max-image-preview":"max-image-preview:large","max-video-preview":"max-video-preview:-1"},"canonical":"https:\/\/isbad.se\/en\/manualer\/?wmc-currency=EUR","og_locale":"en_US","og_type":"article","og_title":"Manualer f\u00f6r isbad produkter","og_description":"Ladda ner manualer och guider f\u00f6r ISBAD-produkter. F\u00e5 tydliga instruktioner f\u00f6r att optimera din kallbadsupplevelse.","og_url":"https:\/\/isbad.se\/en\/manualer\/?wmc-currency=EUR","og_site_name":"ISBAD","article_publisher":"https:\/\/www.facebook.com\/Isbad.se","article_modified_time":"2025-02-27T07:08:10+00:00","og_image":[{"width":1200,"height":675,"url":"https:\/\/isbad.se\/wp-content\/uploads\/2024\/09\/uppfriskande-isbad-1200x675-2.png","type":"image\/png"}],"twitter_card":"summary_large_image","twitter_site":"@IsbadSe","twitter_misc":{"Est. reading time":"1 minute"},"schema":{"@context":"https:\/\/schema.org","@graph":[{"@type":"WebPage","@id":"https:\/\/isbad.se\/manualer\/","url":"https:\/\/isbad.se\/manualer\/","name":"Manualer f\u00f6r isbad produkter","isPartOf":{"@id":"https:\/\/isbad.se\/#website"},"datePublished":"2024-05-09T09:22:50+00:00","dateModified":"2025-02-27T07:08:10+00:00","description":"Ladda ner manualer och guider f\u00f6r ISBAD-produkter. F\u00e5 tydliga instruktioner f\u00f6r att optimera din kallbadsupplevelse.","breadcrumb":{"@id":"https:\/\/isbad.se\/manualer\/#breadcrumb"},"inLanguage":"en-US","potentialAction":[{"@type":"ReadAction","target":["https:\/\/isbad.se\/manualer\/"]}]},{"@type":"BreadcrumbList","@id":"https:\/\/isbad.se\/manualer\/#breadcrumb","itemListElement":[{"@type":"ListItem","position":1,"name":"Hem","item":"https:\/\/isbad.se\/"},{"@type":"ListItem","position":2,"name":"MANUALER"}]},{"@type":"WebSite","@id":"https:\/\/isbad.se\/#website","url":"https:\/\/isbad.se\/","name":"ISBAD.se","description":"Bada ISBAD hemma!","publisher":{"@id":"https:\/\/isbad.se\/#organization"},"alternateName":"ISBAD f\u00f6r Gladare och friskare Sverige","potentialAction":[{"@type":"SearchAction","target":{"@type":"EntryPoint","urlTemplate":"https:\/\/isbad.se\/?s={search_term_string}"},"query-input":{"@type":"PropertyValueSpecification","valueRequired":true,"valueName":"search_term_string"}}],"inLanguage":"en-US"},{"@type":"Organization","@id":"https:\/\/isbad.se\/#organization","name":"ICE BATH","url":"https:\/\/isbad.se\/","logo":{"@type":"ImageObject","inLanguage":"en-US","@id":"https:\/\/isbad.se\/#\/schema\/logo\/image\/","url":"https:\/\/isbad.se\/wp-content\/uploads\/2024\/04\/isbad_logo_vector_98_black_242422.png","contentUrl":"https:\/\/isbad.se\/wp-content\/uploads\/2024\/04\/isbad_logo_vector_98_black_242422.png","width":2458,"height":634,"caption":"ISBAD"},"image":{"@id":"https:\/\/isbad.se\/#\/schema\/logo\/image\/"},"sameAs":["https:\/\/www.facebook.com\/Isbad.se","https:\/\/x.com\/IsbadSe","https:\/\/www.instagram.com\/isbad.se","https:\/\/www.tiktok.com\/@isbad.se"]}]}},"_links":{"self":[{"href":"https:\/\/isbad.se\/en\/wp-json\/wp\/v2\/pages\/1908","targetHints":{"allow":["GET"]}}],"collection":[{"href":"https:\/\/isbad.se\/en\/wp-json\/wp\/v2\/pages"}],"about":[{"href":"https:\/\/isbad.se\/en\/wp-json\/wp\/v2\/types\/page"}],"author":[{"embeddable":true,"href":"https:\/\/isbad.se\/en\/wp-json\/wp\/v2\/users\/7"}],"replies":[{"embeddable":true,"href":"https:\/\/isbad.se\/en\/wp-json\/wp\/v2\/comments?post=1908"}],"version-history":[{"count":20,"href":"https:\/\/isbad.se\/en\/wp-json\/wp\/v2\/pages\/1908\/revisions"}],"predecessor-version":[{"id":14192,"href":"https:\/\/isbad.se\/en\/wp-json\/wp\/v2\/pages\/1908\/revisions\/14192"}],"wp:attachment":[{"href":"https:\/\/isbad.se\/en\/wp-json\/wp\/v2\/media?parent=1908"}],"curies":[{"name":"wp","href":"https:\/\/api.w.org\/{rel}","templated":true}]}}